{"id":35239,"date":"2025-12-03T11:12:17","date_gmt":"2025-12-03T03:12:17","guid":{"rendered":"https:\/\/ulpmat.com\/product\/ferrita-de-estroncio\/"},"modified":"2025-12-03T11:12:17","modified_gmt":"2025-12-03T03:12:17","slug":"ferrita-de-estroncio","status":"publish","type":"product","link":"https:\/\/ulpmat.com\/es\/producto\/ferrita-de-estroncio\/","title":{"rendered":"Ferrita de estroncio"},"content":{"rendered":"<h2><span style=\"font-size: 14pt;\">Objetivo de pulverizaci\u00f3n de ferrita de estroncio Descripci\u00f3n general<\/span><\/h2>\n<p>Los objetivos de pulverizaci\u00f3n<br \/>\n<span style=\"color: #0000ff;\"><a style=\"color: #0000ff;\" href=\"https:\/\/ulpmat.com\/es\/buscar\/?type=name&#038;keyword=Strontium+Ferrite\">de ferrita de estroncio<\/a><\/span><br \/>\nson materiales magn\u00e9ticos de alto rendimiento que se utilizan para la fabricaci\u00f3n de dispositivos magn\u00e9ticos de pel\u00edcula delgada y componentes electr\u00f3nicos.<\/p>\n<p>Ofrecemos objetivos de pulverizaci\u00f3n de ferrita de estroncio de alta densidad y uniformidad, adecuados para la deposici\u00f3n de pel\u00edculas magn\u00e9ticas delgadas, sensores y experimentos de investigaci\u00f3n cient\u00edfica. Los tama\u00f1os y las formas se pueden personalizar para satisfacer las necesidades de los clientes, lo que garantiza la uniformidad de la pulverizaci\u00f3n y el rendimiento de la pel\u00edcula. <span style=\"color: #0000ff;\"><a style=\"color: #0000ff;\" href=\"https:\/\/ulpmat.com\/es\/contacto\/\">P\u00f3ngase en contacto con nosotros<\/a><\/span><br \/>\npara solicitar muestras.<\/p>\n<h2><span style=\"font-size: 14pt;\">Caracter\u00edsticas destacadas del producto<\/span><\/h2>\n<p>Alta estabilidad magn\u00e9tica.<br \/>\nExcelente estabilidad t\u00e9rmica.<br \/>\nAlta densidad y estructura uniforme.<br \/>\nSe admiten tama\u00f1os y formas personalizados.<br \/>\nF\u00e1cil pulverizaci\u00f3n y deposici\u00f3n de pel\u00edcula.<br \/>\nAlta pureza, bajas impurezas.<br \/>\nEstabilidad de almacenamiento a largo plazo.<br \/>\nUni\u00f3n opcional del objetivo.<br \/>\nAdecuado para diversas aplicaciones electr\u00f3nicas y magn\u00e9ticas<\/p>\n<h2><span style=\"font-size: 14pt;\">. Aplicaciones de los objetivos de pulverizaci\u00f3n de ferrita de estroncio<\/span><\/h2>\n<p>Se utilizan para la fabricaci\u00f3n de pel\u00edculas delgadas magn\u00e9ticas con el fin de mejorar el rendimiento de los dispositivos.<br \/>\nAdecuados para sensores magn\u00e9ticos y dispositivos de almacenamiento magn\u00e9tico.<br \/>\nSe utilizan para fabricar pel\u00edculas magn\u00e9ticas funcionales en experimentos de investigaci\u00f3n cient\u00edfica.<br \/>\nAplicaciones en la funcionalizaci\u00f3n de superficies de dispositivos electr\u00f3nicos magn\u00e9ticos.<\/p>\n<h2><span style=\"color: #0000ff;\"><a style=\"color: #0000ff;\" href=\"https:\/\/ulpmat.com\/es\/empresa\/preguntas-frecuentes\/\"><span style=\"font-size: 14pt;\">Preguntas frecuentes<\/span><\/a><\/span><\/h2>\n<p>P1: \u00bfQu\u00e9 procesos de pulverizaci\u00f3n son adecuados para este objetivo de pulverizaci\u00f3n?<br \/>\nR1: Este producto es adecuado tanto para la pulverizaci\u00f3n de CC como de RF, y produce una excelente uniformidad de la pel\u00edcula.<\/p>\n<p>P2: \u00bfSe puede personalizar el grosor o el di\u00e1metro?<br \/>\nR2: Podemos proporcionar diferentes di\u00e1metros, grosores y formas para satisfacer las necesidades de diversos equipos.<\/p>\n<p>P3: \u00bfQu\u00e9 precauciones se deben tomar al almacenarlo?<br \/>\nR3: Se recomienda almacenarlo en un recipiente herm\u00e9tico en un entorno seco, evitando la humedad y la exposici\u00f3n prolongada a la luz.<\/p>\n<p>P4: \u00bfC\u00f3mo se garantiza la pureza del material del blanco?<br \/>\nR4: Utilizamos materias primas de alta pureza y controlamos estrictamente el proceso de producci\u00f3n y el contenido de impurezas para garantizar altos est\u00e1ndares de pureza.<\/p>\n<h2><span style=\"font-size: 14pt;\">Informes<\/span><\/h2>\n<p>Cada lote se suministra con:<br \/>\n<span style=\"color: #0000ff;\"><a style=\"color: #0000ff;\" href=\"https:\/\/ulpmat.com\/es\/documentos\/certificado-de-analisis\/\"><u>Certificado de an\u00e1lisis (COA)<\/u><\/a><\/span><\/p>\n<p><span style=\"color: #0000ff;\"><a style=\"color: #0000ff;\" href=\"https:\/\/ulpmat.com\/es\/documentos\/ficha-tecnica\/\"><u>Ficha t\u00e9cnica (TDS)<\/u><\/a><\/span><\/p>\n<p><span style=\"color: #0000ff;\"><a style=\"color: #0000ff;\" href=\"https:\/\/ulpmat.com\/es\/documentos\/ficha-de-datos-de-seguridad\/\"><u>Ficha de datos de seguridad (MSDS)<\/u><\/a><\/span><br \/>\nInformes de pruebas de terceros disponibles bajo petici\u00f3n<\/p>\n<h2><span style=\"font-size: 14pt;\">\u00bfPor qu\u00e9 elegirnos?<\/span><\/h2>\n<p>Contamos con una avanzada tecnolog\u00eda de preparaci\u00f3n de blancos de pulverizaci\u00f3n y un riguroso sistema de gesti\u00f3n de la calidad, lo que garantiza una alta densidad del blanco, una estructura uniforme y estabilidad magn\u00e9tica. En combinaci\u00f3n con una personalizaci\u00f3n flexible y servicios t\u00e9cnicos profesionales, proporcionamos a los clientes soluciones fiables y de alto rendimiento para blancos de pulverizaci\u00f3n magn\u00e9tica, con el fin de facilitar la implementaci\u00f3n fluida de la investigaci\u00f3n cient\u00edfica y las aplicaciones industriales.<\/p>\n","protected":false},"excerpt":{"rendered":"<p>Objetivo de pulverizaci\u00f3n de ferrita de estroncio Descripci\u00f3n general Los objetivos de pulverizaci\u00f3n de ferrita de estroncio son materiales magn\u00e9ticos de alto rendimiento que se utilizan para la fabricaci\u00f3n de dispositivos magn\u00e9ticos de pel\u00edcula delgada y componentes electr\u00f3nicos. Ofrecemos objetivos de pulverizaci\u00f3n de ferrita de estroncio de alta densidad y uniformidad, adecuados para la deposici\u00f3n [&hellip;]<\/p>\n","protected":false},"featured_media":35240,"template":"","meta":{"_acf_changed":false},"product_brand":[132],"product_cat":[457],"product_tag":[3790],"class_list":{"0":"post-35239","1":"product","2":"type-product","3":"status-publish","4":"has-post-thumbnail","6":"product_brand-ulpmat","7":"product_cat-blanco-ceramico-para-sputtering","8":"product_tag-catodos-para-sputtering-de-ferrita-de-estroncio","10":"first","11":"instock","12":"shipping-taxable","13":"product-type-variable"},"acf":[],"_links":{"self":[{"href":"https:\/\/ulpmat.com\/es\/wp-json\/wp\/v2\/product\/35239","targetHints":{"allow":["GET"]}}],"collection":[{"href":"https:\/\/ulpmat.com\/es\/wp-json\/wp\/v2\/product"}],"about":[{"href":"https:\/\/ulpmat.com\/es\/wp-json\/wp\/v2\/types\/product"}],"wp:featuredmedia":[{"embeddable":true,"href":"https:\/\/ulpmat.com\/es\/wp-json\/wp\/v2\/media\/35240"}],"wp:attachment":[{"href":"https:\/\/ulpmat.com\/es\/wp-json\/wp\/v2\/media?parent=35239"}],"wp:term":[{"taxonomy":"product_brand","embeddable":true,"href":"https:\/\/ulpmat.com\/es\/wp-json\/wp\/v2\/product_brand?post=35239"},{"taxonomy":"product_cat","embeddable":true,"href":"https:\/\/ulpmat.com\/es\/wp-json\/wp\/v2\/product_cat?post=35239"},{"taxonomy":"product_tag","embeddable":true,"href":"https:\/\/ulpmat.com\/es\/wp-json\/wp\/v2\/product_tag?post=35239"}],"curies":[{"name":"wp","href":"https:\/\/api.w.org\/{rel}","templated":true}]}}