{"id":35112,"date":"2025-12-03T11:12:19","date_gmt":"2025-12-03T03:12:19","guid":{"rendered":"https:\/\/ulpmat.com\/product\/telururo-de-estroncio\/"},"modified":"2025-12-03T11:12:19","modified_gmt":"2025-12-03T03:12:19","slug":"telururo-de-estroncio","status":"publish","type":"product","link":"https:\/\/ulpmat.com\/es\/producto\/telururo-de-estroncio\/","title":{"rendered":"Telururo de estroncio"},"content":{"rendered":"<h2><span style=\"font-size: 14pt;\">Descripci\u00f3n general de los gr\u00e1nulos de teluro de estroncio<\/span><\/h2>\n<p>Los gr\u00e1nulos<br \/>\n<span style=\"color: #0000ff;\"><a style=\"color: #0000ff;\" href=\"https:\/\/ulpmat.com\/es\/buscar\/?type=name&#038;keyword=Strontium+Telluride\">de teluro de estroncio<\/a><\/span><br \/>\nson materiales compuestos alcalinot\u00e9rreos de tierras raras de alta pureza con una excelente estabilidad t\u00e9rmica y propiedades optoelectr\u00f3nicas. Se utilizan ampliamente en la preparaci\u00f3n de detectores de infrarrojos, l\u00e1seres semiconductores, materiales termoel\u00e9ctricos y compuestos optoelectr\u00f3nicos funcionales, adecuados tanto para la investigaci\u00f3n cient\u00edfica como para aplicaciones industriales, proporcionando materias primas fiables para dispositivos de alto rendimiento.<\/p>\n<p>Podemos proporcionar gr\u00e1nulos de SrTe en diferentes tama\u00f1os de part\u00edcula, grados de pureza y especificaciones de envasado para satisfacer las diversas necesidades de la investigaci\u00f3n cient\u00edfica y la producci\u00f3n industrial. P\u00f3ngase <span style=\"color: #0000ff;\"><a style=\"color: #0000ff;\" href=\"https:\/\/ulpmat.com\/es\/contacto\/\">en contacto con nosotros<\/a><\/span><br \/>\npara solicitar muestras o servicios personalizados.<\/p>\n<h2><span style=\"font-size: 14pt;\">Caracter\u00edsticas destacadas del producto<\/span><\/h2>\n<p>Alta pureza<br \/>\nTama\u00f1o de part\u00edcula uniforme y part\u00edculas estables<br \/>\nBuena estabilidad t\u00e9rmica<br \/>\nExcelentes propiedades optoelectr\u00f3nicas<br \/>\nF\u00e1cil de manipular y dispersar<br \/>\nAlta consistencia entre lotes<br \/>\nTama\u00f1o de part\u00edcula y embalaje personalizables<br \/>\nAdecuado para la investigaci\u00f3n cient\u00edfica y la producci\u00f3n industrial<\/p>\n<h2><span style=\"font-size: 14pt;\">Aplicaciones de los gr\u00e1nulos de teluro de estroncio<\/span><\/h2>\n<p>Material para detectores de infrarrojos: Los gr\u00e1nulos de SrTe se pueden utilizar para preparar detectores de infrarrojos de alto rendimiento, mejorando la sensibilidad y la estabilidad de los dispositivos. L\u00e1seres<br \/>\n<span style=\"color: #0000ff;\"><a style=\"color: #0000ff;\" href=\"https:\/\/ulpmat.com\/es\/solicitud\/materiales-semiconductores\/\">semiconductores<\/a><\/span><br \/>\n: Adecuados como material funcional clave para l\u00e1seres, mejorando la eficiencia de salida y la vida \u00fatil del l\u00e1ser.<br \/>\nMateriales termoel\u00e9ctricos: Como componente de materiales compuestos termoel\u00e9ctricos, pueden mejorar la eficiencia de conversi\u00f3n termoel\u00e9ctrica y lograr una utilizaci\u00f3n eficiente de la energ\u00eda.<br \/>\nMateriales compuestos optoelectr\u00f3nicos funcionales: Se pueden aplicar a nuevos dispositivos optoelectr\u00f3nicos y materiales compuestos, mejorando el rendimiento \u00f3ptico y la estabilidad del material.<\/p>\n<h2><span style=\"color: #0000ff;\"><a style=\"color: #0000ff;\" href=\"https:\/\/ulpmat.com\/es\/empresa\/preguntas-frecuentes\/\"><span style=\"font-size: 14pt;\">Preguntas frecuentes<\/span><\/a><\/span><\/h2>\n<p>P1: Los gr\u00e1nulos de SrTe son sensibles a la humedad y al ox\u00edgeno del aire. Se recomienda almacenarlos en un lugar seco y sellado, evitando las altas temperaturas y la luz solar directa.<\/p>\n<p>P2: \u00bfEl tama\u00f1o de las part\u00edculas afecta al rendimiento de la aplicaci\u00f3n?<br \/>\nR2: Las part\u00edculas de tama\u00f1o uniforme tienen una mejor dispersabilidad, lo que puede mejorar la estabilidad del rendimiento de los dispositivos infrarrojos y los materiales compuestos.<\/p>\n<p>P3: \u00bfSon los gr\u00e1nulos de SrTe adecuados para el procesamiento de soluciones o la sinterizaci\u00f3n?<br \/>\nR3: S\u00ed, las part\u00edculas se dispersan bien en disolventes adecuados y tambi\u00e9n se pueden utilizar para preparar cer\u00e1micas funcionales o materiales compuestos mediante procesos de sinterizaci\u00f3n.<\/p>\n<p>P4: \u00bfC\u00f3mo se garantiza la consistencia de los lotes de productos?<br \/>\nR4: Cada lote de part\u00edculas se somete a an\u00e1lisis qu\u00edmicos y pruebas de tama\u00f1o de part\u00edcula para garantizar una alta pureza, un tama\u00f1o de part\u00edcula uniforme y un rendimiento constante.<\/p>\n<h2><span style=\"font-size: 14pt;\">Informes<\/span><\/h2>\n<p>Cada lote se suministra con:<br \/>\n<span style=\"color: #0000ff;\"><a style=\"color: #0000ff;\" href=\"https:\/\/ulpmat.com\/es\/documentos\/certificado-de-analisis\/\"><u>Certificado de an\u00e1lisis (COA)<\/u><\/a><\/span><\/p>\n<p><span style=\"color: #0000ff;\"><a style=\"color: #0000ff;\" href=\"https:\/\/ulpmat.com\/es\/documentos\/ficha-tecnica\/\"><u>Ficha t\u00e9cnica (TDS)<\/u><\/a><\/span><\/p>\n<p><span style=\"color: #0000ff;\"><a style=\"color: #0000ff;\" href=\"https:\/\/ulpmat.com\/es\/documentos\/ficha-de-datos-de-seguridad\/\"><u>Ficha de datos de seguridad (MSDS)<\/u><\/a><\/span><br \/>\nInformes de pruebas de terceros disponibles bajo petici\u00f3n<\/p>\n<h2><span style=\"font-size: 14pt;\">\u00bfPor qu\u00e9 elegirnos?<\/span><\/h2>\n<p>Contamos con una tecnolog\u00eda de producci\u00f3n de gr\u00e1nulos de SrTe madura y un riguroso sistema de control de calidad, lo que nos permite ofrecer productos de alta pureza, tama\u00f1o uniforme y estables, junto con servicios t\u00e9cnicos profesionales. Esto garantiza la aplicaci\u00f3n fiable de nuestros materiales en optoelectr\u00f3nica, termoelectricidad y semiconductores, lo que proporciona una garant\u00eda de alta calidad para la investigaci\u00f3n y la producci\u00f3n industrial.<\/p>\n","protected":false},"excerpt":{"rendered":"<p>Descripci\u00f3n general de los gr\u00e1nulos de teluro de estroncio Los gr\u00e1nulos de teluro de estroncio son materiales compuestos alcalinot\u00e9rreos de tierras raras de alta pureza con una excelente estabilidad t\u00e9rmica y propiedades optoelectr\u00f3nicas. Se utilizan ampliamente en la preparaci\u00f3n de detectores de infrarrojos, l\u00e1seres semiconductores, materiales termoel\u00e9ctricos y compuestos optoelectr\u00f3nicos funcionales, adecuados tanto para la [&hellip;]<\/p>\n","protected":false},"featured_media":35113,"template":"","meta":{"_acf_changed":false},"product_brand":[132],"product_cat":[340],"product_tag":[3754],"class_list":{"0":"post-35112","1":"product","2":"type-product","3":"status-publish","4":"has-post-thumbnail","6":"product_brand-ulpmat","7":"product_cat-materiales-de-evaporacion","8":"product_tag-telururo-de-estroncio-en-granulos","10":"first","11":"instock","12":"shipping-taxable","13":"product-type-variable"},"acf":[],"_links":{"self":[{"href":"https:\/\/ulpmat.com\/es\/wp-json\/wp\/v2\/product\/35112","targetHints":{"allow":["GET"]}}],"collection":[{"href":"https:\/\/ulpmat.com\/es\/wp-json\/wp\/v2\/product"}],"about":[{"href":"https:\/\/ulpmat.com\/es\/wp-json\/wp\/v2\/types\/product"}],"wp:featuredmedia":[{"embeddable":true,"href":"https:\/\/ulpmat.com\/es\/wp-json\/wp\/v2\/media\/35113"}],"wp:attachment":[{"href":"https:\/\/ulpmat.com\/es\/wp-json\/wp\/v2\/media?parent=35112"}],"wp:term":[{"taxonomy":"product_brand","embeddable":true,"href":"https:\/\/ulpmat.com\/es\/wp-json\/wp\/v2\/product_brand?post=35112"},{"taxonomy":"product_cat","embeddable":true,"href":"https:\/\/ulpmat.com\/es\/wp-json\/wp\/v2\/product_cat?post=35112"},{"taxonomy":"product_tag","embeddable":true,"href":"https:\/\/ulpmat.com\/es\/wp-json\/wp\/v2\/product_tag?post=35112"}],"curies":[{"name":"wp","href":"https:\/\/api.w.org\/{rel}","templated":true}]}}