{"id":35092,"date":"2025-12-03T11:12:19","date_gmt":"2025-12-03T03:12:19","guid":{"rendered":"https:\/\/ulpmat.com\/product\/titanato-de-estroncio-oxido-de-estroncio-y-titanio-3\/"},"modified":"2025-12-03T11:12:19","modified_gmt":"2025-12-03T03:12:19","slug":"titanato-de-estroncio-oxido-de-estroncio-y-titanio-3","status":"publish","type":"product","link":"https:\/\/ulpmat.com\/es\/producto\/titanato-de-estroncio-oxido-de-estroncio-y-titanio-3\/","title":{"rendered":"Titanato de estroncio (\u00f3xido de estroncio y titanio)"},"content":{"rendered":"<h2><span style=\"font-size: 14pt;\">Descripci\u00f3n general del polvo de \u00f3xido de estroncio y titanio<\/span><\/h2>\n<p>El polvo<br \/>\n<span style=\"color: #0000ff;\"><a style=\"color: #0000ff;\" href=\"https:\/\/ulpmat.com\/es\/buscar\/?type=name&#038;keyword=Strontium+Titanium+Oxide\">de \u00f3xido de estroncio y titanio<\/a><\/span><br \/>\nes un material cer\u00e1mico estable y de alta pureza con excelentes propiedades diel\u00e9ctricas y estabilidad t\u00e9rmica. Se utiliza ampliamente en la preparaci\u00f3n de pel\u00edculas delgadas, cer\u00e1micas funcionales, dispositivos optoelectr\u00f3nicos y en la investigaci\u00f3n de materiales ferroel\u00e9ctricos y piezoel\u00e9ctricos, lo que lo convierte en un material fundamental para la investigaci\u00f3n cient\u00edfica y las aplicaciones industriales de alta gama.<\/p>\n<p>Ofrecemos polvos de SrTiO3 en varios tama\u00f1os de part\u00edculas, grados de pureza y especificaciones de envasado para satisfacer las diversas necesidades de la investigaci\u00f3n cient\u00edfica y la producci\u00f3n industrial.<span style=\"color: #0000ff;\"><a style=\"color: #0000ff;\" href=\"https:\/\/ulpmat.com\/es\/contacto\/\"> P\u00f3ngase en contacto con nosotros<\/a><\/span><br \/>\npara solicitar muestras o servicios de personalizaci\u00f3n. Proporcionamos orientaci\u00f3n <span style=\"color: #0000ff;\"><a style=\"color: #0000ff;\" href=\"https:\/\/ulpmat.com\/es\/servicio\/asistencia-tecnica\/\">t\u00e9cnica<\/a><\/span><br \/>\ny asistencia <span style=\"color: #0000ff;\"><a style=\"color: #0000ff;\" href=\"https:\/\/ulpmat.com\/es\/servicio\/servicio-posventa\/\">posventa<\/a><\/span><br \/>\npara garantizar un rendimiento estable del polvo en diversas aplicaciones.<\/p>\n<h2><span style=\"font-size: 14pt;\">Caracter\u00edsticas destacadas del producto<\/span><\/h2>\n<p>Alta pureza<br \/>\nTama\u00f1o de part\u00edcula uniforme y part\u00edculas estables<br \/>\nExcelentes propiedades diel\u00e9ctricas<br \/>\nAlta estabilidad t\u00e9rmica<br \/>\nF\u00e1cil de dispersar y procesar<br \/>\nBuena consistencia de los lotes<br \/>\nTama\u00f1o de part\u00edcula y especificaciones de embalaje personalizables<br \/>\nAdecuado para la investigaci\u00f3n cient\u00edfica y la producci\u00f3n industrial<\/p>\n<h2><span style=\"font-size: 14pt;\">Aplicaciones del polvo de \u00f3xido de titanio y estroncio<\/span><\/h2>\n<p>Preparaci\u00f3n de pel\u00edculas delgadas: se puede utilizar para preparar pel\u00edculas delgadas de SrTiO\u2083 de alta calidad, lo que mejora la estabilidad y el rendimiento el\u00e9ctrico de los dispositivos.<br \/>\nCer\u00e1mica funcional: como componente fundamental de los materiales cer\u00e1micos, mejora la resistencia mec\u00e1nica y las propiedades t\u00e9rmicas de la cer\u00e1mica. Dispositivos<br \/>\n<span style=\"color: #0000ff;\"><a style=\"color: #0000ff;\" href=\"https:\/\/ulpmat.com\/es\/solicitud\/materiales-opticos\/\">optoelectr\u00f3nicos<\/a><\/span><br \/>\n: utilizado en dispositivos optoelectr\u00f3nicos, mejora la respuesta \u00f3ptica y la estabilidad de los dispositivos.<br \/>\nInvestigaci\u00f3n de materiales ferroel\u00e9ctricos\/piezoel\u00e9ctricos: puede servir como materia prima clave para materiales compuestos ferroel\u00e9ctricos y piezoel\u00e9ctricos, contribuyendo al desarrollo de nuevos materiales funcionales.<\/p>\n<h2><span style=\"color: #0000ff;\"><a style=\"color: #0000ff;\" href=\"https:\/\/ulpmat.com\/es\/empresa\/preguntas-frecuentes\/\"><span style=\"font-size: 14pt;\">Preguntas frecuentes<\/span><\/a><\/span><\/h2>\n<p>P1: \u00bfSe puede almacenar el polvo de SrTiO3 al aire libre durante mucho tiempo?<br \/>\nR1: El polvo de SrTiO3 es relativamente estable, pero se recomienda almacenarlo en un recipiente seco y herm\u00e9tico, evitando la humedad y las altas temperaturas para mantener su rendimiento.<\/p>\n<p>P2: \u00bfEn qu\u00e9 medida afecta el tama\u00f1o de las part\u00edculas del polvo al efecto de la aplicaci\u00f3n?<br \/>\nR2: La uniformidad del tama\u00f1o de las part\u00edculas afecta directamente a la uniformidad de la pel\u00edcula y a la densidad de la cer\u00e1mica. Cuanto m\u00e1s concentrada sea la distribuci\u00f3n del tama\u00f1o de las part\u00edculas, m\u00e1s estable ser\u00e1 el rendimiento de la aplicaci\u00f3n.<\/p>\n<p>P3: \u00bfEs adecuado para procesos de sol-gel o sinterizaci\u00f3n?<br \/>\nR3: S\u00ed, el polvo de SrTiO3 se dispersa bien en soluci\u00f3n y tambi\u00e9n se puede utilizar para la sinterizaci\u00f3n con el fin de preparar cer\u00e1micas y materiales compuestos de alta densidad.<\/p>\n<p>P4: \u00bfC\u00f3mo se garantiza un rendimiento constante entre los diferentes lotes de polvo? R4: Cada lote de productos se somete a rigurosos an\u00e1lisis qu\u00edmicos y pruebas de tama\u00f1o de part\u00edcula para garantizar la estabilidad y la consistencia de la pureza, el tama\u00f1o de part\u00edcula y el rendimiento.<\/p>\n<h2><span style=\"font-size: 14pt;\">Informes<\/span><\/h2>\n<p>Cada lote se suministra con:<br \/>\n<span style=\"color: #0000ff;\"><a style=\"color: #0000ff;\" href=\"https:\/\/ulpmat.com\/es\/documentos\/certificado-de-analisis\/\"><u>Certificado de an\u00e1lisis (COA)<\/u><\/a><\/span><\/p>\n<p><span style=\"color: #0000ff;\"><a style=\"color: #0000ff;\" href=\"https:\/\/ulpmat.com\/es\/documentos\/ficha-tecnica\/\"><u>Ficha t\u00e9cnica (TDS)<\/u><\/a><\/span><\/p>\n<p><span style=\"color: #0000ff;\"><a style=\"color: #0000ff;\" href=\"https:\/\/ulpmat.com\/es\/documentos\/ficha-de-datos-de-seguridad\/\"><u>Ficha de datos de seguridad (MSDS)<\/u><\/a><\/span><br \/>\nInformes de pruebas de terceros disponibles bajo petici\u00f3n<\/p>\n<h2><span style=\"font-size: 14pt;\">\u00bfPor qu\u00e9 elegirnos?<\/span><\/h2>\n<p>Contamos con una tecnolog\u00eda madura de producci\u00f3n de polvo de SrTiO3 y un estricto sistema de control de calidad, lo que nos permite ofrecer polvos de alta pureza, tama\u00f1o uniforme y estables, junto con servicios t\u00e9cnicos profesionales. Esto garantiza la aplicaci\u00f3n fiable de nuestros materiales en cer\u00e1mica, optoelectr\u00f3nica y materiales funcionales, lo que proporciona una garant\u00eda de alta calidad para la investigaci\u00f3n y la producci\u00f3n industrial.<\/p>\n","protected":false},"excerpt":{"rendered":"<p>Descripci\u00f3n general del polvo de \u00f3xido de estroncio y titanio El polvo de \u00f3xido de estroncio y titanio es un material cer\u00e1mico estable y de alta pureza con excelentes propiedades diel\u00e9ctricas y estabilidad t\u00e9rmica. Se utiliza ampliamente en la preparaci\u00f3n de pel\u00edculas delgadas, cer\u00e1micas funcionales, dispositivos optoelectr\u00f3nicos y en la investigaci\u00f3n de materiales ferroel\u00e9ctricos y [&hellip;]<\/p>\n","protected":false},"featured_media":35093,"template":"","meta":{"_acf_changed":false},"product_brand":[132],"product_cat":[1189],"product_tag":[3748],"class_list":{"0":"post-35092","1":"product","2":"type-product","3":"status-publish","4":"has-post-thumbnail","6":"product_brand-ulpmat","7":"product_cat-otros-acidos","8":"product_tag-titanato-de-estroncio-oxido-de-estroncio-y-titanio-en-polvo","10":"first","11":"instock","12":"shipping-taxable","13":"product-type-variable"},"acf":[],"_links":{"self":[{"href":"https:\/\/ulpmat.com\/es\/wp-json\/wp\/v2\/product\/35092","targetHints":{"allow":["GET"]}}],"collection":[{"href":"https:\/\/ulpmat.com\/es\/wp-json\/wp\/v2\/product"}],"about":[{"href":"https:\/\/ulpmat.com\/es\/wp-json\/wp\/v2\/types\/product"}],"wp:featuredmedia":[{"embeddable":true,"href":"https:\/\/ulpmat.com\/es\/wp-json\/wp\/v2\/media\/35093"}],"wp:attachment":[{"href":"https:\/\/ulpmat.com\/es\/wp-json\/wp\/v2\/media?parent=35092"}],"wp:term":[{"taxonomy":"product_brand","embeddable":true,"href":"https:\/\/ulpmat.com\/es\/wp-json\/wp\/v2\/product_brand?post=35092"},{"taxonomy":"product_cat","embeddable":true,"href":"https:\/\/ulpmat.com\/es\/wp-json\/wp\/v2\/product_cat?post=35092"},{"taxonomy":"product_tag","embeddable":true,"href":"https:\/\/ulpmat.com\/es\/wp-json\/wp\/v2\/product_tag?post=35092"}],"curies":[{"name":"wp","href":"https:\/\/api.w.org\/{rel}","templated":true}]}}