{"id":34998,"date":"2025-12-03T11:12:20","date_gmt":"2025-12-03T03:12:20","guid":{"rendered":"https:\/\/ulpmat.com\/product\/vanadato-de-estroncio\/"},"modified":"2025-12-03T11:12:20","modified_gmt":"2025-12-03T03:12:20","slug":"vanadato-de-estroncio","status":"publish","type":"product","link":"https:\/\/ulpmat.com\/es\/producto\/vanadato-de-estroncio\/","title":{"rendered":"Vanadato de estroncio"},"content":{"rendered":"<h2><span style=\"font-size: 14pt;\">Objetivo de pulverizaci\u00f3n de vanadato de estroncio Descripci\u00f3n general<\/span><\/h2>\n<p>Los objetivos de pulverizaci\u00f3n<br \/>\n<span style=\"color: #0000ff;\"><a style=\"color: #0000ff;\" href=\"https:\/\/ulpmat.com\/es\/buscar\/?type=name&#038;keyword=Strontium+Vanadate\">de vanadato de estroncio<\/a><\/span><br \/>\nson objetivos cer\u00e1micos de alta pureza con una excelente estabilidad qu\u00edmica y una estructura densa. Se pueden utilizar para la deposici\u00f3n de pel\u00edculas delgadas de \u00f3xido, pel\u00edculas conductoras transparentes, dispositivos cer\u00e1micos funcionales y la fabricaci\u00f3n de materiales electr\u00f3nicos y \u00f3pticos, lo que los convierte en una opci\u00f3n ideal como material de pulverizaci\u00f3n para la investigaci\u00f3n cient\u00edfica y la industria.<\/p>\n<p>Ofrecemos blancos de pulverizaci\u00f3n de SrVO3 en diversas especificaciones, tama\u00f1os y formas, adecuados para procesos de pulverizaci\u00f3n DC, RF y magnetr\u00f3n. P\u00f3ngase <span style=\"color: #0000ff;\"><a style=\"color: #0000ff;\" href=\"https:\/\/ulpmat.com\/es\/contacto\/\">en contacto con nosotros<\/a><\/span><br \/>\npara obtener servicios <span style=\"color: #0000ff;\"><a style=\"color: #0000ff;\" href=\"https:\/\/ulpmat.com\/es\/servicio\/personalizacion\/\">de personalizaci\u00f3n<\/a><\/span><br \/>\no <span style=\"color: #0000ff;\"><a style=\"color: #0000ff;\" href=\"https:\/\/ulpmat.com\/es\/servicio\/asistencia-tecnica\/\">asistencia t\u00e9cnica<\/a><\/span><br \/>\n.<\/p>\n<h2><span style=\"font-size: 14pt;\">Caracter\u00edsticas destacadas del producto<\/span><\/h2>\n<p>Alta pureza.<br \/>\nMicroestructura densa y uniforme.<br \/>\nGran estabilidad qu\u00edmica.<br \/>\nExcelente estabilidad t\u00e9rmica.<br \/>\nAdecuado para pulverizaci\u00f3n DC\/RF\/magnetr\u00f3n.<br \/>\nAlta tasa de utilizaci\u00f3n del blanco.<br \/>\nTama\u00f1os y formas personalizables.<br \/>\nCompatible con la uni\u00f3n de blancos.<br \/>\nBuena consistencia de los lotes<\/p>\n<h2><span style=\"font-size: 14pt;\">Aplicaciones de los blancos de pulverizaci\u00f3n de vanadato de estroncio<\/span><\/h2>\n<p>Deposici\u00f3n de pel\u00edculas delgadas de \u00f3xido funcional: proporciona una fuente de material estable para el crecimiento de pel\u00edculas delgadas uniformes y de alta calidad.<br \/>\nFabricaci\u00f3n de dispositivos electr\u00f3nicos: adecuado para la deposici\u00f3n de pel\u00edculas delgadas de resistencias, condensadores y componentes electr\u00f3nicos transparentes. Aplicaciones de pel\u00edculas<br \/>\n<span style=\"color: #0000ff;\"><a style=\"color: #0000ff;\" href=\"https:\/\/ulpmat.com\/es\/solicitud\/materiales-opticos\/\">\u00f3pticas<\/a><\/span><br \/>\n: fabricaci\u00f3n de pel\u00edculas delgadas \u00f3pticas funcionales de alta transmitancia, como pel\u00edculas antirreflectantes y conductoras.<br \/>\nMateriales para investigaci\u00f3n cient\u00edfica: se utiliza como material b\u00e1sico para el crecimiento de pel\u00edculas delgadas, pruebas de rendimiento e investigaci\u00f3n de propiedades.<\/p>\n<h2><span style=\"color: #0000ff;\"><a style=\"color: #0000ff;\" href=\"https:\/\/ulpmat.com\/es\/empresa\/preguntas-frecuentes\/\"><span style=\"font-size: 14pt;\">Preguntas frecuentes<\/span><\/a><\/span><\/h2>\n<p>P1: \u00bfQu\u00e9 procesos de pulverizaci\u00f3n son adecuados para los blancos de SrVO3?<br \/>\nR1: Adecuado para pulverizaci\u00f3n por CC, RF y magnetr\u00f3n, satisfaciendo diversas necesidades de deposici\u00f3n de pel\u00edculas delgadas.<\/p>\n<p>P2: \u00bfSe pueden personalizar el tama\u00f1o y la forma del blanco?<br \/>\nR2: Se pueden personalizar blancos circulares, cuadrados y de diferentes grosores y di\u00e1metros seg\u00fan los requisitos del cliente.<\/p>\n<p>P3: \u00bfC\u00f3mo se garantiza la estabilidad qu\u00edmica del blanco?<br \/>\nR3: Cada lote de blancos se somete a sinterizaci\u00f3n a alta temperatura y pruebas de precisi\u00f3n para garantizar una composici\u00f3n qu\u00edmica estable y la ausencia de impurezas.<\/p>\n<p>P4: \u00bfQu\u00e9 precauciones se deben tomar durante el almacenamiento y la manipulaci\u00f3n?<br \/>\nR4: Los blancos deben almacenarse en un entorno seco, protegido de la luz y con baja humedad. Evite colisiones y ara\u00f1azos durante la manipulaci\u00f3n para mantener la integridad del blanco.<\/p>\n<h2><span style=\"font-size: 14pt;\">Informes<\/span><\/h2>\n<p>Cada lote se suministra con:<br \/>\n<span style=\"color: #0000ff;\"><a style=\"color: #0000ff;\" href=\"https:\/\/ulpmat.com\/es\/documentos\/certificado-de-analisis\/\"><u>Certificado de an\u00e1lisis (COA)<\/u><\/a><\/span><\/p>\n<p><span style=\"color: #0000ff;\"><a style=\"color: #0000ff;\" href=\"https:\/\/ulpmat.com\/es\/documentos\/ficha-tecnica\/\"><u>Ficha t\u00e9cnica (TDS)<\/u><\/a><\/span><\/p>\n<p><span style=\"color: #0000ff;\"><a style=\"color: #0000ff;\" href=\"https:\/\/ulpmat.com\/es\/documentos\/ficha-de-datos-de-seguridad\/\"><u>Ficha de datos de seguridad (MSDS)<\/u><\/a><\/span><br \/>\nInformes de pruebas de terceros disponibles bajo petici\u00f3n<\/p>\n<h2><span style=\"font-size: 14pt;\">\u00bfPor qu\u00e9 elegirnos?<\/span><\/h2>\n<p>Contamos con procesos maduros de preparaci\u00f3n de blancos de SrVO3 y un riguroso sistema de gesti\u00f3n de la calidad, lo que garantiza que cada blanco tenga una alta pureza, una microestructura densa y uniforme y un rendimiento estable. Tambi\u00e9n ofrecemos servicios personalizados y orientaci\u00f3n t\u00e9cnica seg\u00fan las necesidades del cliente, lo que nos convierte en un proveedor de materiales fiable para la investigaci\u00f3n cient\u00edfica y la producci\u00f3n industrial.<\/p>\n","protected":false},"excerpt":{"rendered":"<p>Objetivo de pulverizaci\u00f3n de vanadato de estroncio Descripci\u00f3n general Los objetivos de pulverizaci\u00f3n de vanadato de estroncio son objetivos cer\u00e1micos de alta pureza con una excelente estabilidad qu\u00edmica y una estructura densa. Se pueden utilizar para la deposici\u00f3n de pel\u00edculas delgadas de \u00f3xido, pel\u00edculas conductoras transparentes, dispositivos cer\u00e1micos funcionales y la fabricaci\u00f3n de materiales electr\u00f3nicos [&hellip;]<\/p>\n","protected":false},"featured_media":34999,"template":"","meta":{"_acf_changed":false},"product_brand":[132],"product_cat":[457],"product_tag":[3730],"class_list":{"0":"post-34998","1":"product","2":"type-product","3":"status-publish","4":"has-post-thumbnail","6":"product_brand-ulpmat","7":"product_cat-blanco-ceramico-para-sputtering","8":"product_tag-blanco-para-sputtering-de-vanadato-de-estroncio","10":"first","11":"instock","12":"shipping-taxable","13":"product-type-variable"},"acf":[],"_links":{"self":[{"href":"https:\/\/ulpmat.com\/es\/wp-json\/wp\/v2\/product\/34998","targetHints":{"allow":["GET"]}}],"collection":[{"href":"https:\/\/ulpmat.com\/es\/wp-json\/wp\/v2\/product"}],"about":[{"href":"https:\/\/ulpmat.com\/es\/wp-json\/wp\/v2\/types\/product"}],"wp:featuredmedia":[{"embeddable":true,"href":"https:\/\/ulpmat.com\/es\/wp-json\/wp\/v2\/media\/34999"}],"wp:attachment":[{"href":"https:\/\/ulpmat.com\/es\/wp-json\/wp\/v2\/media?parent=34998"}],"wp:term":[{"taxonomy":"product_brand","embeddable":true,"href":"https:\/\/ulpmat.com\/es\/wp-json\/wp\/v2\/product_brand?post=34998"},{"taxonomy":"product_cat","embeddable":true,"href":"https:\/\/ulpmat.com\/es\/wp-json\/wp\/v2\/product_cat?post=34998"},{"taxonomy":"product_tag","embeddable":true,"href":"https:\/\/ulpmat.com\/es\/wp-json\/wp\/v2\/product_tag?post=34998"}],"curies":[{"name":"wp","href":"https:\/\/api.w.org\/{rel}","templated":true}]}}