{"id":34944,"date":"2025-12-09T15:51:07","date_gmt":"2025-12-09T07:51:07","guid":{"rendered":"https:\/\/ulpmat.com\/product\/acetato-de-rubidio\/"},"modified":"2025-12-09T15:51:07","modified_gmt":"2025-12-09T07:51:07","slug":"acetato-de-rubidio","status":"publish","type":"product","link":"https:\/\/ulpmat.com\/es\/producto\/acetato-de-rubidio\/","title":{"rendered":"Acetato de rubidio"},"content":{"rendered":"<h2><span style=\"font-size: 14pt;\">Descripci\u00f3n general del acetato de rubidio en polvo<\/span><\/h2>\n<p><span style=\"color: #0000ff;\"><a style=\"color: #0000ff;\" href=\"https:\/\/ulpmat.com\/es\/buscar\/?type=name&#038;keyword=Rubidium+acetate\">El acetato de rubidio<\/a><\/span><br \/>\nes una sal org\u00e1nica de rubidio de alta pureza con la f\u00f3rmula qu\u00edmica RbC\u2082H\u2083O\u2082. Se presenta en forma de cristales blancos o polvo a temperatura ambiente. Este producto es muy soluble en agua, higrosc\u00f3pico y tiene un punto de fusi\u00f3n de aproximadamente 246 \u00b0C. Como fuente y precursor esencial del rubidio, tiene un valor de aplicaci\u00f3n \u00fanico en los campos de la ciencia de los materiales, la qu\u00edmica catal\u00edtica y la energ\u00eda.<\/p>\n<p>Ofrecemos polvo de acetato de rubidio de alta pureza con opciones de pedido flexibles. Para obtener presupuestos detallados, solicitar muestras o consultas t\u00e9cnicas, p\u00f3ngase <span style=\"color: #0000ff;\"><a style=\"color: #0000ff;\" href=\"https:\/\/ulpmat.com\/es\/contacto\/\">en contacto con nosotros.<\/a><\/span><\/p>\n<h2><span style=\"font-size: 14pt;\">Caracter\u00edsticas destacadas del producto<\/span><\/h2>\n<p>Pureza ultraalta<br \/>\nExcelente solubilidad y estabilidad t\u00e9rmica<br \/>\nEstricto control de calidad con lotes consistentes<br \/>\nEnvase profesional sellado a prueba de humedad<br \/>\nAsistencia t\u00e9cnica especializada en aplicaciones<\/p>\n<h2><span style=\"font-size: 14pt;\">Aplicaciones del polvo de acetato de rubidio<\/span><\/h2>\n<p>C\u00e9lulas solares de perovskita: sirve como capa de modificaci\u00f3n de la interfaz o fuente de dopaje para mejorar la eficiencia de conversi\u00f3n fotovoltaica de las c\u00e9lulas y la estabilidad a largo plazo.<br \/>\nCatalizador de s\u00edntesis org\u00e1nica: sirve como catalizador altamente eficiente en reacciones org\u00e1nicas como la acilaci\u00f3n y la esterificaci\u00f3n.<br \/>\nPreparaci\u00f3n de materiales funcionales: act\u00faa como precursor clave para sintetizar materiales funcionales avanzados como la ferrita de nanorutenio.<br \/>\nInvestigaci\u00f3n biom\u00e9dica: funciona como fuente de ionenes de rubidio en estudios bioqu\u00edmicos, apoyando la investigaci\u00f3n fisiol\u00f3gica relacionada con los canales i\u00f3nicos o el potencial de membrana.<\/p>\n<h2><span style=\"color: #0000ff;\"><a style=\"color: #0000ff;\" href=\"https:\/\/ulpmat.com\/es\/empresa\/preguntas-frecuentes\/\"><span style=\"font-size: 14pt;\">Preguntas frecuentes<\/span><\/a><\/span><\/h2>\n<p>P1: \u00bfCu\u00e1les son las especificaciones de pureza de este producto? \u00bfHay disponibles diferentes grados de pureza?<br \/>\nR1: Suministramos habitualmente acetato de rubidio en polvo de alta pureza. Para requisitos de pureza espec\u00edficos o especificaciones personalizadas, p\u00f3ngase en contacto con nosotros para consultarnos.<\/p>\n<p>P2: \u00bfC\u00f3mo se debe almacenar correctamente el producto?<br \/>\nR2: Este producto es higrosc\u00f3pico y debe almacenarse sellado en un entorno fresco y seco. Una vez abierto, se recomienda manipularlo y almacenarlo bajo protecci\u00f3n de gas inerte seco y utilizarlo lo antes posible para evitar que se apelmace o se degrade debido a la absorci\u00f3n de humedad.<\/p>\n<p>P3: \u00bfQu\u00e9 solubilidad tiene el acetato de rubidio en agua?<br \/>\nR3: El acetato de rubidio es muy soluble en agua. Su solubilidad aumenta con la temperatura; por ejemplo, a 45 \u00b0C, se disuelven aproximadamente 86 gramos por cada 100 mililitros de agua. Esto lo hace ideal para procesos acuosos o basados en soluciones.<\/p>\n<p>P4: \u00bfAdmiten compras de lotes peque\u00f1os para investigaci\u00f3n experimental?<br \/>\nR4: Por supuesto. Entendemos perfectamente los requisitos de la fase de I+D y ofrecemos envases de tan solo 1 gramo para experimentos preliminares. Tambi\u00e9n proporcionamos una escalabilidad perfecta desde la I+D hasta el suministro para la producci\u00f3n.<\/p>\n<p>Informe<\/p>\n<p>Cada lote se suministra con:<br \/>\n<span style=\"color: #0000ff;\"><a style=\"color: #0000ff;\" href=\"https:\/\/ulpmat.com\/es\/documentos\/certificado-de-analisis\/\"><u>Certificado de an\u00e1lisis (COA)<\/u><\/a><\/span><\/p>\n<p><span style=\"color: #0000ff;\"><a style=\"color: #0000ff;\" href=\"https:\/\/ulpmat.com\/es\/documentos\/ficha-tecnica\/\"><u>Ficha t\u00e9cnica (TDS)<\/u><\/a><\/span><\/p>\n<p><span style=\"color: #0000ff;\"><a style=\"color: #0000ff;\" href=\"https:\/\/ulpmat.com\/es\/documentos\/ficha-de-datos-de-seguridad\/\"><u>Ficha de datos de seguridad (MSDS)<\/u><\/a><\/span><br \/>\nInformes de pruebas de terceros disponibles bajo petici\u00f3n<\/p>\n<h2><span style=\"font-size: 14pt;\">\u00bfPor qu\u00e9 elegirnos?<\/span><\/h2>\n<p>Nos comprometemos a ser su socio de confianza en compuestos de rubidio para la exploraci\u00f3n de tecnolog\u00eda de vanguardia y fabricaci\u00f3n avanzada a trav\u00e9s de productos estables, fiables y de alta pureza, experiencia profesional en aplicaciones y servicios de personalizaci\u00f3n flexibles.<\/p>\n","protected":false},"excerpt":{"rendered":"<p>Descripci\u00f3n general del acetato de rubidio en polvo El acetato de rubidio es una sal org\u00e1nica de rubidio de alta pureza con la f\u00f3rmula qu\u00edmica RbC\u2082H\u2083O\u2082. Se presenta en forma de cristales blancos o polvo a temperatura ambiente. Este producto es muy soluble en agua, higrosc\u00f3pico y tiene un punto de fusi\u00f3n de aproximadamente 246 [&hellip;]<\/p>\n","protected":false},"featured_media":34945,"template":"","meta":{"_acf_changed":false},"product_brand":[132],"product_cat":[1189],"product_tag":[3712],"class_list":{"0":"post-34944","1":"product","2":"type-product","3":"status-publish","4":"has-post-thumbnail","6":"product_brand-ulpmat","7":"product_cat-otros-acidos","8":"product_tag-acetato-de-rubidio-en-polvo","10":"first","11":"instock","12":"shipping-taxable","13":"product-type-variable"},"acf":[],"_links":{"self":[{"href":"https:\/\/ulpmat.com\/es\/wp-json\/wp\/v2\/product\/34944","targetHints":{"allow":["GET"]}}],"collection":[{"href":"https:\/\/ulpmat.com\/es\/wp-json\/wp\/v2\/product"}],"about":[{"href":"https:\/\/ulpmat.com\/es\/wp-json\/wp\/v2\/types\/product"}],"wp:featuredmedia":[{"embeddable":true,"href":"https:\/\/ulpmat.com\/es\/wp-json\/wp\/v2\/media\/34945"}],"wp:attachment":[{"href":"https:\/\/ulpmat.com\/es\/wp-json\/wp\/v2\/media?parent=34944"}],"wp:term":[{"taxonomy":"product_brand","embeddable":true,"href":"https:\/\/ulpmat.com\/es\/wp-json\/wp\/v2\/product_brand?post=34944"},{"taxonomy":"product_cat","embeddable":true,"href":"https:\/\/ulpmat.com\/es\/wp-json\/wp\/v2\/product_cat?post=34944"},{"taxonomy":"product_tag","embeddable":true,"href":"https:\/\/ulpmat.com\/es\/wp-json\/wp\/v2\/product_tag?post=34944"}],"curies":[{"name":"wp","href":"https:\/\/api.w.org\/{rel}","templated":true}]}}