{"id":34925,"date":"2025-12-09T15:51:07","date_gmt":"2025-12-09T07:51:07","guid":{"rendered":"https:\/\/ulpmat.com\/product\/cloruro-de-rubidio\/"},"modified":"2025-12-09T15:51:07","modified_gmt":"2025-12-09T07:51:07","slug":"cloruro-de-rubidio","status":"publish","type":"product","link":"https:\/\/ulpmat.com\/es\/producto\/cloruro-de-rubidio\/","title":{"rendered":"Cloruro de rubidio"},"content":{"rendered":"<h2><span style=\"font-size: 14pt;\">Descripci\u00f3n general del cloruro de rubidio en polvo<\/span><\/h2>\n<p><span style=\"color: #0000ff;\"><a style=\"color: #0000ff;\" href=\"https:\/\/ulpmat.com\/es\/buscar\/?type=name&#038;keyword=Rubidium+chloride\">El cloruro de rubidio<\/a><\/span><br \/>\nes una sal inorg\u00e1nica de rubidio de alta pureza con la f\u00f3rmula qu\u00edmica RbCl\u2082, que se presenta en forma de polvo cristalino blanco. Este producto es muy soluble en agua, tiene un punto de fusi\u00f3n de aproximadamente 717 \u00b0C y presenta propiedades qu\u00edmicas estables. Es una de las materias primas m\u00e1s fundamentales y utilizadas para obtener iones de rubidio, y desempe\u00f1a un papel crucial en campos como la bioqu\u00edmica, el an\u00e1lisis espectrosc\u00f3pico y la s\u00edntesis de nuevos materiales.<\/p>\n<p>Ofrecemos cloruro de rubidio en polvo con una pureza de hasta el 99,9 %, disponible en varios envases. Para obtener cat\u00e1logos de productos, par\u00e1metros t\u00e9cnicos detallados o consultas personalizadas, p\u00f3ngase <span style=\"color: #0000ff;\"><a style=\"color: #0000ff;\" href=\"https:\/\/ulpmat.com\/es\/contacto\/\">en contacto con nosotros.<\/a><\/span><\/p>\n<h2><span style=\"font-size: 14pt;\">Caracter\u00edsticas destacadas<\/span><\/h2>\n<h2><span style=\"font-size: 14pt;\">del producto<\/span><\/h2>\n<p>Pureza ultraalta<br \/>\nExcelente solubilidad en agua<br \/>\nControl de calidad riguroso<br \/>\nPropiedades qu\u00edmicas estables<br \/>\nEnvase profesional a prueba de humedad<\/p>\n<h2><span style=\"font-size: 14pt;\">Aplicaciones del cloruro de rubidio en polvo<\/span><\/h2>\n<p>Investigaci\u00f3n biom\u00e9dica: se utiliza como inhibidor de los canales de potasio o trazador de iones de rubidio en estudios de fisiolog\u00eda celular.<br \/>\nEst\u00e1ndares de an\u00e1lisis espectral: sirve como sustancia est\u00e1ndar o tamp\u00f3n de ionizaci\u00f3n en la espectroscopia de absorci\u00f3n o emisi\u00f3n at\u00f3mica.<br \/>\nPreparaci\u00f3n de catalizadores: act\u00faa como precursor para sintetizar los catalizadores necesarios en determinadas reacciones org\u00e1nicas o procesos de polimerizaci\u00f3n.<br \/>\nCrecimiento de monocristales y materiales: se utiliza como material base para el crecimiento de cristales \u00f3pticos o la preparaci\u00f3n de otros compuestos funcionales de rubidio.<\/p>\n<h2><span style=\"color: #0000ff;\"><a style=\"color: #0000ff;\" href=\"https:\/\/ulpmat.com\/es\/empresa\/preguntas-frecuentes\/\"><span style=\"font-size: 14pt;\">Preguntas frecuentes<\/span><\/a><\/span><\/h2>\n<p>P1: \u00bfCu\u00e1l es la pureza t\u00edpica del cloruro de rubidio en polvo?<br \/>\nR1: Suministramos habitualmente cloruro de rubidio en polvo con una pureza no inferior al 99,9 %. Hay opciones de pureza personalizadas disponibles para clientes con requisitos espec\u00edficos.<\/p>\n<p>P2: \u00bfC\u00f3mo se debe almacenar el producto? \u00bfQu\u00e9 precauciones de seguridad se deben tomar?<br \/>\nR2: Este producto absorbe f\u00e1cilmente la humedad y debe almacenarse en un recipiente herm\u00e9tico en un lugar seco y fresco. Evite inhalar el polvo durante su manipulaci\u00f3n; se recomienda el uso de equipo de protecci\u00f3n. Consulte la ficha de datos de seguridad (MSDS) adjunta para obtener informaci\u00f3n detallada sobre seguridad.<\/p>\n<p>P3: \u00bfCu\u00e1l es la solubilidad del cloruro de rubidio en agua?<br \/>\nR3: El cloruro de rubidio es muy soluble en agua, y su solubilidad aumenta significativamente con la temperatura. Por ejemplo, se disuelve aproximadamente 91 g por cada 100 ml de agua a 0 \u00b0C y hasta 147 g por cada 100 ml a 100 \u00b0C.<\/p>\n<p>P4: \u00bfCu\u00e1l es la cantidad m\u00ednima de pedido? \u00bfProporcionan muestras?<br \/>\nR4: Aceptamos pedidos de lotes peque\u00f1os con fines de I+D (desde 1 gramo) y podemos proporcionar muestras para que los clientes potenciales las prueben y eval\u00faen. Consulte a nuestros representantes de ventas para conocer las pol\u00edticas espec\u00edficas.<\/p>\n<h2><span style=\"font-size: 14pt;\">Informe<\/span><\/h2>\n<p>Cada lote se suministra con:<br \/>\n<span style=\"color: #0000ff;\"><a style=\"color: #0000ff;\" href=\"https:\/\/ulpmat.com\/es\/documentos\/certificado-de-analisis\/\"><u>Certificado de an\u00e1lisis (COA)<\/u><\/a><\/span><\/p>\n<p><span style=\"color: #0000ff;\"><a style=\"color: #0000ff;\" href=\"https:\/\/ulpmat.com\/es\/documentos\/ficha-tecnica\/\"><u>Ficha t\u00e9cnica (TDS)<\/u><\/a><\/span><\/p>\n<p><span style=\"color: #0000ff;\"><a style=\"color: #0000ff;\" href=\"https:\/\/ulpmat.com\/es\/documentos\/ficha-de-datos-de-seguridad\/\"><u>Ficha de datos de seguridad (MSDS)<\/u><\/a><\/span><br \/>\nInformes de pruebas de terceros disponibles bajo petici\u00f3n<\/p>\n<h2><span style=\"font-size: 14pt;\">\u00bfPor qu\u00e9 elegirnos?<\/span><\/h2>\n<p>Nos comprometemos a ser su socio m\u00e1s fiable para los compuestos de rubidio, respaldados por un suministro estable de productos de alta pureza, asistencia t\u00e9cnica profesional y un servicio de atenci\u00f3n al cliente flexible.<\/p>\n","protected":false},"excerpt":{"rendered":"<p>Descripci\u00f3n general del cloruro de rubidio en polvo El cloruro de rubidio es una sal inorg\u00e1nica de rubidio de alta pureza con la f\u00f3rmula qu\u00edmica RbCl\u2082, que se presenta en forma de polvo cristalino blanco. Este producto es muy soluble en agua, tiene un punto de fusi\u00f3n de aproximadamente 717 \u00b0C y presenta propiedades qu\u00edmicas [&hellip;]<\/p>\n","protected":false},"featured_media":34926,"template":"","meta":{"_acf_changed":false},"product_brand":[132],"product_cat":[330],"product_tag":[3706],"class_list":{"0":"post-34925","1":"product","2":"type-product","3":"status-publish","4":"has-post-thumbnail","6":"product_brand-ulpmat","7":"product_cat-materiales-halogenados","8":"product_tag-cloruro-de-rubidio-en-polvo","10":"first","11":"instock","12":"shipping-taxable","13":"product-type-variable"},"acf":[],"_links":{"self":[{"href":"https:\/\/ulpmat.com\/es\/wp-json\/wp\/v2\/product\/34925","targetHints":{"allow":["GET"]}}],"collection":[{"href":"https:\/\/ulpmat.com\/es\/wp-json\/wp\/v2\/product"}],"about":[{"href":"https:\/\/ulpmat.com\/es\/wp-json\/wp\/v2\/types\/product"}],"wp:featuredmedia":[{"embeddable":true,"href":"https:\/\/ulpmat.com\/es\/wp-json\/wp\/v2\/media\/34926"}],"wp:attachment":[{"href":"https:\/\/ulpmat.com\/es\/wp-json\/wp\/v2\/media?parent=34925"}],"wp:term":[{"taxonomy":"product_brand","embeddable":true,"href":"https:\/\/ulpmat.com\/es\/wp-json\/wp\/v2\/product_brand?post=34925"},{"taxonomy":"product_cat","embeddable":true,"href":"https:\/\/ulpmat.com\/es\/wp-json\/wp\/v2\/product_cat?post=34925"},{"taxonomy":"product_tag","embeddable":true,"href":"https:\/\/ulpmat.com\/es\/wp-json\/wp\/v2\/product_tag?post=34925"}],"curies":[{"name":"wp","href":"https:\/\/api.w.org\/{rel}","templated":true}]}}