{"id":34902,"date":"2025-12-09T15:51:07","date_gmt":"2025-12-09T07:51:07","guid":{"rendered":"https:\/\/ulpmat.com\/product\/fluoruro-de-rubidio\/"},"modified":"2025-12-09T15:51:07","modified_gmt":"2025-12-09T07:51:07","slug":"fluoruro-de-rubidio","status":"publish","type":"product","link":"https:\/\/ulpmat.com\/es\/producto\/fluoruro-de-rubidio\/","title":{"rendered":"Fluoruro de rubidio"},"content":{"rendered":"<h2><span style=\"font-size: 14pt;\">Descripci\u00f3n general del polvo de fluoruro de rubidio<\/span><\/h2>\n<p><span style=\"color: #0000ff;\"><a style=\"color: #0000ff;\" href=\"https:\/\/ulpmat.com\/es\/buscar\/?type=name&#038;keyword=Rubidium+fluoride\">El fluoruro de rubidio<\/a><\/span><br \/>\nes una sal inorg\u00e1nica de rubidio de alta pureza con la f\u00f3rmula qu\u00edmica RbF, que suele presentarse en forma de cristales blancos o polvo. Se caracteriza por su alto punto de fusi\u00f3n (aproximadamente 775 \u00b0C), su alta solubilidad en agua y sus propiedades qu\u00edmicas estables. Como precursor eficaz para introducir iones de fluoruro y rubidio, tiene amplias aplicaciones en los campos de las nuevas energ\u00edas, los materiales avanzados y la I+D de alta gama.<\/p>\n<p>Ofrecemos fluoruro de rubidio en polvo con una pureza del 99,9 % y opciones de envasado flexibles. Para solicitar muestras, p\u00f3ngase <span style=\"color: #0000ff;\"><a style=\"color: #0000ff;\" href=\"https:\/\/ulpmat.com\/es\/contacto\/\">en contacto con nosotros.<\/a><\/span><\/p>\n<h2><span style=\"font-size: 14pt;\">Caracter\u00edsticas destacadas del producto<\/span><\/h2>\n<p>M\u00faltiples especificaciones de pureza disponibles<br \/>\nAlto punto de fusi\u00f3n, propiedades estables<br \/>\nAlta solubilidad en agua \u00fanica<br \/>\nControl de calidad estricto, lotes consistentes<br \/>\nEmbalaje profesional sellado a prueba de humedad<\/p>\n<h2><span style=\"font-size: 14pt;\">Aplicaciones del polvo de fluoruro de rubidio<\/span><\/h2>\n<p>C\u00e9lulas solares de perovskita: como aditivo precursor, pasiva eficazmente los defectos, mejora la calidad de la pel\u00edcula y aumenta significativamente la eficiencia de conversi\u00f3n fotovoltaica del dispositivo y la estabilidad operativa a largo plazo.<br \/>\nElectrolito de bater\u00edas de litio met\u00e1lico: como aditivo electrol\u00edtico, utiliza el efecto de blindaje electrost\u00e1tico de los ionenes de rubidio para suprimir eficazmente el crecimiento de dendritas de litio, lo que mejora sustancialmente la seguridad y la vida \u00fatil de la bater\u00eda.<br \/>\nVidrio \u00f3ptico especial\/cer\u00e1mica: se utiliza como dopante o fundente para materiales funcionales de vidrio y cer\u00e1mica que requieren \u00edndices de refracci\u00f3n, propiedades de dispersi\u00f3n o conductividad espec\u00edficos.<br \/>\nCatalizadores de s\u00edntesis org\u00e1nica: Sirve como fuente eficiente de fl\u00faor o catalizador base, participando en reacciones espec\u00edficas de fluoraci\u00f3n o facilitando procesos de s\u00edntesis org\u00e1nica como la formaci\u00f3n de enlaces carbono-carbono.<\/p>\n<h2><span style=\"color: #0000ff;\"><a style=\"color: #0000ff;\" href=\"https:\/\/ulpmat.com\/es\/empresa\/preguntas-frecuentes\/\"><span style=\"font-size: 14pt;\">Preguntas frecuentes<\/span><\/a><\/span><\/h2>\n<p>P1: \u00bfQu\u00e9 embalaje se utiliza para el env\u00edo? \u00bfEs adecuado para env\u00edos internacionales?<br \/>\nR1: Utilizamos bolsas de aluminio selladas a prueba de humedad o botellas de vidrio para el embalaje interior, encerradas en cajas de cart\u00f3n resistentes que cumplen con las normas est\u00e1ndar de transporte de productos qu\u00edmicos. Para los env\u00edos internacionales, proporcionamos documentaci\u00f3n de conformidad completa (por ejemplo, MSDS) para garantizar un tr\u00e1nsito seguro y sin problemas.<\/p>\n<p>P2: \u00bfQu\u00e9 ventajas \u00fanicas ofrece el fluoruro de rubidio en comparaci\u00f3n con otros haluros de rubidio (por ejemplo, cloruro de rubidio, bromuro de rubidio) en sus aplicaciones?<br \/>\nR2: Sus ventajas \u00fanicas se derivan principalmente de la alta electronegatividad y el peque\u00f1o radio i\u00f3nico del ion fluoruro (F\u207b). En aplicaciones de bater\u00edas, estabiliza las interfaces de forma m\u00e1s eficaz. En materiales \u00f3pticos, la introducci\u00f3n de fl\u00faor altera significativamente las propiedades \u00f3pticas. Adem\u00e1s, suele presentar una mayor solubilidad en agua, lo que facilita el procesamiento de la soluci\u00f3n.<\/p>\n<p>P3: \u00bfC\u00f3mo funciona el fluoruro de rubidio en las c\u00e9lulas solares de perovskita?<br \/>\nR3: Su funci\u00f3n principal se basa en la interacci\u00f3n sin\u00e9rgica entre los iones de rubidio (Rb\u207a) y los iones de fluoruro (F\u207b): el Rb\u207a puede intercalarse en la red cristalina, estabilizando la estructura cristalina; el F\u207b pasiva eficazmente los defectos y los iones de plomo descoordinados dentro de la pel\u00edcula. Juntos, suprimen la recombinaci\u00f3n no radiativa y la migraci\u00f3n de iones, mejorando as\u00ed el rendimiento de la c\u00e9lula.<\/p>\n<p>P4: \u00bfQu\u00e9 precauciones especiales se deben tomar al manipular fluoruro de rubidio para reacciones?<br \/>\nR4: Se debe prestar especial atenci\u00f3n a su higroscopicidad y potencial corrosividad. La manipulaci\u00f3n debe realizarse en un entorno seco, evitando el contacto con \u00e1cidos fuertes para prevenir la generaci\u00f3n de gas fluoruro de hidr\u00f3geno (HF) altamente t\u00f3xico y corrosivo. Se debe usar equipo de protecci\u00f3n personal y revisar minuciosamente la hoja de datos de seguridad del material (MSDS).<\/p>\n<h2><span style=\"font-size: 14pt;\">Informe<\/span><\/h2>\n<p>Cada lote se suministra con:<br \/>\n<span style=\"color: #0000ff;\"><a style=\"color: #0000ff;\" href=\"https:\/\/ulpmat.com\/es\/documentos\/certificado-de-analisis\/\"><u>Certificado de an\u00e1lisis (COA)<\/u><\/a><\/span><\/p>\n<p><span style=\"color: #0000ff;\"><a style=\"color: #0000ff;\" href=\"https:\/\/ulpmat.com\/es\/documentos\/ficha-tecnica\/\"><u>Ficha t\u00e9cnica (TDS)<\/u><\/a><\/span><\/p>\n<p><span style=\"color: #0000ff;\"><a style=\"color: #0000ff;\" href=\"https:\/\/ulpmat.com\/es\/documentos\/ficha-de-datos-de-seguridad\/\"><u>Ficha de datos de seguridad (MSDS)<\/u><\/a><\/span><br \/>\nInformes de pruebas de terceros disponibles bajo petici\u00f3n<\/p>\n<h2><span style=\"font-size: 14pt;\">\u00bfPor qu\u00e9 elegirnos?<\/span><\/h2>\n<p>Con nuestro profundo conocimiento de las aplicaciones de tecnolog\u00eda punta, nuestra gama estable y fiable de productos de alta pureza y nuestras capacidades de servicio profesional personalizado, somos su socio ideal en compuestos de rubidio para explorar nuevas energ\u00edas y materiales.<\/p>\n","protected":false},"excerpt":{"rendered":"<p>Descripci\u00f3n general del polvo de fluoruro de rubidio El fluoruro de rubidio es una sal inorg\u00e1nica de rubidio de alta pureza con la f\u00f3rmula qu\u00edmica RbF, que suele presentarse en forma de cristales blancos o polvo. Se caracteriza por su alto punto de fusi\u00f3n (aproximadamente 775 \u00b0C), su alta solubilidad en agua y sus propiedades [&hellip;]<\/p>\n","protected":false},"featured_media":34903,"template":"","meta":{"_acf_changed":false},"product_brand":[132],"product_cat":[330],"product_tag":[3700],"class_list":{"0":"post-34902","1":"product","2":"type-product","3":"status-publish","4":"has-post-thumbnail","6":"product_brand-ulpmat","7":"product_cat-materiales-halogenados","8":"product_tag-fluoruro-de-rubidio-en-polvo","10":"first","11":"instock","12":"shipping-taxable","13":"product-type-variable"},"acf":[],"_links":{"self":[{"href":"https:\/\/ulpmat.com\/es\/wp-json\/wp\/v2\/product\/34902","targetHints":{"allow":["GET"]}}],"collection":[{"href":"https:\/\/ulpmat.com\/es\/wp-json\/wp\/v2\/product"}],"about":[{"href":"https:\/\/ulpmat.com\/es\/wp-json\/wp\/v2\/types\/product"}],"wp:featuredmedia":[{"embeddable":true,"href":"https:\/\/ulpmat.com\/es\/wp-json\/wp\/v2\/media\/34903"}],"wp:attachment":[{"href":"https:\/\/ulpmat.com\/es\/wp-json\/wp\/v2\/media?parent=34902"}],"wp:term":[{"taxonomy":"product_brand","embeddable":true,"href":"https:\/\/ulpmat.com\/es\/wp-json\/wp\/v2\/product_brand?post=34902"},{"taxonomy":"product_cat","embeddable":true,"href":"https:\/\/ulpmat.com\/es\/wp-json\/wp\/v2\/product_cat?post=34902"},{"taxonomy":"product_tag","embeddable":true,"href":"https:\/\/ulpmat.com\/es\/wp-json\/wp\/v2\/product_tag?post=34902"}],"curies":[{"name":"wp","href":"https:\/\/api.w.org\/{rel}","templated":true}]}}