{"id":34836,"date":"2025-12-09T15:51:08","date_gmt":"2025-12-09T07:51:08","guid":{"rendered":"https:\/\/ulpmat.com\/product\/selenio-metalico-2\/"},"modified":"2025-12-09T15:51:08","modified_gmt":"2025-12-09T07:51:08","slug":"selenio-metalico-2","status":"publish","type":"product","link":"https:\/\/ulpmat.com\/es\/producto\/selenio-metalico-2\/","title":{"rendered":"Selenio met\u00e1lico"},"content":{"rendered":"<h2><span style=\"font-size: 14pt;\">Barras de selenio met\u00e1lico Descripci\u00f3n general<\/span><\/h2>\n<p>Las barras<br \/>\n<a href=\"https:\/\/ulpmat.com\/es\/buscar\/?type=name&#038;keyword=Selenium+metal\"><span style=\"color: #0000ff;\">de selenio met\u00e1lico<\/span><\/a><br \/>\nson materiales s\u00f3lidos con forma de barra fabricados a partir de selenio de alta pureza, que suelen presentarse en forma de cristales hexagonales grises con brillo met\u00e1lico. Poseen propiedades optoelectr\u00f3nicas \u00fanicas, entre las que se incluyen la fotoconductividad, altos efectos termoel\u00e9ctricos y caracter\u00edsticas rectificadoras, lo que las convierte en un material fundamental en la fabricaci\u00f3n de dispositivos semiconductores, la deposici\u00f3n de pel\u00edculas delgadas y aplicaciones \u00f3pticas especializadas.<\/p>\n<p>Ofrecemos varillas de selenio de alta pureza en varios di\u00e1metros y longitudes, y aceptamos pedidos de tama\u00f1os est\u00e1ndar y mecanizados personalizados. <span style=\"color: #0000ff;\"><a style=\"color: #0000ff;\" href=\"https:\/\/ulpmat.com\/es\/buscar\/?type=name&#038;keyword=Selenium+metal\">P\u00f3ngase en contacto con nosotros<\/a><\/span><br \/>\npara obtener una lista detallada de especificaciones.<\/p>\n<h2><span style=\"font-size: 14pt;\">Caracter\u00edsticas destacadas del producto<\/span><\/h2>\n<p>Forma de alta pureza<br \/>\nRendimiento optoelectr\u00f3nico superior<br \/>\nAlta eficiencia de evaporaci\u00f3n<br \/>\nEstructura cristalina bien definida<br \/>\nDimensiones personalizables<\/p>\n<h2><span style=\"font-size: 14pt;\">Aplicaciones de las barras de selenio met\u00e1lico<\/span><\/h2>\n<p>Recubrimiento por evaporaci\u00f3n t\u00e9rmica al vac\u00edo: sirve como fuente de evaporaci\u00f3n para depositar pel\u00edculas funcionales de selenio o seleniuro sobre sustratos. Dispositivos<br \/>\n<span style=\"color: #0000ff;\"><a style=\"color: #0000ff;\" href=\"https:\/\/ulpmat.com\/es\/solicitud\/materiales-semiconductores\/\">semiconductores<\/a><\/span><br \/>\ny rectificadores: se utiliza como material base en la fabricaci\u00f3n de los primeros rectificadores de selenio, fotorresistencias y otros dispositivos semiconductores especiales.<br \/>\nMateriales \u00f3pticos infrarrojos: se emplea en la producci\u00f3n de componentes \u00f3pticos como ventanas y lentes que transmiten longitudes de onda infrarrojas espec\u00edficas.<br \/>\nMateriales de conversi\u00f3n termoel\u00e9ctrica: se aprovecha su efecto termoel\u00e9ctrico para fabricar dispositivos de generaci\u00f3n de energ\u00eda termoel\u00e9ctrica que convierten directamente la energ\u00eda t\u00e9rmica en energ\u00eda el\u00e9ctrica.<\/p>\n<h2><span style=\"color: #0000ff;\"><a style=\"color: #0000ff;\" href=\"https:\/\/ulpmat.com\/es\/empresa\/preguntas-frecuentes\/\"><span style=\"font-size: 14pt;\">Preguntas frecuentes<\/span><\/a><\/span><\/h2>\n<p>P1: \u00bfCu\u00e1les son las principales diferencias de aplicaci\u00f3n entre las barras de selenio y los gr\u00e1nulos de selenio?<br \/>\nR1: Las principales diferencias radican en los m\u00e9todos de uso y las formas de pureza. Las barras de selenio son materiales s\u00f3lidos a granel, que suelen caracterizarse por su pureza extremadamente alta y sus estructuras densas. Se utilizan principalmente para el recubrimiento por evaporaci\u00f3n al vac\u00edo (como barras fuente de evaporaci\u00f3n) o se mecanizan directamente en componentes \u00f3pticos\/el\u00e9ctricos. Los gr\u00e1nulos de selenio, sin embargo, son m\u00e1s convenientes para pesar y mezclar, y se utilizan com\u00fanmente como aditivos de aleaciones, en s\u00edntesis qu\u00edmicas o para preparar lodos.<\/p>\n<p>P2: \u00bfQu\u00e9 precauciones se deben tomar al utilizar barras de selenio para el recubrimiento por evaporaci\u00f3n al vac\u00edo?<br \/>\nR2: Hay dos puntos clave que requieren atenci\u00f3n: en primer lugar, el pretratamiento de la superficie: limpiar la superficie de la barra para eliminar los \u00f3xidos antes de la evaporaci\u00f3n. En segundo lugar, el control preciso de los par\u00e1metros de evaporaci\u00f3n: el selenio tiene una temperatura de evaporaci\u00f3n relativamente baja (aproximadamente 350 \u00b0C). Regule cuidadosamente los niveles de corriente y vac\u00edo para evitar la pulverizaci\u00f3n o la descomposici\u00f3n, garantizando la calidad de la pel\u00edcula.<\/p>\n<p>P3: \u00bfQu\u00e9 requisitos de seguridad especiales se aplican al almacenamiento y la manipulaci\u00f3n de las varillas de selenio?<br \/>\nR3: Aunque las varillas de selenio son estables en su forma, el selenio en s\u00ed mismo y su vapor son t\u00f3xicos. Almac\u00e9nelas selladas, protegidas de la luz y en un lugar seco. La manipulaci\u00f3n (especialmente el corte, el esmerilado o el calentamiento para la evaporaci\u00f3n) debe realizarse en \u00e1reas bien ventiladas o bajo sistemas de extracci\u00f3n locales para evitar la inhalaci\u00f3n de polvo o vapor. Utilice equipo de protecci\u00f3n personal.<\/p>\n<p>P4: \u00bfSe pueden personalizar las barras de selenio con dimensiones o niveles de pureza espec\u00edficos en funci\u00f3n de los requisitos de nuestro equipo?<br \/>\nR4: Se ofrece personalizaci\u00f3n. Podemos adaptar las barras de selenio a diferentes di\u00e1metros, longitudes y purezas (por ejemplo, pureza ultraalta 6N) de acuerdo con las dimensiones del crisol de su equipo de recubrimiento o las especificaciones de dise\u00f1o del dispositivo. Proporcione los requisitos t\u00e9cnicos detallados para la evaluaci\u00f3n y el procesamiento de soluciones.<\/p>\n<h2><span style=\"font-size: 14pt;\">Informe<\/span><\/h2>\n<p>Cada lote se suministra con:<br \/>\n<span style=\"color: #0000ff;\"><a style=\"color: #0000ff;\" href=\"https:\/\/ulpmat.com\/es\/documentos\/certificado-de-analisis\/\"><u>Certificado de an\u00e1lisis (COA)<\/u><\/a><\/span><\/p>\n<p><span style=\"color: #0000ff;\"><a style=\"color: #0000ff;\" href=\"https:\/\/ulpmat.com\/es\/documentos\/ficha-tecnica\/\"><u>Ficha t\u00e9cnica (TDS)<\/u><\/a><\/span><\/p>\n<p><span style=\"color: #0000ff;\"><a style=\"color: #0000ff;\" href=\"https:\/\/ulpmat.com\/es\/documentos\/ficha-de-datos-de-seguridad\/\"><u>Ficha de datos de seguridad (MSDS)<\/u><\/a><\/span><br \/>\nInformes de pruebas de terceros disponibles bajo petici\u00f3n<\/p>\n<h2><span style=\"font-size: 14pt;\">\u00bfPor qu\u00e9 elegirnos?<\/span><\/h2>\n<p>Gracias a nuestra amplia experiencia en materiales elementales de alta pureza, suministramos varillas de selenio con especificaciones precisas y un rendimiento estable. Nuestras capacidades de procesamiento personalizado profesional nos convierten en un socio fiable en materia de materiales para todos sus procesos de I+D y producci\u00f3n.<\/p>\n","protected":false},"excerpt":{"rendered":"<p>Barras de selenio met\u00e1lico Descripci\u00f3n general Las barras de selenio met\u00e1lico son materiales s\u00f3lidos con forma de barra fabricados a partir de selenio de alta pureza, que suelen presentarse en forma de cristales hexagonales grises con brillo met\u00e1lico. Poseen propiedades optoelectr\u00f3nicas \u00fanicas, entre las que se incluyen la fotoconductividad, altos efectos termoel\u00e9ctricos y caracter\u00edsticas rectificadoras, [&hellip;]<\/p>\n","protected":false},"featured_media":34837,"template":"","meta":{"_acf_changed":false},"product_brand":[132],"product_cat":[408],"product_tag":[3682],"class_list":{"0":"post-34836","1":"product","2":"type-product","3":"status-publish","4":"has-post-thumbnail","6":"product_brand-ulpmat","7":"product_cat-otros-materiales","8":"product_tag-selenio-metalico-varilla","10":"first","11":"instock","12":"shipping-taxable","13":"product-type-variable"},"acf":[],"_links":{"self":[{"href":"https:\/\/ulpmat.com\/es\/wp-json\/wp\/v2\/product\/34836","targetHints":{"allow":["GET"]}}],"collection":[{"href":"https:\/\/ulpmat.com\/es\/wp-json\/wp\/v2\/product"}],"about":[{"href":"https:\/\/ulpmat.com\/es\/wp-json\/wp\/v2\/types\/product"}],"wp:featuredmedia":[{"embeddable":true,"href":"https:\/\/ulpmat.com\/es\/wp-json\/wp\/v2\/media\/34837"}],"wp:attachment":[{"href":"https:\/\/ulpmat.com\/es\/wp-json\/wp\/v2\/media?parent=34836"}],"wp:term":[{"taxonomy":"product_brand","embeddable":true,"href":"https:\/\/ulpmat.com\/es\/wp-json\/wp\/v2\/product_brand?post=34836"},{"taxonomy":"product_cat","embeddable":true,"href":"https:\/\/ulpmat.com\/es\/wp-json\/wp\/v2\/product_cat?post=34836"},{"taxonomy":"product_tag","embeddable":true,"href":"https:\/\/ulpmat.com\/es\/wp-json\/wp\/v2\/product_tag?post=34836"}],"curies":[{"name":"wp","href":"https:\/\/api.w.org\/{rel}","templated":true}]}}