{"id":34757,"date":"2025-12-09T15:51:09","date_gmt":"2025-12-09T07:51:09","guid":{"rendered":"https:\/\/ulpmat.com\/product\/disulfuro-de-selenio\/"},"modified":"2025-12-09T15:51:09","modified_gmt":"2025-12-09T07:51:09","slug":"disulfuro-de-selenio","status":"publish","type":"product","link":"https:\/\/ulpmat.com\/es\/producto\/disulfuro-de-selenio\/","title":{"rendered":"Disulfuro de selenio"},"content":{"rendered":"<h2><span style=\"font-size: 14pt;\">Descripci\u00f3n general del polvo de disulfuro de selenio<\/span><\/h2>\n<p><span style=\"color: #0000ff;\"><a style=\"color: #0000ff;\" href=\"https:\/\/ulpmat.com\/es\/buscar\/?type=name&#038;keyword=Selenium+disulfide\">El disulfuro de selenio<\/a><\/span><br \/>\nes un compuesto inorg\u00e1nico formado por selenio y azufre, con la f\u00f3rmula qu\u00edmica SeS\u2082. Normalmente se presenta en forma de cristales o polvo de color amarillo anaranjado a marr\u00f3n rojizo con un olor caracter\u00edstico. Es pr\u00e1cticamente insoluble en agua y en la mayor\u00eda de los disolventes org\u00e1nicos, qu\u00edmicamente estable a temperatura ambiente y conocido por sus importantes propiedades antif\u00fangicas, antiseborreicas y queratol\u00edticas. Es una materia prima clave en las industrias de cuidado personal, farmac\u00e9utica y de materiales especiales.<\/p>\n<p>Ofrecemos polvo de disulfuro de selenio en diversas purezas y tama\u00f1os de part\u00edculas con opciones de envasado flexibles. <span style=\"color: #0000ff;\"><a style=\"color: #0000ff;\" href=\"https:\/\/ulpmat.com\/es\/contacto\/\">P\u00f3ngase en contacto con nosotros<\/a><\/span><br \/>\npara solicitar muestras.<\/p>\n<h2><span style=\"font-size: 14pt;\">Caracter\u00edsticas destacadas del producto<\/span><\/h2>\n<p>Varios grados de pureza disponibles<br \/>\nDistribuci\u00f3n controlada del tama\u00f1o de las part\u00edculas<br \/>\nPropiedades qu\u00edmicas estables<br \/>\nEnvases profesionales sellados con gas inerte<br \/>\nTecnolog\u00eda de s\u00edntesis sostenible de vanguardia<\/p>\n<h2><span style=\"font-size: 14pt;\">Aplicaciones del polvo de disulfuro de selenio<\/span><\/h2>\n<p>Industria de recubrimientos y tintas: como aditivo resistente a la abrasi\u00f3n, mejora la resistencia al desgaste, la resistencia a la intemperie y la protecci\u00f3n contra la corrosi\u00f3n de los productos de recubrimiento.<br \/>\nIndustria del caucho: como agente vulcanizante y reforzante, mejora la resistencia, la dureza y la resistencia al calor de los productos de caucho.<br \/>\nElectr\u00f3nica y semiconductores: como material <span style=\"color: #0000ff;\"><a style=\"color: #0000ff;\" href=\"https:\/\/ulpmat.com\/es\/solicitud\/materiales-semiconductores\/\">semiconductor<\/a><\/span><br \/>\n, se utiliza en la investigaci\u00f3n o fabricaci\u00f3n de dispositivos optoelectr\u00f3nicos y c\u00e9lulas solares.<\/p>\n<h2><span style=\"color: #0000ff;\"><a style=\"color: #0000ff;\" href=\"https:\/\/ulpmat.com\/es\/empresa\/preguntas-frecuentes\/\"><span style=\"font-size: 14pt;\">Preguntas<\/span><\/a><\/span><\/h2>\n<p>frecuentes<br \/>\nP1: \u00bfQu\u00e9 distingue a los productos de grado farmac\u00e9utico de los de grado industrial? \u00bfC\u00f3mo se debe elegir?<br \/>\nR2: Las diferencias clave radican en los est\u00e1ndares de pureza, el control de impurezas y las aplicaciones previstas. Los productos de grado farmac\u00e9utico deben cumplir las normas de la farmacopea (por ejemplo, contenido de selenio del 52,0 % al 55,5 %) para su uso en productos farmac\u00e9uticos y cosm\u00e9ticos de alta gama. Los productos de grado industrial se utilizan en sectores como el del caucho y los recubrimientos. La selecci\u00f3n depende de la aplicaci\u00f3n del producto final y de los requisitos reglamentarios.<\/p>\n<p>P2: \u00bfC\u00f3mo se deben almacenar correctamente los productos? \u00bfCu\u00e1l es su vida \u00fatil?<br \/>\nR2: Almac\u00e9nelos en un lugar fresco y seco, protegidos de la luz y sellados. Debido a su estabilidad qu\u00edmica, la vida \u00fatil suele ser larga en condiciones de almacenamiento adecuadas. Consulte el informe del producto de cada lote para conocer la duraci\u00f3n espec\u00edfica.<\/p>\n<p>P3: \u00bfSe pueden proporcionar tama\u00f1os de part\u00edculas y envases <span style=\"color: #0000ff;\"><a style=\"color: #0000ff;\" href=\"https:\/\/ulpmat.com\/es\/servicio\/personalizacion\/\">personalizados<\/a><\/span><br \/>\n? \u00bfCu\u00e1l es la cantidad m\u00ednima de pedido?<br \/>\nR3: Se ofrece personalizaci\u00f3n. Adaptamos el envase a sus requisitos de producci\u00f3n, desde bolsas selladas al vac\u00edo hasta bidones a granel. Hay disponibles muestras de lotes peque\u00f1os para realizar pruebas. P\u00f3ngase en contacto con el departamento de ventas para obtener detalles espec\u00edficos sobre la cantidad m\u00ednima de pedido.<\/p>\n<h2><span style=\"font-size: 14pt;\">Informe<\/span><\/h2>\n<p>Cada lote se suministra con:<br \/>\n<span style=\"color: #0000ff;\"><a style=\"color: #0000ff;\" href=\"https:\/\/ulpmat.com\/es\/documentos\/certificado-de-analisis\/\"><u>Certificado de an\u00e1lisis (COA)<\/u><\/a><\/span><\/p>\n<p><span style=\"color: #0000ff;\"><a style=\"color: #0000ff;\" href=\"https:\/\/ulpmat.com\/es\/documentos\/ficha-tecnica\/\"><u>Ficha t\u00e9cnica (TDS)<\/u><\/a><\/span><\/p>\n<p><span style=\"color: #0000ff;\"><a style=\"color: #0000ff;\" href=\"https:\/\/ulpmat.com\/es\/documentos\/ficha-de-datos-de-seguridad\/\"><u>Ficha de datos de seguridad (MSDS)<\/u><\/a><\/span><br \/>\nInformes de pruebas de terceros disponibles bajo petici\u00f3n<\/p>\n<h2><span style=\"font-size: 14pt;\">\u00bfPor qu\u00e9 elegirnos?<\/span><\/h2>\n<p>No solo somos un proveedor fiable de disulfuro de selenio de alta calidad, sino tambi\u00e9n su socio integral para soluciones t\u00e9cnicas y servicios personalizados, desde el cumplimiento de las normas farmac\u00e9uticas hasta las aplicaciones industriales.<\/p>\n","protected":false},"excerpt":{"rendered":"<p>Descripci\u00f3n general del polvo de disulfuro de selenio El disulfuro de selenio es un compuesto inorg\u00e1nico formado por selenio y azufre, con la f\u00f3rmula qu\u00edmica SeS\u2082. Normalmente se presenta en forma de cristales o polvo de color amarillo anaranjado a marr\u00f3n rojizo con un olor caracter\u00edstico. Es pr\u00e1cticamente insoluble en agua y en la mayor\u00eda [&hellip;]<\/p>\n","protected":false},"featured_media":34758,"template":"","meta":{"_acf_changed":false},"product_brand":[132],"product_cat":[678,1102],"product_tag":[3664],"class_list":{"0":"post-34757","1":"product","2":"type-product","3":"status-publish","4":"has-post-thumbnail","6":"product_brand-ulpmat","7":"product_cat-materiales-calcogenuros","8":"product_cat-materiales-calcogenuros-es","9":"product_tag-disulfuro-de-selenio-en-polvo","11":"first","12":"instock","13":"shipping-taxable","14":"product-type-variable"},"acf":[],"_links":{"self":[{"href":"https:\/\/ulpmat.com\/es\/wp-json\/wp\/v2\/product\/34757","targetHints":{"allow":["GET"]}}],"collection":[{"href":"https:\/\/ulpmat.com\/es\/wp-json\/wp\/v2\/product"}],"about":[{"href":"https:\/\/ulpmat.com\/es\/wp-json\/wp\/v2\/types\/product"}],"wp:featuredmedia":[{"embeddable":true,"href":"https:\/\/ulpmat.com\/es\/wp-json\/wp\/v2\/media\/34758"}],"wp:attachment":[{"href":"https:\/\/ulpmat.com\/es\/wp-json\/wp\/v2\/media?parent=34757"}],"wp:term":[{"taxonomy":"product_brand","embeddable":true,"href":"https:\/\/ulpmat.com\/es\/wp-json\/wp\/v2\/product_brand?post=34757"},{"taxonomy":"product_cat","embeddable":true,"href":"https:\/\/ulpmat.com\/es\/wp-json\/wp\/v2\/product_cat?post=34757"},{"taxonomy":"product_tag","embeddable":true,"href":"https:\/\/ulpmat.com\/es\/wp-json\/wp\/v2\/product_tag?post=34757"}],"curies":[{"name":"wp","href":"https:\/\/api.w.org\/{rel}","templated":true}]}}