{"id":34567,"date":"2025-12-09T15:51:11","date_gmt":"2025-12-09T07:51:11","guid":{"rendered":"https:\/\/ulpmat.com\/product\/galio-metalico-2\/"},"modified":"2025-12-09T15:51:11","modified_gmt":"2025-12-09T07:51:11","slug":"galio-metalico-2","status":"publish","type":"product","link":"https:\/\/ulpmat.com\/es\/producto\/galio-metalico-2\/","title":{"rendered":"Galio met\u00e1lico"},"content":{"rendered":"<h2><span style=\"font-size: 14pt;\">Descripci\u00f3n general de los gr\u00e1nulos de metal de galio<\/span><\/h2>\n<p><span style=\"color: #0000ff;\"><a style=\"color: #0000ff;\" href=\"https:\/\/ulpmat.com\/es\/buscar\/?type=name&#038;keyword=Gallium\">El galio<\/a><\/span><br \/>\nes un metal \u00fanico con un punto de fusi\u00f3n bajo, cuyo s\u00edmbolo qu\u00edmico es Ga y n\u00famero at\u00f3mico 31. A temperatura ambiente (por encima de 29,76 \u00b0C), se presenta como un l\u00edquido blanco plateado, mientras que por debajo de su punto de fusi\u00f3n se convierte en un s\u00f3lido blanco azulado. Caracterizado por su bajo punto de fusi\u00f3n, alto punto de ebullici\u00f3n, baja toxicidad y excepcional conductividad el\u00e9ctrica y t\u00e9rmica, es aclamado como la \u00abcolumna vertebral de la industria electr\u00f3nica\u00bb. Como metal poco com\u00fan, el galio es una materia prima indispensable para la fabricaci\u00f3n de semiconductores de tercera generaci\u00f3n (como el nitruro de galio y el arseniuro de galio). Tiene amplias aplicaciones en optoelectr\u00f3nica de alta gama, dispositivos de radiofrecuencia y campos tecnol\u00f3gicos de vanguardia.<\/p>\n<p>Ofrecemos productos de metal de galio en diversas formas y grados de pureza, con opciones de envasado flexibles y personalizaci\u00f3n disponibles para satisfacer sus necesidades de investigaci\u00f3n o producci\u00f3n. Para consultas t\u00e9cnicas, p\u00f3ngase <span style=\"color: #0000ff;\"><a style=\"color: #0000ff;\" href=\"https:\/\/ulpmat.com\/es\/contacto\/\">en contacto con nosotros<\/a><\/span><br \/>\nen cualquier momento.<\/p>\n<h2><span style=\"font-size: 14pt;\">Caracter\u00edsticas destacadas del producto <\/span><span style=\"font-size: 14pt;\">Gr\u00e1nulos de metal de<\/span><span style=\"font-size: 14pt;\"> <\/span><span style=\"font-size: 14pt;\">galio<\/span><\/h2>\n<p>Opciones de pureza ultraalta disponibles<br \/>\nPunto de fusi\u00f3n \u00fanico y bajo (aprox. 29,8 \u00b0C)<br \/>\nConductividad el\u00e9ctrica y t\u00e9rmica excepcional<br \/>\nFormas flexibles (part\u00edculas s\u00f3lidas, l\u00edquido personalizado)<br \/>\nEmbalaje profesional y resistente a la corrosi\u00f3n<\/p>\n<h2><span style=\"font-size: 14pt;\">Aplicaciones de los gr\u00e1nulos de galio met\u00e1lico<\/span><\/h2>\n<p><span style=\"color: #0000ff;\"><a style=\"color: #0000ff;\" href=\"https:\/\/ulpmat.com\/es\/solicitud\/materiales-semiconductores\/\">Semiconductores<\/a><\/span><br \/>\ny microelectr\u00f3nica: se utiliza en la s\u00edntesis de materiales semiconductores de tercera generaci\u00f3n, como el arseniuro de galio (GaAs) y el nitruro de galio (GaN), en la fabricaci\u00f3n de chips de RF, dispositivos de potencia y LED.<br \/>\n<span style=\"color: #0000ff;\"><a style=\"color: #0000ff;\" href=\"https:\/\/ulpmat.com\/es\/solicitud\/materiales-opticos\/\">Optoelectr\u00f3nica<\/a><\/span><br \/>\ny pantallas: sirve como materia prima clave para la producci\u00f3n de micro-LED, diodos l\u00e1ser y c\u00e9lulas solares de alta eficiencia.<br \/>\nMateriales funcionales avanzados: preparaci\u00f3n de aleaciones de metal l\u00edquido a base de galio para electr\u00f3nica flexible, circuitos deformables y materiales de interfaz t\u00e9rmica.<br \/>\nAleaciones y aditivos especiales: como aditivos de aleaci\u00f3n para metales como el aluminio y el magnesio para mejorar las propiedades mec\u00e1nicas o de procesamiento.<br \/>\nInvestigaci\u00f3n y exploraci\u00f3n de fronteras: proporciona fuentes de galio de alta pureza para nuevos materiales bidimensionales (por ejemplo, GaSe), investigaci\u00f3n de nanopart\u00edculas y aplicaciones biom\u00e9dicas.<\/p>\n<h2><span style=\"font-size: 14pt;\">Preguntas frecuentes sobre <\/span><span style=\"font-size: 14pt;\">los gr\u00e1nulos de galio met\u00e1lico<\/span><\/h2>\n<p>P1: \u00bfC\u00f3mo se deben almacenar los gr\u00e1nulos de galio met\u00e1lico?<br \/>\nR1: En recipientes de pl\u00e1stico sellados, en un lugar fresco y oscuro. El galio moja el vidrio y puede provocar su fractura. Se mantiene l\u00edquido a temperatura ambiente y requiere recipientes de pl\u00e1stico sellados espec\u00edficos para evitar la oxidaci\u00f3n.<\/p>\n<p>P2: \u00bfEn qu\u00e9 se diferencian el galio y el silicio en las aplicaciones de semiconductores?<br \/>\nR2: Ofrecen propiedades complementarias. El silicio domina los circuitos integrados a gran escala; los compuestos de galio (por ejemplo, GaAs, GaN) destacan en los campos de alta frecuencia, alta velocidad, alta potencia y optoelectr\u00f3nica (por ejemplo, 5G RF, carga r\u00e1pida, LED).<\/p>\n<p>P3: \u00bfPor qu\u00e9 es m\u00e1s caro el galio de alta pureza?<br \/>\nR3: Por su escasez y las dificultades de purificaci\u00f3n. El galio es un metal de tierras raras sin yacimientos independientes, que se extrae principalmente en cantidades trazas de subproductos como la bauxita. El refinado de alta pureza (por ejemplo, pureza 6N+) implica procesos complejos y costosos.<\/p>\n<p>P4: \u00bfEl galio se env\u00eda en forma s\u00f3lida o l\u00edquida?<br \/>\nR4: Normalmente en forma s\u00f3lida. Las part\u00edculas de galio permanecen s\u00f3lidas por debajo de 29,8 \u00b0C (84,6 \u00b0F), lo que facilita su transporte seguro. Se pueden fundir seg\u00fan sea necesario antes de su uso. Tambi\u00e9n hay disponibles soluciones de envasado l\u00edquido en condiciones espec\u00edficas.<\/p>\n<h2><span style=\"font-size: 14pt;\">Informe<\/span><\/h2>\n<p>Cada lote se suministra con:<br \/>\n<span style=\"color: #0000ff;\"><a style=\"color: #0000ff;\" href=\"https:\/\/ulpmat.com\/es\/documentos\/certificado-de-analisis\/\"><u>Certificado de an\u00e1lisis (COA)<\/u><\/a><\/span><\/p>\n<p><span style=\"color: #0000ff;\"><a style=\"color: #0000ff;\" href=\"https:\/\/ulpmat.com\/es\/documentos\/ficha-tecnica\/\"><u>Ficha t\u00e9cnica (TDS)<\/u><\/a><\/span><\/p>\n<p><span style=\"color: #0000ff;\"><a style=\"color: #0000ff;\" href=\"https:\/\/ulpmat.com\/es\/documentos\/ficha-de-datos-de-seguridad\/\"><u>Ficha de datos de seguridad (MSDS)<\/u><\/a><\/span><br \/>\nInformes de pruebas de terceros disponibles bajo petici\u00f3n<\/p>\n<h2><span style=\"font-size: 14pt;\">\u00bfPor qu\u00e9 elegirnos?<\/span><\/h2>\n<p>Con nuestra amplia experiencia en metales estrat\u00e9gicos de tierras raras, cadenas de suministro fiables de alta pureza y asistencia t\u00e9cnica profesional para aplicaciones, nos comprometemos a ser su socio de confianza en la I+D y la fabricaci\u00f3n de materiales de alta gama.<\/p>\n","protected":false},"excerpt":{"rendered":"<p>Descripci\u00f3n general de los gr\u00e1nulos de metal de galio El galio es un metal \u00fanico con un punto de fusi\u00f3n bajo, cuyo s\u00edmbolo qu\u00edmico es Ga y n\u00famero at\u00f3mico 31. A temperatura ambiente (por encima de 29,76 \u00b0C), se presenta como un l\u00edquido blanco plateado, mientras que por debajo de su punto de fusi\u00f3n se [&hellip;]<\/p>\n","protected":false},"featured_media":34568,"template":"","meta":{"_acf_changed":false},"product_brand":[132],"product_cat":[340],"product_tag":[3628],"class_list":{"0":"post-34567","1":"product","2":"type-product","3":"status-publish","4":"has-post-thumbnail","6":"product_brand-ulpmat","7":"product_cat-materiales-de-evaporacion","8":"product_tag-galio-metalico-granulos","10":"first","11":"instock","12":"shipping-taxable","13":"product-type-variable"},"acf":[],"_links":{"self":[{"href":"https:\/\/ulpmat.com\/es\/wp-json\/wp\/v2\/product\/34567","targetHints":{"allow":["GET"]}}],"collection":[{"href":"https:\/\/ulpmat.com\/es\/wp-json\/wp\/v2\/product"}],"about":[{"href":"https:\/\/ulpmat.com\/es\/wp-json\/wp\/v2\/types\/product"}],"wp:featuredmedia":[{"embeddable":true,"href":"https:\/\/ulpmat.com\/es\/wp-json\/wp\/v2\/media\/34568"}],"wp:attachment":[{"href":"https:\/\/ulpmat.com\/es\/wp-json\/wp\/v2\/media?parent=34567"}],"wp:term":[{"taxonomy":"product_brand","embeddable":true,"href":"https:\/\/ulpmat.com\/es\/wp-json\/wp\/v2\/product_brand?post=34567"},{"taxonomy":"product_cat","embeddable":true,"href":"https:\/\/ulpmat.com\/es\/wp-json\/wp\/v2\/product_cat?post=34567"},{"taxonomy":"product_tag","embeddable":true,"href":"https:\/\/ulpmat.com\/es\/wp-json\/wp\/v2\/product_tag?post=34567"}],"curies":[{"name":"wp","href":"https:\/\/api.w.org\/{rel}","templated":true}]}}