{"id":34290,"date":"2025-12-09T15:51:14","date_gmt":"2025-12-09T07:51:14","guid":{"rendered":"https:\/\/ulpmat.com\/product\/seleniuro-de-galio-5\/"},"modified":"2025-12-09T15:51:14","modified_gmt":"2025-12-09T07:51:14","slug":"seleniuro-de-galio-5","status":"publish","type":"product","link":"https:\/\/ulpmat.com\/es\/producto\/seleniuro-de-galio-5\/","title":{"rendered":"Seleniuro de galio"},"content":{"rendered":"<h2><span style=\"font-size: 14pt;\">Descripci\u00f3n general del polvo de seleniuro de galio<\/span><\/h2>\n<p><span style=\"font-size: 14pt;\"><span style=\"font-size: 12pt;\">El polvo<\/span><\/span><\/p>\n<p><span style=\"color: #0000ff;\"><a style=\"color: #0000ff;\" href=\"https:\/\/ulpmat.com\/es\/buscar\/?type=name&#038;keyword=Gallium+selenide\">de seleniuro de galio<\/a><\/span><br \/>\nes un material semiconductor compuesto III-VI crucial con la f\u00f3rmula qu\u00edmica Ga\u2082Se\u2083. El producto es un polvo cristalino de color negro rojizo de alta pureza que presenta una estructura cristalina c\u00fabica y un intervalo de banda directo moderado (aproximadamente 2,0-2,6 eV), y muestra una excelente capacidad de respuesta en todo el espectro visible e infrarrojo. Presenta propiedades qu\u00edmicas relativamente estables a temperatura ambiente. Gracias a su eficiencia de conversi\u00f3n fotoel\u00e9ctrica \u00fanica, sus propiedades \u00f3pticas no lineales y su actividad biol\u00f3gica emergente, se ha convertido en un material fundamental para los dispositivos optoelectr\u00f3nicos, la tecnolog\u00eda infrarroja y la investigaci\u00f3n interdisciplinaria de vanguardia.<\/p>\n<p>Ofrecemos polvo de seleniuro de galio de alta pureza en m\u00faltiples opciones de pureza y tama\u00f1o de part\u00edcula, y ofrecemos envases personalizados desde la I+D hasta la producci\u00f3n, junto con pruebas de garant\u00eda de calidad. <span style=\"color: #0000ff;\"><a style=\"color: #0000ff;\" href=\"https:\/\/ulpmat.com\/es\/contacto\/\">P\u00f3ngase en contacto con nosotros<\/a><\/span><br \/>\npara solicitar un presupuesto.<\/p>\n<h2><span style=\"font-size: 14pt;\">Caracter\u00edsticas destacadas del producto<\/span><\/h2>\n<p>Opciones de pureza ultraalta.<br \/>\nDistribuci\u00f3n del tama\u00f1o de las part\u00edculas precisa y controlable.<br \/>\nRendimiento semiconductor y optoelectr\u00f3nico superior.<br \/>\nEnvase sellado profesional.<br \/>\nPotencial de aplicaci\u00f3n biom\u00e9dica de vanguardia<\/p>\n<h2><span style=\"font-size: 14pt;\">. Aplicaciones del polvo de seleniuro de galio<\/span><\/h2>\n<p>Dispositivos<br \/>\n<span style=\"color: #0000ff;\"><a style=\"color: #0000ff;\" href=\"https:\/\/ulpmat.com\/es\/solicitud\/materiales-opticos\/\">optoelectr\u00f3nicos<\/a><\/span><br \/>\ny sensores: se utiliza en la fabricaci\u00f3n de capas absorbentes de c\u00e9lulas solares, fotodetectores y dispositivos fotocatal\u00edticos para una conversi\u00f3n fotoel\u00e9ctrica eficiente.<br \/>\nPantallas de \u00faltima generaci\u00f3n y tecnolog\u00eda infrarroja: sirve como material clave para la preparaci\u00f3n de detectores infrarrojos, sensores de imagen t\u00e9rmica y componentes \u00f3pticos no lineales.<br \/>\nAplicaciones biom\u00e9dicas y antimicrobianas: las novedosas nanohojas de Ga2Se3 exhiben una actividad antimicrobiana y antioxidante de amplio espectro, lo que ofrece perspectivas innovadoras en los campos biom\u00e9dicos.<br \/>\nVidrios especiales y materiales funcionales: se utiliza para preparar vidrios calcogenuros y vitrocer\u00e1micas con transmitancia infrarroja especializada para componentes \u00f3pticos infrarrojos.<\/p>\n<h2><span style=\"color: #0000ff;\"><a style=\"color: #0000ff;\" href=\"https:\/\/ulpmat.com\/es\/empresa\/preguntas-frecuentes\/\"><span style=\"font-size: 14pt;\">Preguntas frecuentes<\/span><\/a><\/span><\/h2>\n<p>P1: \u00bfC\u00f3mo seleccionar el grado de pureza adecuado?<br \/>\nR1: Depende de la aplicaci\u00f3n final. Para la investigaci\u00f3n fundamental y ciertos aditivos funcionales, es adecuado el grado de pureza del 99,99 % (4N); para la fabricaci\u00f3n de pel\u00edculas o dispositivos semiconductores de alto rendimiento, se recomienda una pureza ultraalta del 99,999 % (5N) o superior.<\/p>\n<p>P2: \u00bfC\u00f3mo se debe almacenar el producto?<br \/>\nR2: Almacene este producto sellado en un entorno fresco y seco a temperatura ambiente. A\u00edslelo estrictamente de la humedad para evitar su degradaci\u00f3n. Se recomienda manipularlo en una atm\u00f3sfera inerte.<\/p>\n<p>P3: \u00bfEs seguro utilizar este material?<br \/>\nR3: Los selenuros presentan una toxicidad moderada. Evite inhalar el polvo durante su manipulaci\u00f3n. Trabaje en \u00e1reas bien ventiladas, utilice equipo de protecci\u00f3n y siga estrictamente las directrices proporcionadas en la ficha de datos de seguridad del material (MSDS).<\/p>\n<p>P4: \u00bfCu\u00e1les son las principales ventajas del Ga2Se3 en los dispositivos optoelectr\u00f3nicos?<br \/>\nR4: Sus principales ventajas residen en su banda prohibida directa moderada y su alta eficiencia de conversi\u00f3n fotoel\u00e9ctrica. Absorbe eficazmente la luz visible y la convierte en se\u00f1ales el\u00e9ctricas o cataliza reacciones, lo que lo hace muy adecuado para la fabricaci\u00f3n de c\u00e9lulas solares y detectores de pel\u00edcula fina eficientes.<\/p>\n<h2><span style=\"font-size: 14pt;\">Informe<\/span><\/h2>\n<p>Cada lote se suministra con:<br \/>\n<span style=\"color: #0000ff;\"><a style=\"color: #0000ff;\" href=\"https:\/\/ulpmat.com\/es\/documentos\/certificado-de-analisis\/\"><u>Certificado de an\u00e1lisis (COA)<\/u><\/a><\/span><\/p>\n<p><span style=\"color: #0000ff;\"><a style=\"color: #0000ff;\" href=\"https:\/\/ulpmat.com\/es\/documentos\/ficha-tecnica\/\"><u>Ficha t\u00e9cnica (TDS)<\/u><\/a><\/span><\/p>\n<p><span style=\"color: #0000ff;\"><a style=\"color: #0000ff;\" href=\"https:\/\/ulpmat.com\/es\/documentos\/ficha-de-datos-de-seguridad\/\"><u>Ficha de datos de seguridad (MSDS)<\/u><\/a><\/span><br \/>\nInformes de pruebas de terceros disponibles bajo petici\u00f3n<\/p>\n<h2><span style=\"font-size: 14pt;\">\u00bfPor qu\u00e9 elegirnos?<\/span><\/h2>\n<p>No solo somos un proveedor de polvo de seleniuro de galio de alta pureza, sino que tambi\u00e9n ofrecemos soluciones integrales y <span style=\"color: #0000ff;\"><a style=\"color: #0000ff;\" href=\"https:\/\/ulpmat.com\/es\/servicio\/asistencia-tecnica\/\">asistencia t\u00e9cnica<\/a><\/span><br \/>\n, desde la selecci\u00f3n de materiales y la personalizaci\u00f3n de especificaciones hasta el desarrollo de aplicaciones de vanguardia, aprovechando nuestra profunda experiencia en aplicaciones de materiales <span style=\"color: #0000ff;\"><a style=\"color: #0000ff;\" href=\"https:\/\/ulpmat.com\/es\/solicitud\/materiales-semiconductores\/\">semiconductores<\/a><\/span><br \/>\n.<\/p>\n","protected":false},"excerpt":{"rendered":"<p>Descripci\u00f3n general del polvo de seleniuro de galio El polvo de seleniuro de galio es un material semiconductor compuesto III-VI crucial con la f\u00f3rmula qu\u00edmica Ga\u2082Se\u2083. El producto es un polvo cristalino de color negro rojizo de alta pureza que presenta una estructura cristalina c\u00fabica y un intervalo de banda directo moderado (aproximadamente 2,0-2,6 eV), [&hellip;]<\/p>\n","protected":false},"featured_media":34291,"template":"","meta":{"_acf_changed":false},"product_brand":[132],"product_cat":[678,1102],"product_tag":[3502],"class_list":{"0":"post-34290","1":"product","2":"type-product","3":"status-publish","4":"has-post-thumbnail","6":"product_brand-ulpmat","7":"product_cat-materiales-calcogenuros","8":"product_cat-materiales-calcogenuros-es","9":"product_tag-seleniuro-de-galio-en-polvo","11":"first","12":"instock","13":"shipping-taxable","14":"product-type-variable"},"acf":[],"_links":{"self":[{"href":"https:\/\/ulpmat.com\/es\/wp-json\/wp\/v2\/product\/34290","targetHints":{"allow":["GET"]}}],"collection":[{"href":"https:\/\/ulpmat.com\/es\/wp-json\/wp\/v2\/product"}],"about":[{"href":"https:\/\/ulpmat.com\/es\/wp-json\/wp\/v2\/types\/product"}],"wp:featuredmedia":[{"embeddable":true,"href":"https:\/\/ulpmat.com\/es\/wp-json\/wp\/v2\/media\/34291"}],"wp:attachment":[{"href":"https:\/\/ulpmat.com\/es\/wp-json\/wp\/v2\/media?parent=34290"}],"wp:term":[{"taxonomy":"product_brand","embeddable":true,"href":"https:\/\/ulpmat.com\/es\/wp-json\/wp\/v2\/product_brand?post=34290"},{"taxonomy":"product_cat","embeddable":true,"href":"https:\/\/ulpmat.com\/es\/wp-json\/wp\/v2\/product_cat?post=34290"},{"taxonomy":"product_tag","embeddable":true,"href":"https:\/\/ulpmat.com\/es\/wp-json\/wp\/v2\/product_tag?post=34290"}],"curies":[{"name":"wp","href":"https:\/\/api.w.org\/{rel}","templated":true}]}}