{"id":34230,"date":"2025-12-09T15:51:14","date_gmt":"2025-12-09T07:51:14","guid":{"rendered":"https:\/\/ulpmat.com\/product\/teluro-de-galio-4\/"},"modified":"2025-12-09T15:51:14","modified_gmt":"2025-12-09T07:51:14","slug":"teluro-de-galio-4","status":"publish","type":"product","link":"https:\/\/ulpmat.com\/es\/producto\/teluro-de-galio-4\/","title":{"rendered":"Teluro de galio"},"content":{"rendered":"<h2><span style=\"font-size: 14pt;\">\u00a0Descripci\u00f3n general del polvo de telururo de galio<\/span><\/h2>\n<p>El polvo<br \/>\n<span style=\"color: #0000ff;\"><a style=\"color: #0000ff;\" href=\"https:\/\/ulpmat.com\/es\/buscar\/?type=name&#038;keyword=Gallium+telluride\">de telururo de galio<\/a><\/span><br \/>\nes un polvo semiconductor compuesto III-VI compuesto por elementos de galio y teluro. Este producto es un polvo cristalino negro que presenta propiedades semiconductoras de banda prohibida estrecha, una estructura cristalina en capas y caracter\u00edsticas optoelectr\u00f3nicas y termoel\u00e9ctricas \u00fanicas. Sirve como material fundamental para la fabricaci\u00f3n de dispositivos optoelectr\u00f3nicos avanzados, equipos de almacenamiento y conversi\u00f3n de energ\u00eda de alta eficiencia y sensores novedosos.<\/p>\n<p>Ofrecemos polvo de teluro de galio de alta calidad en m\u00faltiples grados de pureza y especificaciones de tama\u00f1o de part\u00edcula, con embalaje personalizado profesional disponible en cantidades que van desde gramos hasta kilogramos. <span style=\"color: #0000ff;\"><a style=\"color: #0000ff;\" href=\"https:\/\/ulpmat.com\/es\/contacto\/\">P\u00f3ngase en contacto con nosotros<\/a><\/span><br \/>\npara obtener la documentaci\u00f3n del producto.<\/p>\n<h2><span style=\"font-size: 14pt;\">Caracter\u00edsticas destacadas del producto<\/span><\/h2>\n<p>Material semiconductor de alta pureza<br \/>\nBanda prohibida estrecha con excelentes propiedades infrarrojas<br \/>\nEstructura cristalina en capas (bidimensional)<br \/>\nRendimiento de conversi\u00f3n termoel\u00e9ctrica superior<br \/>\nPotencial catal\u00edtico y de detecci\u00f3n de vanguardia<\/p>\n<h2><span style=\"font-size: 14pt;\">Aplicaciones del polvo de telururo de galio<\/span><\/h2>\n<p><span style=\"color: #0000ff;\"><a style=\"color: #0000ff;\" href=\"https:\/\/ulpmat.com\/es\/solicitud\/materiales-opticos\/\">Optoelectr\u00f3nica<\/a><\/span><br \/>\ny tecnolog\u00eda infrarroja: Fabrica fotodetectores infrarrojos, diodos l\u00e1ser y c\u00e9lulas solares debido a su alta sensibilidad a la luz infrarroja.<br \/>\nNueva energ\u00eda y almacenamiento: como material an\u00f3dico potencial para bater\u00edas de ionen litio de alto rendimiento, ofrece una alta capacidad espec\u00edfica y un excelente rendimiento c\u00edclico.<br \/>\nDetecci\u00f3n y cat\u00e1lisis: se utiliza en sensores de gas (por ejemplo, para detectar H\u2082O, NH\u2083, NO\u2082) o como materiales electrocatal\u00edticos\/fotocatal\u00edticos para aplicaciones medioambientales y energ\u00e9ticas.<br \/>\nInvestigaci\u00f3n cient\u00edfica de vanguardia: como material semiconductor laminar bidimensional, se utiliza en la investigaci\u00f3n y el desarrollo fundamentales para la nanoelectr\u00f3nica, la fot\u00f3nica cu\u00e1ntica y los nuevos dispositivos funcionales.<\/p>\n<h2><span style=\"color: #0000ff;\"><a style=\"color: #0000ff;\" href=\"https:\/\/ulpmat.com\/es\/empresa\/preguntas-frecuentes\/\"><span style=\"font-size: 14pt;\">Preguntas frecuentes<\/span><\/a><\/span><\/h2>\n<p>P1: \u00bfQu\u00e9 estabilidad tiene el polvo de teluro de galio? \u00bfC\u00f3mo debe almacenarse?<br \/>\nR1: Este producto puede sufrir una oxidaci\u00f3n lenta en el aire. Debe almacenarse sellado en un entorno seco, fresco y con gas inerte, estrictamente aislado de la humedad.<\/p>\n<p>P2: \u00bfQu\u00e9 precauciones de seguridad deben tomarse durante su uso?<br \/>\nR2: Los compuestos de teluro son t\u00f3xicos. Evite inhalar el polvo o el contacto con la piel durante su manipulaci\u00f3n. Utilice equipo de protecci\u00f3n en un \u00e1rea bien ventilada.<\/p>\n<p>P3: \u00bfC\u00f3mo se debe seleccionar la pureza? \u00bfCu\u00e1les son los requisitos para las diferentes aplicaciones?<br \/>\nR3: Depende del uso final. Para la investigaci\u00f3n b\u00e1sica y los aditivos, es adecuado el grado 4N (99,99 %); para la fabricaci\u00f3n de dispositivos semiconductores de alto rendimiento, se recomienda una pureza de 5N (99,999 %) o superior.<\/p>\n<p>P4: \u00bfQu\u00e9 distingue al teluro de galio (Ga\u2082Te\u2083) del monoteluro de galio (GaTe)?<br \/>\nR4: La diferencia fundamental radica en la estequiometr\u00eda y las propiedades. El Ga\u2082Te\u2083 es un compuesto rico en teluro que destaca por su rendimiento termoel\u00e9ctrico; el GaTe es un compuesto 1:1 que act\u00faa como semiconductor de banda prohibida directa, m\u00e1s com\u00fanmente utilizado en dispositivos optoelectr\u00f3nicos.<\/p>\n<h2><span style=\"font-size: 14pt;\">Informe<\/span><\/h2>\n<p>Cada lote se suministra con:<br \/>\n<span style=\"color: #0000ff;\"><a style=\"color: #0000ff;\" href=\"https:\/\/ulpmat.com\/es\/documentos\/certificado-de-analisis\/\"><u>Certificado de an\u00e1lisis (COA)<\/u><\/a><\/span><\/p>\n<p><span style=\"color: #0000ff;\"><a style=\"color: #0000ff;\" href=\"https:\/\/ulpmat.com\/es\/documentos\/ficha-tecnica\/\"><u>Ficha t\u00e9cnica (TDS)<\/u><\/a><\/span><\/p>\n<p><span style=\"color: #0000ff;\"><a style=\"color: #0000ff;\" href=\"https:\/\/ulpmat.com\/es\/documentos\/ficha-de-datos-de-seguridad\/\"><u>Ficha de datos de seguridad (MSDS)<\/u><\/a><\/span><br \/>\nInformes de pruebas de terceros disponibles bajo petici\u00f3n<\/p>\n<h2><span style=\"font-size: 14pt;\">\u00bfPor qu\u00e9 elegirnos?<\/span><\/h2>\n<p>Nos especializamos en proporcionar polvos semiconductores especiales de alta pureza y rendimiento estable, respaldados por un soporte t\u00e9cnico experto para potenciar su I+D de vanguardia y sus aplicaciones innovadoras.<\/p>\n","protected":false},"excerpt":{"rendered":"<p>\u00a0Descripci\u00f3n general del polvo de telururo de galio El polvo de telururo de galio es un polvo semiconductor compuesto III-VI compuesto por elementos de galio y teluro. Este producto es un polvo cristalino negro que presenta propiedades semiconductoras de banda prohibida estrecha, una estructura cristalina en capas y caracter\u00edsticas optoelectr\u00f3nicas y termoel\u00e9ctricas \u00fanicas. Sirve como [&hellip;]<\/p>\n","protected":false},"featured_media":34231,"template":"","meta":{"_acf_changed":false},"product_brand":[132],"product_cat":[678,1102],"product_tag":[3484],"class_list":{"0":"post-34230","1":"product","2":"type-product","3":"status-publish","4":"has-post-thumbnail","6":"product_brand-ulpmat","7":"product_cat-materiales-calcogenuros","8":"product_cat-materiales-calcogenuros-es","9":"product_tag-polvo-de-teluro-de-galio","11":"first","12":"instock","13":"shipping-taxable","14":"product-type-variable"},"acf":[],"_links":{"self":[{"href":"https:\/\/ulpmat.com\/es\/wp-json\/wp\/v2\/product\/34230","targetHints":{"allow":["GET"]}}],"collection":[{"href":"https:\/\/ulpmat.com\/es\/wp-json\/wp\/v2\/product"}],"about":[{"href":"https:\/\/ulpmat.com\/es\/wp-json\/wp\/v2\/types\/product"}],"wp:featuredmedia":[{"embeddable":true,"href":"https:\/\/ulpmat.com\/es\/wp-json\/wp\/v2\/media\/34231"}],"wp:attachment":[{"href":"https:\/\/ulpmat.com\/es\/wp-json\/wp\/v2\/media?parent=34230"}],"wp:term":[{"taxonomy":"product_brand","embeddable":true,"href":"https:\/\/ulpmat.com\/es\/wp-json\/wp\/v2\/product_brand?post=34230"},{"taxonomy":"product_cat","embeddable":true,"href":"https:\/\/ulpmat.com\/es\/wp-json\/wp\/v2\/product_cat?post=34230"},{"taxonomy":"product_tag","embeddable":true,"href":"https:\/\/ulpmat.com\/es\/wp-json\/wp\/v2\/product_tag?post=34230"}],"curies":[{"name":"wp","href":"https:\/\/api.w.org\/{rel}","templated":true}]}}