{"id":34189,"date":"2025-12-09T15:51:15","date_gmt":"2025-12-09T07:51:15","guid":{"rendered":"https:\/\/ulpmat.com\/product\/bromuro-de-galio\/"},"modified":"2025-12-09T15:51:15","modified_gmt":"2025-12-09T07:51:15","slug":"bromuro-de-galio","status":"publish","type":"product","link":"https:\/\/ulpmat.com\/es\/producto\/bromuro-de-galio\/","title":{"rendered":"Bromuro de galio"},"content":{"rendered":"<h2><span style=\"font-size: 14pt;\">Descripci\u00f3n general del bromuro de galio en polvo<\/span><\/h2>\n<p><span style=\"color: #0000ff;\"><a style=\"color: #0000ff;\" href=\"https:\/\/ulpmat.com\/es\/buscar\/?type=name&#038;keyword=Gallium+bromide\">El bromuro de galio<\/a><\/span><br \/>\nes una sal inorg\u00e1nica de galio con la f\u00f3rmula qu\u00edmica GaBr\u2083. Suele presentarse en forma de s\u00f3lido cristalino higrosc\u00f3pico o polvo de color blanco a amarillo p\u00e1lido. Al ser un \u00e1cido de Lewis fuerte, absorbe f\u00e1cilmente la humedad, emite humos en el aire y reacciona violentamente con el agua. Este producto sirve como catalizador eficiente y agente bromante en la s\u00edntesis org\u00e1nica, al tiempo que funciona como precursor crucial para sintetizar otros compuestos de galio y materiales <span style=\"color: #0000ff;\"><a style=\"color: #0000ff;\" href=\"https:\/\/ulpmat.com\/es\/solicitud\/materiales-semiconductores\/\">semiconductores<\/a><\/span><br \/>\n.<\/p>\n<p>Ofrecemos polvo de bromuro de galio de alta calidad en m\u00faltiples grados de pureza, respaldado por un embalaje profesional a prueba de humedad que va desde cantidades de gramos hasta kilogramos. <span style=\"color: #0000ff;\"><a style=\"color: #0000ff;\" href=\"https:\/\/ulpmat.com\/es\/contacto\/\">P\u00f3ngase en contacto con nosotros<\/a><\/span><br \/>\npara obtener <span style=\"color: #0000ff;\"><a style=\"color: #0000ff;\" href=\"https:\/\/ulpmat.com\/es\/servicio\/asistencia-tecnica\/\">asistencia t\u00e9cnica.<\/a><\/span><\/p>\n<h2><span style=\"font-size: 14pt;\">Caracter\u00edsticas destacadas del <\/span><span style=\"font-size: 14pt;\">bromuro de<\/span><span style=\"font-size: 14pt;\"> <\/span><span style=\"font-size: 14pt;\">galio en polvo<\/span><\/h2>\n<p>Fuertes propiedades \u00e1cidas de Lewis.<br \/>\nAlta reactividad.<br \/>\nProcesamiento estrictamente anhidro y libre de ox\u00edgeno.<br \/>\nEmbalaje profesional sellado a prueba de humedad.<br \/>\nMaterial precursor de semiconductores<\/p>\n<h2><span style=\"font-size: 14pt;\">. Aplicaciones del bromuro de galio en polvo<\/span><\/h2>\n<p>Catalizador de s\u00edntesis org\u00e1nica: sirve como un potente catalizador \u00e1cido de Lewis para promover diversas reacciones org\u00e1nicas, incluyendo la alquilaci\u00f3n de Friedel-Crafts, la acilaci\u00f3n y la polimerizaci\u00f3n.<br \/>\nMaterial precursor de semiconductores: sirve como fuente de galio para la deposici\u00f3n qu\u00edmica de vapor org\u00e1nico met\u00e1lico (MOCVD) o la deposici\u00f3n de capas at\u00f3micas (ALD) en la preparaci\u00f3n de pel\u00edculas semiconductoras III-V como el arseniuro de galio.<br \/>\nS\u00edntesis inorg\u00e1nica y preparaci\u00f3n de materiales: se utiliza como material de partida y agente bromante para sintetizar otras sales de galio, complejos o materiales funcionales.<br \/>\nInvestigaci\u00f3n y educaci\u00f3n: como \u00e1cido de Lewis fuerte y compuesto higrosc\u00f3pico representativo, se utiliza en experimentos de investigaci\u00f3n y ense\u00f1anza para qu\u00edmica inorg\u00e1nica avanzada y qu\u00edmica organomet\u00e1lica.<\/p>\n<h2><span style=\"color: #0000ff;\"><a style=\"color: #0000ff;\" href=\"https:\/\/ulpmat.com\/es\/empresa\/preguntas-frecuentes\/\"><span style=\"font-size: 14pt;\">Preguntas frecuentes<\/span><\/a><\/span><\/h2>\n<p>P1: \u00bfC\u00f3mo se debe almacenar y manipular el producto?<br \/>\nR1: Aislar estrictamente del aire y la humedad. Debe manipularse y almacenarse bajo protecci\u00f3n de gas inerte seco (por ejemplo, en una caja de guantes) utilizando un embalaje especializado altamente sellado.<\/p>\n<p>P2: \u00bfCu\u00e1les son sus principales aplicaciones?<br \/>\nR2: Se utiliza principalmente en cat\u00e1lisis y s\u00edntesis de materiales. Sirve como catalizador en la s\u00edntesis org\u00e1nica y como precursor de materiales como el arseniuro de galio en la industria de los semiconductores.<\/p>\n<p>P3: \u00bfQu\u00e9 riesgos de seguridad existen durante su uso?<br \/>\nR3: Es altamente corrosivo e irritante. Reacciona violentamente con el agua y produce gas bromuro de hidr\u00f3geno corrosivo, que causa irritaci\u00f3n grave en la piel, los ojos y las v\u00edas respiratorias. Se requiere equipo de protecci\u00f3n completo durante su manipulaci\u00f3n.<\/p>\n<p>P4: \u00bfC\u00f3mo se debe seleccionar la pureza adecuada?<br \/>\nR4: Depende de la aplicaci\u00f3n. Se requiere una pureza ultraalta para la investigaci\u00f3n catal\u00edtica altamente reactiva. Para ciertos fines de s\u00edntesis o educativos, se pueden utilizar grados de pureza ligeramente inferiores para controlar los costes, siempre que se sigan protocolos de deshidrataci\u00f3n estrictos.<\/p>\n<h2><span style=\"font-size: 14pt;\">Informe<\/span><\/h2>\n<p>Cada lote se suministra con:<br \/>\n<span style=\"color: #0000ff;\"><a style=\"color: #0000ff;\" href=\"https:\/\/ulpmat.com\/es\/documentos\/certificado-de-analisis\/\"><u>Certificado de an\u00e1lisis (COA)<\/u><\/a><\/span><\/p>\n<p><span style=\"color: #0000ff;\"><a style=\"color: #0000ff;\" href=\"https:\/\/ulpmat.com\/es\/documentos\/ficha-tecnica\/\"><u>Ficha t\u00e9cnica (TDS)<\/u><\/a><\/span><\/p>\n<p><span style=\"color: #0000ff;\"><a style=\"color: #0000ff;\" href=\"https:\/\/ulpmat.com\/es\/documentos\/ficha-de-datos-de-seguridad\/\"><u>Ficha de datos de seguridad (MSDS)<\/u><\/a><\/span><br \/>\nInformes de pruebas de terceros disponibles bajo petici\u00f3n<\/p>\n<h2><span style=\"font-size: 14pt;\">\u00bfPor qu\u00e9 elegirnos?<\/span><\/h2>\n<p>Nos especializamos en el manejo de productos qu\u00edmicos electr\u00f3nicos especiales altamente reactivos y dif\u00edciles. Proporcionamos productos de bromuro de galio de alta pureza fiables y orientaci\u00f3n profesional sobre almacenamiento y transporte, lo que nos convierte en su socio de confianza.<\/p>\n","protected":false},"excerpt":{"rendered":"<p>Descripci\u00f3n general del bromuro de galio en polvo El bromuro de galio es una sal inorg\u00e1nica de galio con la f\u00f3rmula qu\u00edmica GaBr\u2083. Suele presentarse en forma de s\u00f3lido cristalino higrosc\u00f3pico o polvo de color blanco a amarillo p\u00e1lido. Al ser un \u00e1cido de Lewis fuerte, absorbe f\u00e1cilmente la humedad, emite humos en el aire [&hellip;]<\/p>\n","protected":false},"featured_media":34190,"template":"","meta":{"_acf_changed":false},"product_brand":[132],"product_cat":[330],"product_tag":[3579],"class_list":{"0":"post-34189","1":"product","2":"type-product","3":"status-publish","4":"has-post-thumbnail","6":"product_brand-ulpmat","7":"product_cat-materiales-halogenados","8":"product_tag-bromuro-de-galio-en-polvo","10":"first","11":"instock","12":"shipping-taxable","13":"product-type-variable"},"acf":[],"_links":{"self":[{"href":"https:\/\/ulpmat.com\/es\/wp-json\/wp\/v2\/product\/34189","targetHints":{"allow":["GET"]}}],"collection":[{"href":"https:\/\/ulpmat.com\/es\/wp-json\/wp\/v2\/product"}],"about":[{"href":"https:\/\/ulpmat.com\/es\/wp-json\/wp\/v2\/types\/product"}],"wp:featuredmedia":[{"embeddable":true,"href":"https:\/\/ulpmat.com\/es\/wp-json\/wp\/v2\/media\/34190"}],"wp:attachment":[{"href":"https:\/\/ulpmat.com\/es\/wp-json\/wp\/v2\/media?parent=34189"}],"wp:term":[{"taxonomy":"product_brand","embeddable":true,"href":"https:\/\/ulpmat.com\/es\/wp-json\/wp\/v2\/product_brand?post=34189"},{"taxonomy":"product_cat","embeddable":true,"href":"https:\/\/ulpmat.com\/es\/wp-json\/wp\/v2\/product_cat?post=34189"},{"taxonomy":"product_tag","embeddable":true,"href":"https:\/\/ulpmat.com\/es\/wp-json\/wp\/v2\/product_tag?post=34189"}],"curies":[{"name":"wp","href":"https:\/\/api.w.org\/{rel}","templated":true}]}}