{"id":34121,"date":"2025-12-09T15:51:16","date_gmt":"2025-12-09T07:51:16","guid":{"rendered":"https:\/\/ulpmat.com\/product\/nitruro-de-galio-4\/"},"modified":"2025-12-09T15:51:16","modified_gmt":"2025-12-09T07:51:16","slug":"nitruro-de-galio-4","status":"publish","type":"product","link":"https:\/\/ulpmat.com\/es\/producto\/nitruro-de-galio-4\/","title":{"rendered":"Nitruro de galio"},"content":{"rendered":"<h2><span style=\"font-size: 14pt;\">Descripci\u00f3n general de los gr\u00e1nulos de nitruro de galio<\/span><\/h2>\n<p><span style=\"color: #0000ff;\"><a style=\"color: #0000ff;\" href=\"https:\/\/ulpmat.com\/es\/buscar\/?type=name&#038;keyword=Gallium+nitride\">El nitruro de galio<\/a><\/span><br \/>\nes un material semiconductor de banda ancha de tercera generaci\u00f3n con la f\u00f3rmula qu\u00edmica GaN. En condiciones normales, se presenta en forma de part\u00edculas cristalinas de color gris oscuro y se caracteriza por una banda ancha directa de aproximadamente 3,4 eV, una conductividad t\u00e9rmica excepcionalmente alta, una velocidad de deriva de saturaci\u00f3n de electrones y un campo el\u00e9ctrico de ruptura. Como material b\u00e1sico fundamental para la fabricaci\u00f3n de dispositivos optoelectr\u00f3nicos de alta eficiencia, componentes de RF de alta frecuencia\/alta potencia y sistemas electr\u00f3nicos de potencia de \u00faltima generaci\u00f3n, se le considera el material \u00abfundamental\u00bb que sustenta las comunicaciones de informaci\u00f3n, la conversi\u00f3n de energ\u00eda y la iluminaci\u00f3n inteligente del futuro.<\/p>\n<p>Ofrecemos gr\u00e1nulos de nitruro de galio de alta calidad en m\u00faltiples grados de pureza, especificaciones de tama\u00f1o de part\u00edcula y tipos de conductividad. <span style=\"color: #0000ff;\"><a style=\"color: #0000ff;\" href=\"https:\/\/ulpmat.com\/es\/contacto\/\">P\u00f3ngase en contacto con nosotros<\/a><\/span><br \/>\npara obtener soluciones personalizadas.<\/p>\n<h2><span style=\"font-size: 14pt;\">Caracter\u00edsticas destacadas del producto<\/span><\/h2>\n<p>Semiconductor de banda ancha (~3,4 eV)<br \/>\nMovilidad y velocidad de saturaci\u00f3n de electrones ultra altas<br \/>\nExcelente estabilidad t\u00e9rmica y qu\u00edmica<br \/>\nAlta resistencia al campo el\u00e9ctrico de ruptura<br \/>\nAlta eficiencia de luminiscencia de banda prohibida directa<\/p>\n<h2><span style=\"font-size: 14pt;\">Aplicaciones de los gr\u00e1nulos de nitruro de galio<\/span><\/h2>\n<p>Optoelectr\u00f3nica e iluminaci\u00f3n por semiconductores: sirve como material de sustrato epitaxial para la fabricaci\u00f3n de LED azules\/verdes\/blancos de alta eficiencia, diodos l\u00e1ser y chips LED UV.<br \/>\nComunicaciones por radiofrecuencia y microondas: se utiliza en amplificadores de potencia de radiofrecuencia de alta potencia y alta eficiencia para estaciones base de comunicaciones 5G\/6G, comunicaciones por sat\u00e9lite y sistemas de radar.<br \/>\nElectr\u00f3nica de potencia y carga r\u00e1pida: se utiliza en la fabricaci\u00f3n de dispositivos de conversi\u00f3n de potencia compactos y de alta eficiencia que se aplican ampliamente en veh\u00edculos de nueva energ\u00eda, fuentes de alimentaci\u00f3n de centros de datos y cargadores r\u00e1pidos de GaN.<br \/>\nSustratos de dispositivos semiconductores: sirve como material de sustrato para la epitaxia homog\u00e9nea para hacer crecer capas epitaxiales de GaN de alta calidad para la fabricaci\u00f3n de dispositivos electr\u00f3nicos de alto rendimiento.<\/p>\n<h2><span style=\"color: #0000ff;\"><a style=\"color: #0000ff;\" href=\"https:\/\/ulpmat.com\/es\/empresa\/preguntas-frecuentes\/\"><span style=\"font-size: 14pt;\">Preguntas frecuentes<\/span><\/a><\/span><\/h2>\n<p>P1: \u00bfCu\u00e1les son las principales diferencias entre las part\u00edculas de GaN y SiC?<br \/>\nR1: El GaN ofrece una mayor movilidad de electrones, lo que lo hace m\u00e1s adecuado para aplicaciones de alta frecuencia (por ejemplo, 5G RF); el SiC proporciona una conductividad t\u00e9rmica superior, lo que lo hace m\u00e1s adecuado para aplicaciones de potencia de ultra alta tensi\u00f3n (por ejemplo, accionamientos principales de veh\u00edculos el\u00e9ctricos).<\/p>\n<p>P2: \u00bfQu\u00e9 nivel de pureza se requiere para las part\u00edculas de GaN?<br \/>\nR2: Depende de la aplicaci\u00f3n. El crecimiento epitaxial de alta gama suele requerir una pureza de 5N (99,999 %) o superior; ciertos usos de sinterizaci\u00f3n o aditivos pueden aceptar un grado de 4N (99,99 %).<\/p>\n<p>P3: \u00bfC\u00f3mo se debe almacenar el producto?<br \/>\nR3: Almac\u00e9nelo en un recipiente herm\u00e9tico a temperatura ambiente en un entorno seco. Evite el contacto con productos qu\u00edmicos corrosivos, como \u00e1cidos o \u00e1lcalis, para prevenir la oxidaci\u00f3n y la contaminaci\u00f3n.<\/p>\n<p>P4: \u00bfPor qu\u00e9 el material GaN es relativamente caro?<br \/>\nR4: Las razones principales incluyen la gran dificultad, las importantes barreras t\u00e9cnicas y el considerable consumo de energ\u00eda que implica la producci\u00f3n de monocristales de alta calidad. Adem\u00e1s, la escala industrial actual sigue siendo relativamente peque\u00f1a en comparaci\u00f3n con los materiales tradicionales como el silicio.<\/p>\n<h2><span style=\"font-size: 14pt;\">Informe<\/span><\/h2>\n<p>Cada lote se suministra con:<br \/>\n<span style=\"color: #0000ff;\"><a style=\"color: #0000ff;\" href=\"https:\/\/ulpmat.com\/es\/documentos\/certificado-de-analisis\/\"><u>Certificado de an\u00e1lisis (COA)<\/u><\/a><\/span><\/p>\n<p><span style=\"color: #0000ff;\"><a style=\"color: #0000ff;\" href=\"https:\/\/ulpmat.com\/es\/documentos\/ficha-tecnica\/\"><u>Ficha t\u00e9cnica (TDS)<\/u><\/a><\/span><\/p>\n<p><span style=\"color: #0000ff;\"><a style=\"color: #0000ff;\" href=\"https:\/\/ulpmat.com\/es\/documentos\/ficha-de-datos-de-seguridad\/\"><u>Ficha de datos de seguridad (MSDS)<\/u><\/a><\/span><br \/>\nInformes de pruebas de terceros disponibles bajo petici\u00f3n<\/p>\n<h2><span style=\"font-size: 14pt;\">\u00bfPor qu\u00e9 elegirnos?<\/span><\/h2>\n<p>Aprovechando nuestra profunda experiencia t\u00e9cnica en materiales semiconductores de tercera generaci\u00f3n, le ofrecemos part\u00edculas de GaN fiables y de alto rendimiento en una amplia gama de especificaciones, junto con un apoyo t\u00e9cnico profesional para la selecci\u00f3n.<\/p>\n","protected":false},"excerpt":{"rendered":"<p>Descripci\u00f3n general de los gr\u00e1nulos de nitruro de galio El nitruro de galio es un material semiconductor de banda ancha de tercera generaci\u00f3n con la f\u00f3rmula qu\u00edmica GaN. En condiciones normales, se presenta en forma de part\u00edculas cristalinas de color gris oscuro y se caracteriza por una banda ancha directa de aproximadamente 3,4 eV, una [&hellip;]<\/p>\n","protected":false},"featured_media":34107,"template":"","meta":{"_acf_changed":false},"product_brand":[132],"product_cat":[340],"product_tag":[3556],"class_list":{"0":"post-34121","1":"product","2":"type-product","3":"status-publish","4":"has-post-thumbnail","6":"product_brand-ulpmat","7":"product_cat-materiales-de-evaporacion","8":"product_tag-nitruro-de-galio-en-granulos","10":"first","11":"instock","12":"shipping-taxable","13":"product-type-variable"},"acf":[],"_links":{"self":[{"href":"https:\/\/ulpmat.com\/es\/wp-json\/wp\/v2\/product\/34121","targetHints":{"allow":["GET"]}}],"collection":[{"href":"https:\/\/ulpmat.com\/es\/wp-json\/wp\/v2\/product"}],"about":[{"href":"https:\/\/ulpmat.com\/es\/wp-json\/wp\/v2\/types\/product"}],"wp:featuredmedia":[{"embeddable":true,"href":"https:\/\/ulpmat.com\/es\/wp-json\/wp\/v2\/media\/34107"}],"wp:attachment":[{"href":"https:\/\/ulpmat.com\/es\/wp-json\/wp\/v2\/media?parent=34121"}],"wp:term":[{"taxonomy":"product_brand","embeddable":true,"href":"https:\/\/ulpmat.com\/es\/wp-json\/wp\/v2\/product_brand?post=34121"},{"taxonomy":"product_cat","embeddable":true,"href":"https:\/\/ulpmat.com\/es\/wp-json\/wp\/v2\/product_cat?post=34121"},{"taxonomy":"product_tag","embeddable":true,"href":"https:\/\/ulpmat.com\/es\/wp-json\/wp\/v2\/product_tag?post=34121"}],"curies":[{"name":"wp","href":"https:\/\/api.w.org\/{rel}","templated":true}]}}