{"id":33799,"date":"2025-12-12T13:25:51","date_gmt":"2025-12-12T05:25:51","guid":{"rendered":"https:\/\/ulpmat.com\/product\/zinc-metalico-5\/"},"modified":"2025-12-12T13:25:51","modified_gmt":"2025-12-12T05:25:51","slug":"zinc-metalico-5","status":"publish","type":"product","link":"https:\/\/ulpmat.com\/es\/producto\/zinc-metalico-5\/","title":{"rendered":"Zinc met\u00e1lico"},"content":{"rendered":"<h2><span style=\"font-size: 14pt;\">Pellets de zinc met\u00e1lico Descripci\u00f3n general<\/span><\/h2>\n<p>Los pellets<br \/>\n<span style=\"color: #0000ff;\"><a style=\"color: #0000ff;\" href=\"https:\/\/ulpmat.com\/es\/buscar\/?type=name&#038;keyword=Zinc+metal\">de zinc met\u00e1lico<\/a><\/span><br \/>\nson polvo de zinc met\u00e1lico de alta pureza ampliamente utilizado en las industrias electr\u00f3nica, qu\u00edmica y de bater\u00edas. Debido a su excelente conductividad el\u00e9ctrica y resistencia a la corrosi\u00f3n, las part\u00edculas de Zn se utilizan ampliamente en la fabricaci\u00f3n de aleaciones, materiales de \u00e1nodos de bater\u00edas, galvanoplastia y cat\u00e1lisis, lo que las convierte en un material clave indispensable en la industria moderna.<\/p>\n<p>Ofrecemos pellets de zinc met\u00e1lico de alta pureza, personalizados para satisfacer las necesidades de los clientes en cuanto a diferentes tama\u00f1os de part\u00edculas y requisitos de calidad. Tanto si necesita compras a granel como especificaciones especiales, podemos producir y entregar seg\u00fan sus requisitos espec\u00edficos, asegur\u00e1ndonos de que reciba los mejores productos y servicios. P\u00f3ngase<span style=\"color: #0000ff;\"><a style=\"color: #0000ff;\" href=\"https:\/\/ulpmat.com\/es\/contacto\/\"> en contacto con nosotros.<\/a><\/span><\/p>\n<h2><span style=\"font-size: 14pt;\">Caracter\u00edsticas destacadas del producto<\/span><\/h2>\n<p>Alta pureza<br \/>\nExcelente conductividad el\u00e9ctrica<br \/>\nFuerte resistencia a la corrosi\u00f3n<br \/>\nAlta estabilidad, larga vida \u00fatil<br \/>\nTama\u00f1o de part\u00edcula personalizable<br \/>\nAdecuado para m\u00faltiples campos industriales<br \/>\nRespetuoso con el medio ambiente, cumple con los est\u00e1ndares de la industria<\/p>\n<h2><span style=\"font-size: 14pt;\">. Aplicaciones de los gr\u00e1nulos de zinc met\u00e1lico<\/span><\/h2>\n<p>Materiales para bater\u00edas: se pueden utilizar en materiales de \u00e1nodos de bater\u00edas para ayudar a mejorar la densidad energ\u00e9tica y la vida \u00fatil de las bater\u00edas, ampliamente utilizados en bater\u00edas de ionen litio y de n\u00edquel-hidruro met\u00e1lico.<br \/>\nFabricaci\u00f3n de aleaciones: como componente importante de aleaciones, se puede utilizar para producir aleaciones de cobre, aleaciones de aluminio, etc., mejorando la resistencia y la resistencia al desgaste de las aleaciones para cumplir con los altos requisitos de las aplicaciones industriales.<br \/>\nGalvanoplastia: los gr\u00e1nulos de Zn se utilizan ampliamente en la industria de la galvanoplastia. Como uno de los materiales de galvanoplastia, pueden mejorar la adhesi\u00f3n y la resistencia a la corrosi\u00f3n de la capa galvanizada.<br \/>\nCatalizadores: los gr\u00e1nulos de Zn act\u00faan como catalizadores o coadyuvantes catal\u00edticos en reacciones catal\u00edticas, desempe\u00f1ando un papel especialmente importante en las industrias petroqu\u00edmica y farmac\u00e9utica.<\/p>\n<h2><span style=\"color: #0000ff;\"><a style=\"color: #0000ff;\" href=\"https:\/\/ulpmat.com\/es\/empresa\/preguntas-frecuentes\/\"><span style=\"font-size: 14pt;\">Preguntas frecuentes<\/span><\/a><\/span><\/h2>\n<p>P1: \u00bfCu\u00e1l es la pureza de nuestros gr\u00e1nulos de Zn?<br \/>\nR1: Nuestros gr\u00e1nulos de Zn pueden alcanzar una pureza del 99,99 %, lo que garantiza que satisfacemos las necesidades de aplicaciones de alta gama y proporcionamos materiales de alta calidad para bater\u00edas, aleaciones, etc.<\/p>\n<p>P2: \u00bfPara qu\u00e9 campos son adecuados los gr\u00e1nulos de Zn?<br \/>\nR2: Los gr\u00e1nulos de Zn se utilizan ampliamente en muchas industrias, como bater\u00edas, aleaciones, catalizadores y galvanoplastia, especialmente en los exigentes campos de la electr\u00f3nica y la fabricaci\u00f3n de productos qu\u00edmicos.<\/p>\n<p>P3: \u00bfSe puede personalizar el tama\u00f1o de las part\u00edculas de los gr\u00e1nulos de Zn?<br \/>\nR3: S\u00ed, podemos personalizar el tama\u00f1o de las part\u00edculas de los gr\u00e1nulos de Zn seg\u00fan las necesidades del cliente para satisfacer los requisitos de diferentes escenarios de aplicaci\u00f3n.<\/p>\n<p>P4: \u00bfCu\u00e1les son las condiciones de almacenamiento y transporte de los gr\u00e1nulos de Zn?<br \/>\nR4: Los gr\u00e1nulos de Zn deben almacenarse en un entorno seco y fresco, evitando la humedad y las altas temperaturas para garantizar la estabilidad de su rendimiento. Se debe evitar el contacto con sustancias \u00e1cidas durante el transporte.<\/p>\n<h2><span style=\"font-size: 14pt;\">Informes<\/span><\/h2>\n<p>Cada lote se suministra con:<br \/>\n<span style=\"color: #0000ff;\"><a style=\"color: #0000ff;\" href=\"https:\/\/ulpmat.com\/es\/documentos\/certificado-de-analisis\/\"><u>Certificado de an\u00e1lisis (COA)<\/u><\/a><\/span><\/p>\n<p><span style=\"color: #0000ff;\"><a style=\"color: #0000ff;\" href=\"https:\/\/ulpmat.com\/es\/documentos\/ficha-tecnica\/\"><u>Ficha t\u00e9cnica (TDS)<\/u><\/a><\/span><\/p>\n<p><span style=\"color: #0000ff;\"><a style=\"color: #0000ff;\" href=\"https:\/\/ulpmat.com\/es\/documentos\/ficha-de-datos-de-seguridad\/\"><u>Ficha de datos de seguridad (MSDS)<\/u><\/a><\/span><br \/>\nInformes de pruebas de terceros disponibles bajo petici\u00f3n<\/p>\n<h2><span style=\"font-size: 14pt;\">\u00bfPor qu\u00e9 elegirnos?<\/span><\/h2>\n<p>Al elegirnos, obtendr\u00e1 gr\u00e1nulos de zinc met\u00e1lico de alta pureza y alto rendimiento para satisfacer las necesidades de diversas aplicaciones. Nos centramos en la calidad del producto, la personalizaci\u00f3n para el cliente y el servicio profesional, y nos comprometemos a proporcionar a los clientes soluciones de materiales superiores. Contamos con un servicio posventa integral para garantizar una experiencia de compra fluida. El\u00edjanos y podr\u00e1 confiar en nosotros con total tranquilidad.<\/p>\n","protected":false},"excerpt":{"rendered":"<p>Pellets de zinc met\u00e1lico Descripci\u00f3n general Los pellets de zinc met\u00e1lico son polvo de zinc met\u00e1lico de alta pureza ampliamente utilizado en las industrias electr\u00f3nica, qu\u00edmica y de bater\u00edas. Debido a su excelente conductividad el\u00e9ctrica y resistencia a la corrosi\u00f3n, las part\u00edculas de Zn se utilizan ampliamente en la fabricaci\u00f3n de aleaciones, materiales de \u00e1nodos [&hellip;]<\/p>\n","protected":false},"featured_media":5401,"template":"","meta":{"_acf_changed":false},"product_brand":[132],"product_cat":[340],"product_tag":[3472],"class_list":{"0":"post-33799","1":"product","2":"type-product","3":"status-publish","4":"has-post-thumbnail","6":"product_brand-ulpmat","7":"product_cat-materiales-de-evaporacion","8":"product_tag-zinc-metal-pellets","10":"first","11":"instock","12":"shipping-taxable","13":"product-type-variable"},"acf":[],"_links":{"self":[{"href":"https:\/\/ulpmat.com\/es\/wp-json\/wp\/v2\/product\/33799","targetHints":{"allow":["GET"]}}],"collection":[{"href":"https:\/\/ulpmat.com\/es\/wp-json\/wp\/v2\/product"}],"about":[{"href":"https:\/\/ulpmat.com\/es\/wp-json\/wp\/v2\/types\/product"}],"wp:featuredmedia":[{"embeddable":true,"href":"https:\/\/ulpmat.com\/es\/wp-json\/wp\/v2\/media\/5401"}],"wp:attachment":[{"href":"https:\/\/ulpmat.com\/es\/wp-json\/wp\/v2\/media?parent=33799"}],"wp:term":[{"taxonomy":"product_brand","embeddable":true,"href":"https:\/\/ulpmat.com\/es\/wp-json\/wp\/v2\/product_brand?post=33799"},{"taxonomy":"product_cat","embeddable":true,"href":"https:\/\/ulpmat.com\/es\/wp-json\/wp\/v2\/product_cat?post=33799"},{"taxonomy":"product_tag","embeddable":true,"href":"https:\/\/ulpmat.com\/es\/wp-json\/wp\/v2\/product_tag?post=33799"}],"curies":[{"name":"wp","href":"https:\/\/api.w.org\/{rel}","templated":true}]}}