{"id":33762,"date":"2025-12-12T13:25:51","date_gmt":"2025-12-12T05:25:51","guid":{"rendered":"https:\/\/ulpmat.com\/product\/zinc-metalico-4\/"},"modified":"2025-12-12T13:25:51","modified_gmt":"2025-12-12T05:25:51","slug":"zinc-metalico-4","status":"publish","type":"product","link":"https:\/\/ulpmat.com\/es\/producto\/zinc-metalico-4\/","title":{"rendered":"Zinc met\u00e1lico"},"content":{"rendered":"<h2><span style=\"font-size: 14pt;\">Descripci\u00f3n general de la l\u00e1mina met\u00e1lica de zinc<\/span><\/h2>\n<p>La l\u00e1mina<br \/>\n<span style=\"color: #0000ff;\"><a style=\"color: #0000ff;\" href=\"https:\/\/ulpmat.com\/es\/buscar\/?type=name&#038;keyword=Zinc+metal\">met\u00e1lica<\/a> <a style=\"color: #0000ff;\" href=\"https:\/\/ulpmat.com\/es\/buscar\/?type=name&#038;keyword=Zinc+metal\">de zinc<\/a><\/span><br \/>\nes un material met\u00e1lico con excelente ductilidad y resistencia a la corrosi\u00f3n, ampliamente utilizado en diversas industrias, como la electr\u00f3nica, las bater\u00edas y el tratamiento de superficies. Debido a su alta pureza y estabilidad, la l\u00e1mina met\u00e1lica de zinc se ha convertido en un material indispensable en muchas aplicaciones t\u00e9cnicas.<\/p>\n<p>Ofrecemos l\u00e1mina met\u00e1lica de zinc de alta calidad, garantizando que la pureza y la estabilidad satisfagan las necesidades de diversas aplicaciones industriales. Tanto si realiza compras al por mayor como si personaliza peque\u00f1os lotes, le ofrecemos opciones de productos flexibles y un servicio excelente. No dude en <span style=\"color: #0000ff;\"><a style=\"color: #0000ff;\" href=\"https:\/\/ulpmat.com\/es\/contacto\/\">ponerse en contacto con nosotros<\/a><\/span><br \/>\npara obtener m\u00e1s detalles.<\/p>\n<h2><span style=\"font-size: 14pt;\">Caracter\u00edsticas destacadas del producto<\/span><\/h2>\n<p>L\u00e1mina de zinc de alta pureza.<br \/>\nExcelente ductilidad y procesabilidad.<br \/>\nFuerte resistencia a la corrosi\u00f3n.<br \/>\nControl preciso del espesor.<br \/>\nSuperficie de alta calidad, lisa e impecable.<br \/>\nAmpliamente utilizada en las industrias de bater\u00edas y electr\u00f3nica.<br \/>\nRespetuosa con el medio ambiente y cumple con los est\u00e1ndares de la industria<\/p>\n<h2><span style=\"font-size: 14pt;\">. Aplicaciones de la l\u00e1mina de zinc<\/span><\/h2>\n<p>Industria electr\u00f3nica: la l\u00e1mina de zinc se puede utilizar para fabricar componentes de bater\u00edas, especialmente electrodos para bater\u00edas de zinc-aire, que presentan un rendimiento electroqu\u00edmico eficiente y mejoran la vida \u00fatil y la densidad energ\u00e9tica de las bater\u00edas.<br \/>\nTecnolog\u00eda de bater\u00edas: como componente crucial de las bater\u00edas de zinc-aire, la l\u00e1mina de zinc ayuda a mejorar la densidad energ\u00e9tica y la estabilidad de las bater\u00edas, lo que la convierte en una opci\u00f3n ideal para las tecnolog\u00edas de energ\u00eda verde.<br \/>\nTratamiento de superficies: la l\u00e1mina de zinc se utiliza ampliamente en galvanoplastia y recubrimiento de superficies, proporcionando una protecci\u00f3n adicional contra la corrosi\u00f3n de los metales y mejorando la durabilidad y el aspecto de los productos.<br \/>\nReacciones catal\u00edticas: la l\u00e1mina de zinc desempe\u00f1a un papel crucial como portador de catalizadores en reacciones catal\u00edticas, especialmente en las industrias qu\u00edmica y farmac\u00e9utica.<\/p>\n<h2><span style=\"color: #0000ff;\"><a style=\"color: #0000ff;\" href=\"https:\/\/ulpmat.com\/es\/empresa\/preguntas-frecuentes\/\"><span style=\"font-size: 14pt;\">Preguntas frecuentes<\/span><\/a><\/span><\/h2>\n<p>P1: \u00bfCu\u00e1l es la pureza de nuestra l\u00e1mina de zinc?<br \/>\nR1: Nuestra l\u00e1mina de zinc tiene una pureza de hasta el 99,99 %, lo que garantiza un alto rendimiento en aplicaciones como la electr\u00f3nica, las bater\u00edas y el tratamiento de superficies.<\/p>\n<p>P2: \u00bfCu\u00e1les son algunas de las aplicaciones m\u00e1s comunes de la l\u00e1mina de zinc?<br \/>\nR2: La l\u00e1mina de zinc se utiliza ampliamente en bater\u00edas electr\u00f3nicas, recubrimientos de superficies, \u00e1nodos de bater\u00edas, portadores de catalizadores y muchos otros campos.<\/p>\n<p>P3: \u00bfSe puede personalizar el grosor de nuestra l\u00e1mina de zinc?<br \/>\nR3: S\u00ed, podemos personalizar el grosor y el tama\u00f1o de nuestra l\u00e1mina de zinc seg\u00fan las necesidades del cliente, lo que garantiza que cumpla con los requisitos de aplicaciones espec\u00edficas.<\/p>\n<p>P4: \u00bfC\u00f3mo debemos almacenar la l\u00e1mina de zinc?<br \/>\nR4: La l\u00e1mina de zinc debe almacenarse en un entorno seco y fresco, evitando la exposici\u00f3n a la humedad y a altas temperaturas para mantener la estabilidad de su rendimiento.<\/p>\n<h2><span style=\"font-size: 14pt;\">Informes<\/span><\/h2>\n<p>Cada lote se suministra con:<br \/>\n<span style=\"color: #0000ff;\"><a style=\"color: #0000ff;\" href=\"https:\/\/ulpmat.com\/es\/documentos\/certificado-de-analisis\/\"><u>Certificado de an\u00e1lisis (COA)<\/u><\/a><\/span><\/p>\n<p><span style=\"color: #0000ff;\"><a style=\"color: #0000ff;\" href=\"https:\/\/ulpmat.com\/es\/documentos\/ficha-tecnica\/\"><u>Ficha t\u00e9cnica (TDS)<\/u><\/a><\/span><\/p>\n<p><span style=\"color: #0000ff;\"><a style=\"color: #0000ff;\" href=\"https:\/\/ulpmat.com\/es\/documentos\/ficha-de-datos-de-seguridad\/\"><u>Ficha de datos de seguridad (MSDS)<\/u><\/a><\/span><br \/>\nInformes de pruebas de terceros disponibles bajo petici\u00f3n<\/p>\n<h2><span style=\"font-size: 14pt;\">\u00bfPor qu\u00e9 elegirnos?<\/span><\/h2>\n<p>Nos comprometemos a proporcionar a nuestros clientes materiales de l\u00e1mina de zinc personalizados y de alta calidad para satisfacer los estrictos requisitos de diversas industrias. Gracias a nuestra tecnolog\u00eda avanzada, la fiabilidad de la calidad de nuestros productos y nuestro completo servicio de atenci\u00f3n al cliente, nos hemos ganado la confianza de nuestros clientes.<\/p>\n","protected":false},"excerpt":{"rendered":"<p>Descripci\u00f3n general de la l\u00e1mina met\u00e1lica de zinc La l\u00e1mina met\u00e1lica de zinc es un material met\u00e1lico con excelente ductilidad y resistencia a la corrosi\u00f3n, ampliamente utilizado en diversas industrias, como la electr\u00f3nica, las bater\u00edas y el tratamiento de superficies. Debido a su alta pureza y estabilidad, la l\u00e1mina met\u00e1lica de zinc se ha convertido [&hellip;]<\/p>\n","protected":false},"featured_media":33763,"template":"","meta":{"_acf_changed":false},"product_brand":[132],"product_cat":[408],"product_tag":[3466],"class_list":{"0":"post-33762","1":"product","2":"type-product","3":"status-publish","4":"has-post-thumbnail","6":"product_brand-ulpmat","7":"product_cat-otros-materiales","8":"product_tag-lamina-de-zinc","10":"first","11":"instock","12":"shipping-taxable","13":"product-type-variable"},"acf":[],"_links":{"self":[{"href":"https:\/\/ulpmat.com\/es\/wp-json\/wp\/v2\/product\/33762","targetHints":{"allow":["GET"]}}],"collection":[{"href":"https:\/\/ulpmat.com\/es\/wp-json\/wp\/v2\/product"}],"about":[{"href":"https:\/\/ulpmat.com\/es\/wp-json\/wp\/v2\/types\/product"}],"wp:featuredmedia":[{"embeddable":true,"href":"https:\/\/ulpmat.com\/es\/wp-json\/wp\/v2\/media\/33763"}],"wp:attachment":[{"href":"https:\/\/ulpmat.com\/es\/wp-json\/wp\/v2\/media?parent=33762"}],"wp:term":[{"taxonomy":"product_brand","embeddable":true,"href":"https:\/\/ulpmat.com\/es\/wp-json\/wp\/v2\/product_brand?post=33762"},{"taxonomy":"product_cat","embeddable":true,"href":"https:\/\/ulpmat.com\/es\/wp-json\/wp\/v2\/product_cat?post=33762"},{"taxonomy":"product_tag","embeddable":true,"href":"https:\/\/ulpmat.com\/es\/wp-json\/wp\/v2\/product_tag?post=33762"}],"curies":[{"name":"wp","href":"https:\/\/api.w.org\/{rel}","templated":true}]}}