{"id":33646,"date":"2025-12-12T13:25:54","date_gmt":"2025-12-12T05:25:54","guid":{"rendered":"https:\/\/ulpmat.com\/product\/zinc-metalico\/"},"modified":"2025-12-12T13:25:54","modified_gmt":"2025-12-12T05:25:54","slug":"zinc-metalico","status":"publish","type":"product","link":"https:\/\/ulpmat.com\/es\/producto\/zinc-metalico\/","title":{"rendered":"Zinc met\u00e1lico"},"content":{"rendered":"<h2><span style=\"font-size: 14pt;\">Descripci\u00f3n general del blanco de pulverizaci\u00f3n de zinc met\u00e1lico<\/span><\/h2>\n<p>Los blancos de pulverizaci\u00f3n<br \/>\n<span style=\"color: #0000ff;\"><a style=\"color: #0000ff;\" href=\"https:\/\/ulpmat.com\/es\/buscar\/?type=name&#038;keyword=Zinc+metal\">de zinc met\u00e1lico<\/a><\/span><br \/>\nson materiales de alta pureza ampliamente utilizados en tecnolog\u00edas de deposici\u00f3n y recubrimiento de pel\u00edculas delgadas, principalmente en la fabricaci\u00f3n de dispositivos electr\u00f3nicos, pel\u00edculas delgadas \u00f3pticas y c\u00e9lulas solares.<\/p>\n<p>Ofrecemos blancos de pulverizaci\u00f3n de zinc met\u00e1lico personalizados para satisfacer los distintos requisitos de espesor y pureza, adecuados para una amplia gama de industrias. P\u00f3ngase <span style=\"color: #0000ff;\"><a style=\"color: #0000ff;\" href=\"https:\/\/ulpmat.com\/es\/contacto\/\">en contacto con nosotros<\/a><\/span><br \/>\npara obtener un servicio profesional.<\/p>\n<h2><span style=\"font-size: 14pt;\">Caracter\u00edsticas destacadas del producto<\/span><\/h2>\n<p>Alta pureza.<br \/>\nExcelente rendimiento de pulverizaci\u00f3n.<br \/>\nControl preciso del tama\u00f1o del blanco.<br \/>\nExcelente estabilidad y durabilidad.<br \/>\nAdecuado para una gran variedad de aplicaciones de deposici\u00f3n.<br \/>\nRespetuoso con el medio ambiente, seguro y conforme con los est\u00e1ndares de la industria.<\/p>\n<h2><span style=\"font-size: 14pt;\">Aplicaciones de los blancos de pulverizaci\u00f3n de zinc met\u00e1lico<\/span><\/h2>\n<p>Fabricaci\u00f3n de productos electr\u00f3nicos: los blancos de pulverizaci\u00f3n de zinc met\u00e1lico se utilizan para la deposici\u00f3n de pel\u00edculas delgadas en dispositivos electr\u00f3nicos, lo que proporciona pel\u00edculas conductoras de alta calidad y garantiza un rendimiento el\u00e9ctrico estable. Pel\u00edculas<br \/>\n<span style=\"color: #0000ff;\"><a style=\"color: #0000ff;\" href=\"https:\/\/ulpmat.com\/es\/solicitud\/materiales-opticos\/\">\u00f3pticas<\/a><\/span><br \/>\ndelgadas: en la industria \u00f3ptica, los objetivos de zinc se utilizan para fabricar pel\u00edculas de alta transparencia, ampliamente utilizadas en recubrimientos de lentes y pantallas de visualizaci\u00f3n. C\u00e9lulas<br \/>\n<span style=\"color: #0000ff;\"><a style=\"color: #0000ff;\" href=\"https:\/\/ulpmat.com\/es\/solicitud\/energia-solar-fotovoltaica\/\">solares<\/a><\/span><br \/>\n: los objetivos de pulverizaci\u00f3n de zinc proporcionan pel\u00edculas met\u00e1licas delgadas de alta calidad en la fabricaci\u00f3n de c\u00e9lulas solares, optimizando la eficiencia de la conversi\u00f3n fotoel\u00e9ctrica.<br \/>\nRecubrimientos anticorrosi\u00f3n: la aplicaci\u00f3n de recubrimientos de zinc a las superficies met\u00e1licas proporciona una excelente protecci\u00f3n contra la corrosi\u00f3n, lo que prolonga la vida \u00fatil de los componentes met\u00e1licos.<\/p>\n<h2><span style=\"color: #0000ff;\"><a style=\"color: #0000ff;\" href=\"https:\/\/ulpmat.com\/es\/empresa\/preguntas-frecuentes\/\"><span style=\"font-size: 14pt;\">Preguntas frecuentes<\/span><\/a><\/span><\/h2>\n<p>P1: \u00bfCu\u00e1l es la pureza de nuestros blancos de pulverizaci\u00f3n de zinc?<br \/>\nR1: Nuestros blancos tienen una pureza superior al 99,99 %, lo que garantiza la estabilidad y la fiabilidad en aplicaciones de alta precisi\u00f3n.<\/p>\n<p>P2: \u00bfCu\u00e1les son las principales \u00e1reas de aplicaci\u00f3n de los blancos de pulverizaci\u00f3n de zinc?<br \/>\nR2: Se utilizan ampliamente en industrias como la electr\u00f3nica, la \u00f3ptica, las c\u00e9lulas solares y los recubrimientos anticorrosivos, destacando especialmente en tecnolog\u00edas de deposici\u00f3n de pel\u00edculas finas y recubrimiento de superficies.<\/p>\n<p>P3: \u00bfCu\u00e1les son los requisitos de tama\u00f1o de part\u00edcula para los blancos de pulverizaci\u00f3n de zinc?<br \/>\nR3: Ofrecemos blancos con diferentes tama\u00f1os de part\u00edcula para satisfacer las necesidades de los clientes, lo que garantiza unos resultados de deposici\u00f3n y una utilizaci\u00f3n del material \u00f3ptimos.<\/p>\n<p>P4: \u00bfC\u00f3mo deben almacenarse los blancos de zinc?<br \/>\nR4: Deben almacenarse en un lugar seco y fresco, evitando el contacto con ambientes h\u00famedos para mantener sus excelentes propiedades f\u00edsicas y estabilidad qu\u00edmica.<\/p>\n<p>Informes<\/p>\n<p>Cada lote se suministra con:<br \/>\n<span style=\"color: #0000ff;\"><a style=\"color: #0000ff;\" href=\"https:\/\/ulpmat.com\/es\/documentos\/certificado-de-analisis\/\"><u>Certificado de an\u00e1lisis (COA)<\/u><\/a><\/span><\/p>\n<p><span style=\"color: #0000ff;\"><a style=\"color: #0000ff;\" href=\"https:\/\/ulpmat.com\/es\/documentos\/ficha-tecnica\/\"><u>Ficha t\u00e9cnica (TDS)<\/u><\/a><\/span><\/p>\n<p><span style=\"color: #0000ff;\"><a style=\"color: #0000ff;\" href=\"https:\/\/ulpmat.com\/es\/documentos\/ficha-de-datos-de-seguridad\/\"><u>Ficha de datos de seguridad (MSDS)<\/u><\/a><\/span><br \/>\nInformes de pruebas de terceros disponibles bajo petici\u00f3n<\/p>\n<h2><span style=\"font-size: 14pt;\">\u00bfPor qu\u00e9 elegirnos?<\/span><\/h2>\n<p>Elegir nuestros blancos de pulverizaci\u00f3n de zinc met\u00e1lico garantiza materiales de alta pureza y calidad, rigurosamente controlados y aplicaciones estables en los sectores de la electr\u00f3nica, la \u00f3ptica y la energ\u00eda. Ofrecemos servicios personalizados y contamos con un completo equipo de asistencia t\u00e9cnica para ayudarle a conseguir unos resultados de producci\u00f3n \u00f3ptimos. Nuestros productos cumplen con los est\u00e1ndares internacionales y proporcionamos informes t\u00e9cnicos detallados y servicio posventa. Elegirnos significa elegir una mayor fiabilidad y una vida \u00fatil m\u00e1s larga.<\/p>\n","protected":false},"excerpt":{"rendered":"<p>Descripci\u00f3n general del blanco de pulverizaci\u00f3n de zinc met\u00e1lico Los blancos de pulverizaci\u00f3n de zinc met\u00e1lico son materiales de alta pureza ampliamente utilizados en tecnolog\u00edas de deposici\u00f3n y recubrimiento de pel\u00edculas delgadas, principalmente en la fabricaci\u00f3n de dispositivos electr\u00f3nicos, pel\u00edculas delgadas \u00f3pticas y c\u00e9lulas solares. Ofrecemos blancos de pulverizaci\u00f3n de zinc met\u00e1lico personalizados para satisfacer [&hellip;]<\/p>\n","protected":false},"featured_media":33647,"template":"","meta":{"_acf_changed":false},"product_brand":[132],"product_cat":[309],"product_tag":[3448],"class_list":{"0":"post-33646","1":"product","2":"type-product","3":"status-publish","4":"has-post-thumbnail","6":"product_brand-ulpmat","7":"product_cat-blanco-metalico-para-sputtering","8":"product_tag-catodos-para-sputtering-de-zinc-metal","10":"first","11":"instock","12":"shipping-taxable","13":"product-type-variable"},"acf":[],"_links":{"self":[{"href":"https:\/\/ulpmat.com\/es\/wp-json\/wp\/v2\/product\/33646","targetHints":{"allow":["GET"]}}],"collection":[{"href":"https:\/\/ulpmat.com\/es\/wp-json\/wp\/v2\/product"}],"about":[{"href":"https:\/\/ulpmat.com\/es\/wp-json\/wp\/v2\/types\/product"}],"wp:featuredmedia":[{"embeddable":true,"href":"https:\/\/ulpmat.com\/es\/wp-json\/wp\/v2\/media\/33647"}],"wp:attachment":[{"href":"https:\/\/ulpmat.com\/es\/wp-json\/wp\/v2\/media?parent=33646"}],"wp:term":[{"taxonomy":"product_brand","embeddable":true,"href":"https:\/\/ulpmat.com\/es\/wp-json\/wp\/v2\/product_brand?post=33646"},{"taxonomy":"product_cat","embeddable":true,"href":"https:\/\/ulpmat.com\/es\/wp-json\/wp\/v2\/product_cat?post=33646"},{"taxonomy":"product_tag","embeddable":true,"href":"https:\/\/ulpmat.com\/es\/wp-json\/wp\/v2\/product_tag?post=33646"}],"curies":[{"name":"wp","href":"https:\/\/api.w.org\/{rel}","templated":true}]}}