{"id":33316,"date":"2025-12-12T13:25:59","date_gmt":"2025-12-12T05:25:59","guid":{"rendered":"https:\/\/ulpmat.com\/product\/bromuro-de-zinc\/"},"modified":"2025-12-12T13:25:59","modified_gmt":"2025-12-12T05:25:59","slug":"bromuro-de-zinc","status":"publish","type":"product","link":"https:\/\/ulpmat.com\/es\/producto\/bromuro-de-zinc\/","title":{"rendered":"Bromuro de zinc"},"content":{"rendered":"<h2><span style=\"font-size: 14pt;\">Descripci\u00f3n general del bromuro de zinc en polvo<\/span><\/h2>\n<p><span style=\"color: #0000ff;\"><a style=\"color: #0000ff;\" href=\"https:\/\/ulpmat.com\/es\/buscar\/?type=name&#038;keyword=Zinc+Bromide\">El bromuro de zinc<\/a><\/span><br \/>\nen polvo es una sustancia qu\u00edmica inorg\u00e1nica de alta pureza ampliamente utilizada en an\u00e1lisis qu\u00edmicos, dispositivos optoelectr\u00f3nicos, materiales electr\u00f3nicos y producci\u00f3n de catalizadores.<\/p>\n<p>Ofrecemos polvo de ZnBr2 de alta calidad con excelente solubilidad y estabilidad qu\u00edmica, adecuado para una amplia gama de aplicaciones en qu\u00edmica industrial y electr\u00f3nica. <span style=\"color: #0000ff;\"><a style=\"color: #0000ff;\" href=\"https:\/\/ulpmat.com\/es\/contacto\/\">P\u00f3ngase en contacto con nosotros<\/a><\/span><br \/>\npara obtener m\u00e1s detalles y servicios personalizados.<\/p>\n<h2><span style=\"font-size: 14pt;\">Caracter\u00edsticas destacadas del producto<\/span><\/h2>\n<p>Su alta pureza garantiza una aplicaci\u00f3n precisa.<br \/>\nExcelente solubilidad.<br \/>\nGran estabilidad qu\u00edmica.<br \/>\nAmpliamente utilizado en catalizadores y electr\u00f3nica.<br \/>\nDistribuci\u00f3n precisa del tama\u00f1o de las part\u00edculas.<br \/>\nServicios personalizados que satisfacen las necesidades individuales.<br \/>\nCumple con las normas internacionales.<br \/>\nEstrictos procesos de control de calidad<\/p>\n<h2><span style=\"font-size: 14pt;\">. Aplicaciones del polvo de bromuro de zinc<\/span><\/h2>\n<p>An\u00e1lisis qu\u00edmico: presenta una excelente solubilidad en el an\u00e1lisis qu\u00edmico, y se utiliza a menudo para preparar soluciones est\u00e1ndar o como medio de reacci\u00f3n. Dispositivos<br \/>\n<span style=\"color: #0000ff;\"><a style=\"color: #0000ff;\" href=\"https:\/\/ulpmat.com\/es\/solicitud\/materiales-opticos\/\">optoelectr\u00f3nicos<\/a><\/span><br \/>\n: se utiliza con frecuencia en el proceso de fabricaci\u00f3n de dispositivos optoelectr\u00f3nicos para sintetizar pel\u00edculas delgadas de alto rendimiento, mejorando as\u00ed la estabilidad y la vida \u00fatil de los dispositivos.<br \/>\nMateriales electr\u00f3nicos: ampliamente utilizado en la s\u00edntesis y fabricaci\u00f3n de materiales electr\u00f3nicos, especialmente en la producci\u00f3n de materiales semiconductores.<br \/>\nCatalizadores: se puede utilizar como catalizador o soporte de catalizador en reacciones qu\u00edmicas y procesos catal\u00edticos industriales.<\/p>\n<h2><span style=\"color: #0000ff;\"><a style=\"color: #0000ff;\" href=\"https:\/\/ulpmat.com\/es\/empresa\/preguntas-frecuentes\/\"><span style=\"font-size: 14pt;\">Preguntas frecuentes<\/span><\/a><\/span><\/h2>\n<p>P1: \u00bfCu\u00e1l es la pureza del polvo de ZnBr2?<br \/>\nR1: Nuestro polvo tiene una pureza del 99,999 %, lo que cumple con los requisitos de la mayor\u00eda de las aplicaciones de alta precisi\u00f3n.<\/p>\n<p>P2: \u00bfExisten requisitos especiales para el almacenamiento del polvo de ZnBr2?<br \/>\nR2: Debe almacenarse en un entorno seco y fresco, evitando la humedad y las altas temperaturas para prevenir la absorci\u00f3n de humedad y la descomposici\u00f3n.<\/p>\n<p>P3: \u00bfCu\u00e1les son los principales usos del polvo de ZnBr2?<br \/>\nR3: Se utiliza ampliamente en an\u00e1lisis qu\u00edmicos, s\u00edntesis de materiales electr\u00f3nicos, catalizadores y producci\u00f3n de dispositivos optoelectr\u00f3nicos, principalmente para mejorar el rendimiento de la reacci\u00f3n y la calidad del material.<\/p>\n<p>P4: \u00bfQu\u00e9 solubilidad tiene el polvo de ZnBr2?<br \/>\nR4: Tiene una excelente solubilidad, se disuelve r\u00e1pidamente en agua y disolventes org\u00e1nicos, lo que lo hace adecuado para diversas reacciones qu\u00edmicas.<\/p>\n<h2><span style=\"font-size: 14pt;\">Informes<\/span><\/h2>\n<p>Cada lote se suministra con:<br \/>\n<span style=\"color: #0000ff;\"><a style=\"color: #0000ff;\" href=\"https:\/\/ulpmat.com\/es\/documentos\/certificado-de-analisis\/\"><u>Certificado de an\u00e1lisis (COA)<\/u><\/a><\/span><\/p>\n<p><span style=\"color: #0000ff;\"><a style=\"color: #0000ff;\" href=\"https:\/\/ulpmat.com\/es\/documentos\/ficha-tecnica\/\"><u>Ficha t\u00e9cnica (TDS)<\/u><\/a><\/span><\/p>\n<p><span style=\"color: #0000ff;\"><a style=\"color: #0000ff;\" href=\"https:\/\/ulpmat.com\/es\/documentos\/ficha-de-datos-de-seguridad\/\"><u>Ficha de datos de seguridad (MSDS)<\/u><\/a><\/span><br \/>\nInformes de pruebas de terceros disponibles bajo petici\u00f3n<\/p>\n<h2><span style=\"font-size: 14pt;\">\u00bfPor qu\u00e9 elegirnos?<\/span><\/h2>\n<p>Con procesos de producci\u00f3n avanzados, un riguroso control de calidad y una amplia experiencia en el sector, proporcionamos polvo de ZnBr2 de alta pureza para ayudar a los clientes a lograr reacciones qu\u00edmicas y aplicaciones electr\u00f3nicas m\u00e1s eficientes y precisas, satisfaciendo las necesidades de diversas industrias.<\/p>\n","protected":false},"excerpt":{"rendered":"<p>Descripci\u00f3n general del bromuro de zinc en polvo El bromuro de zinc en polvo es una sustancia qu\u00edmica inorg\u00e1nica de alta pureza ampliamente utilizada en an\u00e1lisis qu\u00edmicos, dispositivos optoelectr\u00f3nicos, materiales electr\u00f3nicos y producci\u00f3n de catalizadores. Ofrecemos polvo de ZnBr2 de alta calidad con excelente solubilidad y estabilidad qu\u00edmica, adecuado para una amplia gama de aplicaciones [&hellip;]<\/p>\n","protected":false},"featured_media":33317,"template":"","meta":{"_acf_changed":false},"product_brand":[132],"product_cat":[330],"product_tag":[3388],"class_list":{"0":"post-33316","1":"product","2":"type-product","3":"status-publish","4":"has-post-thumbnail","6":"product_brand-ulpmat","7":"product_cat-materiales-halogenados","8":"product_tag-bromuro-de-cinc-en-polvo","10":"first","11":"instock","12":"shipping-taxable","13":"product-type-variable"},"acf":[],"_links":{"self":[{"href":"https:\/\/ulpmat.com\/es\/wp-json\/wp\/v2\/product\/33316","targetHints":{"allow":["GET"]}}],"collection":[{"href":"https:\/\/ulpmat.com\/es\/wp-json\/wp\/v2\/product"}],"about":[{"href":"https:\/\/ulpmat.com\/es\/wp-json\/wp\/v2\/types\/product"}],"wp:featuredmedia":[{"embeddable":true,"href":"https:\/\/ulpmat.com\/es\/wp-json\/wp\/v2\/media\/33317"}],"wp:attachment":[{"href":"https:\/\/ulpmat.com\/es\/wp-json\/wp\/v2\/media?parent=33316"}],"wp:term":[{"taxonomy":"product_brand","embeddable":true,"href":"https:\/\/ulpmat.com\/es\/wp-json\/wp\/v2\/product_brand?post=33316"},{"taxonomy":"product_cat","embeddable":true,"href":"https:\/\/ulpmat.com\/es\/wp-json\/wp\/v2\/product_cat?post=33316"},{"taxonomy":"product_tag","embeddable":true,"href":"https:\/\/ulpmat.com\/es\/wp-json\/wp\/v2\/product_tag?post=33316"}],"curies":[{"name":"wp","href":"https:\/\/api.w.org\/{rel}","templated":true}]}}