{"id":33273,"date":"2025-12-12T13:26:01","date_gmt":"2025-12-12T05:26:01","guid":{"rendered":"https:\/\/ulpmat.com\/product\/fluoruro-de-zinc-2\/"},"modified":"2025-12-12T13:26:01","modified_gmt":"2025-12-12T05:26:01","slug":"fluoruro-de-zinc-2","status":"publish","type":"product","link":"https:\/\/ulpmat.com\/es\/producto\/fluoruro-de-zinc-2\/","title":{"rendered":"Fluoruro de zinc"},"content":{"rendered":"<h2><span style=\"font-size: 14pt;\">Descripci\u00f3n general del polvo de fluoruro de zinc<\/span><\/h2>\n<p>El polvo<br \/>\n<span style=\"color: #0000ff;\"><a style=\"color: #0000ff;\" href=\"https:\/\/ulpmat.com\/es\/buscar\/?type=name&#038;keyword=Zinc+Fluoride\">de fluoruro de zinc<\/a><\/span><br \/>\nes un polvo de fluoruro de zinc de alta pureza ampliamente utilizado en electr\u00f3nica, <span style=\"color: #0000ff;\"><a style=\"color: #0000ff;\" href=\"https:\/\/ulpmat.com\/es\/solicitud\/materiales-opticos\/\">\u00f3ptica<\/a>,<\/span><br \/>\nan\u00e1lisis qu\u00edmico y otros campos, que presenta una excelente estabilidad y reactividad qu\u00edmica.<\/p>\n<p>Nuestro polvo de ZnF2 es de alta pureza y tiene un tama\u00f1o de part\u00edcula uniforme, adecuado para diversas reacciones qu\u00edmicas finas. P\u00f3ngase <span style=\"color: #0000ff;\"><a style=\"color: #0000ff;\" href=\"https:\/\/ulpmat.com\/es\/contacto\/\">en contacto con nosotros<\/a><\/span><br \/>\npara obtener m\u00e1s informaci\u00f3n sobre servicios y productos personalizados.<\/p>\n<h2><span style=\"font-size: 14pt;\">Caracter\u00edsticas destacadas del producto<\/span><\/h2>\n<p>Su alta pureza garantiza una aplicaci\u00f3n precisa.<br \/>\nTama\u00f1o de part\u00edcula uniforme para una f\u00e1cil disoluci\u00f3n.<br \/>\nGran estabilidad y resistencia a altas temperaturas.<br \/>\nBuena solubilidad, adecuado para diversos disolventes.<br \/>\nAlta actividad qu\u00edmica para amplias aplicaciones.<br \/>\nEstrictas pruebas de calidad para una garant\u00eda fiable.<br \/>\nEspecificaciones personalizadas disponibles para satisfacer diferentes necesidades.<br \/>\nServicio posventa completo para una respuesta r\u00e1pida<\/p>\n<h2><span style=\"font-size: 14pt;\">. Aplicaciones del polvo de fluoruro de zinc<\/span><\/h2>\n<p>Industria electr\u00f3nica: ampliamente utilizado en la industria electr\u00f3nica para la fabricaci\u00f3n de placas de circuitos, bater\u00edas y otros componentes para mejorar el rendimiento de los productos.<br \/>\n<span style=\"color: #0000ff;\"><a style=\"color: #0000ff;\" href=\"https:\/\/ulpmat.com\/es\/solicitud\/materiales-opticos\/\">\u00d3ptica<\/a><\/span><br \/>\n: ampliamente utilizado en pel\u00edculas \u00f3pticas delgadas, recubrimientos \u00f3pticos y dispositivos l\u00e1ser para mejorar el rendimiento \u00f3ptico.<br \/>\nAn\u00e1lisis qu\u00edmico: el polvo de ZnF2 se utiliza como catalizador o reactivo en an\u00e1lisis qu\u00edmicos, a menudo en s\u00edntesis y reacciones para mejorar la eficiencia de la reacci\u00f3n.<br \/>\nIndustria metal\u00fargica: se utiliza en la fundici\u00f3n de metales como desoxidante y reactivo qu\u00edmico para optimizar los procesos metal\u00fargicos.<\/p>\n<h2><span style=\"color: #0000ff;\"><a style=\"color: #0000ff;\" href=\"https:\/\/ulpmat.com\/es\/empresa\/preguntas-frecuentes\/\"><span style=\"font-size: 14pt;\">Preguntas frecuentes<\/span><\/a><\/span><\/h2>\n<p>P1: \u00bfCu\u00e1les son las propiedades qu\u00edmicas del polvo de ZnF2?<br \/>\nR1: Tiene una gran estabilidad qu\u00edmica, es resistente a los \u00e1cidos y \u00e1lcalis y presenta una buena resistencia a altas temperaturas.<\/p>\n<p>P2: \u00bfQu\u00e9 solubilidad tiene el polvo de ZnF2?<br \/>\nR2: Tiene buena solubilidad, se disuelve r\u00e1pidamente en agua y en algunos disolventes, lo que lo hace adecuado para diversas aplicaciones industriales y experimentales.<\/p>\n<p>P3: \u00bfCu\u00e1nto tiempo se puede almacenar el polvo de ZnF2?<br \/>\nR3: El polvo tiene una vida \u00fatil de 2 a\u00f1os, pero debe almacenarse en un lugar seco y fresco, evitando la humedad o la exposici\u00f3n directa a entornos h\u00famedos.<\/p>\n<p>P4: \u00bfCu\u00e1les son algunas de las aplicaciones comunes del polvo de ZnF2?<br \/>\nR4: Se utiliza com\u00fanmente en componentes electr\u00f3nicos, recubrimientos \u00f3pticos, catalizadores de reacciones qu\u00edmicas y procesos metal\u00fargicos, y se aplica ampliamente en diversos campos de alta tecnolog\u00eda.<\/p>\n<h2><span style=\"font-size: 14pt;\">Informes<\/span><\/h2>\n<p>Cada lote se suministra con:<br \/>\n<span style=\"color: #0000ff;\"><a style=\"color: #0000ff;\" href=\"https:\/\/ulpmat.com\/es\/documentos\/certificado-de-analisis\/\"><u>Certificado de an\u00e1lisis (COA)<\/u><\/a><\/span><\/p>\n<p><span style=\"color: #0000ff;\"><a style=\"color: #0000ff;\" href=\"https:\/\/ulpmat.com\/es\/documentos\/ficha-tecnica\/\"><u>Ficha t\u00e9cnica (TDS)<\/u><\/a><\/span><\/p>\n<p><span style=\"color: #0000ff;\"><a style=\"color: #0000ff;\" href=\"https:\/\/ulpmat.com\/es\/documentos\/ficha-de-datos-de-seguridad\/\"><u>Ficha de datos de seguridad (MSDS)<\/u><\/a><\/span><br \/>\nInformes de pruebas de terceros disponibles bajo petici\u00f3n<\/p>\n<h2><span style=\"font-size: 14pt;\">\u00bfPor qu\u00e9 elegirnos?<\/span><\/h2>\n<p>Proporcionamos polvo de fluoruro de zinc de alta pureza y, mediante un riguroso control de calidad, nos aseguramos de que cada lote cumpla con los est\u00e1ndares internacionales, lo que ayuda a los clientes a mejorar la calidad del producto y el rendimiento de la aplicaci\u00f3n.<\/p>\n","protected":false},"excerpt":{"rendered":"<p>Descripci\u00f3n general del polvo de fluoruro de zinc El polvo de fluoruro de zinc es un polvo de fluoruro de zinc de alta pureza ampliamente utilizado en electr\u00f3nica, \u00f3ptica, an\u00e1lisis qu\u00edmico y otros campos, que presenta una excelente estabilidad y reactividad qu\u00edmica. Nuestro polvo de ZnF2 es de alta pureza y tiene un tama\u00f1o de [&hellip;]<\/p>\n","protected":false},"featured_media":33274,"template":"","meta":{"_acf_changed":false},"product_brand":[132],"product_cat":[330],"product_tag":[3376],"class_list":{"0":"post-33273","1":"product","2":"type-product","3":"status-publish","4":"has-post-thumbnail","6":"product_brand-ulpmat","7":"product_cat-materiales-halogenados","8":"product_tag-fluoruro-de-cinc-en-polvo","10":"first","11":"instock","12":"shipping-taxable","13":"product-type-variable"},"acf":[],"_links":{"self":[{"href":"https:\/\/ulpmat.com\/es\/wp-json\/wp\/v2\/product\/33273","targetHints":{"allow":["GET"]}}],"collection":[{"href":"https:\/\/ulpmat.com\/es\/wp-json\/wp\/v2\/product"}],"about":[{"href":"https:\/\/ulpmat.com\/es\/wp-json\/wp\/v2\/types\/product"}],"wp:featuredmedia":[{"embeddable":true,"href":"https:\/\/ulpmat.com\/es\/wp-json\/wp\/v2\/media\/33274"}],"wp:attachment":[{"href":"https:\/\/ulpmat.com\/es\/wp-json\/wp\/v2\/media?parent=33273"}],"wp:term":[{"taxonomy":"product_brand","embeddable":true,"href":"https:\/\/ulpmat.com\/es\/wp-json\/wp\/v2\/product_brand?post=33273"},{"taxonomy":"product_cat","embeddable":true,"href":"https:\/\/ulpmat.com\/es\/wp-json\/wp\/v2\/product_cat?post=33273"},{"taxonomy":"product_tag","embeddable":true,"href":"https:\/\/ulpmat.com\/es\/wp-json\/wp\/v2\/product_tag?post=33273"}],"curies":[{"name":"wp","href":"https:\/\/api.w.org\/{rel}","templated":true}]}}