{"id":33080,"date":"2025-12-12T13:26:07","date_gmt":"2025-12-12T05:26:07","guid":{"rendered":"https:\/\/ulpmat.com\/product\/oxido-de-cinc\/"},"modified":"2025-12-12T13:26:07","modified_gmt":"2025-12-12T05:26:07","slug":"oxido-de-cinc","status":"publish","type":"product","link":"https:\/\/ulpmat.com\/es\/producto\/oxido-de-cinc\/","title":{"rendered":"\u00d3xido de cinc"},"content":{"rendered":"<h2><span style=\"font-size: 14pt;\">Descripci\u00f3n general del blanco de pulverizaci\u00f3n de \u00f3xido de zinc<\/span><\/h2>\n<p>Los blancos de pulverizaci\u00f3n<br \/>\n<span style=\"color: #0000ff;\"><a style=\"color: #0000ff;\" href=\"https:\/\/ulpmat.com\/es\/buscar\/?type=name&#038;keyword=Zinc+Oxide\">de \u00f3xido de zinc<\/a><\/span><br \/>\nse utilizan ampliamente en campos de alta tecnolog\u00eda, como dispositivos optoelectr\u00f3nicos, pel\u00edculas conductoras transparentes y c\u00e9lulas solares, y presentan excelentes propiedades el\u00e9ctricas y \u00f3pticas.<\/p>\n<p>Ofrecemos blancos de pulverizaci\u00f3n de ZnO de alta pureza adecuados para diversas aplicaciones de deposici\u00f3n de pel\u00edculas delgadas, lo que le ayuda a mejorar el rendimiento y la estabilidad del producto.<span style=\"color: #0000ff;\"><a style=\"color: #0000ff;\" href=\"https:\/\/ulpmat.com\/es\/contacto\/\"> P\u00f3ngase en contacto con nosotros<\/a><\/span><br \/>\npara obtener m\u00e1s <span style=\"color: #0000ff;\"><a style=\"color: #0000ff;\" href=\"https:\/\/ulpmat.com\/es\/servicio\/asistencia-tecnica\/\">asistencia t\u00e9cnica<\/a><\/span><br \/>\ny servicios personalizados.<\/p>\n<h2><span style=\"font-size: 14pt;\">Caracter\u00edsticas destacadas del producto<\/span><\/h2>\n<p>Alta pureza<br \/>\nExcelentes propiedades el\u00e9ctricas<br \/>\nPropiedades \u00f3pticas superiores<br \/>\nBuena transparencia y conductividad<br \/>\nEfecto de deposici\u00f3n por pulverizaci\u00f3n estable<br \/>\nCrecimiento de pel\u00edcula delgada de alta eficiencia<br \/>\nTama\u00f1os y formas personalizables<br \/>\n<span style=\"color: #0000ff;\"><a style=\"color: #0000ff;\" href=\"https:\/\/ulpmat.com\/es\/servicio\/vinculacion-de-objetivos\/\">Uni\u00f3n<\/a><\/span><br \/>\ny placas base personalizables<\/p>\n<h2><span style=\"font-size: 14pt;\">Aplicaciones de los blancos de pulverizaci\u00f3n de \u00f3xido de zinc<\/span><\/h2>\n<p><span style=\"color: #0000ff;\"><a style=\"color: #0000ff;\" href=\"https:\/\/ulpmat.com\/es\/solicitud\/materiales-opticos\/\">Optoelectr\u00f3nica<\/a><\/span><br \/>\n: se utiliza en dispositivos optoelectr\u00f3nicos para preparar pel\u00edculas conductoras transparentes, ampliamente utilizadas en pantallas t\u00e1ctiles y dispositivos optoelectr\u00f3nicos. C\u00e9lulas<br \/>\n<span style=\"color: #0000ff;\"><a style=\"color: #0000ff;\" href=\"https:\/\/ulpmat.com\/es\/solicitud\/energia-solar-fotovoltaica\/\">solares<\/a><\/span><br \/>\n: se utilizan como capa conductora transparente en c\u00e9lulas solares, lo que contribuye a mejorar la eficiencia y la estabilidad de las c\u00e9lulas.<br \/>\nPantallas: desempe\u00f1an un papel crucial en la fabricaci\u00f3n de pantallas, especialmente en tecnolog\u00edas LCD y OLED.<br \/>\nSensores: se utilizan en sensores de gas y fotosensores, mejorando su velocidad de respuesta y sensibilidad.<\/p>\n<h2><span style=\"color: #0000ff;\"><a style=\"color: #0000ff;\" href=\"https:\/\/ulpmat.com\/es\/empresa\/preguntas-frecuentes\/\"><span style=\"font-size: 14pt;\">Preguntas frecuentes<\/span><\/a><\/span><\/h2>\n<p>P1: \u00bfQu\u00e9 industrias utilizan los blancos de pulverizaci\u00f3n de \u00f3xido de zinc?<br \/>\nR1: Se utilizan ampliamente en optoelectr\u00f3nica, energ\u00eda solar, pantallas y sensores, especialmente en pel\u00edculas conductoras transparentes y c\u00e9lulas solares.<\/p>\n<p>P2: \u00bfCu\u00e1les son los requisitos de pureza para los blancos de pulverizaci\u00f3n de \u00f3xido de zinc?<br \/>\nR2: Ofrecemos blancos con una pureza del 99,95 %, que cumplen los requisitos de los dispositivos electr\u00f3nicos y optoelectr\u00f3nicos de alta gama.<\/p>\n<p>P3: \u00bfSe pueden personalizar el tama\u00f1o y la forma de los blancos de \u00f3xido de zinc?<br \/>\nR3: S\u00ed, podemos personalizar el tama\u00f1o y la forma de los blancos seg\u00fan las necesidades del cliente para adaptarnos a los requisitos de los diferentes equipos.<\/p>\n<p>P4: \u00bfSon los blancos de \u00f3xido de zinc adecuados para la deposici\u00f3n a baja temperatura?<br \/>\nR4: S\u00ed, son adecuados para procesos de deposici\u00f3n a baja temperatura, especialmente para la deposici\u00f3n de pel\u00edculas delgadas a baja temperatura, lo que garantiza la calidad y la estabilidad de la pel\u00edcula.<\/p>\n<h2><span style=\"font-size: 14pt;\">Informes<\/span><\/h2>\n<p>Cada lote se suministra con:<br \/>\n<span style=\"color: #0000ff;\"><a style=\"color: #0000ff;\" href=\"https:\/\/ulpmat.com\/es\/documentos\/certificado-de-analisis\/\"><u>Certificado de an\u00e1lisis (COA)<\/u><\/a><\/span><\/p>\n<p><span style=\"color: #0000ff;\"><a style=\"color: #0000ff;\" href=\"https:\/\/ulpmat.com\/es\/documentos\/ficha-tecnica\/\"><u>Ficha t\u00e9cnica (TDS)<\/u><\/a><\/span><\/p>\n<p><span style=\"color: #0000ff;\"><a style=\"color: #0000ff;\" href=\"https:\/\/ulpmat.com\/es\/documentos\/ficha-de-datos-de-seguridad\/\"><u>Ficha de datos de seguridad (MSDS)<\/u><\/a><\/span><br \/>\nInformes de pruebas de terceros disponibles bajo petici\u00f3n<\/p>\n<h2><span style=\"font-size: 14pt;\">\u00bfPor qu\u00e9 elegirnos?<\/span><\/h2>\n<p>Ofrecemos blancos de pulverizaci\u00f3n de ZnO personalizados y de alta pureza, junto con un completo soporte t\u00e9cnico e informes para ayudar a que sus proyectos tengan \u00e9xito.<\/p>\n","protected":false},"excerpt":{"rendered":"<p>Descripci\u00f3n general del blanco de pulverizaci\u00f3n de \u00f3xido de zinc Los blancos de pulverizaci\u00f3n de \u00f3xido de zinc se utilizan ampliamente en campos de alta tecnolog\u00eda, como dispositivos optoelectr\u00f3nicos, pel\u00edculas conductoras transparentes y c\u00e9lulas solares, y presentan excelentes propiedades el\u00e9ctricas y \u00f3pticas. Ofrecemos blancos de pulverizaci\u00f3n de ZnO de alta pureza adecuados para diversas aplicaciones [&hellip;]<\/p>\n","protected":false},"featured_media":33081,"template":"","meta":{"_acf_changed":false},"product_brand":[132],"product_cat":[457,1196],"product_tag":[3334],"class_list":{"0":"post-33080","1":"product","2":"type-product","3":"status-publish","4":"has-post-thumbnail","6":"product_brand-ulpmat","7":"product_cat-blanco-ceramico-para-sputtering","8":"product_cat-oxidos-conductores-transparentes-tco","9":"product_tag-catodos-para-sputtering-de-oxido-de-zinc","11":"first","12":"instock","13":"shipping-taxable","14":"product-type-variable"},"acf":[],"_links":{"self":[{"href":"https:\/\/ulpmat.com\/es\/wp-json\/wp\/v2\/product\/33080","targetHints":{"allow":["GET"]}}],"collection":[{"href":"https:\/\/ulpmat.com\/es\/wp-json\/wp\/v2\/product"}],"about":[{"href":"https:\/\/ulpmat.com\/es\/wp-json\/wp\/v2\/types\/product"}],"wp:featuredmedia":[{"embeddable":true,"href":"https:\/\/ulpmat.com\/es\/wp-json\/wp\/v2\/media\/33081"}],"wp:attachment":[{"href":"https:\/\/ulpmat.com\/es\/wp-json\/wp\/v2\/media?parent=33080"}],"wp:term":[{"taxonomy":"product_brand","embeddable":true,"href":"https:\/\/ulpmat.com\/es\/wp-json\/wp\/v2\/product_brand?post=33080"},{"taxonomy":"product_cat","embeddable":true,"href":"https:\/\/ulpmat.com\/es\/wp-json\/wp\/v2\/product_cat?post=33080"},{"taxonomy":"product_tag","embeddable":true,"href":"https:\/\/ulpmat.com\/es\/wp-json\/wp\/v2\/product_tag?post=33080"}],"curies":[{"name":"wp","href":"https:\/\/api.w.org\/{rel}","templated":true}]}}