{"id":32973,"date":"2025-12-12T13:26:09","date_gmt":"2025-12-12T05:26:09","guid":{"rendered":"https:\/\/ulpmat.com\/product\/oxido-de-zinc-dopado-con-alumina-azo-3\/"},"modified":"2025-12-12T13:26:09","modified_gmt":"2025-12-12T05:26:09","slug":"oxido-de-zinc-dopado-con-alumina-azo-3","status":"publish","type":"product","link":"https:\/\/ulpmat.com\/es\/producto\/oxido-de-zinc-dopado-con-alumina-azo-3\/","title":{"rendered":"\u00d3xido de zinc dopado con al\u00famina (AZO)"},"content":{"rendered":"<h2><span style=\"font-size: 14pt;\">Granulados de \u00f3xido de zinc dopado con al\u00famina Descripci\u00f3n general<\/span><\/h2>\n<p>Los granulados<br \/>\n<span style=\"color: #0000ff;\"><a style=\"color: #0000ff;\" href=\"https:\/\/ulpmat.com\/es\/buscar\/?type=name&#038;keyword=Alumina-doped+Zinc+Oxide\">de \u00f3xido de zinc dopado con al\u00famina<\/a><\/span><br \/>\nson materiales funcionales utilizados en la formulaci\u00f3n y el pretratamiento de sistemas de \u00f3xido conductor transparente, que se encuentran com\u00fanmente en la sinterizaci\u00f3n de objetivos, la investigaci\u00f3n de materiales de pel\u00edcula delgada y las etapas de verificaci\u00f3n de procesos.<\/p>\n<p>Podemos suministrar de forma fiable productos con diferentes tama\u00f1os de part\u00edculas y concentraciones de dopaje, y ofrecer sugerencias de aplicaci\u00f3n adecuadas. P\u00f3ngase <span style=\"color: #0000ff;\"><a style=\"color: #0000ff;\" href=\"https:\/\/ulpmat.com\/es\/contacto\/\">en contacto con nosotros<\/a><\/span><br \/>\npara obtener muestras e informaci\u00f3n <span style=\"color: #0000ff;\"><a style=\"color: #0000ff;\" href=\"https:\/\/ulpmat.com\/es\/servicio\/asistencia-tecnica\/\">t\u00e9cnica<\/a><\/span><br \/>\n.<\/p>\n<h2><span style=\"font-size: 14pt;\">Caracter\u00edsticas destacadas del producto<\/span><\/h2>\n<p>Composici\u00f3n de dopaje uniforme y controlable<br \/>\nDistribuci\u00f3n estable de part\u00edculas y buena fluidez<br \/>\nAdecuado para procesos de prensado y sinterizaci\u00f3n<br \/>\nPureza qu\u00edmica estable<br \/>\nPeque\u00f1a variaci\u00f3n entre lotes<br \/>\nF\u00e1cil de ampliar a escala experimental y verificar la repetibilidad<\/p>\n<h2><span style=\"font-size: 14pt;\">Aplicaciones de los gr\u00e1nulos de \u00f3xido de zinc dopado con aluminio<\/span><\/h2>\n<p>Preparaci\u00f3n de blancos esponjosos Materia prima: como materia prima b\u00e1sica para blancos de \u00f3xido conductor transparente, adecuado para la formulaci\u00f3n de polvos y la sinterizaci\u00f3n antes del prensado en caliente o el prensado isost\u00e1tico en fr\u00edo.<br \/>\nInvestigaci\u00f3n sobre sistemas de materiales conductores transparentes: en la investigaci\u00f3n sobre la formulaci\u00f3n de \u00f3xidos conductores, se puede utilizar para controlar la resistividad y las propiedades \u00f3pticas de los materiales, lo que facilita la optimizaci\u00f3n de las proporciones de dopaje.<br \/>\nDesarrollo de cer\u00e1micas funcionales y materiales electr\u00f3nicos: adecuado para las etapas experimentales y a escala piloto de cer\u00e1micas electr\u00f3nicas y materiales de \u00f3xido funcionales, lo que ayuda a verificar el rendimiento de los materiales y la estabilidad del proceso.<br \/>\nAplicaciones de laboratorio y validaci\u00f3n de procesos: Se utiliza com\u00fanmente para la validaci\u00f3n de nuevas rutas de proceso, pruebas de comparaci\u00f3n de materiales y estudios de correlaci\u00f3n del rendimiento de pel\u00edculas delgadas.<\/p>\n<h2><span style=\"color: #0000ff;\"><a style=\"color: #0000ff;\" href=\"https:\/\/ulpmat.com\/es\/empresa\/preguntas-frecuentes\/\"><span style=\"font-size: 14pt;\">Preguntas frecuentes<\/span><\/a><\/span><\/h2>\n<p>P1: \u00bfSe pueden utilizar estas part\u00edculas directamente para la deposici\u00f3n de pel\u00edculas delgadas?<br \/>\nR1: Por lo general, se utilizan como materiales precursores y requieren un moldeado adicional o una preparaci\u00f3n espec\u00edfica antes de utilizarse en el proceso de deposici\u00f3n.<\/p>\n<p>P2: \u00bfAfectar\u00e1 el tama\u00f1o de las part\u00edculas al procesamiento posterior?<br \/>\nR2: La distribuci\u00f3n del tama\u00f1o de las part\u00edculas afecta a la densidad de prensado y al efecto de sinterizaci\u00f3n. Se pueden seleccionar las especificaciones adecuadas seg\u00fan los requisitos espec\u00edficos del proceso.<\/p>\n<p>P3: \u00bfSe puede ajustar el contenido de dopaje de aluminio?<br \/>\nR3: Se pueden proporcionar diferentes esquemas de dopaje seg\u00fan los objetivos de la aplicaci\u00f3n para equilibrar la conductividad y la estabilidad del material.<\/p>\n<p>P4: \u00bfQu\u00e9 precauciones se deben tomar durante el almacenamiento del producto?<br \/>\nR4: Se recomienda almacenar el producto en un entorno sellado y seco para evitar que la humedad afecte a la fluidez de las part\u00edculas.<\/p>\n<h2><span style=\"font-size: 14pt;\">Informes<\/span><\/h2>\n<p>Cada lote se suministra con:<br \/>\n<span style=\"color: #0000ff;\"><a style=\"color: #0000ff;\" href=\"https:\/\/ulpmat.com\/es\/documentos\/certificado-de-analisis\/\"><u>Certificado de an\u00e1lisis (COA)<\/u><\/a><\/span><\/p>\n<p><span style=\"color: #0000ff;\"><a style=\"color: #0000ff;\" href=\"https:\/\/ulpmat.com\/es\/documentos\/ficha-tecnica\/\"><u>Ficha t\u00e9cnica (TDS)<\/u><\/a><\/span><\/p>\n<p><span style=\"color: #0000ff;\"><a style=\"color: #0000ff;\" href=\"https:\/\/ulpmat.com\/es\/documentos\/ficha-de-datos-de-seguridad\/\"><u>Ficha de datos de seguridad (MSDS)<\/u><\/a><\/span><br \/>\nInformes de pruebas de terceros disponibles bajo petici\u00f3n<\/p>\n<h2><span style=\"font-size: 14pt;\">\u00bfPor qu\u00e9 elegirnos?<\/span><\/h2>\n<p>Nos centramos en la preparaci\u00f3n estable y la adecuaci\u00f3n de la aplicaci\u00f3n de las materias primas de \u00f3xidos funcionales, haciendo hincapi\u00e9 en el control de la morfolog\u00eda de las part\u00edculas, la consistencia de la composici\u00f3n y la adaptabilidad del proceso, y podemos proporcionar un apoyo material fiable a largo plazo para la investigaci\u00f3n cient\u00edfica y los clientes industriales.<\/p>\n","protected":false},"excerpt":{"rendered":"<p>Granulados de \u00f3xido de zinc dopado con al\u00famina Descripci\u00f3n general Los granulados de \u00f3xido de zinc dopado con al\u00famina son materiales funcionales utilizados en la formulaci\u00f3n y el pretratamiento de sistemas de \u00f3xido conductor transparente, que se encuentran com\u00fanmente en la sinterizaci\u00f3n de objetivos, la investigaci\u00f3n de materiales de pel\u00edcula delgada y las etapas de [&hellip;]<\/p>\n","protected":false},"featured_media":32974,"template":"","meta":{"_acf_changed":false},"product_brand":[132],"product_cat":[340,1196],"product_tag":[3316],"class_list":{"0":"post-32973","1":"product","2":"type-product","3":"status-publish","4":"has-post-thumbnail","6":"product_brand-ulpmat","7":"product_cat-materiales-de-evaporacion","8":"product_cat-oxidos-conductores-transparentes-tco","9":"product_tag-oxido-de-zinc-dopado-con-alumina-azo-en-granulos","11":"first","12":"instock","13":"shipping-taxable","14":"product-type-variable"},"acf":[],"_links":{"self":[{"href":"https:\/\/ulpmat.com\/es\/wp-json\/wp\/v2\/product\/32973","targetHints":{"allow":["GET"]}}],"collection":[{"href":"https:\/\/ulpmat.com\/es\/wp-json\/wp\/v2\/product"}],"about":[{"href":"https:\/\/ulpmat.com\/es\/wp-json\/wp\/v2\/types\/product"}],"wp:featuredmedia":[{"embeddable":true,"href":"https:\/\/ulpmat.com\/es\/wp-json\/wp\/v2\/media\/32974"}],"wp:attachment":[{"href":"https:\/\/ulpmat.com\/es\/wp-json\/wp\/v2\/media?parent=32973"}],"wp:term":[{"taxonomy":"product_brand","embeddable":true,"href":"https:\/\/ulpmat.com\/es\/wp-json\/wp\/v2\/product_brand?post=32973"},{"taxonomy":"product_cat","embeddable":true,"href":"https:\/\/ulpmat.com\/es\/wp-json\/wp\/v2\/product_cat?post=32973"},{"taxonomy":"product_tag","embeddable":true,"href":"https:\/\/ulpmat.com\/es\/wp-json\/wp\/v2\/product_tag?post=32973"}],"curies":[{"name":"wp","href":"https:\/\/api.w.org\/{rel}","templated":true}]}}