{"id":32940,"date":"2025-12-12T13:26:09","date_gmt":"2025-12-12T05:26:09","guid":{"rendered":"https:\/\/ulpmat.com\/product\/oxido-de-zinc-dopado-con-alumina-azo-2\/"},"modified":"2025-12-12T13:26:09","modified_gmt":"2025-12-12T05:26:09","slug":"oxido-de-zinc-dopado-con-alumina-azo-2","status":"publish","type":"product","link":"https:\/\/ulpmat.com\/es\/producto\/oxido-de-zinc-dopado-con-alumina-azo-2\/","title":{"rendered":"\u00d3xido de zinc dopado con al\u00famina (AZO)"},"content":{"rendered":"<h2><span style=\"font-size: 14pt;\">Objetivos de pulverizaci\u00f3n de \u00f3xido de zinc dopado con al\u00famina Descripci\u00f3n general<\/span><\/h2>\n<p>Los objetivos de pulverizaci\u00f3n<br \/>\n<span style=\"color: #0000ff;\"><a style=\"color: #0000ff;\" href=\"https:\/\/ulpmat.com\/es\/buscar\/?type=name&#038;keyword=Alumina-doped+Zinc+Oxide\">de \u00f3xido de zinc dopado con al\u00famina<\/a><\/span><br \/>\nson materiales de \u00f3xido funcionales que combinan alta transmitancia y conductividad, utilizados principalmente para preparar pel\u00edculas delgadas conductoras transparentes y dispositivos optoelectr\u00f3nicos relacionados.<\/p>\n<p>Ofrecemos productos objetivo con diversas proporciones de dopaje, tama\u00f1os y niveles de densidad, y brindamos asistencia para la adecuaci\u00f3n de aplicaciones y consultas t\u00e9cnicas. P\u00f3ngase <span style=\"color: #0000ff;\"><a style=\"color: #0000ff;\" href=\"https:\/\/ulpmat.com\/es\/contacto\/\">en contacto con nosotros<\/a><\/span><br \/>\npara obtener informaci\u00f3n detallada.<\/p>\n<h2><span style=\"font-size: 14pt;\">Caracter\u00edsticas destacadas del producto<\/span><\/h2>\n<p>Dopaje estable, propiedades el\u00e9ctricas controlables.<br \/>\nAlta transmitancia de la pel\u00edcula.<br \/>\nAlta densidad del blanco, descarga estable.<br \/>\nAdecuado para la deposici\u00f3n en grandes superficies.<br \/>\nComposici\u00f3n uniforme, buena repetibilidad.<br \/>\nAdecuado para procesos de investigaci\u00f3n y producci\u00f3n en masa<\/p>\n<h2><span style=\"font-size: 14pt;\">. Aplicaciones de los blancos de pulverizaci\u00f3n de \u00f3xido de zinc dopado con al\u00famina<\/span><\/h2>\n<p>Preparaci\u00f3n de pel\u00edculas delgadas conductoras transparentes: este blanco se utiliza com\u00fanmente para formar capas conductoras transparentes, lo que proporciona una capacidad de conducci\u00f3n de corriente estable al tiempo que garantiza el rendimiento \u00f3ptico.<br \/>\nPantallas planas y paneles de visualizaci\u00f3n: adecuados para la deposici\u00f3n de pel\u00edculas delgadas de electrodos en dispositivos de visualizaci\u00f3n de cristal l\u00edquido y org\u00e1nicos, especialmente en aplicaciones que requieren una alta uniformidad de la pel\u00edcula.<br \/>\nC\u00e9lulas solares de pel\u00edcula delgada: se pueden utilizar como material de electrodo frontal, lo que ayuda a mejorar la eficiencia de conversi\u00f3n fotoel\u00e9ctrica y la estabilidad a largo plazo del dispositivo.<br \/>\n<span style=\"color: #0000ff;\"><a style=\"color: #0000ff;\" href=\"https:\/\/ulpmat.com\/es\/solicitud\/materiales-opticos\/\">Optoelectr\u00f3nica<\/a><\/span><br \/>\ny dispositivos funcionales: se utilizan para construir capas de \u00f3xido conductoras estables en la detecci\u00f3n fotoel\u00e9ctrica, sensores y dispositivos funcionales de pel\u00edcula delgada.<\/p>\n<h2><span style=\"color: #0000ff; font-size: 14pt;\"><a style=\"color: #0000ff;\" href=\"https:\/\/ulpmat.com\/es\/empresa\/preguntas-frecuentes\/\">Preguntas frecuentes<\/a><\/span><\/h2>\n<p>P1: \u00bfPueden los blancos de \u00f3xido de zinc dopado con aluminio sustituir a los materiales conductores transparentes tradicionales?<br \/>\nR1: S\u00ed, pueden utilizarse como alternativa a los sistemas conductores transparentes de uso com\u00fan en diversas aplicaciones, equilibrando el rendimiento y el coste del material.<\/p>\n<p>P2: \u00bfQu\u00e9 m\u00e9todo de pulverizaci\u00f3n es adecuado para este blanco?<br \/>\nR2: Generalmente es adecuado para la pulverizaci\u00f3n por magnetr\u00f3n de CC o RF; el proceso espec\u00edfico debe determinarse en funci\u00f3n de las condiciones del equipo.<\/p>\n<p>P3: \u00bfAfecta la proporci\u00f3n de dopaje al rendimiento de la pel\u00edcula delgada?<br \/>\nR3: El contenido de dopaje afecta directamente a la resistividad y la transmitancia de la pel\u00edcula delgada y puede optimizarse en funci\u00f3n de los objetivos de la aplicaci\u00f3n.<\/p>\n<p>P4: \u00bfEs el objetivo propenso a la generaci\u00f3n de part\u00edculas durante su uso?<br \/>\nR4: Mediante el control de la densificaci\u00f3n y la optimizaci\u00f3n del proceso de sinterizaci\u00f3n, se puede reducir eficazmente el riesgo de generaci\u00f3n de part\u00edculas durante el uso.<\/p>\n<h2><span style=\"font-size: 14pt;\">Informe<\/span><\/h2>\n<p>Cada lote se suministra con:<br \/>\n<span style=\"color: #0000ff;\"><a style=\"color: #0000ff;\" href=\"https:\/\/ulpmat.com\/es\/documentos\/certificado-de-analisis\/\"><u>Certificado de an\u00e1lisis (COA)<\/u><\/a><\/span><\/p>\n<p><span style=\"color: #0000ff;\"><a style=\"color: #0000ff;\" href=\"https:\/\/ulpmat.com\/es\/documentos\/ficha-tecnica\/\"><u>Ficha t\u00e9cnica (TDS)<\/u><\/a><\/span><\/p>\n<p><span style=\"color: #0000ff;\"><a style=\"color: #0000ff;\" href=\"https:\/\/ulpmat.com\/es\/documentos\/ficha-de-datos-de-seguridad\/\"><u>Ficha de datos de seguridad (MSDS)<\/u><\/a><\/span><br \/>\nInformes de pruebas de terceros disponibles bajo petici\u00f3n<\/p>\n<h2><span style=\"font-size: 14pt;\">\u00bfPor qu\u00e9 elegirnos?<\/span><\/h2>\n<p>Contamos con una amplia experiencia en la preparaci\u00f3n de materiales de pulverizaci\u00f3n de \u00f3xido conductor transparente, haciendo hincapi\u00e9 en la estabilidad del proceso, la consistencia del producto y la adecuaci\u00f3n a las aplicaciones de los clientes. Podemos proporcionar un soporte de materiales fiable y sostenible para clientes de investigaci\u00f3n e industriales.<\/p>\n","protected":false},"excerpt":{"rendered":"<p>Objetivos de pulverizaci\u00f3n de \u00f3xido de zinc dopado con al\u00famina Descripci\u00f3n general Los objetivos de pulverizaci\u00f3n de \u00f3xido de zinc dopado con al\u00famina son materiales de \u00f3xido funcionales que combinan alta transmitancia y conductividad, utilizados principalmente para preparar pel\u00edculas delgadas conductoras transparentes y dispositivos optoelectr\u00f3nicos relacionados. Ofrecemos productos objetivo con diversas proporciones de dopaje, tama\u00f1os [&hellip;]<\/p>\n","protected":false},"featured_media":32941,"template":"","meta":{"_acf_changed":false},"product_brand":[132],"product_cat":[457,1196],"product_tag":[3310],"class_list":{"0":"post-32940","1":"product","2":"type-product","3":"status-publish","4":"has-post-thumbnail","6":"product_brand-ulpmat","7":"product_cat-blanco-ceramico-para-sputtering","8":"product_cat-oxidos-conductores-transparentes-tco","9":"product_tag-catodos-para-sputtering-de-oxido-de-zinc-dopado-con-alumina-azo","11":"first","12":"instock","13":"shipping-taxable","14":"product-type-variable"},"acf":[],"_links":{"self":[{"href":"https:\/\/ulpmat.com\/es\/wp-json\/wp\/v2\/product\/32940","targetHints":{"allow":["GET"]}}],"collection":[{"href":"https:\/\/ulpmat.com\/es\/wp-json\/wp\/v2\/product"}],"about":[{"href":"https:\/\/ulpmat.com\/es\/wp-json\/wp\/v2\/types\/product"}],"wp:featuredmedia":[{"embeddable":true,"href":"https:\/\/ulpmat.com\/es\/wp-json\/wp\/v2\/media\/32941"}],"wp:attachment":[{"href":"https:\/\/ulpmat.com\/es\/wp-json\/wp\/v2\/media?parent=32940"}],"wp:term":[{"taxonomy":"product_brand","embeddable":true,"href":"https:\/\/ulpmat.com\/es\/wp-json\/wp\/v2\/product_brand?post=32940"},{"taxonomy":"product_cat","embeddable":true,"href":"https:\/\/ulpmat.com\/es\/wp-json\/wp\/v2\/product_cat?post=32940"},{"taxonomy":"product_tag","embeddable":true,"href":"https:\/\/ulpmat.com\/es\/wp-json\/wp\/v2\/product_tag?post=32940"}],"curies":[{"name":"wp","href":"https:\/\/api.w.org\/{rel}","templated":true}]}}