{"id":31869,"date":"2025-12-18T17:49:51","date_gmt":"2025-12-18T09:49:51","guid":{"rendered":"https:\/\/ulpmat.com\/product\/seleniuro-de-cobre-4\/"},"modified":"2025-12-18T17:49:51","modified_gmt":"2025-12-18T09:49:51","slug":"seleniuro-de-cobre-4","status":"publish","type":"product","link":"https:\/\/ulpmat.com\/es\/producto\/seleniuro-de-cobre-4\/","title":{"rendered":"Seleniuro de cobre"},"content":{"rendered":"<h2><span style=\"font-size: 14pt;\">Descripci\u00f3n general del polvo de seleniuro de cobre<\/span><\/h2>\n<p>El polvo<br \/>\n<span style=\"color: #0000ff;\"><a style=\"color: #0000ff;\" href=\"https:\/\/ulpmat.com\/es\/buscar\/?type=name&#038;keyword=Copper+selenide\">de seleniuro de cobre<\/a><\/span><br \/>\nes un material compuesto de cobre de alta pureza ampliamente utilizado en materiales optoelectr\u00f3nicos, dispositivos semiconductores y recubrimientos funcionales.<\/p>\n<p>Ofrecemos polvo de seleniuro de cobre en varios tama\u00f1os de part\u00edculas, purezas y especificaciones de embalaje. P\u00f3ngase <span style=\"color: #0000ff;\"><a style=\"color: #0000ff;\" href=\"https:\/\/ulpmat.com\/es\/contacto\/\">en contacto con nosotros<\/a><\/span><br \/>\npara solicitar muestras o <span style=\"color: #0000ff;\"><a style=\"color: #0000ff;\" href=\"https:\/\/ulpmat.com\/es\/servicio\/asistencia-tecnica\/\">asistencia<\/a> t<a style=\"color: #0000ff;\" href=\"https:\/\/ulpmat.com\/es\/servicio\/asistencia-tecnica\/\">\u00e9cnica<\/a><\/span><br \/>\npersonalizada<span style=\"color: #0000ff;\"><a style=\"color: #0000ff;\" href=\"https:\/\/ulpmat.com\/es\/servicio\/asistencia-tecnica\/\">.<\/a><\/span><\/p>\n<h2><span style=\"font-size: 14pt;\">Caracter\u00edsticas destacadas del producto<\/span><\/h2>\n<p>Alta pureza.<br \/>\nDistribuci\u00f3n uniforme del tama\u00f1o de las part\u00edculas.<br \/>\nQu\u00edmicamente estable.<br \/>\nBajo contenido de impurezas.<br \/>\nF\u00e1cil de procesar y preparar pel\u00edculas delgadas.<br \/>\nAlta consistencia entre lotes.<br \/>\nCantidad m\u00ednima de pedido reducida, amplio stock<\/p>\n<h2><span style=\"font-size: 14pt;\">Aplicaciones del polvo de seleniuro de cobre<\/span><\/h2>\n<p>Preparaci\u00f3n de materiales fotovoltaicos y optoelectr\u00f3nicos: se utiliza en la preparaci\u00f3n de c\u00e9lulas solares y pel\u00edculas finas fotoconductoras, proporcionando una excelente eficiencia y estabilidad de conversi\u00f3n fotoel\u00e9ctrica. I+D de dispositivos<br \/>\n<span style=\"color: #0000ff;\"><a style=\"color: #0000ff;\" href=\"https:\/\/ulpmat.com\/es\/solicitud\/materiales-semiconductores\/\">semiconductores<\/a><\/span><br \/>\n: como material semiconductor de tipo p, se puede utilizar en la investigaci\u00f3n de nuevos dispositivos electr\u00f3nicos y materiales funcionales, garantizando un rendimiento estable de los dispositivos.<br \/>\nRecubrimientos funcionales y materiales industriales: se utiliza en la preparaci\u00f3n de recubrimientos conductores, resistentes a la corrosi\u00f3n y con funciones especiales, lo que aumenta el valor a\u00f1adido y la vida \u00fatil de los materiales industriales.<\/p>\n<h2><span style=\"color: #0000ff;\"><a style=\"color: #0000ff;\" href=\"https:\/\/ulpmat.com\/es\/empresa\/preguntas-frecuentes\/\"><span style=\"font-size: 14pt;\">Preguntas frecuentes<\/span><\/a><\/span><\/h2>\n<p>P1: \u00bfEl polvo de seleniuro de cobre se oxida o descompone f\u00e1cilmente?<br \/>\nR1: El polvo es relativamente estable al aire, pero la exposici\u00f3n prolongada a altas temperaturas o a luz intensa puede provocar una oxidaci\u00f3n parcial. Se recomienda almacenarlo en un recipiente herm\u00e9tico y protegido de la luz.<\/p>\n<p>P2: \u00bfEl tama\u00f1o de las part\u00edculas del polvo afecta a los resultados de la aplicaci\u00f3n?<br \/>\nR2: El tama\u00f1o de las part\u00edculas afecta directamente a la velocidad de reacci\u00f3n, la uniformidad de la pel\u00edcula y las propiedades del material. Se debe seleccionar un tama\u00f1o de part\u00edcula adecuado en funci\u00f3n del proceso espec\u00edfico.<\/p>\n<p>P3: \u00bfSe puede utilizar para experimentos de investigaci\u00f3n cient\u00edfica en lotes peque\u00f1os?<br \/>\nR3: S\u00ed, podemos proporcionar productos en lotes peque\u00f1os o personalizados para satisfacer las necesidades de I+D.<\/p>\n<p>P4: \u00bfSe puede mezclar el polvo de seleniuro de cobre con otros materiales?<br \/>\nR4: S\u00ed, pero se recomienda realizar pruebas a peque\u00f1a escala antes de la laminaci\u00f3n para garantizar la estabilidad de las propiedades finales del material.<\/p>\n<h2><span style=\"font-size: 14pt;\">Informes<\/span><\/h2>\n<p>Cada lote se suministra con:<br \/>\n<span style=\"color: #0000ff;\"><a style=\"color: #0000ff;\" href=\"https:\/\/ulpmat.com\/es\/documentos\/certificado-de-analisis\/\"><u>Certificado de an\u00e1lisis (COA)<\/u><\/a><\/span><\/p>\n<p><span style=\"color: #0000ff;\"><a style=\"color: #0000ff;\" href=\"https:\/\/ulpmat.com\/es\/documentos\/ficha-tecnica\/\"><u>Ficha t\u00e9cnica (TDS)<\/u><\/a><\/span><\/p>\n<p><span style=\"color: #0000ff;\"><a style=\"color: #0000ff;\" href=\"https:\/\/ulpmat.com\/es\/documentos\/ficha-de-datos-de-seguridad\/\"><u>Ficha de datos de seguridad (MSDS)<\/u><\/a><\/span><br \/>\nInformes de pruebas de terceros disponibles bajo petici\u00f3n<\/p>\n<h2><span style=\"font-size: 14pt;\">\u00bfPor qu\u00e9 elegirnos?<\/span><\/h2>\n<p>Nos centramos en la <span style=\"color: #0000ff;\"><a style=\"color: #0000ff;\" href=\"https:\/\/ulpmat.com\/es\/empresa\/id\/\">I+D<\/a><\/span><br \/>\ny el suministro de polvos funcionales inorg\u00e1nicos de alta pureza, controlando estrictamente las materias primas, el procesamiento y la calidad de los lotes para garantizar la estabilidad y fiabilidad del polvo de seleniuro de cobre en aplicaciones cient\u00edficas, industriales y optoelectr\u00f3nicas, proporcionando a los clientes soluciones de materiales trazables y de alta calidad.<\/p>\n","protected":false},"excerpt":{"rendered":"<p>Descripci\u00f3n general del polvo de seleniuro de cobre El polvo de seleniuro de cobre es un material compuesto de cobre de alta pureza ampliamente utilizado en materiales optoelectr\u00f3nicos, dispositivos semiconductores y recubrimientos funcionales. Ofrecemos polvo de seleniuro de cobre en varios tama\u00f1os de part\u00edculas, purezas y especificaciones de embalaje. P\u00f3ngase en contacto con nosotros para [&hellip;]<\/p>\n","protected":false},"featured_media":31870,"template":"","meta":{"_acf_changed":false},"product_brand":[132],"product_cat":[678,1102],"product_tag":[2925],"class_list":{"0":"post-31869","1":"product","2":"type-product","3":"status-publish","4":"has-post-thumbnail","6":"product_brand-ulpmat","7":"product_cat-materiales-calcogenuros","8":"product_cat-materiales-calcogenuros-es","9":"product_tag-seleniuro-de-cobre-en-polvo","11":"first","12":"instock","13":"shipping-taxable","14":"product-type-variable"},"acf":[],"_links":{"self":[{"href":"https:\/\/ulpmat.com\/es\/wp-json\/wp\/v2\/product\/31869","targetHints":{"allow":["GET"]}}],"collection":[{"href":"https:\/\/ulpmat.com\/es\/wp-json\/wp\/v2\/product"}],"about":[{"href":"https:\/\/ulpmat.com\/es\/wp-json\/wp\/v2\/types\/product"}],"wp:featuredmedia":[{"embeddable":true,"href":"https:\/\/ulpmat.com\/es\/wp-json\/wp\/v2\/media\/31870"}],"wp:attachment":[{"href":"https:\/\/ulpmat.com\/es\/wp-json\/wp\/v2\/media?parent=31869"}],"wp:term":[{"taxonomy":"product_brand","embeddable":true,"href":"https:\/\/ulpmat.com\/es\/wp-json\/wp\/v2\/product_brand?post=31869"},{"taxonomy":"product_cat","embeddable":true,"href":"https:\/\/ulpmat.com\/es\/wp-json\/wp\/v2\/product_cat?post=31869"},{"taxonomy":"product_tag","embeddable":true,"href":"https:\/\/ulpmat.com\/es\/wp-json\/wp\/v2\/product_tag?post=31869"}],"curies":[{"name":"wp","href":"https:\/\/api.w.org\/{rel}","templated":true}]}}