{"id":31809,"date":"2025-12-18T17:49:52","date_gmt":"2025-12-18T09:49:52","guid":{"rendered":"https:\/\/ulpmat.com\/product\/cobre-telluride-4\/"},"modified":"2025-12-18T17:49:52","modified_gmt":"2025-12-18T09:49:52","slug":"cobre-telluride-4","status":"publish","type":"product","link":"https:\/\/ulpmat.com\/es\/producto\/cobre-telluride-4\/","title":{"rendered":"Cobre Telluride"},"content":{"rendered":"<h2><span style=\"font-size: 14pt;\">Descripci\u00f3n general del polvo de telururo de cobre<\/span><\/h2>\n<p>El polvo<br \/>\n<span style=\"color: #0000ff;\"><a style=\"color: #0000ff;\" href=\"https:\/\/ulpmat.com\/es\/buscar\/?type=name&#038;keyword=Copper+telluride\">de telururo de cobre<\/a><\/span><br \/>\nes un material compuesto de cobre de alta pureza ampliamente utilizado en dispositivos optoelectr\u00f3nicos, materiales semiconductores y recubrimientos funcionales.<\/p>\n<p>Ofrecemos polvo de telururo de cobre en varios tama\u00f1os de part\u00edculas, purezas y especificaciones de envasado. P\u00f3ngase <span style=\"color: #0000ff;\"><a style=\"color: #0000ff;\" href=\"https:\/\/ulpmat.com\/es\/contacto\/\">en contacto con nosotros<\/a><\/span><br \/>\npara solicitar muestras o <span style=\"color: #0000ff;\"><a style=\"color: #0000ff;\" href=\"https:\/\/ulpmat.com\/es\/servicio\/asistencia-tecnica\/\">asistencia t\u00e9cnica<\/a><\/span><br \/>\npersonalizada<span style=\"color: #0000ff;\"><a style=\"color: #0000ff;\" href=\"https:\/\/ulpmat.com\/es\/servicio\/asistencia-tecnica\/\">.<\/a><\/span><\/p>\n<h2><span style=\"font-size: 14pt;\">Caracter\u00edsticas destacadas del producto<\/span><\/h2>\n<p>Alta pureza.<br \/>\nDistribuci\u00f3n uniforme del tama\u00f1o de las part\u00edculas.<br \/>\nQu\u00edmicamente estable.<br \/>\nBajo contenido de impurezas.<br \/>\nF\u00e1cil de procesar y preparar pel\u00edculas delgadas.<br \/>\nAlta consistencia entre lotes.<br \/>\nCantidad m\u00ednima de pedido, envase personalizable.<br \/>\nAdecuado para aplicaciones industriales y de investigaci\u00f3n<\/p>\n<h2><span style=\"font-size: 14pt;\">. Aplicaciones del polvo de telururo de cobre<\/span><\/h2>\n<p>Materiales fotovoltaicos y <span style=\"color: #0000ff;\"><a style=\"color: #0000ff;\" href=\"https:\/\/ulpmat.com\/es\/solicitud\/materiales-opticos\/\">optoelectr\u00f3nicos<\/a><\/span><br \/>\n: se utiliza en la preparaci\u00f3n de c\u00e9lulas solares y pel\u00edculas finas fotoconductoras para mejorar la eficiencia de conversi\u00f3n fotoel\u00e9ctrica y la estabilidad del material. Desarrollo de dispositivos<br \/>\n<span style=\"color: #0000ff;\"><a style=\"color: #0000ff;\" href=\"https:\/\/ulpmat.com\/es\/solicitud\/materiales-semiconductores\/\">semiconductores<\/a><\/span><br \/>\n: como polvo de material semiconductor funcional, se puede utilizar para desarrollar nuevos dispositivos electr\u00f3nicos y sistemas de materiales, lo que garantiza un rendimiento fiable.<br \/>\nRecubrimientos funcionales y materiales industriales: se utiliza en la preparaci\u00f3n de recubrimientos conductores, resistentes a la corrosi\u00f3n u otros recubrimientos funcionales especiales para aumentar el valor a\u00f1adido y la vida \u00fatil de los materiales industriales.<br \/>\nInvestigaci\u00f3n y estudios de laboratorio: adecuado para el desarrollo de materiales y experimentos con pel\u00edculas delgadas, lo que garantiza datos experimentales repetibles y propiedades de pel\u00edcula controlables.<\/p>\n<h2><span style=\"font-size: 14pt;\">Preguntas frecuentes<\/span><\/h2>\n<p>P1: \u00bfEl polvo de telururo de cobre se oxida f\u00e1cilmente?<br \/>\nR1: El polvo es relativamente estable en el aire, pero se recomienda almacenarlo en un entorno sellado, seco y protegido de la luz para mantener su estabilidad a largo plazo.<\/p>\n<p>P2: \u00bfEl tama\u00f1o de las part\u00edculas del polvo afecta a las propiedades del material?<br \/>\nR2: El tama\u00f1o de las part\u00edculas afecta a la velocidad de reacci\u00f3n, la uniformidad de la pel\u00edcula y las propiedades fotoel\u00e9ctricas. Se debe seleccionar un tama\u00f1o de part\u00edcula adecuado en funci\u00f3n del proceso espec\u00edfico.<\/p>\n<p>P3: \u00bfSe puede utilizar para experimentos de investigaci\u00f3n en lotes peque\u00f1os?<br \/>\nR3: S\u00ed, podemos proporcionar especificaciones para lotes peque\u00f1os o personalizadas para satisfacer las necesidades de los laboratorios y de I+D.<\/p>\n<p>P4: \u00bfSe puede mezclar el polvo de telururo de cobre con otros materiales?<br \/>\nR4: S\u00ed, pero se recomienda realizar primero pruebas a peque\u00f1a escala para garantizar la estabilidad del sistema compuesto.<\/p>\n<h2><span style=\"font-size: 14pt;\">Informes<\/span><\/h2>\n<p>Cada lote se suministra con:<br \/>\n<span style=\"color: #0000ff;\"><a style=\"color: #0000ff;\" href=\"https:\/\/ulpmat.com\/es\/documentos\/certificado-de-analisis\/\"><u>Certificado de an\u00e1lisis (COA)<\/u><\/a><\/span><\/p>\n<p><span style=\"color: #0000ff;\"><a style=\"color: #0000ff;\" href=\"https:\/\/ulpmat.com\/es\/documentos\/ficha-tecnica\/\"><u>Ficha t\u00e9cnica (TDS)<\/u><\/a><\/span><\/p>\n<p><span style=\"color: #0000ff;\"><a style=\"color: #0000ff;\" href=\"https:\/\/ulpmat.com\/es\/documentos\/ficha-de-datos-de-seguridad\/\"><u>Ficha de datos de seguridad (MSDS)<\/u><\/a><\/span><br \/>\nInformes de pruebas de terceros disponibles bajo petici\u00f3n<\/p>\n<h2><span style=\"font-size: 14pt;\">\u00bfPor qu\u00e9 elegirnos?<\/span><\/h2>\n<p>Nos centramos en la investigaci\u00f3n, el desarrollo y el suministro de polvos funcionales inorg\u00e1nicos de alta pureza, controlando estrictamente la calidad de las materias primas, el procesamiento y los lotes para garantizar la estabilidad y fiabilidad del polvo de telururo de cobre en aplicaciones cient\u00edficas, industriales y optoelectr\u00f3nicas, y proporcionar a los clientes soluciones de materiales de alta calidad y trazables.<\/p>\n","protected":false},"excerpt":{"rendered":"<p>Descripci\u00f3n general del polvo de telururo de cobre El polvo de telururo de cobre es un material compuesto de cobre de alta pureza ampliamente utilizado en dispositivos optoelectr\u00f3nicos, materiales semiconductores y recubrimientos funcionales. Ofrecemos polvo de telururo de cobre en varios tama\u00f1os de part\u00edculas, purezas y especificaciones de envasado. P\u00f3ngase en contacto con nosotros para [&hellip;]<\/p>\n","protected":false},"featured_media":31810,"template":"","meta":{"_acf_changed":false},"product_brand":[132],"product_cat":[678,1102],"product_tag":[2900],"class_list":{"0":"post-31809","1":"product","2":"type-product","3":"status-publish","4":"has-post-thumbnail","6":"product_brand-ulpmat","7":"product_cat-materiales-calcogenuros","8":"product_cat-materiales-calcogenuros-es","9":"product_tag-polvo-de-telururo-de-cobre","11":"first","12":"instock","13":"shipping-taxable","14":"product-type-variable"},"acf":[],"_links":{"self":[{"href":"https:\/\/ulpmat.com\/es\/wp-json\/wp\/v2\/product\/31809","targetHints":{"allow":["GET"]}}],"collection":[{"href":"https:\/\/ulpmat.com\/es\/wp-json\/wp\/v2\/product"}],"about":[{"href":"https:\/\/ulpmat.com\/es\/wp-json\/wp\/v2\/types\/product"}],"wp:featuredmedia":[{"embeddable":true,"href":"https:\/\/ulpmat.com\/es\/wp-json\/wp\/v2\/media\/31810"}],"wp:attachment":[{"href":"https:\/\/ulpmat.com\/es\/wp-json\/wp\/v2\/media?parent=31809"}],"wp:term":[{"taxonomy":"product_brand","embeddable":true,"href":"https:\/\/ulpmat.com\/es\/wp-json\/wp\/v2\/product_brand?post=31809"},{"taxonomy":"product_cat","embeddable":true,"href":"https:\/\/ulpmat.com\/es\/wp-json\/wp\/v2\/product_cat?post=31809"},{"taxonomy":"product_tag","embeddable":true,"href":"https:\/\/ulpmat.com\/es\/wp-json\/wp\/v2\/product_tag?post=31809"}],"curies":[{"name":"wp","href":"https:\/\/api.w.org\/{rel}","templated":true}]}}