{"id":31569,"date":"2025-12-18T17:49:54","date_gmt":"2025-12-18T09:49:54","guid":{"rendered":"https:\/\/ulpmat.com\/product\/cloruro-de-cobre-2\/"},"modified":"2025-12-18T17:49:54","modified_gmt":"2025-12-18T09:49:54","slug":"cloruro-de-cobre-2","status":"publish","type":"product","link":"https:\/\/ulpmat.com\/es\/producto\/cloruro-de-cobre-2\/","title":{"rendered":"Cloruro de cobre"},"content":{"rendered":"<h2><span style=\"font-size: 14pt;\">Descripci\u00f3n general del cloruro de cobre en polvo<\/span><\/h2>\n<p><span style=\"color: #0000ff;\"><a style=\"color: #0000ff;\" href=\"https:\/\/ulpmat.com\/es\/buscar\/?type=name&#038;keyword=CuCl\">El cloruro de cobre<\/a><\/span><br \/>\nen polvo es un compuesto inorg\u00e1nico de cobre monovalente que se utiliza principalmente en s\u00edntesis org\u00e1nicas, sistemas de cat\u00e1lisis e investigaci\u00f3n y aplicaciones de materiales electr\u00f3nicos.<\/p>\n<p>Podemos suministrar de forma estable cloruro cuproso en polvo de diferentes purezas y tama\u00f1os de part\u00edculas para apoyar la investigaci\u00f3n y las aplicaciones industriales. P\u00f3ngase <span style=\"color: #0000ff;\"><a style=\"color: #0000ff;\" href=\"https:\/\/ulpmat.com\/es\/contacto\/\">en contacto con nosotros<\/a><\/span><br \/>\npara obtener par\u00e1metros detallados y muestras.<\/p>\n<h2><span style=\"font-size: 14pt;\">Caracter\u00edsticas destacadas del producto<\/span><\/h2>\n<p>Estado de valencia monovalente definitivo del cobre<br \/>\nControl de la materia prima de alta pureza<br \/>\nMorfolog\u00eda uniforme del polvo<br \/>\nBajo contenido de impurezas<br \/>\nReactividad controlable<br \/>\nAdecuado para aplicaciones qu\u00edmicas finas<br \/>\nBuena estabilidad de los lotes<\/p>\n<h2><span style=\"font-size: 14pt;\">Aplicaciones del cloruro de cobre en polvo<\/span><\/h2>\n<p>S\u00edntesis org\u00e1nica y reacciones de acoplamiento: El cloruro cuproso se utiliza a menudo como catalizador o promotor de reacciones en diversos sistemas de reacci\u00f3n org\u00e1nica para mejorar la selectividad y la eficiencia de la reacci\u00f3n.<br \/>\nCat\u00e1lisis e investigaci\u00f3n qu\u00edmica: En la investigaci\u00f3n de cat\u00e1lisis en laboratorio, como fuente de cobre monovalente, ayuda a construir un entorno de reacci\u00f3n estable y controlable.<br \/>\nDesarrollo de materiales electr\u00f3nicos y funcionales: se puede utilizar para preparar materiales funcionales a base de cobre o como precursor, lo que favorece la investigaci\u00f3n sobre nuevos materiales y compuestos electr\u00f3nicos.<br \/>\nPreparaci\u00f3n de productos qu\u00edmicos finos: Adecuado para la s\u00edntesis de productos qu\u00edmicos finos con altos requisitos de estado de valencia y reactividad del cobre.<\/p>\n<h2><span style=\"color: #0000ff;\"><a style=\"color: #0000ff;\" href=\"https:\/\/ulpmat.com\/es\/empresa\/preguntas-frecuentes\/\"><span style=\"font-size: 14pt;\">Preguntas frecuentes<\/span><\/a><\/span><\/h2>\n<p>P1: \u00bfCu\u00e1les son las diferencias fundamentales entre el CuCl y el CuCl\u2082 en sus aplicaciones?<br \/>\nR1: El CuCl es un compuesto de cobre monovalente, m\u00e1s adecuado para sistemas de reacci\u00f3n que requieren cobre de baja valencia, mientras que el CuCl\u2082 es cobre divalente, que presenta comportamientos qu\u00edmicos diferentes.<\/p>\n<p>P2: \u00bfSe oxida f\u00e1cilmente el cloruro cuproso en polvo?<br \/>\nR2: Puede producirse una oxidaci\u00f3n lenta con la exposici\u00f3n prolongada al aire. Se recomienda almacenarlo en un lugar sellado y protegido de la luz para mantener su estabilidad.<\/p>\n<p>P3: \u00bfEs este producto adecuado para uso en investigaci\u00f3n?<br \/>\nR3: S\u00ed, podemos proporcionar especificaciones que satisfagan las necesidades experimentales y de investigaci\u00f3n y garantizar la consistencia de los lotes.<\/p>\n<p>P4: \u00bfQu\u00e9 precauciones se deben tomar durante el almacenamiento y el uso?<br \/>\nR4: Se recomienda almacenarlo en un recipiente sellado en un entorno seco. Evite la exposici\u00f3n prolongada al aire y a entornos h\u00famedos durante su manipulaci\u00f3n.<\/p>\n<h2><span style=\"font-size: 14pt;\">Informes<\/span><\/h2>\n<p>Cada lote se suministra con:<br \/>\n<span style=\"color: #0000ff;\"><a style=\"color: #0000ff;\" href=\"https:\/\/ulpmat.com\/es\/documentos\/certificado-de-analisis\/\"><u>Certificado de an\u00e1lisis (COA)<\/u><\/a><\/span><\/p>\n<p><span style=\"color: #0000ff;\"><a style=\"color: #0000ff;\" href=\"https:\/\/ulpmat.com\/es\/documentos\/ficha-tecnica\/\"><u>Ficha t\u00e9cnica (TDS)<\/u><\/a><\/span><\/p>\n<p><span style=\"color: #0000ff;\"><a style=\"color: #0000ff;\" href=\"https:\/\/ulpmat.com\/es\/documentos\/ficha-de-datos-de-seguridad\/\"><u>Ficha de datos de seguridad (MSDS)<\/u><\/a><\/span><br \/>\nInformes de pruebas de terceros disponibles bajo petici\u00f3n<\/p>\n<h2><span style=\"font-size: 14pt;\">\u00bfPor qu\u00e9 elegirnos?<\/span><\/h2>\n<p>Nos centramos en el suministro estandarizado de materias primas qu\u00edmicas inorg\u00e1nicas de alta pureza, distinguiendo estrictamente entre los diferentes estados de valencia de los materiales de cobre para garantizar una denominaci\u00f3n, composici\u00f3n y rendimiento precisos y consistentes de los productos, proporcionando un apoyo fiable en forma de cloruro cuproso en polvo para la investigaci\u00f3n cient\u00edfica y las aplicaciones qu\u00edmicas finas.<\/p>\n","protected":false},"excerpt":{"rendered":"<p>Descripci\u00f3n general del cloruro de cobre en polvo El cloruro de cobre en polvo es un compuesto inorg\u00e1nico de cobre monovalente que se utiliza principalmente en s\u00edntesis org\u00e1nicas, sistemas de cat\u00e1lisis e investigaci\u00f3n y aplicaciones de materiales electr\u00f3nicos. Podemos suministrar de forma estable cloruro cuproso en polvo de diferentes purezas y tama\u00f1os de part\u00edculas para [&hellip;]<\/p>\n","protected":false},"featured_media":31570,"template":"","meta":{"_acf_changed":false},"product_brand":[132],"product_cat":[330],"product_tag":[3088],"class_list":{"0":"post-31569","1":"product","2":"type-product","3":"status-publish","4":"has-post-thumbnail","6":"product_brand-ulpmat","7":"product_cat-materiales-halogenados","8":"product_tag-cloruro-de-cobre-en-polvo","10":"first","11":"instock","12":"shipping-taxable","13":"product-type-variable"},"acf":[],"_links":{"self":[{"href":"https:\/\/ulpmat.com\/es\/wp-json\/wp\/v2\/product\/31569","targetHints":{"allow":["GET"]}}],"collection":[{"href":"https:\/\/ulpmat.com\/es\/wp-json\/wp\/v2\/product"}],"about":[{"href":"https:\/\/ulpmat.com\/es\/wp-json\/wp\/v2\/types\/product"}],"wp:featuredmedia":[{"embeddable":true,"href":"https:\/\/ulpmat.com\/es\/wp-json\/wp\/v2\/media\/31570"}],"wp:attachment":[{"href":"https:\/\/ulpmat.com\/es\/wp-json\/wp\/v2\/media?parent=31569"}],"wp:term":[{"taxonomy":"product_brand","embeddable":true,"href":"https:\/\/ulpmat.com\/es\/wp-json\/wp\/v2\/product_brand?post=31569"},{"taxonomy":"product_cat","embeddable":true,"href":"https:\/\/ulpmat.com\/es\/wp-json\/wp\/v2\/product_cat?post=31569"},{"taxonomy":"product_tag","embeddable":true,"href":"https:\/\/ulpmat.com\/es\/wp-json\/wp\/v2\/product_tag?post=31569"}],"curies":[{"name":"wp","href":"https:\/\/api.w.org\/{rel}","templated":true}]}}