{"id":31360,"date":"2025-12-19T16:46:45","date_gmt":"2025-12-19T08:46:45","guid":{"rendered":"https:\/\/ulpmat.com\/product\/yoduro-de-cobre-i-3\/"},"modified":"2025-12-19T16:46:45","modified_gmt":"2025-12-19T08:46:45","slug":"yoduro-de-cobre-i-3","status":"publish","type":"product","link":"https:\/\/ulpmat.com\/es\/producto\/yoduro-de-cobre-i-3\/","title":{"rendered":"Yoduro de cobre (I)"},"content":{"rendered":"<h2><span style=\"font-size: 14pt;\">Descripci\u00f3n general de los gr\u00e1nulos de yoduro de cobre<\/span><\/h2>\n<p>Los gr\u00e1nulos<br \/>\n<span style=\"color: #0000ff;\"><a style=\"color: #0000ff;\" href=\"https:\/\/ulpmat.com\/es\/buscar\/?type=name&#038;keyword=CuI\">de yoduro de cobre<\/a><\/span><br \/>\nson polvos de yoduro de cobre de alta pureza ampliamente utilizados en materiales optoelectr\u00f3nicos, pel\u00edculas delgadas conductoras y cat\u00e1lisis de reacciones qu\u00edmicas.<\/p>\n<p>Ofrecemos gr\u00e1nulos de CuI en varios tama\u00f1os de part\u00edculas y especificaciones de embalaje, y ofrecemos suministro personalizado y asesoramiento <span style=\"color: #0000ff;\"><a style=\"color: #0000ff;\" href=\"https:\/\/ulpmat.com\/es\/contacto\/\">t\u00e9cnico<\/a><\/span><br \/>\n. P\u00f3ngase <span style=\"color: #0000ff;\"><a style=\"color: #0000ff;\" href=\"https:\/\/ulpmat.com\/es\/contacto\/\">en contacto con nosotros<\/a><\/span><br \/>\npara obtener soluciones detalladas.<\/p>\n<h2><span style=\"font-size: 14pt;\">Caracter\u00edsticas destacadas del producto<\/span><\/h2>\n<p>Alta pureza, contenido estable<br \/>\nTama\u00f1o de part\u00edcula uniforme, buena fluidez<br \/>\nAlta estabilidad qu\u00edmica<br \/>\nF\u00e1cil de disolver y procesar<br \/>\nConsistencia fiable entre lotes<br \/>\nAdecuado para materiales optoelectr\u00f3nicos y electr\u00f3nicos<br \/>\nApto para aplicaciones industriales y de investigaci\u00f3n cient\u00edfica<\/p>\n<h2><span style=\"font-size: 14pt;\">Aplicaciones de los gr\u00e1nulos de yoduro de cobre<\/span><\/h2>\n<p>Materiales<br \/>\n<span style=\"color: #0000ff;\"><a style=\"color: #0000ff;\" href=\"https:\/\/ulpmat.com\/es\/solicitud\/materiales-opticos\/\">optoelectr\u00f3nicos<\/a><\/span><br \/>\ny <span style=\"color: #0000ff;\"><a style=\"color: #0000ff;\" href=\"https:\/\/ulpmat.com\/es\/solicitud\/materiales-semiconductores\/\">semiconductores<\/a><\/span><br \/>\n: los gr\u00e1nulos de CuI se utilizan habitualmente para preparar pel\u00edculas finas conductoras transparentes y capas activas optoelectr\u00f3nicas, lo que mejora la eficiencia de los dispositivos.<br \/>\nReacciones qu\u00edmicas y cat\u00e1lisis: como catalizador o intermediario de reacci\u00f3n, los gr\u00e1nulos de CuI pueden participar en diversas reacciones de s\u00edntesis org\u00e1nica.<br \/>\nPreparaci\u00f3n de pel\u00edculas delgadas conductoras: en materiales electr\u00f3nicos flexibles o transparentes, los gr\u00e1nulos de CuI se pueden utilizar para fabricar capas conductoras, mejorando la conductividad.<\/p>\n<h2><span style=\"color: #0000ff;\"><a style=\"color: #0000ff;\" href=\"https:\/\/ulpmat.com\/es\/empresa\/preguntas-frecuentes\/\"><span style=\"font-size: 14pt;\">Preguntas frecuentes<\/span><\/a><\/span><\/h2>\n<p>P1: \u00bfSon estables los gr\u00e1nulos de CuI en el aire?<br \/>\nR1: El CuI es relativamente estable al aire, pero la exposici\u00f3n prolongada a la humedad puede hacer que absorba humedad; por lo tanto, debe almacenarse en un recipiente sellado.<\/p>\n<p>P2: \u00bfEl tama\u00f1o de las part\u00edculas afecta a las aplicaciones?<br \/>\nR2: S\u00ed, lo hace. Las part\u00edculas de menor tama\u00f1o son m\u00e1s f\u00e1ciles de dispersar y disolver, mientras que las part\u00edculas m\u00e1s grandes son adecuadas para determinados procesos de prensado de polvo o fundici\u00f3n.<\/p>\n<p>P3: \u00bfSe puede utilizar para la deposici\u00f3n de pel\u00edculas finas?<br \/>\nR3: S\u00ed, el CuI se puede utilizar en el procesamiento de soluciones o en la evaporaci\u00f3n t\u00e9rmica para preparar pel\u00edculas conductoras transparentes.<\/p>\n<p>P4: \u00bfCu\u00e1les son los requisitos de almacenamiento?<br \/>\nR4: Se recomienda almacenarlo en un recipiente herm\u00e9tico y seco, evitando la alta humedad y la luz intensa para mantener el rendimiento de las part\u00edculas.<\/p>\n<h2><span style=\"font-size: 14pt;\">Informes<\/span><\/h2>\n<p>Cada lote se suministra con:<br \/>\n<span style=\"color: #0000ff;\"><a style=\"color: #0000ff;\" href=\"https:\/\/ulpmat.com\/es\/documentos\/certificado-de-analisis\/\"><u>Certificado de an\u00e1lisis (COA)<\/u><\/a><\/span><\/p>\n<p><span style=\"color: #0000ff;\"><a style=\"color: #0000ff;\" href=\"https:\/\/ulpmat.com\/es\/documentos\/ficha-tecnica\/\"><u>Ficha t\u00e9cnica (TDS)<\/u><\/a><\/span><\/p>\n<p><span style=\"color: #0000ff;\"><a style=\"color: #0000ff;\" href=\"https:\/\/ulpmat.com\/es\/documentos\/ficha-de-datos-de-seguridad\/\"><u>Ficha de datos de seguridad (MSDS)<\/u><\/a><\/span><br \/>\nInformes de pruebas de terceros disponibles bajo petici\u00f3n<\/p>\n<h2><span style=\"font-size: 14pt;\">\u00bfPor qu\u00e9 elegirnos?<\/span><\/h2>\n<p>Nos centramos en la producci\u00f3n y el control de calidad de part\u00edculas qu\u00edmicas inorg\u00e1nicas de alta pureza, gestionando estrictamente las materias primas y los procesos para garantizar un rendimiento estable y la fiabilidad de los lotes de part\u00edculas de CuI en la investigaci\u00f3n cient\u00edfica y las aplicaciones industriales.<\/p>\n","protected":false},"excerpt":{"rendered":"<p>Descripci\u00f3n general de los gr\u00e1nulos de yoduro de cobre Los gr\u00e1nulos de yoduro de cobre son polvos de yoduro de cobre de alta pureza ampliamente utilizados en materiales optoelectr\u00f3nicos, pel\u00edculas delgadas conductoras y cat\u00e1lisis de reacciones qu\u00edmicas. Ofrecemos gr\u00e1nulos de CuI en varios tama\u00f1os de part\u00edculas y especificaciones de embalaje, y ofrecemos suministro personalizado y [&hellip;]<\/p>\n","protected":false},"featured_media":31361,"template":"","meta":{"_acf_changed":false},"product_brand":[132],"product_cat":[340],"product_tag":[3040],"class_list":{"0":"post-31360","1":"product","2":"type-product","3":"status-publish","4":"has-post-thumbnail","6":"product_brand-ulpmat","7":"product_cat-materiales-de-evaporacion","8":"product_tag-yoduro-de-cobre-i-en-granulos","10":"first","11":"instock","12":"shipping-taxable","13":"product-type-variable"},"acf":[],"_links":{"self":[{"href":"https:\/\/ulpmat.com\/es\/wp-json\/wp\/v2\/product\/31360","targetHints":{"allow":["GET"]}}],"collection":[{"href":"https:\/\/ulpmat.com\/es\/wp-json\/wp\/v2\/product"}],"about":[{"href":"https:\/\/ulpmat.com\/es\/wp-json\/wp\/v2\/types\/product"}],"wp:featuredmedia":[{"embeddable":true,"href":"https:\/\/ulpmat.com\/es\/wp-json\/wp\/v2\/media\/31361"}],"wp:attachment":[{"href":"https:\/\/ulpmat.com\/es\/wp-json\/wp\/v2\/media?parent=31360"}],"wp:term":[{"taxonomy":"product_brand","embeddable":true,"href":"https:\/\/ulpmat.com\/es\/wp-json\/wp\/v2\/product_brand?post=31360"},{"taxonomy":"product_cat","embeddable":true,"href":"https:\/\/ulpmat.com\/es\/wp-json\/wp\/v2\/product_cat?post=31360"},{"taxonomy":"product_tag","embeddable":true,"href":"https:\/\/ulpmat.com\/es\/wp-json\/wp\/v2\/product_tag?post=31360"}],"curies":[{"name":"wp","href":"https:\/\/api.w.org\/{rel}","templated":true}]}}