{"id":31298,"date":"2025-12-19T16:46:46","date_gmt":"2025-12-19T08:46:46","guid":{"rendered":"https:\/\/ulpmat.com\/product\/yoduro-de-cobre-i\/"},"modified":"2025-12-19T16:46:46","modified_gmt":"2025-12-19T08:46:46","slug":"yoduro-de-cobre-i","status":"publish","type":"product","link":"https:\/\/ulpmat.com\/es\/producto\/yoduro-de-cobre-i\/","title":{"rendered":"Yoduro de cobre (I)"},"content":{"rendered":"<h2><span style=\"font-size: 14pt;\">Objetivos de pulverizaci\u00f3n de yoduro de cobre Descripci\u00f3n general<\/span><\/h2>\n<p>Los objetivos de pulverizaci\u00f3n<br \/>\n<span style=\"color: #0000ff;\"><a style=\"color: #0000ff;\" href=\"https:\/\/ulpmat.com\/es\/buscar\/?type=name&#038;keyword=CuI\">de yoduro de cobre<\/a><\/span><br \/>\nson materiales funcionales t\u00edpicos de haluro de cobre, utilizados principalmente para preparar pel\u00edculas conductoras transparentes y nuevas pel\u00edculas funcionales optoelectr\u00f3nicas.<\/p>\n<p>Podemos proporcionar objetivos de pulverizaci\u00f3n de yoduro de cobre en diferentes tama\u00f1os, formas y purezas seg\u00fan las necesidades del cliente. P\u00f3ngase <span style=\"color: #0000ff;\"><a style=\"color: #0000ff;\" href=\"https:\/\/ulpmat.com\/es\/contacto\/\">en contacto con nosotros<\/a><\/span><br \/>\npara obtener soluciones <span style=\"color: #0000ff;\"><a style=\"color: #0000ff;\" href=\"https:\/\/ulpmat.com\/es\/servicio\/personalizacion\/\">personalizadas<\/a><\/span><br \/>\ny <span style=\"color: #0000ff;\"><a style=\"color: #0000ff;\" href=\"https:\/\/ulpmat.com\/es\/servicio\/asistencia-tecnica\/\">asistencia t\u00e9cnica.<\/a><\/span><\/p>\n<h2><span style=\"font-size: 14pt;\">Caracter\u00edsticas destacadas del producto<\/span><\/h2>\n<p>Estequiometr\u00eda estable<br \/>\nBuena consistencia en la composici\u00f3n de la pel\u00edcula<br \/>\nProceso de pulverizaci\u00f3n altamente controlable<br \/>\nAdecuado para procesos de deposici\u00f3n a baja temperatura<br \/>\nFacilita la obtenci\u00f3n de pel\u00edculas de alta transmitancia<br \/>\nCompatible con varios sistemas de pulverizaci\u00f3n<\/p>\n<h2><span style=\"font-size: 14pt;\">Aplicaciones de los blancos de pulverizaci\u00f3n de yoduro de cobre<\/span><\/h2>\n<p>Pel\u00edculas conductoras transparentes: en los dispositivos electr\u00f3nicos transparentes, las pel\u00edculas de yoduro cuproso se pueden utilizar para construir capas funcionales que combinan conductividad y transmitancia de luz visible, adecuadas para tecnolog\u00edas de visualizaci\u00f3n flexibles y novedosas. Investigaci\u00f3n de dispositivos<br \/>\n<span style=\"color: #0000ff;\"><a style=\"color: #0000ff;\" href=\"https:\/\/ulpmat.com\/es\/solicitud\/materiales-opticos\/\">optoelectr\u00f3nicos<\/a><\/span><br \/>\n: este material tiene valor para la investigaci\u00f3n en t\u00e9rminos de caracter\u00edsticas de fotorrespuesta y se utiliza a menudo para la verificaci\u00f3n de dispositivos optoelectr\u00f3nicos de grado de laboratorio y estructuras semiconductoras novedosas.<br \/>\nHeterouniones y capas de interfaz: en estructuras de pel\u00edcula delgada multicapa, el yoduro cuproso puede servir como capa de interfaz funcional, mejorando el comportamiento del transporte de portadores y la estabilidad de la interfaz.<br \/>\nDesarrollo de recubrimientos funcionales: Las pel\u00edculas delgadas de yoduro cuproso preparadas por pulverizaci\u00f3n cat\u00f3dica son adecuadas para la selecci\u00f3n de materiales y la evaluaci\u00f3n del rendimiento de recubrimientos funcionales novedosos.<\/p>\n<h2><span style=\"color: #0000ff;\"><a style=\"color: #0000ff;\" href=\"https:\/\/ulpmat.com\/es\/empresa\/preguntas-frecuentes\/\"><span style=\"font-size: 14pt;\">Preguntas frecuentes<\/span><\/a><\/span><\/h2>\n<p>P1: \u00bfEs un blanco de pulverizaci\u00f3n cat\u00f3dica de yoduro cuproso adecuado para la pulverizaci\u00f3n cat\u00f3dica de CC o RF?<br \/>\nR1: En general, la pulverizaci\u00f3n cat\u00f3dica de RF es m\u00e1s adecuada, ya que ayuda a obtener pel\u00edculas delgadas con una composici\u00f3n m\u00e1s uniforme y una adhesi\u00f3n m\u00e1s estable.<\/p>\n<p>P2: \u00bfEs el blanco propenso a la descomposici\u00f3n durante la pulverizaci\u00f3n cat\u00f3dica?<br \/>\nR2: En condiciones razonables de control de potencia y atm\u00f3sfera, la estructura del objetivo es estable, lo que permite una deposici\u00f3n continua.<\/p>\n<p>P3: \u00bfSe requieren altas temperaturas del sustrato para la preparaci\u00f3n de pel\u00edculas delgadas?<br \/>\nR3: Este material admite la deposici\u00f3n a temperaturas del sustrato relativamente bajas, lo que lo hace adecuado para aplicaciones con sustratos sensibles a la temperatura.<\/p>\n<p>P4: \u00bfQu\u00e9 precauciones se deben tomar al almacenar el objetivo?<br \/>\nR4: Se recomienda almacenarlo en un recipiente herm\u00e9tico, evitando ambientes h\u00famedos para mantener la estabilidad qu\u00edmica del material.<\/p>\n<h2><span style=\"font-size: 14pt;\">Informes<\/span><\/h2>\n<p>Cada lote se suministra con:<br \/>\n<span style=\"color: #0000ff;\"><a style=\"color: #0000ff;\" href=\"https:\/\/ulpmat.com\/es\/documentos\/certificado-de-analisis\/\"><u>Certificado de an\u00e1lisis (COA)<\/u><\/a><\/span><\/p>\n<p><span style=\"color: #0000ff;\"><a style=\"color: #0000ff;\" href=\"https:\/\/ulpmat.com\/es\/documentos\/ficha-tecnica\/\"><u>Ficha t\u00e9cnica (TDS)<\/u><\/a><\/span><\/p>\n<p><span style=\"color: #0000ff;\"><a style=\"color: #0000ff;\" href=\"https:\/\/ulpmat.com\/es\/documentos\/ficha-de-datos-de-seguridad\/\"><u>Ficha de datos de seguridad (MSDS)<\/u><\/a><\/span><br \/>\nInformes de pruebas de terceros disponibles bajo petici\u00f3n<\/p>\n<h2><span style=\"font-size: 14pt;\">\u00bfPor qu\u00e9 elegirnos?<\/span><\/h2>\n<p>Nos especializamos en la preparaci\u00f3n estable y el soporte de aplicaci\u00f3n de blancos de pulverizaci\u00f3n de materiales funcionales. Desde el control de las materias primas hasta las pruebas del producto acabado, contamos con procesos maduros que proporcionan a los clientes una consistencia fiable de los materiales, capacidades de personalizaci\u00f3n flexibles y garant\u00edas de suministro sostenible a largo plazo, lo que facilita el buen desarrollo de los proyectos de investigaci\u00f3n e industrializaci\u00f3n.<\/p>\n","protected":false},"excerpt":{"rendered":"<p>Objetivos de pulverizaci\u00f3n de yoduro de cobre Descripci\u00f3n general Los objetivos de pulverizaci\u00f3n de yoduro de cobre son materiales funcionales t\u00edpicos de haluro de cobre, utilizados principalmente para preparar pel\u00edculas conductoras transparentes y nuevas pel\u00edculas funcionales optoelectr\u00f3nicas. Podemos proporcionar objetivos de pulverizaci\u00f3n de yoduro de cobre en diferentes tama\u00f1os, formas y purezas seg\u00fan las necesidades [&hellip;]<\/p>\n","protected":false},"featured_media":31301,"template":"","meta":{"_acf_changed":false},"product_brand":[132],"product_cat":[457],"product_tag":[3027],"class_list":{"0":"post-31298","1":"product","2":"type-product","3":"status-publish","4":"has-post-thumbnail","6":"product_brand-ulpmat","7":"product_cat-blanco-ceramico-para-sputtering","8":"product_tag-blanco-para-sputtering-de-yoduro-de-cobre-i","10":"first","11":"instock","12":"shipping-taxable","13":"product-type-variable"},"acf":[],"_links":{"self":[{"href":"https:\/\/ulpmat.com\/es\/wp-json\/wp\/v2\/product\/31298","targetHints":{"allow":["GET"]}}],"collection":[{"href":"https:\/\/ulpmat.com\/es\/wp-json\/wp\/v2\/product"}],"about":[{"href":"https:\/\/ulpmat.com\/es\/wp-json\/wp\/v2\/types\/product"}],"wp:featuredmedia":[{"embeddable":true,"href":"https:\/\/ulpmat.com\/es\/wp-json\/wp\/v2\/media\/31301"}],"wp:attachment":[{"href":"https:\/\/ulpmat.com\/es\/wp-json\/wp\/v2\/media?parent=31298"}],"wp:term":[{"taxonomy":"product_brand","embeddable":true,"href":"https:\/\/ulpmat.com\/es\/wp-json\/wp\/v2\/product_brand?post=31298"},{"taxonomy":"product_cat","embeddable":true,"href":"https:\/\/ulpmat.com\/es\/wp-json\/wp\/v2\/product_cat?post=31298"},{"taxonomy":"product_tag","embeddable":true,"href":"https:\/\/ulpmat.com\/es\/wp-json\/wp\/v2\/product_tag?post=31298"}],"curies":[{"name":"wp","href":"https:\/\/api.w.org\/{rel}","templated":true}]}}