{"id":30937,"date":"2025-12-19T16:46:50","date_gmt":"2025-12-19T08:46:50","guid":{"rendered":"https:\/\/ulpmat.com\/product\/sulfuro-de-cobre-3\/"},"modified":"2025-12-19T16:46:50","modified_gmt":"2025-12-19T08:46:50","slug":"sulfuro-de-cobre-3","status":"publish","type":"product","link":"https:\/\/ulpmat.com\/es\/producto\/sulfuro-de-cobre-3\/","title":{"rendered":"Sulfuro de cobre"},"content":{"rendered":"<h2><span style=\"font-size: 14pt;\">Descripci\u00f3n general de los gr\u00e1nulos de sulfuro de cobre<\/span><\/h2>\n<p>Los gr\u00e1nulos<br \/>\n<span style=\"color: #0000ff;\"><a style=\"color: #0000ff;\" href=\"https:\/\/ulpmat.com\/es\/buscar\/?type=name&#038;keyword=Copper+sulfide\">de sulfuro de cobre<\/a><\/span><br \/>\nson un material sulfuro met\u00e1lico com\u00fan, utilizado principalmente en la preparaci\u00f3n de materiales funcionales, la investigaci\u00f3n qu\u00edmica y campos industriales y cient\u00edficos relacionados.<\/p>\n<p>Podemos proporcionar gr\u00e1nulos de sulfuro de cobre con una composici\u00f3n estable y una distribuci\u00f3n del tama\u00f1o de las part\u00edculas controlable, adecuados para diversos procesos y necesidades de investigaci\u00f3n. P\u00f3ngase<span style=\"color: #0000ff;\"><a style=\"color: #0000ff;\" href=\"https:\/\/ulpmat.com\/es\/contacto\/\"> en contacto con nosotros<\/a><\/span><br \/>\npara obtener informaci\u00f3n <span style=\"color: #0000ff;\"><a style=\"color: #0000ff;\" href=\"https:\/\/ulpmat.com\/es\/servicio\/asistencia-tecnica\/\">t\u00e9cnica<\/a><\/span><br \/>\ny precios.<\/p>\n<h2><span style=\"font-size: 14pt;\">Caracter\u00edsticas destacadas del producto<\/span><\/h2>\n<p>Composici\u00f3n qu\u00edmica definitiva.<br \/>\nMorfolog\u00eda regular de las part\u00edculas.<br \/>\nF\u00e1cil de pesar y dosificar.<br \/>\nGran adaptabilidad al proceso.<br \/>\nBuena estabilidad de los lotes.<br \/>\nAdecuado para uso continuo<\/p>\n<h2><span style=\"font-size: 14pt;\">. Aplicaciones de los gr\u00e1nulos de sulfuro de cobre<\/span><\/h2>\n<p>Materiales funcionales y precursores de pel\u00edculas delgadas: este material se puede utilizar como materia prima en la preparaci\u00f3n de materiales funcionales o pel\u00edculas delgadas para explorar diferentes combinaciones de estructuras y propiedades.<br \/>\nReacciones qu\u00edmicas y s\u00edntesis de materiales: en diversos sistemas de reacci\u00f3n qu\u00edmica, puede participar en procesos de s\u00edntesis de materiales como fuente de sulfuro o reactivo.<br \/>\nInvestigaci\u00f3n en electr\u00f3nica y <span style=\"color: #0000ff;\"><a style=\"color: #0000ff;\" href=\"https:\/\/ulpmat.com\/es\/solicitud\/materiales-semiconductores\/\">semiconductores<\/a><\/span><br \/>\n: adecuado para l\u00edneas de investigaci\u00f3n relacionadas con los aspectos el\u00e9ctricos, estructurales y de rendimiento de los sulfuros met\u00e1licos.<br \/>\nInvestigaci\u00f3n cient\u00edfica y aplicaciones de laboratorio: ampliamente utilizado en la investigaci\u00f3n de materiales, experimentos comparativos y pr\u00e1cticas docentes en universidades e instituciones de investigaci\u00f3n.<\/p>\n<h2><span style=\"color: #0000ff;\"><a style=\"color: #0000ff;\" href=\"https:\/\/ulpmat.com\/es\/empresa\/preguntas-frecuentes\/\"><span style=\"font-size: 14pt;\">Preguntas frecuentes<\/span><\/a><\/span><\/h2>\n<p>P1: \u00bfCu\u00e1les son las ventajas de los gr\u00e1nulos de sulfuro de cobre en comparaci\u00f3n con el polvo?<br \/>\nR1: La forma granular es m\u00e1s f\u00e1cil de manipular y dosificar, adecuada para aplicaciones que requieren una alta fluidez y precisi\u00f3n en el pesaje.<\/p>\n<p>P2: \u00bfQu\u00e9 precauciones se deben tomar al almacenar este producto?<br \/>\nR2: Se recomienda almacenarlo en un entorno seco y sellado para evitar la humedad y la contaminaci\u00f3n externa.<\/p>\n<p>P3: \u00bfSe puede utilizar en procesos de transformaci\u00f3n o conversi\u00f3n posteriores?<br \/>\nR3: En condiciones de proceso adecuadas, se puede utilizar como materia prima para su posterior transformaci\u00f3n o conversi\u00f3n.<\/p>\n<p>P4: \u00bfEl producto admite diferentes tama\u00f1os de part\u00edculas?<br \/>\nR4: Se pueden suministrar productos con diferentes rangos de tama\u00f1o de part\u00edculas y formas de envasado seg\u00fan las necesidades reales.<\/p>\n<h2><span style=\"font-size: 14pt;\">Informe<\/span><\/h2>\n<p>Cada lote se suministra con:<br \/>\n<span style=\"color: #0000ff;\"><a style=\"color: #0000ff;\" href=\"https:\/\/ulpmat.com\/es\/documentos\/certificado-de-analisis\/\"><u>Certificado de an\u00e1lisis (COA)<\/u><\/a><\/span><\/p>\n<p><span style=\"color: #0000ff;\"><a style=\"color: #0000ff;\" href=\"https:\/\/ulpmat.com\/es\/documentos\/ficha-tecnica\/\"><u>Ficha t\u00e9cnica (TDS)<\/u><\/a><\/span><\/p>\n<p><a href=\"https:\/\/ulpmat.com\/es\/documentos\/ficha-de-datos-de-seguridad\/\"><u><span style=\"color: #0000ff;\">Ficha de datos de seguridad (MSDS)<\/span><\/u><\/a><br \/>\nInformes de pruebas de terceros disponibles bajo petici\u00f3n<\/p>\n<h2><span style=\"font-size: 14pt;\">\u00bfPor qu\u00e9 elegirnos?<\/span><\/h2>\n<p>Llevamos mucho tiempo centrados en el suministro estable y la gesti\u00f3n de la calidad de los materiales granulares de sulfuro met\u00e1lico, haciendo hincapi\u00e9 en la consistencia del producto, la trazabilidad y el soporte t\u00e9cnico, lo que nos permite ofrecer a los clientes soluciones de materiales m\u00e1s fiables y f\u00e1ciles de usar.<\/p>\n","protected":false},"excerpt":{"rendered":"<p>Descripci\u00f3n general de los gr\u00e1nulos de sulfuro de cobre Los gr\u00e1nulos de sulfuro de cobre son un material sulfuro met\u00e1lico com\u00fan, utilizado principalmente en la preparaci\u00f3n de materiales funcionales, la investigaci\u00f3n qu\u00edmica y campos industriales y cient\u00edficos relacionados. Podemos proporcionar gr\u00e1nulos de sulfuro de cobre con una composici\u00f3n estable y una distribuci\u00f3n del tama\u00f1o de [&hellip;]<\/p>\n","protected":false},"featured_media":30938,"template":"","meta":{"_acf_changed":false},"product_brand":[132],"product_cat":[340],"product_tag":[2943],"class_list":{"0":"post-30937","1":"product","2":"type-product","3":"status-publish","4":"has-post-thumbnail","6":"product_brand-ulpmat","7":"product_cat-materiales-de-evaporacion","8":"product_tag-sulfuro-de-cobre-en-granulos","10":"first","11":"instock","12":"shipping-taxable","13":"product-type-variable"},"acf":[],"_links":{"self":[{"href":"https:\/\/ulpmat.com\/es\/wp-json\/wp\/v2\/product\/30937","targetHints":{"allow":["GET"]}}],"collection":[{"href":"https:\/\/ulpmat.com\/es\/wp-json\/wp\/v2\/product"}],"about":[{"href":"https:\/\/ulpmat.com\/es\/wp-json\/wp\/v2\/types\/product"}],"wp:featuredmedia":[{"embeddable":true,"href":"https:\/\/ulpmat.com\/es\/wp-json\/wp\/v2\/media\/30938"}],"wp:attachment":[{"href":"https:\/\/ulpmat.com\/es\/wp-json\/wp\/v2\/media?parent=30937"}],"wp:term":[{"taxonomy":"product_brand","embeddable":true,"href":"https:\/\/ulpmat.com\/es\/wp-json\/wp\/v2\/product_brand?post=30937"},{"taxonomy":"product_cat","embeddable":true,"href":"https:\/\/ulpmat.com\/es\/wp-json\/wp\/v2\/product_cat?post=30937"},{"taxonomy":"product_tag","embeddable":true,"href":"https:\/\/ulpmat.com\/es\/wp-json\/wp\/v2\/product_tag?post=30937"}],"curies":[{"name":"wp","href":"https:\/\/api.w.org\/{rel}","templated":true}]}}