{"id":30847,"date":"2025-12-19T16:46:51","date_gmt":"2025-12-19T08:46:51","guid":{"rendered":"https:\/\/ulpmat.com\/product\/seleniuro-de-cobre-2\/"},"modified":"2025-12-19T16:46:51","modified_gmt":"2025-12-19T08:46:51","slug":"seleniuro-de-cobre-2","status":"publish","type":"product","link":"https:\/\/ulpmat.com\/es\/producto\/seleniuro-de-cobre-2\/","title":{"rendered":"Seleniuro de cobre"},"content":{"rendered":"<h2><span style=\"font-size: 14pt;\">Descripci\u00f3n general del polvo de seleniuro de cobre<\/span><\/h2>\n<p>El polvo<br \/>\n<span style=\"color: #0000ff;\"><a style=\"color: #0000ff;\" href=\"https:\/\/ulpmat.com\/es\/buscar\/?type=name&#038;keyword=Copper+selenide\">de seleniuro de cobre<\/a><\/span><br \/>\nes un importante material de seleniuro met\u00e1lico que se utiliza principalmente en dispositivos optoelectr\u00f3nicos, preparaci\u00f3n de materiales funcionales y experimentos de investigaci\u00f3n cient\u00edfica.<\/p>\n<p>Podemos proporcionar polvo de seleniuro de cobre con un tama\u00f1o de part\u00edcula uniforme y una composici\u00f3n estable para satisfacer las necesidades de la investigaci\u00f3n cient\u00edfica y las aplicaciones industriales. P\u00f3ngase <span style=\"color: #0000ff;\"><a style=\"color: #0000ff;\" href=\"https:\/\/ulpmat.com\/es\/contacto\/\">en contacto con nosotros<\/a><\/span><br \/>\npara obtener datos <span style=\"color: #0000ff;\"><a style=\"color: #0000ff;\" href=\"https:\/\/ulpmat.com\/es\/servicio\/asistencia-tecnica\/\">t\u00e9cnicos<\/a><\/span><br \/>\ne informaci\u00f3n sobre muestras.<\/p>\n<h2><span style=\"font-size: 14pt;\">Caracter\u00edsticas destacadas del producto<\/span><\/h2>\n<p>Alta pureza y composici\u00f3n estable<br \/>\nBuena dispersabilidad del polvo<br \/>\nReactividad qu\u00edmica controlable<br \/>\nF\u00e1cil de mezclar y procesar<br \/>\nConsistencia fiable de los lotes<br \/>\nAdecuado para m\u00faltiples procesos<\/p>\n<h2><span style=\"font-size: 14pt;\">Aplicaciones del polvo de seleniuro de cobre<\/span><\/h2>\n<p>Dispositivos<br \/>\n<span style=\"color: #0000ff;\"><a style=\"color: #0000ff;\" href=\"https:\/\/ulpmat.com\/es\/solicitud\/materiales-opticos\/\">optoelectr\u00f3nicos<\/a><\/span><br \/>\ny materiales de pel\u00edcula fina: este polvo se puede utilizar para preparar pel\u00edculas finas funcionales optoelectr\u00f3nicas, lo que proporciona una base material para dispositivos fotovoltaicos o dispositivos electr\u00f3nicos.<br \/>\nPrecursores de materiales funcionales: en la preparaci\u00f3n de materiales compuestos funcionales y nanomateriales, puede participar en reacciones como fuente de selenio o componente activo.<br \/>\nInvestigaci\u00f3n qu\u00edmica y de materiales: adecuado para que las instituciones de investigaci\u00f3n realicen investigaciones sobre la estructura, las propiedades y los par\u00e1metros de proceso de los seleniuros met\u00e1licos.<br \/>\nEnse\u00f1anza y validaci\u00f3n en laboratorio: ampliamente utilizado en universidades y laboratorios de investigaci\u00f3n para experimentos b\u00e1sicos, pruebas de rendimiento y demostraciones did\u00e1cticas.<\/p>\n<h2><span style=\"color: #0000ff;\"><a style=\"color: #0000ff;\" href=\"https:\/\/ulpmat.com\/es\/empresa\/preguntas-frecuentes\/\"><span style=\"font-size: 14pt;\">Preguntas frecuentes<\/span><\/a><\/span><\/h2>\n<p>P1: \u00bfPara qu\u00e9 tipos de experimentos es adecuado el polvo de seleniuro de cobre?<\/p>\n<p>R1: Es adecuado para experimentos relacionados con la preparaci\u00f3n de materiales optoelectr\u00f3nicos, la s\u00edntesis qu\u00edmica y las pel\u00edculas delgadas funcionales.<\/p>\n<p>P2: \u00bfQu\u00e9 precauciones se deben tomar al almacenar el polvo?<\/p>\n<p>R2: Se recomienda almacenarlo en un recipiente herm\u00e9tico en un entorno seco para evitar la humedad y la oxidaci\u00f3n.<\/p>\n<p>P3: \u00bfPueden suministrar productos con diferentes tama\u00f1os de part\u00edculas?<\/p>\n<p>R3: Podemos suministrar polvo de seleniuro de cobre con diferentes rangos de tama\u00f1o de part\u00edculas seg\u00fan los requisitos del proceso.<\/p>\n<p>P4: \u00bfSe puede utilizar el polvo directamente en procesos a alta temperatura?<\/p>\n<p>R4: Se puede utilizar dentro de un rango de temperatura razonable. Se debe prestar atenci\u00f3n a la estabilidad del material en condiciones de alta temperatura.<\/p>\n<h2><span style=\"font-size: 14pt;\">Informe<\/span><\/h2>\n<p>Cada lote se suministra con:<br \/>\n<span style=\"color: #0000ff;\"><a style=\"color: #0000ff;\" href=\"https:\/\/ulpmat.com\/es\/documentos\/certificado-de-analisis\/\"><u>Certificado de an\u00e1lisis (COA)<\/u><\/a><\/span><\/p>\n<p><span style=\"color: #0000ff;\"><a style=\"color: #0000ff;\" href=\"https:\/\/ulpmat.com\/es\/documentos\/ficha-tecnica\/\"><u>Ficha t\u00e9cnica (TDS)<\/u><\/a><\/span><\/p>\n<p><span style=\"color: #0000ff;\"><a style=\"color: #0000ff;\" href=\"https:\/\/ulpmat.com\/es\/documentos\/ficha-de-datos-de-seguridad\/\"><u>Ficha de datos de seguridad (MSDS)<\/u><\/a><\/span><br \/>\nInformes de pruebas de terceros disponibles bajo petici\u00f3n<\/p>\n<h2><span style=\"font-size: 14pt;\">\u00bfPor qu\u00e9 elegirnos?<\/span><\/h2>\n<p>Nos centramos en el suministro estable y la gesti\u00f3n de la calidad de los materiales de polvo de seleniuro met\u00e1lico, haciendo hincapi\u00e9 en la uniformidad del producto, la trazabilidad y <span style=\"color: #0000ff;\"><a style=\"color: #0000ff;\" href=\"https:\/\/ulpmat.com\/es\/servicio\/asistencia-tecnica\/\">el soporte t\u00e9cnico<\/a><\/span><br \/>\n, proporcionando a los clientes soluciones de investigaci\u00f3n y materiales industriales fiables y controlables.<\/p>\n","protected":false},"excerpt":{"rendered":"<p>Descripci\u00f3n general del polvo de seleniuro de cobre El polvo de seleniuro de cobre es un importante material de seleniuro met\u00e1lico que se utiliza principalmente en dispositivos optoelectr\u00f3nicos, preparaci\u00f3n de materiales funcionales y experimentos de investigaci\u00f3n cient\u00edfica. Podemos proporcionar polvo de seleniuro de cobre con un tama\u00f1o de part\u00edcula uniforme y una composici\u00f3n estable para [&hellip;]<\/p>\n","protected":false},"featured_media":30848,"template":"","meta":{"_acf_changed":false},"product_brand":[132],"product_cat":[678,1102],"product_tag":[2925],"class_list":{"0":"post-30847","1":"product","2":"type-product","3":"status-publish","4":"has-post-thumbnail","6":"product_brand-ulpmat","7":"product_cat-materiales-calcogenuros","8":"product_cat-materiales-calcogenuros-es","9":"product_tag-seleniuro-de-cobre-en-polvo","11":"first","12":"instock","13":"shipping-taxable","14":"product-type-variable"},"acf":[],"_links":{"self":[{"href":"https:\/\/ulpmat.com\/es\/wp-json\/wp\/v2\/product\/30847","targetHints":{"allow":["GET"]}}],"collection":[{"href":"https:\/\/ulpmat.com\/es\/wp-json\/wp\/v2\/product"}],"about":[{"href":"https:\/\/ulpmat.com\/es\/wp-json\/wp\/v2\/types\/product"}],"wp:featuredmedia":[{"embeddable":true,"href":"https:\/\/ulpmat.com\/es\/wp-json\/wp\/v2\/media\/30848"}],"wp:attachment":[{"href":"https:\/\/ulpmat.com\/es\/wp-json\/wp\/v2\/media?parent=30847"}],"wp:term":[{"taxonomy":"product_brand","embeddable":true,"href":"https:\/\/ulpmat.com\/es\/wp-json\/wp\/v2\/product_brand?post=30847"},{"taxonomy":"product_cat","embeddable":true,"href":"https:\/\/ulpmat.com\/es\/wp-json\/wp\/v2\/product_cat?post=30847"},{"taxonomy":"product_tag","embeddable":true,"href":"https:\/\/ulpmat.com\/es\/wp-json\/wp\/v2\/product_tag?post=30847"}],"curies":[{"name":"wp","href":"https:\/\/api.w.org\/{rel}","templated":true}]}}