{"id":30079,"date":"2025-12-25T09:33:52","date_gmt":"2025-12-25T01:33:52","guid":{"rendered":"https:\/\/ulpmat.com\/product\/cloruro-de-niquel\/"},"modified":"2025-12-25T09:33:52","modified_gmt":"2025-12-25T01:33:52","slug":"cloruro-de-niquel","status":"publish","type":"product","link":"https:\/\/ulpmat.com\/es\/producto\/cloruro-de-niquel\/","title":{"rendered":"Cloruro de n\u00edquel"},"content":{"rendered":"<h2><span style=\"font-size: 14pt;\">Descripci\u00f3n general del cloruro de n\u00edquel en polvo<\/span><\/h2>\n<p><span style=\"color: #0000ff;\"><a style=\"color: #0000ff;\" href=\"https:\/\/ulpmat.com\/es\/buscar\/?type=name&#038;keyword=Nickel+chloride\">El cloruro de n\u00edquel<\/a><\/span><br \/>\nen polvo es un haluro de n\u00edquel de alta pureza, que se utiliza habitualmente en cat\u00e1lisis, s\u00edntesis qu\u00edmica y preparaci\u00f3n de materiales electr\u00f3nicos.<\/p>\n<p>Ofrecemos cloruro de n\u00edquel en polvo en diversas purezas y tama\u00f1os de part\u00edcula, y proporcionamos asistencia para la adaptaci\u00f3n de procesos experimentales y asesoramiento <span style=\"color: #0000ff;\"><a style=\"color: #0000ff;\" href=\"https:\/\/ulpmat.com\/es\/servicio\/asistencia-tecnica\/\">t\u00e9cnico<\/a><\/span><br \/>\n. P\u00f3ngase <span style=\"color: #0000ff;\"><a style=\"color: #0000ff;\" href=\"https:\/\/ulpmat.com\/es\/contacto\/\">en contacto con nosotros<\/a><\/span><br \/>\npara obtener especificaciones detalladas y presupuestos.<\/p>\n<h2><span style=\"font-size: 14pt;\">Caracter\u00edsticas destacadas del producto<\/span><\/h2>\n<p>Alta pureza y estabilidad<br \/>\nDistribuci\u00f3n uniforme del polvo<br \/>\nF\u00e1cil de disolver y dispersar<br \/>\nBuena reactividad qu\u00edmica<br \/>\nConsistencia fiable entre lotes<br \/>\n<span style=\"color: #0000ff;\"><a style=\"color: #0000ff;\" href=\"https:\/\/ulpmat.com\/es\/servicio\/personalizacion\/\">Productos personalizables<\/a><\/span><\/p>\n<p>Envases peque\u00f1os, cantidad m\u00ednima de pedido reducida<br \/>\nGran adaptabilidad al proceso<\/p>\n<h2><span style=\"font-size: 14pt;\">Aplicaciones del cloruro de n\u00edquel en polvo<\/span><\/h2>\n<p>Preparaci\u00f3n de catalizadores: el cloruro de n\u00edquel en polvo se puede utilizar en reacciones org\u00e1nicas o en sistemas catal\u00edticos inorg\u00e1nicos para mejorar la eficiencia y la selectividad de la reacci\u00f3n.<br \/>\nReactivo para s\u00edntesis qu\u00edmica: el polvo es adecuado para sintetizar compuestos de n\u00edquel u otros materiales funcionales, lo que garantiza la uniformidad y la estabilidad de la reacci\u00f3n.<br \/>\nPrecursor de materiales electr\u00f3nicos: se puede utilizar como precursor para la preparaci\u00f3n de materiales electr\u00f3nicos o pel\u00edculas delgadas, lo que garantiza un rendimiento constante del material.<br \/>\nInvestigaci\u00f3n cient\u00edfica y desarrollo de materiales: el polvo es adecuado para la investigaci\u00f3n en laboratorio y el desarrollo de nuevos materiales, y se utiliza para la evaluaci\u00f3n del rendimiento y la exploraci\u00f3n de procesos.<\/p>\n<h2><span style=\"color: #0000ff;\"><a style=\"color: #0000ff;\" href=\"https:\/\/ulpmat.com\/es\/empresa\/preguntas-frecuentes\/\"><span style=\"font-size: 14pt;\">Preguntas frecuentes<\/span><\/a><\/span><\/h2>\n<p>P1: \u00bfEn qu\u00e9 campos se utiliza principalmente el polvo de NiCl2?<br \/>\nR1: Se utiliza com\u00fanmente en cat\u00e1lisis, s\u00edntesis qu\u00edmica, precursores de materiales electr\u00f3nicos y experimentos de investigaci\u00f3n cient\u00edfica.<\/p>\n<p>P2: \u00bfC\u00f3mo se debe almacenar el polvo de NiCl2 para garantizar su estabilidad?<br \/>\nR2: Se recomienda almacenarlo en un recipiente herm\u00e9tico en un entorno seco, evitando la humedad y la exposici\u00f3n prolongada al aire.<\/p>\n<p>P3: \u00bfEs necesario tratar el polvo de NiCl2 antes de su uso?<br \/>\nR3: Por lo general, se puede utilizar directamente. Se puede realizar un tratamiento de disoluci\u00f3n o dispersi\u00f3n seg\u00fan las necesidades experimentales.<\/p>\n<p>P4: \u00bfCu\u00e1les son las diferencias entre el NiCl2 y otros haluros de n\u00edquel?<br \/>\nR4: El NiCl\u2082 es dicloruro de n\u00edquel. Su estructura y solubilidad difieren de las de los haluros de n\u00edquel como el NiBr\u2082 y el NiI\u2082, lo que lo hace adecuado para experimentos y procesos espec\u00edficos.<\/p>\n<h2><span style=\"font-size: 14pt;\">Informe<\/span><\/h2>\n<p>Cada lote se suministra con:<br \/>\n<span style=\"color: #0000ff;\"><a style=\"color: #0000ff;\" href=\"https:\/\/ulpmat.com\/es\/documentos\/certificado-de-analisis\/\"><u>Certificado de an\u00e1lisis (COA)<\/u><\/a><\/span><\/p>\n<p><span style=\"color: #0000ff;\"><a style=\"color: #0000ff;\" href=\"https:\/\/ulpmat.com\/es\/documentos\/ficha-tecnica\/\"><u>Ficha t\u00e9cnica (TDS)<\/u><\/a><\/span><\/p>\n<p><span style=\"color: #0000ff;\"><a style=\"color: #0000ff;\" href=\"https:\/\/ulpmat.com\/es\/documentos\/ficha-de-datos-de-seguridad\/\"><u>Ficha de datos de seguridad (MSDS)<\/u><\/a><\/span><br \/>\nInformes de pruebas de terceros disponibles bajo petici\u00f3n<\/p>\n<h2><span style=\"font-size: 14pt;\">\u00bfPor qu\u00e9 elegirnos?<\/span><\/h2>\n<p>Contamos con una amplia experiencia en el suministro de haluros de n\u00edquel y materiales en polvo funcionales, centr\u00e1ndonos en la estabilidad del rendimiento del polvo y la adaptabilidad de la aplicaci\u00f3n. Proporcionamos informaci\u00f3n t\u00e9cnica completa y especificaciones flexibles para ayudar a los clientes a obtener resultados fiables y eficientes en cat\u00e1lisis, materiales electr\u00f3nicos y experimentos de investigaci\u00f3n cient\u00edfica.<\/p>\n","protected":false},"excerpt":{"rendered":"<p>Descripci\u00f3n general del cloruro de n\u00edquel en polvo El cloruro de n\u00edquel en polvo es un haluro de n\u00edquel de alta pureza, que se utiliza habitualmente en cat\u00e1lisis, s\u00edntesis qu\u00edmica y preparaci\u00f3n de materiales electr\u00f3nicos. Ofrecemos cloruro de n\u00edquel en polvo en diversas purezas y tama\u00f1os de part\u00edcula, y proporcionamos asistencia para la adaptaci\u00f3n de [&hellip;]<\/p>\n","protected":false},"featured_media":30080,"template":"","meta":{"_acf_changed":false},"product_brand":[132],"product_cat":[330],"product_tag":[2776],"class_list":{"0":"post-30079","1":"product","2":"type-product","3":"status-publish","4":"has-post-thumbnail","6":"product_brand-ulpmat","7":"product_cat-materiales-halogenados","8":"product_tag-cloruro-de-niquel-en-polvo","10":"first","11":"instock","12":"shipping-taxable","13":"product-type-variable"},"acf":[],"_links":{"self":[{"href":"https:\/\/ulpmat.com\/es\/wp-json\/wp\/v2\/product\/30079","targetHints":{"allow":["GET"]}}],"collection":[{"href":"https:\/\/ulpmat.com\/es\/wp-json\/wp\/v2\/product"}],"about":[{"href":"https:\/\/ulpmat.com\/es\/wp-json\/wp\/v2\/types\/product"}],"wp:featuredmedia":[{"embeddable":true,"href":"https:\/\/ulpmat.com\/es\/wp-json\/wp\/v2\/media\/30080"}],"wp:attachment":[{"href":"https:\/\/ulpmat.com\/es\/wp-json\/wp\/v2\/media?parent=30079"}],"wp:term":[{"taxonomy":"product_brand","embeddable":true,"href":"https:\/\/ulpmat.com\/es\/wp-json\/wp\/v2\/product_brand?post=30079"},{"taxonomy":"product_cat","embeddable":true,"href":"https:\/\/ulpmat.com\/es\/wp-json\/wp\/v2\/product_cat?post=30079"},{"taxonomy":"product_tag","embeddable":true,"href":"https:\/\/ulpmat.com\/es\/wp-json\/wp\/v2\/product_tag?post=30079"}],"curies":[{"name":"wp","href":"https:\/\/api.w.org\/{rel}","templated":true}]}}