{"id":29813,"date":"2025-12-25T09:33:56","date_gmt":"2025-12-25T01:33:56","guid":{"rendered":"https:\/\/ulpmat.com\/product\/cromita-de-niquel-oxido-de-niquel-y-cromo\/"},"modified":"2025-12-25T09:33:56","modified_gmt":"2025-12-25T01:33:56","slug":"cromita-de-niquel-oxido-de-niquel-y-cromo","status":"publish","type":"product","link":"https:\/\/ulpmat.com\/es\/producto\/cromita-de-niquel-oxido-de-niquel-y-cromo\/","title":{"rendered":"Cromita de n\u00edquel (\u00f3xido de n\u00edquel y cromo)"},"content":{"rendered":"<h2><span style=\"font-size: 14pt;\">Descripci\u00f3n general del polvo de \u00f3xido de n\u00edquel y cromo<\/span><\/h2>\n<p>El polvo<br \/>\n<span style=\"color: #0000ff;\"><a style=\"color: #0000ff;\" href=\"https:\/\/ulpmat.com\/es\/buscar\/?type=name&#038;keyword=Nickel+Chromium+Oxide\">de \u00f3xido de n\u00edquel y cromo<\/a><\/span><br \/>\nes un \u00f3xido de n\u00edquel y cromo de alta pureza que se utiliza ampliamente en la preparaci\u00f3n de materiales cer\u00e1micos, electrodos y recubrimientos funcionales.<\/p>\n<p>Ofrecemos polvo de NiCr2O4 en varios tama\u00f1os de part\u00edculas y grados de pureza, y ofrecemos personalizaci\u00f3n de materiales y optimizaci\u00f3n de procesos. P\u00f3ngase <span style=\"color: #0000ff;\"><a style=\"color: #0000ff;\" href=\"https:\/\/ulpmat.com\/es\/contacto\/\">en contacto con nosotros<\/a><\/span><br \/>\npara obtener especificaciones detalladas y presupuestos.<\/p>\n<h2><span style=\"font-size: 14pt;\">Caracter\u00edsticas destacadas del producto<\/span><\/h2>\n<p>Alta pureza y estabilidad<br \/>\nDistribuci\u00f3n uniforme del polvo<br \/>\nExcelente estabilidad t\u00e9rmica<br \/>\nPropiedades qu\u00edmicas estables<br \/>\nF\u00e1cil de aplicar en cer\u00e1mica y recubrimientos<br \/>\nEnvases personalizables y cantidad m\u00ednima de pedido<br \/>\nConsistencia fiable entre lotes<\/p>\n<h2><span style=\"font-size: 14pt;\">Aplicaciones del polvo de \u00f3xido de n\u00edquel y cromo<\/span><\/h2>\n<p>Materiales cer\u00e1micos: El polvo de NiCr2O4 se puede utilizar en la preparaci\u00f3n de cer\u00e1micas funcionales para mejorar la conductividad y la estabilidad t\u00e9rmica de los materiales.<br \/>\nMateriales para electrodos: Adecuado para la preparaci\u00f3n de electrodos electroqu\u00edmicos y capas conductoras, lo que garantiza una buena conductividad y estabilidad.<br \/>\nRecubrimientos funcionales: Se puede utilizar en recubrimientos resistentes a altas temperaturas o a la corrosi\u00f3n para mejorar la durabilidad de la superficie y la estabilidad qu\u00edmica.<br \/>\nInvestigaci\u00f3n cient\u00edfica y desarrollo de nuevos materiales: El polvo es adecuado para la investigaci\u00f3n en laboratorio y el desarrollo de nuevos materiales funcionales para la evaluaci\u00f3n del rendimiento y la optimizaci\u00f3n de procesos.<\/p>\n<h2><span style=\"color: #0000ff;\"><a style=\"color: #0000ff;\" href=\"https:\/\/ulpmat.com\/es\/empresa\/preguntas-frecuentes\/\"><span style=\"font-size: 14pt;\">Preguntas frecuentes<\/span><\/a><\/span><\/h2>\n<p>P1: \u00bfEn qu\u00e9 campos se utiliza principalmente el polvo de NiCr2O4?<br \/>\nR1: Se utiliza com\u00fanmente en materiales cer\u00e1micos, electrodos, recubrimientos funcionales y experimentos de investigaci\u00f3n cient\u00edfica.<\/p>\n<p>P2: \u00bfC\u00f3mo se comporta el polvo a altas temperaturas?<br \/>\nR2: Tiene una excelente estabilidad t\u00e9rmica y qu\u00edmica y puede utilizarse durante largos periodos de tiempo en entornos de alta temperatura.<\/p>\n<p>P3: \u00bfEs necesario tratar el polvo de NiCr\u2082O\u2084 antes de utilizarlo?<br \/>\nR3: Por lo general, se puede utilizar directamente, pero se puede dispersar o mezclar seg\u00fan los requisitos del proceso.<\/p>\n<p>P4: \u00bfCu\u00e1les son las diferencias entre el NiCr\u2082O\u2084 y otros compuestos de n\u00edquel-cromo?<br \/>\nR4: El NiCr\u2082O\u2084 es un \u00f3xido con alta estabilidad t\u00e9rmica y qu\u00edmica, adecuado para aplicaciones cer\u00e1micas y de recubrimiento a altas temperaturas, en lugar de materiales no met\u00e1licos o carbonatos.<\/p>\n<h2><span style=\"font-size: 14pt;\">Informe<\/span><\/h2>\n<p>Cada lote se suministra con:<br \/>\n<span style=\"color: #0000ff;\"><a style=\"color: #0000ff;\" href=\"https:\/\/ulpmat.com\/es\/documentos\/certificado-de-analisis\/\"><u>Certificado de an\u00e1lisis (COA)<\/u><\/a><\/span><\/p>\n<p><span style=\"color: #0000ff;\"><a style=\"color: #0000ff;\" href=\"https:\/\/ulpmat.com\/es\/documentos\/ficha-tecnica\/\"><u>Ficha t\u00e9cnica (TDS)<\/u><\/a><\/span><\/p>\n<p><span style=\"color: #0000ff;\"><a style=\"color: #0000ff;\" href=\"https:\/\/ulpmat.com\/es\/documentos\/ficha-de-datos-de-seguridad\/\"><u>Ficha de datos de seguridad (MSDS)<\/u><\/a><\/span><br \/>\nInformes de pruebas de terceros disponibles bajo petici\u00f3n<\/p>\n<h2><span style=\"font-size: 14pt;\">\u00bfPor qu\u00e9 elegirnos?<\/span><\/h2>\n<p>Contamos con una amplia experiencia en el suministro de \u00f3xidos de n\u00edquel-cromo y polvos funcionales, proporcionando polvos de NiCr\u2082O\u2084 de alta pureza y alto rendimiento en especificaciones personalizadas, junto con un completo soporte t\u00e9cnico, para ayudar a nuestros clientes a conseguir propiedades materiales estables y eficientes en aplicaciones cer\u00e1micas, de electrodos y de recubrimientos funcionales.<\/p>\n","protected":false},"excerpt":{"rendered":"<p>Descripci\u00f3n general del polvo de \u00f3xido de n\u00edquel y cromo El polvo de \u00f3xido de n\u00edquel y cromo es un \u00f3xido de n\u00edquel y cromo de alta pureza que se utiliza ampliamente en la preparaci\u00f3n de materiales cer\u00e1micos, electrodos y recubrimientos funcionales. Ofrecemos polvo de NiCr2O4 en varios tama\u00f1os de part\u00edculas y grados de pureza, [&hellip;]<\/p>\n","protected":false},"featured_media":29814,"template":"","meta":{"_acf_changed":false},"product_brand":[132],"product_cat":[1189],"product_tag":[2716],"class_list":{"0":"post-29813","1":"product","2":"type-product","3":"status-publish","4":"has-post-thumbnail","6":"product_brand-ulpmat","7":"product_cat-otros-acidos","8":"product_tag-niquel-cromita-oxido-de-niquel-y-cromo-en-polvo","10":"first","11":"instock","12":"shipping-taxable","13":"product-type-variable"},"acf":[],"_links":{"self":[{"href":"https:\/\/ulpmat.com\/es\/wp-json\/wp\/v2\/product\/29813","targetHints":{"allow":["GET"]}}],"collection":[{"href":"https:\/\/ulpmat.com\/es\/wp-json\/wp\/v2\/product"}],"about":[{"href":"https:\/\/ulpmat.com\/es\/wp-json\/wp\/v2\/types\/product"}],"wp:featuredmedia":[{"embeddable":true,"href":"https:\/\/ulpmat.com\/es\/wp-json\/wp\/v2\/media\/29814"}],"wp:attachment":[{"href":"https:\/\/ulpmat.com\/es\/wp-json\/wp\/v2\/media?parent=29813"}],"wp:term":[{"taxonomy":"product_brand","embeddable":true,"href":"https:\/\/ulpmat.com\/es\/wp-json\/wp\/v2\/product_brand?post=29813"},{"taxonomy":"product_cat","embeddable":true,"href":"https:\/\/ulpmat.com\/es\/wp-json\/wp\/v2\/product_cat?post=29813"},{"taxonomy":"product_tag","embeddable":true,"href":"https:\/\/ulpmat.com\/es\/wp-json\/wp\/v2\/product_tag?post=29813"}],"curies":[{"name":"wp","href":"https:\/\/api.w.org\/{rel}","templated":true}]}}