{"id":29705,"date":"2025-12-25T09:33:57","date_gmt":"2025-12-25T01:33:57","guid":{"rendered":"https:\/\/ulpmat.com\/product\/aleacion-inconel-625-2\/"},"modified":"2025-12-25T09:33:57","modified_gmt":"2025-12-25T01:33:57","slug":"aleacion-inconel-625-2","status":"publish","type":"product","link":"https:\/\/ulpmat.com\/es\/producto\/aleacion-inconel-625-2\/","title":{"rendered":"Aleaci\u00f3n INCONEL 625"},"content":{"rendered":"<h2><span style=\"font-size: 14pt;\">Descripci\u00f3n general del polvo de aleaci\u00f3n INCONEL 625<\/span><\/h2>\n<p>El polvo de aleaci\u00f3n<br \/>\n<span style=\"color: #0000ff;\"><a style=\"color: #0000ff;\" href=\"https:\/\/ulpmat.com\/es\/buscar\/?type=name&#038;keyword=INCONEL+625\">INCONEL 625<\/a><\/span><br \/>\nes una superaleaci\u00f3n a base de n\u00edquel de alta resistencia ampliamente utilizada en la fabricaci\u00f3n de componentes para entornos de alta temperatura, resistentes a la corrosi\u00f3n y de alta tensi\u00f3n.<\/p>\n<p>Ofrecemos polvo de aleaci\u00f3n INCONEL 625 en varios tama\u00f1os y morfolog\u00edas de part\u00edculas, y admitimos la optimizaci\u00f3n personalizada de la composici\u00f3n y el proceso. P\u00f3ngase <span style=\"color: #0000ff;\"><a style=\"color: #0000ff;\" href=\"https:\/\/ulpmat.com\/es\/contacto\/\">en contacto con nosotros<\/a><\/span><br \/>\npara obtener especificaciones detalladas e informaci\u00f3n <span style=\"color: #0000ff;\"><a style=\"color: #0000ff;\" href=\"https:\/\/ulpmat.com\/es\/servicio\/asistencia-tecnica\/\">t\u00e9cnica<\/a><\/span><br \/>\n.<\/p>\n<h2><span style=\"font-size: 14pt;\">Caracter\u00edsticas destacadas del producto<\/span><\/h2>\n<p>Aleaci\u00f3n de n\u00edquel de alta resistencia.<br \/>\nExcelente resistencia a la corrosi\u00f3n.<br \/>\nGran estabilidad t\u00e9rmica.<br \/>\nDistribuci\u00f3n uniforme del tama\u00f1o de las part\u00edculas.<br \/>\nBuena adaptabilidad al procesamiento.<br \/>\nEspecificaciones y embalaje personalizables.<br \/>\nConsistencia fiable entre lotes<\/p>\n<h2><span style=\"font-size: 14pt;\">. Aplicaciones del polvo de aleaci\u00f3n INCONEL 625<\/span><\/h2>\n<p>Componentes aeroespaciales: el polvo INCONEL 625 se puede utilizar en la fabricaci\u00f3n de \u00e1labes de turbina, toberas y componentes estructurales de alta temperatura, lo que garantiza una resistencia a altas temperaturas a largo plazo.<br \/>\nEquipos marinos y qu\u00edmicos: adecuado para cuerpos de bombas, v\u00e1lvulas y accesorios en entornos de agua de mar y \u00e1cidos\/\u00e1lcalis, lo que mejora la resistencia a la corrosi\u00f3n y la vida \u00fatil.<br \/>\nIndustria energ\u00e9tica: se puede utilizar en equipos de energ\u00eda nuclear, turbinas de gas y petroqu\u00edmicos, y ofrece un excelente rendimiento en entornos de alta temperatura y alta presi\u00f3n.<br \/>\nFabricaci\u00f3n aditiva e investigaci\u00f3n cient\u00edfica: el polvo es adecuado para <span style=\"color: #0000ff;\"><a style=\"color: #0000ff;\" href=\"https:\/\/ulpmat.com\/es\/solicitud\/impresion-3d\/\">la impresi\u00f3n 3D<\/a><\/span><br \/>\nde metales y la investigaci\u00f3n cient\u00edfica, lo que permite la fabricaci\u00f3n de alta precisi\u00f3n de piezas estructurales complejas.<\/p>\n<h2><span style=\"color: #0000ff;\"><a style=\"color: #0000ff;\" href=\"https:\/\/ulpmat.com\/es\/empresa\/preguntas-frecuentes\/\"><span style=\"font-size: 14pt;\">Preguntas frecuentes<\/span><\/a><\/span><\/h2>\n<p>P1: \u00bfCu\u00e1les son las aplicaciones adecuadas para el polvo de aleaci\u00f3n INCONEL 625?<br \/>\nR1: Se utiliza principalmente en la industria aeroespacial, qu\u00edmica marina, energ\u00e9tica y en la investigaci\u00f3n de la fabricaci\u00f3n aditiva.<\/p>\n<p>P2: \u00bfEl polvo es estable a altas temperaturas?<br \/>\nR2: Tiene una excelente estabilidad t\u00e9rmica y resistencia a altas temperaturas, lo que permite su uso a largo plazo en entornos de alta temperatura.<\/p>\n<p>P3: \u00bfC\u00f3mo afecta el tama\u00f1o de las part\u00edculas del polvo al proceso?<br \/>\nR3: El tama\u00f1o uniforme de las part\u00edculas garantiza la precisi\u00f3n de la deposici\u00f3n o la impresi\u00f3n y mejora la densidad del material y la estabilidad del rendimiento.<\/p>\n<p>P4: \u00bfC\u00f3mo se debe almacenar el polvo de aleaci\u00f3n INCONEL 625?<br \/>\nR4: Se recomienda almacenarlo en un lugar seco y sellado, evitando la humedad o la contaminaci\u00f3n para mantener el rendimiento del polvo.<\/p>\n<h2><span style=\"font-size: 14pt;\">Informes<\/span><\/h2>\n<p>Cada lote se suministra con:<br \/>\n<span style=\"color: #0000ff;\"><a style=\"color: #0000ff;\" href=\"https:\/\/ulpmat.com\/es\/documentos\/certificado-de-analisis\/\"><u>Certificado de an\u00e1lisis (COA)<\/u><\/a><\/span><\/p>\n<p><span style=\"color: #0000ff;\"><a style=\"color: #0000ff;\" href=\"https:\/\/ulpmat.com\/es\/documentos\/ficha-tecnica\/\"><u>Ficha t\u00e9cnica (TDS)<\/u><\/a><\/span><\/p>\n<p><span style=\"color: #0000ff;\"><a style=\"color: #0000ff;\" href=\"https:\/\/ulpmat.com\/es\/documentos\/ficha-de-datos-de-seguridad\/\"><u>Ficha de datos de seguridad (MSDS)<\/u><\/a><\/span><br \/>\nInformes de pruebas de terceros disponibles bajo petici\u00f3n<\/p>\n<h2><span style=\"font-size: 14pt;\">\u00bfPor qu\u00e9 elegirnos?<\/span><\/h2>\n<p>Contamos con una amplia experiencia en el suministro de polvos de superaleaciones a base de n\u00edquel, proporcionando polvos INCONEL 625 de alta pureza y alto rendimiento y servicios personalizados, junto con <span style=\"color: #0000ff;\"><a style=\"color: #0000ff;\" href=\"https:\/\/ulpmat.com\/es\/servicio\/asistencia-tecnica\/\">un<\/a><\/span><br \/>\ncompleto <span style=\"color: #0000ff;\"><a style=\"color: #0000ff;\" href=\"https:\/\/ulpmat.com\/es\/servicio\/asistencia-tecnica\/\">soporte t\u00e9cnico,<\/a><\/span><br \/>\npara ayudar a los clientes a conseguir propiedades de material y resultados de procesamiento superiores en aplicaciones exigentes como la aeroespacial, la energ\u00e9tica y la qu\u00edmica marina.<\/p>\n","protected":false},"excerpt":{"rendered":"<p>Descripci\u00f3n general del polvo de aleaci\u00f3n INCONEL 625 El polvo de aleaci\u00f3n INCONEL 625 es una superaleaci\u00f3n a base de n\u00edquel de alta resistencia ampliamente utilizada en la fabricaci\u00f3n de componentes para entornos de alta temperatura, resistentes a la corrosi\u00f3n y de alta tensi\u00f3n. Ofrecemos polvo de aleaci\u00f3n INCONEL 625 en varios tama\u00f1os y morfolog\u00edas [&hellip;]<\/p>\n","protected":false},"featured_media":29706,"template":"","meta":{"_acf_changed":false},"product_brand":[132],"product_cat":[1151],"product_tag":[2692],"class_list":{"0":"post-29705","1":"product","2":"type-product","3":"status-publish","4":"has-post-thumbnail","6":"product_brand-ulpmat","7":"product_cat-polvo-esferico-para-impresion-3d","8":"product_tag-polvo-esferico-de-aleacion-inconel-625","10":"first","11":"instock","12":"shipping-taxable","13":"product-type-variable"},"acf":[],"_links":{"self":[{"href":"https:\/\/ulpmat.com\/es\/wp-json\/wp\/v2\/product\/29705","targetHints":{"allow":["GET"]}}],"collection":[{"href":"https:\/\/ulpmat.com\/es\/wp-json\/wp\/v2\/product"}],"about":[{"href":"https:\/\/ulpmat.com\/es\/wp-json\/wp\/v2\/types\/product"}],"wp:featuredmedia":[{"embeddable":true,"href":"https:\/\/ulpmat.com\/es\/wp-json\/wp\/v2\/media\/29706"}],"wp:attachment":[{"href":"https:\/\/ulpmat.com\/es\/wp-json\/wp\/v2\/media?parent=29705"}],"wp:term":[{"taxonomy":"product_brand","embeddable":true,"href":"https:\/\/ulpmat.com\/es\/wp-json\/wp\/v2\/product_brand?post=29705"},{"taxonomy":"product_cat","embeddable":true,"href":"https:\/\/ulpmat.com\/es\/wp-json\/wp\/v2\/product_cat?post=29705"},{"taxonomy":"product_tag","embeddable":true,"href":"https:\/\/ulpmat.com\/es\/wp-json\/wp\/v2\/product_tag?post=29705"}],"curies":[{"name":"wp","href":"https:\/\/api.w.org\/{rel}","templated":true}]}}