{"id":29591,"date":"2025-12-25T09:34:03","date_gmt":"2025-12-25T01:34:03","guid":{"rendered":"https:\/\/ulpmat.com\/product\/fluoruro-de-niquel\/"},"modified":"2025-12-25T09:34:03","modified_gmt":"2025-12-25T01:34:03","slug":"fluoruro-de-niquel","status":"publish","type":"product","link":"https:\/\/ulpmat.com\/es\/producto\/fluoruro-de-niquel\/","title":{"rendered":"Fluoruro de n\u00edquel"},"content":{"rendered":"<h2><span style=\"font-size: 14pt;\">Descripci\u00f3n general del polvo de fluoruro de n\u00edquel<\/span><\/h2>\n<p>El polvo<br \/>\n<span style=\"color: #0000ff;\"><a style=\"color: #0000ff;\" href=\"https:\/\/ulpmat.com\/es\/buscar\/?type=name&#038;keyword=Nickel+fluoride\">de fluoruro de n\u00edquel<\/a><\/span><br \/>\nes un importante material inorg\u00e1nico de sal de n\u00edquel, utilizado principalmente en la preparaci\u00f3n de materiales funcionales, s\u00edntesis qu\u00edmica y procesos avanzados de recubrimiento.<\/p>\n<p>Podemos suministrar de forma estable polvo de fluoruro de n\u00edquel de diferentes purezas y tama\u00f1os de part\u00edculas, y satisfacer necesidades personalizadas. No dude en <span style=\"color: #0000ff;\"><a style=\"color: #0000ff;\" href=\"https:\/\/ulpmat.com\/es\/contacto\/\">ponerse en contacto<\/a><\/span><br \/>\n<span style=\"color: #0000ff;\"><a style=\"color: #0000ff;\" href=\"https:\/\/ulpmat.com\/es\/contacto\/\">con nosotros<\/a><\/span><br \/>\npara obtener informaci\u00f3n <span style=\"color: #0000ff;\"><a style=\"color: #0000ff;\" href=\"https:\/\/ulpmat.com\/es\/servicio\/asistencia-tecnica\/\">t\u00e9cnica<\/a><\/span><br \/>\ny presupuestos.<\/p>\n<h2><span style=\"font-size: 14pt;\">Caracter\u00edsticas destacadas del producto<\/span><\/h2>\n<p>Composici\u00f3n qu\u00edmica estable.<br \/>\nDistribuci\u00f3n uniforme de las part\u00edculas.<br \/>\nControl estricto de las impurezas met\u00e1licas.<br \/>\nAdecuado para procesos qu\u00edmicos finos.<br \/>\nBuena consistencia entre lotes.<br \/>\nUtilizable en diversos sistemas de alta temperatura o reacci\u00f3n<\/p>\n<h2><span style=\"font-size: 14pt;\">. Aplicaciones del polvo de fluoruro de n\u00edquel<\/span><\/h2>\n<p>S\u00edntesis de materiales funcionales: este material se utiliza a menudo como precursor de compuestos funcionales que contienen n\u00edquel para preparar materiales inorg\u00e1nicos con propiedades el\u00e9ctricas o magn\u00e9ticas espec\u00edficas.<br \/>\nCat\u00e1lisis de reacciones qu\u00edmicas e intermedios: en diversos sistemas de reacci\u00f3n basados en el n\u00edquel o la fluoraci\u00f3n, puede participar en el proceso de reacci\u00f3n como reactivo estable o intermediario clave.<br \/>\nProcesos de tratamiento de superficies y recubrimientos: en algunos procesos de modificaci\u00f3n de superficies met\u00e1licas y recubrimientos especiales, se utiliza para introducir elementos de n\u00edquel y fl\u00faor con el fin de mejorar la resistencia a la corrosi\u00f3n o las propiedades estructurales.<br \/>\nInvestigaci\u00f3n cient\u00edfica y aplicaciones de laboratorio: Se utiliza ampliamente en qu\u00edmica inorg\u00e1nica, ciencia de materiales e investigaci\u00f3n de mecanismos de reacci\u00f3n en universidades e instituciones de investigaci\u00f3n.<\/p>\n<h2><span style=\"color: #0000ff;\"><a style=\"color: #0000ff;\" href=\"https:\/\/ulpmat.com\/es\/empresa\/preguntas-frecuentes\/\"><span style=\"font-size: 14pt;\">Preguntas frecuentes<\/span><\/a><\/span><\/h2>\n<p>P1: \u00bfEl polvo de fluoruro de n\u00edquel es higrosc\u00f3pico?<br \/>\nR1: Este producto es qu\u00edmicamente estable a temperatura ambiente, pero se recomienda almacenarlo en un recipiente sellado en un entorno seco para mantener un rendimiento \u00f3ptimo.<\/p>\n<p>P2: \u00bfSe puede utilizar en sistemas de reacci\u00f3n a alta temperatura?<br \/>\nR2: En condiciones de proceso adecuadas, se puede utilizar en aplicaciones de alta temperatura. El rango de temperatura espec\u00edfico debe evaluarse en funci\u00f3n del sistema de reacci\u00f3n real.<\/p>\n<p>P3: \u00bfEl producto admite diferentes especificaciones de tama\u00f1o de part\u00edcula?<br \/>\nR3: S\u00ed, podemos proporcionar soluciones de productos con diferentes rangos de tama\u00f1o de part\u00edcula seg\u00fan los requisitos de la aplicaci\u00f3n.<\/p>\n<p>P4: \u00bfEs adecuado para uso en investigaci\u00f3n?<br \/>\nR4: S\u00ed, la pureza y la consistencia del producto cumplen los requisitos de la mayor\u00eda de las aplicaciones de laboratorio e I+D.<\/p>\n<h2><span style=\"font-size: 14pt;\">Informes<\/span><\/h2>\n<p>Cada lote se suministra con:<br \/>\n<span style=\"color: #0000ff;\"><a style=\"color: #0000ff;\" href=\"https:\/\/ulpmat.com\/es\/documentos\/certificado-de-analisis\/\"><u>Certificado de an\u00e1lisis (COA)<\/u><\/a><\/span><\/p>\n<p><span style=\"color: #0000ff;\"><a style=\"color: #0000ff;\" href=\"https:\/\/ulpmat.com\/es\/documentos\/ficha-tecnica\/\"><u>Ficha t\u00e9cnica (TDS)<\/u><\/a><\/span><\/p>\n<p><span style=\"color: #0000ff;\"><a style=\"color: #0000ff;\" href=\"https:\/\/ulpmat.com\/es\/documentos\/ficha-de-datos-de-seguridad\/\"><u>Ficha de datos de seguridad (MSDS)<\/u><\/a><\/span><br \/>\nInformes de pruebas de terceros disponibles bajo petici\u00f3n<\/p>\n<h2><span style=\"font-size: 14pt;\">\u00bfPor qu\u00e9 elegirnos?<\/span><\/h2>\n<p>Nos centramos en el suministro estable y el control de calidad de las materias primas qu\u00edmicas inorg\u00e1nicas, hacemos hincapi\u00e9 en la transparencia de los par\u00e1metros <span style=\"color: #0000ff;\"><a style=\"color: #0000ff;\" href=\"https:\/\/ulpmat.com\/es\/servicio\/asistencia-tecnica\/\">t\u00e9cnicos<\/a><\/span><br \/>\ny la gesti\u00f3n de la consistencia de los lotes, y podemos proporcionar a los clientes m<\/p>\n","protected":false},"excerpt":{"rendered":"<p>Descripci\u00f3n general del polvo de fluoruro de n\u00edquel El polvo de fluoruro de n\u00edquel es un importante material inorg\u00e1nico de sal de n\u00edquel, utilizado principalmente en la preparaci\u00f3n de materiales funcionales, s\u00edntesis qu\u00edmica y procesos avanzados de recubrimiento. Podemos suministrar de forma estable polvo de fluoruro de n\u00edquel de diferentes purezas y tama\u00f1os de part\u00edculas, [&hellip;]<\/p>\n","protected":false},"featured_media":29592,"template":"","meta":{"_acf_changed":false},"product_brand":[132],"product_cat":[330],"product_tag":[2656],"class_list":{"0":"post-29591","1":"product","2":"type-product","3":"status-publish","4":"has-post-thumbnail","6":"product_brand-ulpmat","7":"product_cat-materiales-halogenados","8":"product_tag-fluoruro-de-niquel-en-polvo","10":"first","11":"instock","12":"shipping-taxable","13":"product-type-variable"},"acf":[],"_links":{"self":[{"href":"https:\/\/ulpmat.com\/es\/wp-json\/wp\/v2\/product\/29591","targetHints":{"allow":["GET"]}}],"collection":[{"href":"https:\/\/ulpmat.com\/es\/wp-json\/wp\/v2\/product"}],"about":[{"href":"https:\/\/ulpmat.com\/es\/wp-json\/wp\/v2\/types\/product"}],"wp:featuredmedia":[{"embeddable":true,"href":"https:\/\/ulpmat.com\/es\/wp-json\/wp\/v2\/media\/29592"}],"wp:attachment":[{"href":"https:\/\/ulpmat.com\/es\/wp-json\/wp\/v2\/media?parent=29591"}],"wp:term":[{"taxonomy":"product_brand","embeddable":true,"href":"https:\/\/ulpmat.com\/es\/wp-json\/wp\/v2\/product_brand?post=29591"},{"taxonomy":"product_cat","embeddable":true,"href":"https:\/\/ulpmat.com\/es\/wp-json\/wp\/v2\/product_cat?post=29591"},{"taxonomy":"product_tag","embeddable":true,"href":"https:\/\/ulpmat.com\/es\/wp-json\/wp\/v2\/product_tag?post=29591"}],"curies":[{"name":"wp","href":"https:\/\/api.w.org\/{rel}","templated":true}]}}