{"id":29400,"date":"2025-12-25T09:34:30","date_gmt":"2025-12-25T01:34:30","guid":{"rendered":"https:\/\/ulpmat.com\/product\/niquel-manganeso-galio\/"},"modified":"2025-12-25T09:34:30","modified_gmt":"2025-12-25T01:34:30","slug":"niquel-manganeso-galio","status":"publish","type":"product","link":"https:\/\/ulpmat.com\/es\/producto\/niquel-manganeso-galio\/","title":{"rendered":"N\u00edquel Manganeso Galio"},"content":{"rendered":"<h2><span style=\"font-size: 14pt;\">Objetivo de pulverizaci\u00f3n de n\u00edquel, manganeso y galio Descripci\u00f3n general<\/span><\/h2>\n<p>Los objetivos de pulverizaci\u00f3n<br \/>\n<span style=\"color: #0000ff;\"><a style=\"color: #0000ff;\" href=\"https:\/\/ulpmat.com\/es\/buscar\/?type=name&#038;keyword=Nickel+Manganese+Gallium\">de n\u00edquel, manganeso y galio<\/a><\/span><br \/>\nson objetivos de aleaci\u00f3n multicomponente a base de n\u00edquel que se utilizan principalmente para la deposici\u00f3n y preparaci\u00f3n de pel\u00edculas delgadas de aleaciones funcionales y materiales relacionados con el acoplamiento magnetoestructural.<\/p>\n<p>Podemos proporcionar objetivos de pulverizaci\u00f3n de NiMnGa con proporciones de composici\u00f3n precisas y estructuras densas, que admiten diversos tama\u00f1os y requisitos de proceso. P\u00f3ngase <span style=\"color: #0000ff;\"><a style=\"color: #0000ff;\" href=\"https:\/\/ulpmat.com\/es\/contacto\/\">en contacto con nosotros<\/a><\/span><br \/>\npara obtener informaci\u00f3n t\u00e9cnica.<\/p>\n<h2><span style=\"font-size: 14pt;\">Caracter\u00edsticas destacadas del producto<\/span><\/h2>\n<p>Control estable de la composici\u00f3n multicomponente.<br \/>\nMicroestructura uniforme de la aleaci\u00f3n.<br \/>\nBuena repetibilidad de la composici\u00f3n de la pel\u00edcula delgada.<br \/>\nAdecuado para procesos de pulverizaci\u00f3n cat\u00f3dica con magnetr\u00f3n.<br \/>\nAlta densidad del blanco<span style=\"color: #0000ff;\"><a style=\"color: #0000ff;\" href=\"https:\/\/ulpmat.com\/es\/servicio\/vinculacion-de-objetivos\/\">.<br \/>\nUni\u00f3n<\/a><\/span><br \/>\ny placas base personalizadas.<br \/>\nProcesamiento personalizado compatible.<\/p>\n<h2><span style=\"font-size: 14pt;\">Aplicaciones de los blancos de pulverizaci\u00f3n cat\u00f3dica de n\u00edquel, manganeso y galio<\/span><\/h2>\n<p>Preparaci\u00f3n de pel\u00edculas delgadas de aleaciones funcionales: adecuados para preparar pel\u00edculas delgadas de aleaciones con caracter\u00edsticas magn\u00e9ticas o de respuesta estructural especiales, que satisfacen las necesidades de investigaci\u00f3n y aplicaci\u00f3n de los materiales funcionales.<br \/>\nInvestigaci\u00f3n de materiales inteligentes y materiales de respuesta: se utiliza para construir estructuras de pel\u00edcula delgada sin\u00e9rgicas de m\u00faltiples elementos en la investigaci\u00f3n de materiales inteligentes y mecanismos de respuesta relacionados.<br \/>\nDesarrollo de microestructuras y dispositivos: se puede utilizar para la deposici\u00f3n de capas funcionales en dispositivos de microestructura, en aplicaciones que requieren una alta consistencia de la composici\u00f3n de la pel\u00edcula y estabilidad estructural.<br \/>\nInvestigaci\u00f3n cient\u00edfica y exploraci\u00f3n de nuevos materiales: ampliamente utilizado en la investigaci\u00f3n experimental por parte de instituciones de investigaci\u00f3n en sistemas de aleaciones de m\u00faltiples elementos, control de estructuras de pel\u00edcula delgada y evoluci\u00f3n del rendimiento.<\/p>\n<h2><span style=\"color: #0000ff;\"><a style=\"color: #0000ff;\" href=\"https:\/\/ulpmat.com\/es\/empresa\/preguntas-frecuentes\/\"><span style=\"font-size: 14pt;\">Preguntas frecuentes<\/span><\/a><\/span><\/h2>\n<p>P1: \u00bfPara qu\u00e9 proceso de pulverizaci\u00f3n es adecuado el blanco de pulverizaci\u00f3n NiMnGa?<br \/>\nR1: Se puede utilizar en procesos de pulverizaci\u00f3n magnetr\u00f3nica convencionales. Los par\u00e1metros espec\u00edficos del proceso deben optimizarse en funci\u00f3n de las condiciones del equipo.<\/p>\n<p>P2: \u00bfSe puede ajustar la proporci\u00f3n de los componentes ternarios del blanco?<br \/>\nR2: S\u00ed, se pueden proporcionar soluciones personalizadas con diferentes proporciones de componentes en funci\u00f3n de los objetivos de rendimiento de la pel\u00edcula delgada.<\/p>\n<p>P3: \u00bfEs estable el objetivo multielemento durante la deposici\u00f3n?<br \/>\nR3: En condiciones razonables de potencia y atm\u00f3sfera, el objetivo puede mantener una buena estabilidad de deposici\u00f3n.<\/p>\n<p>P4: \u00bfEs adecuado para uso en investigaci\u00f3n y experimentaci\u00f3n?<br \/>\nR4: S\u00ed, se pueden proporcionar tama\u00f1os peque\u00f1os y especificaciones no est\u00e1ndar para las etapas de I+D y verificaci\u00f3n.<\/p>\n<h2><span style=\"font-size: 14pt;\">Informes<\/span><\/h2>\n<p>Cada lote se suministra con:<br \/>\n<span style=\"color: #0000ff;\"><a style=\"color: #0000ff;\" href=\"https:\/\/ulpmat.com\/es\/documentos\/certificado-de-analisis\/\"><u>Certificado de an\u00e1lisis (COA)<\/u><\/a><\/span><\/p>\n<p><span style=\"color: #0000ff;\"><a style=\"color: #0000ff;\" href=\"https:\/\/ulpmat.com\/es\/documentos\/ficha-tecnica\/\"><u>Ficha t\u00e9cnica (TDS)<\/u><\/a><\/span><\/p>\n<p><a href=\"https:\/\/ulpmat.com\/es\/documentos\/ficha-de-datos-de-seguridad\/\"><u><span style=\"color: #0000ff;\">Ficha de datos de seguridad (MSDS<\/span>)<\/u><\/a><br \/>\nInforme de inspecci\u00f3n de tama\u00f1o<br \/>\nInformes de pruebas de terceros disponibles bajo petici\u00f3n<\/p>\n<h2><span style=\"font-size: 14pt;\">\u00bfPor qu\u00e9 elegirnos?<\/span><\/h2>\n<p>Contamos con una amplia experiencia en la preparaci\u00f3n y el procesamiento de blancos de pulverizaci\u00f3n de aleaciones multicomponentes, haciendo hincapi\u00e9 en la precisi\u00f3n de la composici\u00f3n, la uniformidad estructural y la adecuaci\u00f3n del proceso, lo que puede proporcionar un apoyo fiable para la investigaci\u00f3n de pel\u00edculas delgadas funcionales y nuevos materiales.<\/p>\n","protected":false},"excerpt":{"rendered":"<p>Objetivo de pulverizaci\u00f3n de n\u00edquel, manganeso y galio Descripci\u00f3n general Los objetivos de pulverizaci\u00f3n de n\u00edquel, manganeso y galio son objetivos de aleaci\u00f3n multicomponente a base de n\u00edquel que se utilizan principalmente para la deposici\u00f3n y preparaci\u00f3n de pel\u00edculas delgadas de aleaciones funcionales y materiales relacionados con el acoplamiento magnetoestructural. Podemos proporcionar objetivos de pulverizaci\u00f3n [&hellip;]<\/p>\n","protected":false},"featured_media":29401,"template":"","meta":{"_acf_changed":false},"product_brand":[132],"product_cat":[570],"product_tag":[2613],"class_list":{"0":"post-29400","1":"product","2":"type-product","3":"status-publish","4":"has-post-thumbnail","6":"product_brand-ulpmat","7":"product_cat-catodos-para-sputtering-de-aleaciones","8":"product_tag-catodos-para-sputtering-de-niquel-manganeso-y-galio","10":"first","11":"instock","12":"shipping-taxable","13":"product-type-variable"},"acf":[],"_links":{"self":[{"href":"https:\/\/ulpmat.com\/es\/wp-json\/wp\/v2\/product\/29400","targetHints":{"allow":["GET"]}}],"collection":[{"href":"https:\/\/ulpmat.com\/es\/wp-json\/wp\/v2\/product"}],"about":[{"href":"https:\/\/ulpmat.com\/es\/wp-json\/wp\/v2\/types\/product"}],"wp:featuredmedia":[{"embeddable":true,"href":"https:\/\/ulpmat.com\/es\/wp-json\/wp\/v2\/media\/29401"}],"wp:attachment":[{"href":"https:\/\/ulpmat.com\/es\/wp-json\/wp\/v2\/media?parent=29400"}],"wp:term":[{"taxonomy":"product_brand","embeddable":true,"href":"https:\/\/ulpmat.com\/es\/wp-json\/wp\/v2\/product_brand?post=29400"},{"taxonomy":"product_cat","embeddable":true,"href":"https:\/\/ulpmat.com\/es\/wp-json\/wp\/v2\/product_cat?post=29400"},{"taxonomy":"product_tag","embeddable":true,"href":"https:\/\/ulpmat.com\/es\/wp-json\/wp\/v2\/product_tag?post=29400"}],"curies":[{"name":"wp","href":"https:\/\/api.w.org\/{rel}","templated":true}]}}