{"id":29242,"date":"2025-12-25T09:34:32","date_gmt":"2025-12-25T01:34:32","guid":{"rendered":"https:\/\/ulpmat.com\/product\/oxido-de-niquel-2\/"},"modified":"2025-12-25T09:34:32","modified_gmt":"2025-12-25T01:34:32","slug":"oxido-de-niquel-2","status":"publish","type":"product","link":"https:\/\/ulpmat.com\/es\/producto\/oxido-de-niquel-2\/","title":{"rendered":"\u00d3xido de n\u00edquel"},"content":{"rendered":"<h2><span style=\"font-size: 14pt;\">Descripci\u00f3n general de los gr\u00e1nulos de \u00f3xido de n\u00edquel<\/span><\/h2>\n<p>Los gr\u00e1nulos<br \/>\n<span style=\"color: #0000ff;\"><a style=\"color: #0000ff;\" href=\"https:\/\/ulpmat.com\/es\/buscar\/?type=name&#038;keyword=Nickel+Oxide\">de \u00f3xido de n\u00edquel<\/a><\/span><br \/>\nson un material de \u00f3xido de n\u00edquel de alta pureza ampliamente utilizado en cer\u00e1mica electr\u00f3nica, cat\u00e1lisis, optoelectr\u00f3nica y almacenamiento de energ\u00eda.<\/p>\n<p>Ofrecemos gr\u00e1nulos de NiO con un tama\u00f1o de part\u00edcula uniforme y una composici\u00f3n qu\u00edmica estable para satisfacer diversos requisitos de proceso. P\u00f3ngase<span style=\"color: #0000ff;\"><a style=\"color: #0000ff;\" href=\"https:\/\/ulpmat.com\/es\/contacto\/\"> en contacto con nosotros<\/a><\/span><br \/>\npara obtener informaci\u00f3n <span style=\"color: #0000ff;\"><a style=\"color: #0000ff;\" href=\"https:\/\/ulpmat.com\/es\/servicio\/asistencia-tecnica\/\">t\u00e9cnica<\/a><\/span><br \/>\ndetallada.<\/p>\n<p>Caracter\u00edsticas destacadas del producto<\/p>\n<p>\u00d3xido de n\u00edquel de alta pureza<br \/>\nTama\u00f1o de part\u00edcula uniforme<br \/>\nF\u00e1cil de dispersar y procesar<br \/>\nBuena actividad catal\u00edtica<br \/>\nAlta estabilidad t\u00e9rmica<br \/>\n<span style=\"color: #0000ff;\"><a style=\"color: #0000ff;\" href=\"https:\/\/ulpmat.com\/es\/servicio\/personalizacion\/\">En<\/a><\/span><br \/>\nvases<br \/>\n<span style=\"color: #0000ff;\"><a style=\"color: #0000ff;\" href=\"https:\/\/ulpmat.com\/es\/servicio\/personalizacion\/\">personalizables<\/a><\/span><\/p>\n<p>Consistencia fiable entre lotes<\/p>\n<h2><span style=\"font-size: 14pt;\">Aplicaciones de los gr\u00e1nulos de \u00f3xido de n\u00edquel<\/span><\/h2>\n<p>Cer\u00e1mica electr\u00f3nica: adecuado para cer\u00e1mica funcional y sistemas de materiales electr\u00f3nicos, ya que ayuda a controlar la conductividad y las propiedades magn\u00e9ticas u \u00f3pticas.<br \/>\nMateriales catal\u00edticos: se puede utilizar como soporte de catalizadores y materiales de reacci\u00f3n catal\u00edtica para mejorar las velocidades de reacci\u00f3n y la selectividad.<br \/>\nDispositivos de almacenamiento de energ\u00eda: se utiliza en materiales de electrodos y dispositivos de almacenamiento de energ\u00eda para mejorar la eficiencia de la conversi\u00f3n de energ\u00eda y la estabilidad del ciclo.<br \/>\nInvestigaci\u00f3n y desarrollo de procesos: adecuado para que las instituciones de investigaci\u00f3n realicen pruebas de rendimiento de part\u00edculas de \u00f3xido de n\u00edquel, modificaci\u00f3n de materiales y experimentos de desarrollo de nuevos procesos.<\/p>\n<h2><span style=\"color: #0000ff; font-size: 14pt;\"><a style=\"color: #0000ff;\" href=\"https:\/\/ulpmat.com\/es\/empresa\/preguntas-frecuentes\/\">Preguntas frecuentes<\/a><\/span><\/h2>\n<p>P1: \u00bfSe puede personalizar el tama\u00f1o de las part\u00edculas de los gr\u00e1nulos de NiO?<br \/>\nR1: S\u00ed, ofrecemos productos en gr\u00e1nulos con diferentes rangos de tama\u00f1o de part\u00edculas seg\u00fan los requisitos del proceso y la aplicaci\u00f3n.<\/p>\n<p>P2: \u00bfLas part\u00edculas son propensas a la absorci\u00f3n de humedad o a la oxidaci\u00f3n?<br \/>\nR2: Son estables en un entorno seco a temperatura ambiente. Se recomienda almacenarlas en un recipiente herm\u00e9tico para evitar la absorci\u00f3n de humedad.<\/p>\n<p>P3: \u00bfSon los gr\u00e1nulos de NiO adecuados para la preparaci\u00f3n de catalizadores?<br \/>\nR3: S\u00ed, su alta pureza y buena dispersabilidad son beneficiosas para la preparaci\u00f3n de catalizadores.<\/p>\n<p>P4: \u00bfSon adecuados para su uso en cer\u00e1mica electr\u00f3nica y materiales de almacenamiento de energ\u00eda?<br \/>\nR4: S\u00ed, pueden utilizarse para regular la funcionalidad de la cer\u00e1mica y mejorar el rendimiento de los dispositivos de almacenamiento de energ\u00eda.<\/p>\n<h2><span style=\"font-size: 14pt;\">Informe<\/span><\/h2>\n<p>Cada lote se suministra con:<br \/>\n<span style=\"color: #0000ff;\"><a style=\"color: #0000ff;\" href=\"https:\/\/ulpmat.com\/es\/documentos\/certificado-de-analisis\/\"><u>Certificado de an\u00e1lisis (COA)<\/u><\/a><\/span><\/p>\n<p><span style=\"color: #0000ff;\"><a style=\"color: #0000ff;\" href=\"https:\/\/ulpmat.com\/es\/documentos\/ficha-tecnica\/\"><u>Ficha t\u00e9cnica (TDS)<\/u><\/a><\/span><\/p>\n<p><span style=\"color: #0000ff;\"><a style=\"color: #0000ff;\" href=\"https:\/\/ulpmat.com\/es\/documentos\/ficha-de-datos-de-seguridad\/\"><u>Ficha de datos de seguridad (MSDS)<\/u><\/a><\/span><br \/>\nInformes de pruebas de terceros disponibles bajo petici\u00f3n<\/p>\n<h2><span style=\"font-size: 14pt;\">\u00bfPor qu\u00e9 elegirnos?<\/span><\/h2>\n<p>Nos especializamos en la investigaci\u00f3n y el suministro de part\u00edculas de \u00f3xido de n\u00edquel de alta pureza, haciendo hincapi\u00e9 en la uniformidad de las part\u00edculas, la estabilidad qu\u00edmica y la compatibilidad de los procesos, proporcionando un soporte material fiable para los campos de la cer\u00e1mica electr\u00f3nica, la cat\u00e1lisis y el almacenamiento de energ\u00eda.<\/p>\n","protected":false},"excerpt":{"rendered":"<p>Descripci\u00f3n general de los gr\u00e1nulos de \u00f3xido de n\u00edquel Los gr\u00e1nulos de \u00f3xido de n\u00edquel son un material de \u00f3xido de n\u00edquel de alta pureza ampliamente utilizado en cer\u00e1mica electr\u00f3nica, cat\u00e1lisis, optoelectr\u00f3nica y almacenamiento de energ\u00eda. Ofrecemos gr\u00e1nulos de NiO con un tama\u00f1o de part\u00edcula uniforme y una composici\u00f3n qu\u00edmica estable para satisfacer diversos requisitos [&hellip;]<\/p>\n","protected":false},"featured_media":29243,"template":"","meta":{"_acf_changed":false},"product_brand":[132],"product_cat":[340],"product_tag":[2571],"class_list":{"0":"post-29242","1":"product","2":"type-product","3":"status-publish","4":"has-post-thumbnail","6":"product_brand-ulpmat","7":"product_cat-materiales-de-evaporacion","8":"product_tag-oxido-de-niquel-en-granulos","10":"first","11":"instock","12":"shipping-taxable","13":"product-type-variable"},"acf":[],"_links":{"self":[{"href":"https:\/\/ulpmat.com\/es\/wp-json\/wp\/v2\/product\/29242","targetHints":{"allow":["GET"]}}],"collection":[{"href":"https:\/\/ulpmat.com\/es\/wp-json\/wp\/v2\/product"}],"about":[{"href":"https:\/\/ulpmat.com\/es\/wp-json\/wp\/v2\/types\/product"}],"wp:featuredmedia":[{"embeddable":true,"href":"https:\/\/ulpmat.com\/es\/wp-json\/wp\/v2\/media\/29243"}],"wp:attachment":[{"href":"https:\/\/ulpmat.com\/es\/wp-json\/wp\/v2\/media?parent=29242"}],"wp:term":[{"taxonomy":"product_brand","embeddable":true,"href":"https:\/\/ulpmat.com\/es\/wp-json\/wp\/v2\/product_brand?post=29242"},{"taxonomy":"product_cat","embeddable":true,"href":"https:\/\/ulpmat.com\/es\/wp-json\/wp\/v2\/product_cat?post=29242"},{"taxonomy":"product_tag","embeddable":true,"href":"https:\/\/ulpmat.com\/es\/wp-json\/wp\/v2\/product_tag?post=29242"}],"curies":[{"name":"wp","href":"https:\/\/api.w.org\/{rel}","templated":true}]}}