{"id":29123,"date":"2025-12-25T09:34:34","date_gmt":"2025-12-25T01:34:34","guid":{"rendered":"https:\/\/ulpmat.com\/product\/sulfuro-de-niquel-ii-2\/"},"modified":"2025-12-25T09:34:34","modified_gmt":"2025-12-25T01:34:34","slug":"sulfuro-de-niquel-ii-2","status":"publish","type":"product","link":"https:\/\/ulpmat.com\/es\/producto\/sulfuro-de-niquel-ii-2\/","title":{"rendered":"Sulfuro de n\u00edquel (II)"},"content":{"rendered":"<h2><span style=\"font-size: 14pt;\">N\u00edquel (II) sulfuro Gr\u00e1nulos Visi\u00f3n general<\/span><\/h2>\n<p><span style=\"color: #0000ff;\"><a style=\"color: #0000ff;\" href=\"https:\/\/ulpmat.com\/es\/buscar\/?type=name&#038;keyword=Nickel+%28II%29+sulfide\">El sulfuro de n\u00edquel (II)<\/a><\/span> son un material de sulfuro de n\u00edquel de gran pureza ampliamente utilizado en materiales de electrodos, dispositivos fotovoltaicos, cat\u00e1lisis y preparaci\u00f3n de materiales funcionales.<\/p>\n<p>Ofrecemos gr\u00e1nulos de NiS con un tama\u00f1o de part\u00edcula uniforme y una composici\u00f3n qu\u00edmica estable, compatibles con diversas aplicaciones y requisitos de proceso. Por favor, <span style=\"color: #0000ff;\"><a style=\"color: #0000ff;\" href=\"https:\/\/ulpmat.com\/es\/contacto\/\">p\u00f3ngase en contacto con nosotros<\/a><\/span> para obtener informaci\u00f3n <span style=\"color: #0000ff;\"><a style=\"color: #0000ff;\" href=\"https:\/\/ulpmat.com\/es\/servicio\/asistencia-tecnica\/\">informaci\u00f3n t\u00e9cnica<\/a> <\/span>detallada.<\/p>\n<h2><span style=\"font-size: 14pt;\">Productos destacados<\/span><\/h2>\n<p>Sulfuro de n\u00edquel de gran pureza<br \/>\nTama\u00f1o uniforme de las part\u00edculas<br \/>\nF\u00e1cil de dispersar y procesar<br \/>\nExcelente conductividad el\u00e9ctrica<br \/>\nBuena estabilidad t\u00e9rmica<br \/>\nConsistencia fiable de los lotes<\/p>\n<h2><span style=\"font-size: 14pt;\">Aplicaciones de los gr\u00e1nulos de sulfuro de n\u00edquel (II)<\/span><\/h2>\n<p>Dispositivos fotovoltaicos y electr\u00f3nicos: Adecuado para c\u00e9lulas solares y otros dispositivos electr\u00f3nicos, mejorando la conductividad y la estabilidad.<br \/>\nMateriales de electrodos: Pueden utilizarse en la preparaci\u00f3n de electrodos, mejorando el rendimiento electroqu\u00edmico y la vida \u00fatil del ciclo.<br \/>\nMateriales de cat\u00e1lisis: Puede utilizarse como material activo en reacciones catal\u00edticas, mejorando la eficacia catal\u00edtica y la selectividad.<br \/>\nInvestigaci\u00f3n y desarrollo de procesos: Adecuado para que las instituciones de investigaci\u00f3n lleven a cabo pruebas de rendimiento de sulfuro de n\u00edquel, modificaci\u00f3n de materiales y experimentos de nuevos procesos.<\/p>\n<h2><span style=\"color: #0000ff;\"><a style=\"color: #0000ff;\" href=\"https:\/\/ulpmat.com\/es\/empresa\/preguntas-frecuentes\/\"><span style=\"font-size: 14pt;\">Preguntas frecuentes<\/span><\/a><\/span><\/h2>\n<p>P1: \u00bfSe puede personalizar el tama\u00f1o de las part\u00edculas de los gr\u00e1nulos de NiS?<br \/>\nR1: S\u00ed, ofrecemos productos granulados con diferentes tama\u00f1os de part\u00edcula seg\u00fan los requisitos de la aplicaci\u00f3n.<\/p>\n<p>P2: \u00bfSe oxidan o descomponen f\u00e1cilmente los gr\u00e1nulos?<br \/>\nA2: Qu\u00edmicamente estables en condiciones secas a temperatura ambiente. Se recomienda el almacenamiento sellado para evitar da\u00f1os por humedad.<\/p>\n<p>P3: \u00bfSon adecuadas las part\u00edculas de NiS para aplicaciones catal\u00edticas?<br \/>\nA3: S\u00ed, la alta pureza y uniformidad son beneficiosas para la preparaci\u00f3n de catalizadores o pel\u00edculas catal\u00edticas.<\/p>\n<p>P4: \u00bfPueden utilizarse en dispositivos electr\u00f3nicos y materiales de electrodos?<br \/>\nA4: S\u00ed, pueden mejorar la conductividad de los dispositivos y el rendimiento del ciclo del electrodo.<\/p>\n<h2><span style=\"font-size: 14pt;\">Informe<\/span><\/h2>\n<p>Cada lote se suministra con:<br \/>\n<span style=\"color: #0000ff;\"><a style=\"color: #0000ff;\" href=\"https:\/\/ulpmat.com\/es\/documentos\/certificado-de-analisis\/\"><u>Certificado de an\u00e1lisis (COA)<\/u><\/a><\/span><br \/>\n<span style=\"color: #0000ff;\"><a style=\"color: #0000ff;\" href=\"https:\/\/ulpmat.com\/es\/documentos\/ficha-tecnica\/\"><u>Ficha t\u00e9cnica (TDS)<\/u><\/a><\/span><br \/>\n<span style=\"color: #0000ff;\"><a style=\"color: #0000ff;\" href=\"https:\/\/ulpmat.com\/es\/documentos\/ficha-de-datos-de-seguridad\/\"><u>Ficha de datos de seguridad (FDS)<\/u><\/a><\/span><br \/>\nInformes de pruebas de terceros disponibles previa solicitud<\/p>\n<h2><span style=\"font-size: 14pt;\">\u00bfPor qu\u00e9 elegirnos?<\/span><\/h2>\n<p>Estamos especializados en la investigaci\u00f3n y el suministro de part\u00edculas de NiS de gran pureza, haciendo hincapi\u00e9 en la uniformidad de las part\u00edculas, la estabilidad qu\u00edmica y la compatibilidad con los procesos, proporcionando un soporte material fiable para dispositivos fotovoltaicos, electrodos y materiales catal\u00edticos.<\/p>\n","protected":false},"excerpt":{"rendered":"<p>N\u00edquel (II) sulfuro Gr\u00e1nulos Visi\u00f3n general El sulfuro de n\u00edquel (II) son un material de sulfuro de n\u00edquel de gran pureza ampliamente utilizado en materiales de electrodos, dispositivos fotovoltaicos, cat\u00e1lisis y preparaci\u00f3n de materiales funcionales. Ofrecemos gr\u00e1nulos de NiS con un tama\u00f1o de part\u00edcula uniforme y una composici\u00f3n qu\u00edmica estable, compatibles con diversas aplicaciones y [&hellip;]<\/p>\n","protected":false},"featured_media":29124,"template":"","meta":{"_acf_changed":false},"product_brand":[132],"product_cat":[340],"product_tag":[2554],"class_list":{"0":"post-29123","1":"product","2":"type-product","3":"status-publish","4":"has-post-thumbnail","6":"product_brand-ulpmat","7":"product_cat-materiales-de-evaporacion","8":"product_tag-niquel-ii-sulfuro-granulos","10":"first","11":"instock","12":"shipping-taxable","13":"product-type-variable"},"acf":[],"_links":{"self":[{"href":"https:\/\/ulpmat.com\/es\/wp-json\/wp\/v2\/product\/29123","targetHints":{"allow":["GET"]}}],"collection":[{"href":"https:\/\/ulpmat.com\/es\/wp-json\/wp\/v2\/product"}],"about":[{"href":"https:\/\/ulpmat.com\/es\/wp-json\/wp\/v2\/types\/product"}],"wp:featuredmedia":[{"embeddable":true,"href":"https:\/\/ulpmat.com\/es\/wp-json\/wp\/v2\/media\/29124"}],"wp:attachment":[{"href":"https:\/\/ulpmat.com\/es\/wp-json\/wp\/v2\/media?parent=29123"}],"wp:term":[{"taxonomy":"product_brand","embeddable":true,"href":"https:\/\/ulpmat.com\/es\/wp-json\/wp\/v2\/product_brand?post=29123"},{"taxonomy":"product_cat","embeddable":true,"href":"https:\/\/ulpmat.com\/es\/wp-json\/wp\/v2\/product_cat?post=29123"},{"taxonomy":"product_tag","embeddable":true,"href":"https:\/\/ulpmat.com\/es\/wp-json\/wp\/v2\/product_tag?post=29123"}],"curies":[{"name":"wp","href":"https:\/\/api.w.org\/{rel}","templated":true}]}}