{"id":29087,"date":"2025-12-25T09:34:34","date_gmt":"2025-12-25T01:34:34","guid":{"rendered":"https:\/\/ulpmat.com\/product\/sulfuro-de-niquel\/"},"modified":"2025-12-25T09:34:34","modified_gmt":"2025-12-25T01:34:34","slug":"sulfuro-de-niquel","status":"publish","type":"product","link":"https:\/\/ulpmat.com\/es\/producto\/sulfuro-de-niquel\/","title":{"rendered":"Sulfuro de n\u00edquel"},"content":{"rendered":"<h2><span style=\"font-size: 14pt;\">Sulfuro de n\u00edquel en polvo<\/span><\/h2>\n<p><span style=\"color: #0000ff;\"><a style=\"color: #0000ff;\" href=\"https:\/\/ulpmat.com\/es\/buscar\/?type=name&#038;keyword=Nickel+Sulfide\">Sulfuro de n\u00edquel<\/a><\/span> es un material de disulfuro de n\u00edquel de gran pureza ampliamente utilizado en electrodos de almacenamiento de energ\u00eda, catalizadores, dispositivos electr\u00f3nicos y fabricaci\u00f3n de pel\u00edculas finas funcionales.<\/p>\n<p>Ofrecemos polvo de NiS2 con un tama\u00f1o de part\u00edcula uniforme y una composici\u00f3n qu\u00edmica estable, <span style=\"color: #0000ff;\"><a style=\"color: #0000ff;\" href=\"https:\/\/ulpmat.com\/es\/servicio\/personalizacion\/\">personalizable<\/a> <\/span>para satisfacer los requisitos de procesos espec\u00edficos. Por favor, <span style=\"color: #0000ff;\"><a style=\"color: #0000ff;\" href=\"https:\/\/ulpmat.com\/es\/contacto\/\">p\u00f3ngase en contacto<\/a> <\/span>para <span style=\"color: #0000ff;\"><a style=\"color: #0000ff;\" href=\"https:\/\/ulpmat.com\/es\/servicio\/asistencia-tecnica\/\">informaci\u00f3n t\u00e9cnica en<\/a> <\/span>t\u00e9cnica.<\/p>\n<h2><span style=\"font-size: 14pt;\">Productos destacados<\/span><\/h2>\n<p>Disulfuro de n\u00edquel de gran pureza<br \/>\nTama\u00f1o uniforme de las part\u00edculas de polvo<br \/>\nBuena dispersabilidad<br \/>\nExcelentes propiedades el\u00e9ctricas y electroqu\u00edmicas<br \/>\nAlta estabilidad t\u00e9rmica<br \/>\nConsistencia fiable de los lotes<br \/>\nEspecificaciones y envasado personalizables<\/p>\n<h2><span style=\"font-size: 14pt;\">Aplicaciones del sulfuro de n\u00edquel en polvo<\/span><\/h2>\n<p>Dispositivos de almacenamiento de energ\u00eda: Adecuado para materiales de electrodos y dispositivos de almacenamiento de energ\u00eda, mejorando la eficiencia del almacenamiento de energ\u00eda y la estabilidad del ciclo.<br \/>\nMateriales catal\u00edticos: Utilizados como catalizadores o soportes de catalizadores para mejorar la velocidad y selectividad de las reacciones qu\u00edmicas.<br \/>\nDispositivos electr\u00f3nicos y pel\u00edculas finas funcionales: Utilizados para preparar pel\u00edculas finas optoelectr\u00f3nicas, conductoras o funcionales, optimizando el rendimiento de los dispositivos.<br \/>\nInvestigaci\u00f3n y desarrollo de procesos: Adecuado para que las instituciones de investigaci\u00f3n realicen pruebas de rendimiento de disulfuro de n\u00edquel, modificaci\u00f3n de materiales y experimentos de nuevos procesos.<\/p>\n<h2><span style=\"color: #0000ff;\"><a style=\"color: #0000ff;\" href=\"https:\/\/ulpmat.com\/es\/empresa\/preguntas-frecuentes\/\"><span style=\"font-size: 14pt;\">Preguntas frecuentes<\/span><\/a><\/span><\/h2>\n<p>P1: \u00bfSe puede personalizar el tama\u00f1o de las part\u00edculas del polvo de NiS2?<br \/>\nR1: S\u00ed, podemos suministrar polvos con diferentes rangos de tama\u00f1o de part\u00edcula seg\u00fan los requisitos del proceso y la aplicaci\u00f3n.<\/p>\n<p>P2: \u00bfSe oxida o descompone f\u00e1cilmente el polvo?<br \/>\nA2: Es qu\u00edmicamente estable en condiciones secas a temperatura ambiente. Se recomienda el almacenamiento sellado para evitar la absorci\u00f3n de humedad.<\/p>\n<p>P3: \u00bfEs adecuado el polvo de NiS2 para aplicaciones catal\u00edticas?<br \/>\nA3: S\u00ed, su alta pureza y uniformidad son beneficiosas para la preparaci\u00f3n de catalizadores y membranas catal\u00edticas.<\/p>\n<p>P4: \u00bfEs adecuado para electrodos de almacenamiento de energ\u00eda y dispositivos electr\u00f3nicos?<br \/>\nA4: S\u00ed, puede mejorar la conductividad, el rendimiento electroqu\u00edmico y la vida \u00fatil de los dispositivos.<\/p>\n<h2><span style=\"font-size: 14pt;\">Informes<\/span><\/h2>\n<p>Cada lote se suministra con:<br \/>\n<span style=\"color: #0000ff;\"><a style=\"color: #0000ff;\" href=\"https:\/\/ulpmat.com\/es\/documentos\/certificado-de-analisis\/\"><u>Certificado de an\u00e1lisis (COA)<\/u><\/a><\/span><br \/>\n<span style=\"color: #0000ff;\"><a style=\"color: #0000ff;\" href=\"https:\/\/ulpmat.com\/es\/documentos\/ficha-tecnica\/\"><u>Hoja de datos t\u00e9cnicos (TDS)<\/u><\/a><\/span><br \/>\n<span style=\"color: #0000ff;\"><a style=\"color: #0000ff;\" href=\"https:\/\/ulpmat.com\/es\/documentos\/ficha-de-datos-de-seguridad\/\"><u>Ficha de datos de seguridad (FDS)<\/u><\/a><\/span><br \/>\nInformes de pruebas de terceros disponibles previa solicitud<\/p>\n<h2><span style=\"font-size: 14pt;\">\u00bfPor qu\u00e9 elegirnos?<\/span><\/h2>\n<p>Estamos especializados en la investigaci\u00f3n y el suministro de polvo de NiS2 de gran pureza, haciendo hincapi\u00e9 en la uniformidad del polvo, la estabilidad qu\u00edmica y la compatibilidad con los procesos, proporcionando un soporte material fiable para aplicaciones de almacenamiento de energ\u00eda, electrodos, cat\u00e1lisis y pel\u00edculas finas funcionales.<\/p>\n","protected":false},"excerpt":{"rendered":"<p>Sulfuro de n\u00edquel en polvo Sulfuro de n\u00edquel es un material de disulfuro de n\u00edquel de gran pureza ampliamente utilizado en electrodos de almacenamiento de energ\u00eda, catalizadores, dispositivos electr\u00f3nicos y fabricaci\u00f3n de pel\u00edculas finas funcionales. Ofrecemos polvo de NiS2 con un tama\u00f1o de part\u00edcula uniforme y una composici\u00f3n qu\u00edmica estable, personalizable para satisfacer los requisitos [&hellip;]<\/p>\n","protected":false},"featured_media":29088,"template":"","meta":{"_acf_changed":false},"product_brand":[132],"product_cat":[678,1102],"product_tag":[2542],"class_list":{"0":"post-29087","1":"product","2":"type-product","3":"status-publish","4":"has-post-thumbnail","6":"product_brand-ulpmat","7":"product_cat-materiales-calcogenuros","8":"product_cat-materiales-calcogenuros-es","9":"product_tag-sulfuro-de-niquel-en-polvo","11":"first","12":"instock","13":"shipping-taxable","14":"product-type-variable"},"acf":[],"_links":{"self":[{"href":"https:\/\/ulpmat.com\/es\/wp-json\/wp\/v2\/product\/29087","targetHints":{"allow":["GET"]}}],"collection":[{"href":"https:\/\/ulpmat.com\/es\/wp-json\/wp\/v2\/product"}],"about":[{"href":"https:\/\/ulpmat.com\/es\/wp-json\/wp\/v2\/types\/product"}],"wp:featuredmedia":[{"embeddable":true,"href":"https:\/\/ulpmat.com\/es\/wp-json\/wp\/v2\/media\/29088"}],"wp:attachment":[{"href":"https:\/\/ulpmat.com\/es\/wp-json\/wp\/v2\/media?parent=29087"}],"wp:term":[{"taxonomy":"product_brand","embeddable":true,"href":"https:\/\/ulpmat.com\/es\/wp-json\/wp\/v2\/product_brand?post=29087"},{"taxonomy":"product_cat","embeddable":true,"href":"https:\/\/ulpmat.com\/es\/wp-json\/wp\/v2\/product_cat?post=29087"},{"taxonomy":"product_tag","embeddable":true,"href":"https:\/\/ulpmat.com\/es\/wp-json\/wp\/v2\/product_tag?post=29087"}],"curies":[{"name":"wp","href":"https:\/\/api.w.org\/{rel}","templated":true}]}}