{"id":29069,"date":"2025-12-25T09:34:34","date_gmt":"2025-12-25T01:34:34","guid":{"rendered":"https:\/\/ulpmat.com\/product\/seleniuro-de-niquel\/"},"modified":"2025-12-25T09:34:34","modified_gmt":"2025-12-25T01:34:34","slug":"seleniuro-de-niquel","status":"publish","type":"product","link":"https:\/\/ulpmat.com\/es\/producto\/seleniuro-de-niquel\/","title":{"rendered":"Seleniuro de n\u00edquel"},"content":{"rendered":"<h2><span style=\"font-size: 14pt;\">Seleniuro de n\u00edquel en polvo<\/span><\/h2>\n<p><span style=\"color: #0000ff;\"><a style=\"color: #0000ff;\" href=\"https:\/\/ulpmat.com\/es\/buscar\/?type=name&#038;keyword=Nickel+Selenide\">Seleniuro de n\u00edquel<\/a> <\/span>es un material de seleniuro de n\u00edquel de gran pureza ampliamente utilizado en materiales de electrodos, dispositivos optoelectr\u00f3nicos, cat\u00e1lisis y dispositivos de almacenamiento de energ\u00eda.<\/p>\n<p>Ofrecemos polvo de NiSe con un tama\u00f1o de part\u00edcula uniforme y una composici\u00f3n qu\u00edmica estable, adaptable a los requisitos del proceso. P\u00f3ngase en<span style=\"color: #0000ff;\"><a style=\"color: #0000ff;\" href=\"https:\/\/ulpmat.com\/es\/contacto\/\">ontacte con nosotros<\/a><\/span> para <span style=\"color: #0000ff;\"><a style=\"color: #0000ff;\" href=\"https:\/\/ulpmat.com\/es\/servicio\/asistencia-tecnica\/\">informaci\u00f3n t\u00e9cnica en<\/a> <\/span>t\u00e9cnica.<\/p>\n<h2><span style=\"font-size: 14pt;\">Productos destacados<\/span><\/h2>\n<p>Seleniuro de n\u00edquel de gran pureza<br \/>\nPolvo uniforme<br \/>\nBuena conductividad el\u00e9ctrica<br \/>\nAlta estabilidad t\u00e9rmica<br \/>\nF\u00e1cil de dispersar y procesar<br \/>\nConsistencia fiable de los lotes<br \/>\n<span style=\"color: #0000ff;\"><a style=\"color: #0000ff;\" href=\"https:\/\/ulpmat.com\/es\/servicio\/personalizacion\/\">Personalizable<\/a><\/span> envasado y especificaciones<\/p>\n<p>Aplicaciones del seleniuro de n\u00edquel en polvo<\/p>\n<p>Electrodos de almacenamiento de energ\u00eda: Adecuado para la preparaci\u00f3n de material de electrodo, mejorando la eficiencia del almacenamiento de energ\u00eda y la vida del ciclo.<br \/>\n<span style=\"color: #0000ff;\"><a style=\"color: #0000ff;\" href=\"https:\/\/ulpmat.com\/es\/solicitud\/materiales-opticos\/\">Dispositivos optoelectr\u00f3nicos<\/a> <\/span>Optoelectr\u00f3nicos: Utilizados en c\u00e9lulas solares y otros dispositivos optoelectr\u00f3nicos, mejorando la eficiencia de conversi\u00f3n fotoel\u00e9ctrica.<br \/>\nMateriales catal\u00edticos: Como catalizador o soporte de catalizador, mejorando la velocidad y selectividad de las reacciones qu\u00edmicas.<br \/>\nInvestigaci\u00f3n y desarrollo cient\u00edficos: Adecuado para que las instituciones de investigaci\u00f3n realicen pruebas de rendimiento del polvo de seleniuro de n\u00edquel, desarrollo de nuevos materiales y optimizaci\u00f3n de procesos.<\/p>\n<h2><span style=\"color: #0000ff;\"><a style=\"color: #0000ff;\" href=\"https:\/\/ulpmat.com\/es\/empresa\/preguntas-frecuentes\/\"><span style=\"font-size: 14pt;\">Preguntas frecuentes<\/span><\/a><\/span><\/h2>\n<p>P1: \u00bfSe puede personalizar el tama\u00f1o de las part\u00edculas del polvo de NiSe?<br \/>\nR1: S\u00ed, ofrecemos polvos con diferentes rangos de tama\u00f1o de part\u00edcula para satisfacer los requisitos del proceso.<\/p>\n<p>P2: \u00bfSe oxida o descompone f\u00e1cilmente el polvo?<br \/>\nA2: Es estable en un entorno seco a temperatura ambiente; se recomienda un almacenamiento sellado para evitar la humedad.<\/p>\n<p>P3: \u00bfEs adecuado el polvo de NiSe para aplicaciones catal\u00edticas?<br \/>\nA3: S\u00ed, la alta pureza y uniformidad son beneficiosas para la preparaci\u00f3n de catalizadores.<\/p>\n<p>P4: \u00bfSe puede utilizar en dispositivos de almacenamiento de energ\u00eda y optoelectr\u00f3nicos?<br \/>\nA4: S\u00ed, puede mejorar la conductividad y el rendimiento fotoel\u00e9ctrico de los dispositivos.<\/p>\n<h2><span style=\"font-size: 14pt;\">Informe<\/span><\/h2>\n<p>Cada lote se suministra con:<br \/>\n<span style=\"color: #0000ff;\"><a style=\"color: #0000ff;\" href=\"https:\/\/ulpmat.com\/es\/documentos\/certificado-de-analisis\/\"><u>Certificado de an\u00e1lisis (COA)<\/u><\/a><\/span><br \/>\n<span style=\"color: #0000ff;\"><a style=\"color: #0000ff;\" href=\"https:\/\/ulpmat.com\/es\/documentos\/ficha-tecnica\/\"><u>Ficha t\u00e9cnica (TDS)<\/u><\/a><\/span><br \/>\n<span style=\"color: #0000ff;\"><a style=\"color: #0000ff;\" href=\"https:\/\/ulpmat.com\/es\/documentos\/ficha-de-datos-de-seguridad\/\"><u>Ficha de datos de seguridad (FDS)<\/u><\/a><\/span><br \/>\nInformes de pruebas de terceros disponibles previa solicitud<\/p>\n<h2><span style=\"font-size: 14pt;\">\u00bfPor qu\u00e9 elegirnos?<\/span><\/h2>\n<p>Estamos especializados en la investigaci\u00f3n y el suministro de polvo de NiSe de gran pureza, haciendo hincapi\u00e9 en la uniformidad del polvo, la estabilidad qu\u00edmica y la compatibilidad con los procesos, proporcionando un soporte material fiable para el almacenamiento de energ\u00eda, los electrodos, la optoelectr\u00f3nica y las aplicaciones catal\u00edticas.<\/p>\n","protected":false},"excerpt":{"rendered":"<p>Seleniuro de n\u00edquel en polvo Seleniuro de n\u00edquel es un material de seleniuro de n\u00edquel de gran pureza ampliamente utilizado en materiales de electrodos, dispositivos optoelectr\u00f3nicos, cat\u00e1lisis y dispositivos de almacenamiento de energ\u00eda. Ofrecemos polvo de NiSe con un tama\u00f1o de part\u00edcula uniforme y una composici\u00f3n qu\u00edmica estable, adaptable a los requisitos del proceso. P\u00f3ngase [&hellip;]<\/p>\n","protected":false},"featured_media":29070,"template":"","meta":{"_acf_changed":false},"product_brand":[132],"product_cat":[678,1102],"product_tag":[2536],"class_list":{"0":"post-29069","1":"product","2":"type-product","3":"status-publish","4":"has-post-thumbnail","6":"product_brand-ulpmat","7":"product_cat-materiales-calcogenuros","8":"product_cat-materiales-calcogenuros-es","9":"product_tag-seleniuro-de-niquel-en-polvo","11":"first","12":"instock","13":"shipping-taxable","14":"product-type-variable"},"acf":[],"_links":{"self":[{"href":"https:\/\/ulpmat.com\/es\/wp-json\/wp\/v2\/product\/29069","targetHints":{"allow":["GET"]}}],"collection":[{"href":"https:\/\/ulpmat.com\/es\/wp-json\/wp\/v2\/product"}],"about":[{"href":"https:\/\/ulpmat.com\/es\/wp-json\/wp\/v2\/types\/product"}],"wp:featuredmedia":[{"embeddable":true,"href":"https:\/\/ulpmat.com\/es\/wp-json\/wp\/v2\/media\/29070"}],"wp:attachment":[{"href":"https:\/\/ulpmat.com\/es\/wp-json\/wp\/v2\/media?parent=29069"}],"wp:term":[{"taxonomy":"product_brand","embeddable":true,"href":"https:\/\/ulpmat.com\/es\/wp-json\/wp\/v2\/product_brand?post=29069"},{"taxonomy":"product_cat","embeddable":true,"href":"https:\/\/ulpmat.com\/es\/wp-json\/wp\/v2\/product_cat?post=29069"},{"taxonomy":"product_tag","embeddable":true,"href":"https:\/\/ulpmat.com\/es\/wp-json\/wp\/v2\/product_tag?post=29069"}],"curies":[{"name":"wp","href":"https:\/\/api.w.org\/{rel}","templated":true}]}}