{"id":26437,"date":"2025-07-18T17:14:34","date_gmt":"2025-07-18T09:14:34","guid":{"rendered":"https:\/\/ulpmat.com\/product\/aluminio-metalico-8\/"},"modified":"2025-07-18T17:14:34","modified_gmt":"2025-07-18T09:14:34","slug":"aluminio-metalico-8","status":"publish","type":"product","link":"https:\/\/ulpmat.com\/es\/producto\/aluminio-metalico-8\/","title":{"rendered":"Aluminio met\u00e1lico"},"content":{"rendered":"<h2><span style=\"font-size: 14pt;\">Objetivo rotativo met\u00e1lico de aluminio<\/span><\/h2>\n<p><strong><span style=\"color: #3366ff;\"><a style=\"color: #3366ff;\" href=\"https:\/\/ulpmat.com\/es\/buscar\/?type=element&#038;keyword=AL\">Los c\u00e1todos rotativos de aluminio <\/a><\/span><\/strong>son materiales de alto rendimiento dise\u00f1ados espec\u00edficamente para procesos continuos de deposici\u00f3n de pel\u00edcula fina. Con purezas que alcanzan hasta el 99,999% y una densidad excelente, garantizan la formaci\u00f3n uniforme de pel\u00edculas, una fuerte adherencia y niveles m\u00ednimos de impurezas.<\/p>\n<p>Nuestros c\u00e1todos rotativos para sputtering de aluminio de alta pureza est\u00e1n disponibles en varios tama\u00f1os y pueden personalizarse completamente para satisfacer requisitos espec\u00edficos. Tambi\u00e9n ofrecemos un amplio servicio post-venta <span style=\"color: #3366ff;\"><a style=\"color: #3366ff;\" href=\"https:\/\/ulpmat.com\/es\/contacto\/\">ponerse en contacto con nosotros<\/a><\/span> si tiene alguna pregunta sobre su uso.<\/p>\n<h2><span style=\"font-size: 14pt;\">Producto destacado:<\/span><\/h2>\n<p>Pureza: \u226599,99% a 99,999%<br \/>\nAlta densidad para una deposici\u00f3n uniforme de la pel\u00edcula<br \/>\nTama\u00f1os y formas personalizables<\/p>\n<h2><span style=\"font-size: 14pt;\">Aplicaciones de los c\u00e1todos rotativos de aluminio<\/span><\/h2>\n<p>Semiconductores: Utilizadas para interconexiones y capas de contacto gracias a su excelente conductividad y compatibilidad con los procesos.<br \/>\nPantallas planas: Se aplican como capas reflectantes o de electrodos en pantallas LCD y OLED.<br \/>\nFotovoltaica: Sirve como electrodo posterior en c\u00e9lulas solares de pel\u00edcula fina, ofreciendo alta reflectividad y estabilidad.<br \/>\nRecubrimientos \u00f3pticos: Forma revestimientos de alta reflectividad o funcionales en lentes, espejos y componentes \u00f3pticos.<\/p>\n<h2><span style=\"font-size: 14pt;\">Informes<\/span><\/h2>\n<p>Proporcionamos un certificado de an\u00e1lisis (COA), una hoja de datos de seguridad del material (MSDS) y otros informes relevantes con cada env\u00edo. Adem\u00e1s, apoyamos las pruebas de terceros para una mayor garant\u00eda de calidad.<\/p>\n","protected":false},"excerpt":{"rendered":"<p>Objetivo rotativo met\u00e1lico de aluminio Los c\u00e1todos rotativos de aluminio son materiales de alto rendimiento dise\u00f1ados espec\u00edficamente para procesos continuos de deposici\u00f3n de pel\u00edcula fina. Con purezas que alcanzan hasta el 99,999% y una densidad excelente, garantizan la formaci\u00f3n uniforme de pel\u00edculas, una fuerte adherencia y niveles m\u00ednimos de impurezas. Nuestros c\u00e1todos rotativos para sputtering [&hellip;]<\/p>\n","protected":false},"featured_media":54428,"template":"","meta":{"_acf_changed":false},"product_brand":[],"product_cat":[309,474],"product_tag":[],"class_list":{"0":"post-26437","1":"product","2":"type-product","3":"status-publish","4":"has-post-thumbnail","6":"product_cat-blanco-metalico-para-sputtering","7":"product_cat-blancos-giratorios","9":"first","10":"instock","11":"shipping-taxable","12":"product-type-variable"},"acf":[],"_links":{"self":[{"href":"https:\/\/ulpmat.com\/es\/wp-json\/wp\/v2\/product\/26437","targetHints":{"allow":["GET"]}}],"collection":[{"href":"https:\/\/ulpmat.com\/es\/wp-json\/wp\/v2\/product"}],"about":[{"href":"https:\/\/ulpmat.com\/es\/wp-json\/wp\/v2\/types\/product"}],"wp:featuredmedia":[{"embeddable":true,"href":"https:\/\/ulpmat.com\/es\/wp-json\/wp\/v2\/media\/54428"}],"wp:attachment":[{"href":"https:\/\/ulpmat.com\/es\/wp-json\/wp\/v2\/media?parent=26437"}],"wp:term":[{"taxonomy":"product_brand","embeddable":true,"href":"https:\/\/ulpmat.com\/es\/wp-json\/wp\/v2\/product_brand?post=26437"},{"taxonomy":"product_cat","embeddable":true,"href":"https:\/\/ulpmat.com\/es\/wp-json\/wp\/v2\/product_cat?post=26437"},{"taxonomy":"product_tag","embeddable":true,"href":"https:\/\/ulpmat.com\/es\/wp-json\/wp\/v2\/product_tag?post=26437"}],"curies":[{"name":"wp","href":"https:\/\/api.w.org\/{rel}","templated":true}]}}