{"id":26376,"date":"2025-09-30T16:33:17","date_gmt":"2025-09-30T08:33:17","guid":{"rendered":"https:\/\/ulpmat.com\/product\/oxido-de-bismuto-2\/"},"modified":"2025-09-30T16:33:17","modified_gmt":"2025-09-30T08:33:17","slug":"oxido-de-bismuto-2","status":"publish","type":"product","link":"https:\/\/ulpmat.com\/es\/producto\/oxido-de-bismuto-2\/","title":{"rendered":"\u00d3xido de bismuto"},"content":{"rendered":"<h2><span style=\"font-size: 14pt;\">\u00d3xido de bismuto en polvo Descripci\u00f3n general<\/span><\/h2>\n<p><span style=\"color: #0000ff;\"><a style=\"color: #0000ff;\" href=\"https:\/\/ulpmat.com\/es\/buscar\/?type=name&#038;keyword=BI2o3\">El polvo de \u00f3xido de bismuto<\/a> <\/span>es un material funcional de alto rendimiento ampliamente utilizado en electr\u00f3nica, cer\u00e1mica, cat\u00e1lisis y otros campos. Debido a sus propiedades qu\u00edmicas y f\u00edsicas \u00fanicas, el polvo de \u00f3xido de bismuto tiene un buen rendimiento en aplicaciones t\u00e9cnicas como la deposici\u00f3n de pel\u00edculas finas, la cat\u00e1lisis, los sensores de gas, etc. Tiene una gran pureza, excelente estabilidad y propiedades electr\u00f3nicas ajustables, adecuadas para una gran variedad de necesidades de la industria de alta tecnolog\u00eda.<\/p>\n<p>Nos comprometemos a proporcionar a los clientes polvo de \u00f3xido de bismuto de alto rendimiento y personalizado para satisfacer las necesidades de diversas aplicaciones industriales. Tambi\u00e9n proporcionamos soporte post-venta integral, si usted tiene alguna pregunta sobre el uso, por favor no dude en<span style=\"color: #0000ff;\"><a style=\"color: #0000ff;\" href=\"https:\/\/ulpmat.com\/es\/contacto\/\"> ponerse en contacto con nosotros.<\/a><\/span><\/p>\n<h2><span style=\"font-size: 14pt;\">Caracter\u00edsticas del producto<\/span><\/h2>\n<p>Pureza: del 99,9% al 99,9995<br \/>\nTama\u00f1o de las part\u00edculas: polvo fino para garantizar una dispersi\u00f3n uniforme<br \/>\nEstabilidad qu\u00edmica: muy estable a altas temperaturas y en entornos qu\u00edmicos, adecuado para diversas aplicaciones exigentes<br \/>\nEnvasado: <span style=\"color: #0000ff;\"><a style=\"color: #0000ff;\" href=\"https:\/\/ulpmat.com\/es\/servicio\/personalizacion\/\">personalizable<\/a><\/span><br \/>\nExcelente conductividad y propiedades \u00f3pticas: proporciona buenas propiedades optoelectr\u00f3nicas, adecuadas para recubrimientos \u00f3pticos y dispositivos electr\u00f3nicos<br \/>\nElevada superficie espec\u00edfica: favorece las reacciones catal\u00edticas y la adsorci\u00f3n de gases<\/p>\n<h2><span style=\"font-size: 14pt;\">Aplicaciones del polvo de \u00f3xido de bismuto<\/span><\/h2>\n<p><span style=\"color: #0000ff;\"><a style=\"color: #0000ff;\" href=\"https:\/\/ulpmat.com\/es\/solicitud\/materiales-semiconductores\/\">Semiconductores<\/a><\/span>: El polvo de \u00f3xido de bismuto presenta una buena conductividad y estabilidad durante la deposici\u00f3n de pel\u00edculas finas, y se utiliza ampliamente en dispositivos optoelectr\u00f3nicos y materiales semiconductores.<\/p>\n<p><span style=\"color: #0000ff;\"><a style=\"color: #0000ff;\" href=\"https:\/\/ulpmat.com\/es\/solicitud\/materiales-opticos\/\">Recubrimiento \u00f3ptico:<\/a><\/span> Utilizado como material de revestimiento \u00f3ptico, tiene excelentes propiedades \u00f3pticas, especialmente en la capa reflectante y la capa de filtro de lentes y componentes \u00f3pticos.<\/p>\n<p>Catalizador: El Bi2O3 tiene excelentes propiedades catal\u00edticas y se utiliza ampliamente en la purificaci\u00f3n de gases de escape de autom\u00f3viles, la protecci\u00f3n del medio ambiente, los sensores de gas y otros campos.<\/p>\n<p>Sensor de gas: Debido a sus buenas propiedades el\u00e9ctricas y caracter\u00edsticas de respuesta, el polvo de \u00f3xido de bismuto se utiliza a menudo en sensores de gas de alta sensibilidad, especialmente para detectar gases t\u00f3xicos y contaminantes.<\/p>\n<p>Materiales cer\u00e1micos: En cer\u00e1micas de alto rendimiento, el \u00f3xido de bismuto puede mejorar significativamente la estabilidad t\u00e9rmica, la resistencia mec\u00e1nica y la resistencia a la corrosi\u00f3n qu\u00edmica de la cer\u00e1mica, y se utiliza en cer\u00e1micas de alta temperatura y cer\u00e1micas el\u00e9ctricas.<\/p>\n<h2><span style=\"font-size: 14pt;\">Informe<\/span><\/h2>\n<p>Proporcionamos certificados de an\u00e1lisis (COA), hojas de datos de seguridad de materiales (MSDS) y otros informes relevantes para cada lote de productos. Adem\u00e1s, tambi\u00e9n apoyamos las pruebas de terceros para mejorar la garant\u00eda de calidad.<\/p>\n","protected":false},"excerpt":{"rendered":"<p>\u00d3xido de bismuto en polvo Descripci\u00f3n general El polvo de \u00f3xido de bismuto es un material funcional de alto rendimiento ampliamente utilizado en electr\u00f3nica, cer\u00e1mica, cat\u00e1lisis y otros campos. Debido a sus propiedades qu\u00edmicas y f\u00edsicas \u00fanicas, el polvo de \u00f3xido de bismuto tiene un buen rendimiento en aplicaciones t\u00e9cnicas como la deposici\u00f3n de pel\u00edculas [&hellip;]<\/p>\n","protected":false},"featured_media":13765,"template":"","meta":{"_acf_changed":false},"product_brand":[132],"product_cat":[438],"product_tag":[],"class_list":{"0":"post-26376","1":"product","2":"type-product","3":"status-publish","4":"has-post-thumbnail","6":"product_brand-ulpmat","7":"product_cat-oxidos","9":"first","10":"instock","11":"shipping-taxable","12":"product-type-variable"},"acf":[],"_links":{"self":[{"href":"https:\/\/ulpmat.com\/es\/wp-json\/wp\/v2\/product\/26376","targetHints":{"allow":["GET"]}}],"collection":[{"href":"https:\/\/ulpmat.com\/es\/wp-json\/wp\/v2\/product"}],"about":[{"href":"https:\/\/ulpmat.com\/es\/wp-json\/wp\/v2\/types\/product"}],"wp:featuredmedia":[{"embeddable":true,"href":"https:\/\/ulpmat.com\/es\/wp-json\/wp\/v2\/media\/13765"}],"wp:attachment":[{"href":"https:\/\/ulpmat.com\/es\/wp-json\/wp\/v2\/media?parent=26376"}],"wp:term":[{"taxonomy":"product_brand","embeddable":true,"href":"https:\/\/ulpmat.com\/es\/wp-json\/wp\/v2\/product_brand?post=26376"},{"taxonomy":"product_cat","embeddable":true,"href":"https:\/\/ulpmat.com\/es\/wp-json\/wp\/v2\/product_cat?post=26376"},{"taxonomy":"product_tag","embeddable":true,"href":"https:\/\/ulpmat.com\/es\/wp-json\/wp\/v2\/product_tag?post=26376"}],"curies":[{"name":"wp","href":"https:\/\/api.w.org\/{rel}","templated":true}]}}