{"id":26320,"date":"2025-09-30T16:33:23","date_gmt":"2025-09-30T08:33:23","guid":{"rendered":"https:\/\/ulpmat.com\/product\/oxido-de-bismuto-hierro-y-titanio-2\/"},"modified":"2025-09-30T16:33:23","modified_gmt":"2025-09-30T08:33:23","slug":"oxido-de-bismuto-hierro-y-titanio-2","status":"publish","type":"product","link":"https:\/\/ulpmat.com\/es\/producto\/oxido-de-bismuto-hierro-y-titanio-2\/","title":{"rendered":"\u00d3xido de bismuto, hierro y titanio"},"content":{"rendered":"<h2><span style=\"font-size: 14pt;\">\u00d3xido de bismuto, hierro y titanio en polvo Descripci\u00f3n general<\/span><\/h2>\n<p><span style=\"color: #0000ff;\"><a style=\"color: #0000ff;\" href=\"https:\/\/ulpmat.com\/es\/buscar\/?type=name&#038;keyword=Bismuth+Iron+Titanium+Oxid\">\u00d3xido de bismuto, hierro y titanio<\/a><\/span> es un material multiferroico que combina ferroelectricidad y magnetismo. Es especialmente adecuado para la deposici\u00f3n de pel\u00edculas finas y el desarrollo de dispositivos funcionales en los campos de la ferroelectricidad, la piezoelectricidad y el acoplamiento magnetoel\u00e9ctrico. El material tiene una estructura estable, una gran pureza y un tama\u00f1o de part\u00edcula controlable, que puede satisfacer las diversas necesidades de la investigaci\u00f3n cient\u00edfica de alto nivel y las aplicaciones industriales.<\/p>\n<p>Suministramos polvo de \u00f3xido de bismuto, hierro y titanio en una gran variedad de tama\u00f1os de part\u00edcula, en envases personalizados, y podemos ajustar la relaci\u00f3n estequiom\u00e9trica o proporcionar f\u00f3rmulas exclusivas de acuerdo con las necesidades espec\u00edficas de su aplicaci\u00f3n. Al mismo tiempo, proporcionamos un amplio soporte t\u00e9cnico y servicio postventa &#8211; si tiene alguna pregunta, no dude en <span style=\"color: #0000ff;\"><a style=\"color: #0000ff;\" href=\"https:\/\/ulpmat.com\/es\/contacto\/\">ponerse en contacto con nosotros<\/a><\/span>.<\/p>\n<h2><span style=\"font-size: 14pt;\">Productos destacados<\/span><\/h2>\n<p>Pureza: 99,95<br \/>\nTama\u00f1o medio de las part\u00edculas: personalizable<br \/>\nMultiferroico: ferroel\u00e9ctrico y d\u00e9bilmente magn\u00e9tico al mismo tiempo<br \/>\n<span style=\"color: #0000ff;\"><a style=\"color: #0000ff;\" href=\"https:\/\/ulpmat.com\/es\/servicio\/personalizacion\/\">Personalizable<\/a> <\/span>embalaje<br \/>\nAmpliamente utilizado, apto para diversas tecnolog\u00edas de deposici\u00f3n de pel\u00edcula fina (PLD, sputtering, CVD, etc.)<\/p>\n<h2><span style=\"font-size: 14pt;\">Aplicaci\u00f3n del polvo de \u00f3xido de bismuto, hierro y titanio <\/span><\/h2>\n<p>Memoria ferroel\u00e9ctrica (FeRAM): Como material de capa ferroel\u00e9ctrica activa, permite un bajo consumo de energ\u00eda y un almacenamiento no vol\u00e1til de alta velocidad.<br \/>\nSensores y actuadores piezoel\u00e9ctricos: Con una excelente respuesta piezoel\u00e9ctrica, es adecuado para sistemas microelectromec\u00e1nicos (MEMS) y dispositivos ac\u00fasticos.<br \/>\nDispositivos de acoplamiento magnetoel\u00e9ctrico: Realizar la conversi\u00f3n de acoplamiento entre campo magn\u00e9tico y campo el\u00e9ctrico, y desarrollar nuevos elementos de modulaci\u00f3n magnetoel\u00e9ctrica.<br \/>\nMateriales fotoel\u00e9ctricos y fotocatal\u00edticos: Con capacidad de conversi\u00f3n fotoel\u00e9ctrica bajo respuesta de luz visible, utilizados en cat\u00e1lisis medioambiental y aplicaciones de conversi\u00f3n de energ\u00eda.<\/p>\n<h2><span style=\"font-size: 14pt;\">Informes<\/span><\/h2>\n<p>Proporcionamos certificados de an\u00e1lisis (COA) detallados, hojas de datos de seguridad de materiales (MSDS) e informes de pruebas de tama\u00f1o de part\u00edculas\/estructura de fase para cada lote de polvo de \u00f3xido de bismuto, hierro y titanio. Tambi\u00e9n apoyamos los servicios de pruebas independientes de terceros para ofrecerle mayores niveles de garant\u00eda de calidad.<\/p>\n","protected":false},"excerpt":{"rendered":"<p>\u00d3xido de bismuto, hierro y titanio en polvo Descripci\u00f3n general \u00d3xido de bismuto, hierro y titanio es un material multiferroico que combina ferroelectricidad y magnetismo. Es especialmente adecuado para la deposici\u00f3n de pel\u00edculas finas y el desarrollo de dispositivos funcionales en los campos de la ferroelectricidad, la piezoelectricidad y el acoplamiento magnetoel\u00e9ctrico. El material tiene [&hellip;]<\/p>\n","protected":false},"featured_media":13842,"template":"","meta":{"_acf_changed":false},"product_brand":[132],"product_cat":[1189],"product_tag":[],"class_list":{"0":"post-26320","1":"product","2":"type-product","3":"status-publish","4":"has-post-thumbnail","6":"product_brand-ulpmat","7":"product_cat-otros-acidos","9":"first","10":"instock","11":"shipping-taxable","12":"product-type-variable"},"acf":[],"_links":{"self":[{"href":"https:\/\/ulpmat.com\/es\/wp-json\/wp\/v2\/product\/26320","targetHints":{"allow":["GET"]}}],"collection":[{"href":"https:\/\/ulpmat.com\/es\/wp-json\/wp\/v2\/product"}],"about":[{"href":"https:\/\/ulpmat.com\/es\/wp-json\/wp\/v2\/types\/product"}],"wp:featuredmedia":[{"embeddable":true,"href":"https:\/\/ulpmat.com\/es\/wp-json\/wp\/v2\/media\/13842"}],"wp:attachment":[{"href":"https:\/\/ulpmat.com\/es\/wp-json\/wp\/v2\/media?parent=26320"}],"wp:term":[{"taxonomy":"product_brand","embeddable":true,"href":"https:\/\/ulpmat.com\/es\/wp-json\/wp\/v2\/product_brand?post=26320"},{"taxonomy":"product_cat","embeddable":true,"href":"https:\/\/ulpmat.com\/es\/wp-json\/wp\/v2\/product_cat?post=26320"},{"taxonomy":"product_tag","embeddable":true,"href":"https:\/\/ulpmat.com\/es\/wp-json\/wp\/v2\/product_tag?post=26320"}],"curies":[{"name":"wp","href":"https:\/\/api.w.org\/{rel}","templated":true}]}}