{"id":26272,"date":"2025-10-10T15:22:57","date_gmt":"2025-10-10T07:22:57","guid":{"rendered":"https:\/\/ulpmat.com\/product\/bromuro-de-plomo\/"},"modified":"2025-10-10T15:22:57","modified_gmt":"2025-10-10T07:22:57","slug":"bromuro-de-plomo","status":"publish","type":"product","link":"https:\/\/ulpmat.com\/es\/producto\/bromuro-de-plomo\/","title":{"rendered":"Bromuro de plomo"},"content":{"rendered":"<h2><span style=\"font-size: 14pt;\">Bromuro de plomo en polvo<\/span><\/h2>\n<p><span style=\"color: #0000ff;\"><a style=\"color: #0000ff;\" href=\"https:\/\/ulpmat.com\/es\/buscar\/?type=name&#038;keyword=Lead+Bromide\">Bromuro de plomo<\/a><\/span> en polvo es un compuesto inorg\u00e1nico de gran pureza ampliamente utilizado en procesos de deposici\u00f3n de pel\u00edculas finas, reacciones qu\u00edmicas y preparaci\u00f3n de materiales de alta temperatura. Su pureza puede alcanzar el 99,999%, con excelentes caracter\u00edsticas de estabilidad t\u00e9rmica, estabilidad qu\u00edmica y alto punto de fusi\u00f3n, adecuado para m\u00faltiples campos de alta tecnolog\u00eda.<\/p>\n<p>Suministramos polvo de bromuro de plomo en una variedad de tama\u00f1os de part\u00edcula y especificaciones de envasado para satisfacer las necesidades de diferentes campos. Independientemente del tama\u00f1o de su lote, podemos ofrecerle un amplio soporte t\u00e9cnico y servicios de calidad.<\/p>\n<h2><span style=\"font-size: 14pt;\">Productos destacados<\/span><\/h2>\n<p>Pureza: 99,999<br \/>\nAlta estabilidad t\u00e9rmica, se adapta a entornos de alta temperatura<br \/>\nAlta solubilidad, f\u00e1cil de manipular<br \/>\n<span style=\"color: #0000ff;\"><a style=\"color: #0000ff;\" href=\"https:\/\/ulpmat.com\/es\/servicio\/personalizacion\/\">Personalizable<\/a><\/span> tama\u00f1o de part\u00edcula y especificaciones de envasado<br \/>\nAdecuado para los sectores electr\u00f3nico, \u00f3ptico y qu\u00edmico<\/p>\n<h2><span style=\"font-size: 14pt;\">Aplicaciones del bromuro de plomo en polvo<\/span><\/h2>\n<p>Materiales electr\u00f3nicos: Utilizado como materia prima para la fabricaci\u00f3n de componentes electr\u00f3nicos, especialmente en los campos de bater\u00edas, sensores, etc., con buena estabilidad y durabilidad.<br \/>\nRecubrimientos \u00f3pticos: Recubrimientos para lentes \u00f3pticas, objetivos y reflectores, proporcionando alta reflectividad y propiedades \u00f3pticas.<br \/>\nS\u00edntesis qu\u00edmica: Como catalizador o materia prima en reacciones qu\u00edmicas, se utiliza ampliamente en s\u00edntesis qu\u00edmica, fabricaci\u00f3n de f\u00e1rmacos y otros campos.<br \/>\nMateriales de alta temperatura: Adecuado para aplicaciones en entornos de vac\u00edo a alta temperatura, con gran resistencia a la corrosi\u00f3n y estabilidad.<\/p>\n<h2><span style=\"font-size: 14pt;\">Informes<\/span><\/h2>\n<p>Proporcionamos certificados de an\u00e1lisis (COA) detallados, hojas de datos de seguridad de materiales (MSDS) y otros informes de calidad para cada lote de polvo de PbBr2. Al mismo tiempo, tambi\u00e9n ofrecemos servicios de certificaci\u00f3n de calidad de terceros para garantizar que los productos cumplen las normas del sector.<\/p>\n","protected":false},"excerpt":{"rendered":"<p>Bromuro de plomo en polvo Bromuro de plomo en polvo es un compuesto inorg\u00e1nico de gran pureza ampliamente utilizado en procesos de deposici\u00f3n de pel\u00edculas finas, reacciones qu\u00edmicas y preparaci\u00f3n de materiales de alta temperatura. Su pureza puede alcanzar el 99,999%, con excelentes caracter\u00edsticas de estabilidad t\u00e9rmica, estabilidad qu\u00edmica y alto punto de fusi\u00f3n, adecuado [&hellip;]<\/p>\n","protected":false},"featured_media":14225,"template":"","meta":{"_acf_changed":false},"product_brand":[132],"product_cat":[330],"product_tag":[],"class_list":{"0":"post-26272","1":"product","2":"type-product","3":"status-publish","4":"has-post-thumbnail","6":"product_brand-ulpmat","7":"product_cat-materiales-halogenados","9":"first","10":"instock","11":"shipping-taxable","12":"product-type-variable"},"acf":[],"_links":{"self":[{"href":"https:\/\/ulpmat.com\/es\/wp-json\/wp\/v2\/product\/26272","targetHints":{"allow":["GET"]}}],"collection":[{"href":"https:\/\/ulpmat.com\/es\/wp-json\/wp\/v2\/product"}],"about":[{"href":"https:\/\/ulpmat.com\/es\/wp-json\/wp\/v2\/types\/product"}],"wp:featuredmedia":[{"embeddable":true,"href":"https:\/\/ulpmat.com\/es\/wp-json\/wp\/v2\/media\/14225"}],"wp:attachment":[{"href":"https:\/\/ulpmat.com\/es\/wp-json\/wp\/v2\/media?parent=26272"}],"wp:term":[{"taxonomy":"product_brand","embeddable":true,"href":"https:\/\/ulpmat.com\/es\/wp-json\/wp\/v2\/product_brand?post=26272"},{"taxonomy":"product_cat","embeddable":true,"href":"https:\/\/ulpmat.com\/es\/wp-json\/wp\/v2\/product_cat?post=26272"},{"taxonomy":"product_tag","embeddable":true,"href":"https:\/\/ulpmat.com\/es\/wp-json\/wp\/v2\/product_tag?post=26272"}],"curies":[{"name":"wp","href":"https:\/\/api.w.org\/{rel}","templated":true}]}}