{"id":26248,"date":"2025-09-30T16:33:17","date_gmt":"2025-09-30T08:33:17","guid":{"rendered":"https:\/\/ulpmat.com\/product\/hidroxido-de-bismuto\/"},"modified":"2025-09-30T16:33:17","modified_gmt":"2025-09-30T08:33:17","slug":"hidroxido-de-bismuto","status":"publish","type":"product","link":"https:\/\/ulpmat.com\/es\/producto\/hidroxido-de-bismuto\/","title":{"rendered":"Hidr\u00f3xido de bismuto"},"content":{"rendered":"<h2><span style=\"font-size: 14pt;\">Hidr\u00f3xido de bismuto en polvo Descripci\u00f3n general<\/span><\/h2>\n<p><span style=\"color: #0000ff;\"><a style=\"color: #0000ff;\" href=\"https:\/\/ulpmat.com\/es\/buscar\/?type=name&#038;keyword=Bismuth+Hydroxide\">Hidr\u00f3xido de bismuto<\/a><\/span> en polvo es un material de alto rendimiento dise\u00f1ado para aplicaciones qu\u00edmicas de gran pureza y se utiliza ampliamente en cat\u00e1lisis, protecci\u00f3n medioambiental, tratamiento de aguas y otros campos. Posee una excelente estabilidad y una eficiente capacidad de adsorci\u00f3n, y puede satisfacer diversos requisitos industriales.<\/p>\n<p>Suministramos hidr\u00f3xido de bismuto en polvo en varias especificaciones y se puede personalizar seg\u00fan sus necesidades espec\u00edficas. Tambi\u00e9n ofrecemos<span style=\"color: #0000ff;\"><a style=\"color: #0000ff;\" href=\"https:\/\/ulpmat.com\/es\/servicio\/servicio-posventa\/\"> asistencia posventa<\/a><\/span>. Si tiene alguna pregunta sobre el uso, no dude en <span style=\"color: #0000ff;\"><a style=\"color: #0000ff;\" href=\"https:\/\/ulpmat.com\/es\/contacto\/\">ponerse en contacto con nosotros.<\/a><\/span><\/p>\n<h2><span style=\"font-size: 14pt;\">Caracter\u00edsticas del producto<\/span><\/h2>\n<p>Pureza: 99,9<br \/>\nAlta superficie espec\u00edfica: optimiza la reacci\u00f3n catal\u00edtica y el efecto de adsorci\u00f3n<br \/>\nEspecificaciones personalizables: El rango de tama\u00f1o de part\u00edcula se puede proporcionar seg\u00fan la demanda para satisfacer los requisitos espec\u00edficos de la aplicaci\u00f3n<br \/>\nEmbalaje personalizable: Se puede personalizar seg\u00fan los requisitos del cliente<br \/>\nAmplia aplicabilidad: Adecuado para catalizadores, preparaci\u00f3n farmac\u00e9utica, revestimientos, protecci\u00f3n medioambiental y tratamiento de aguas, entre otros campos<\/p>\n<h2><span style=\"font-size: 14pt;\">Aplicaci\u00f3n del hidr\u00f3xido de bismuto en polvo <\/span><\/h2>\n<p>Catalizador: Como catalizador en la s\u00edntesis qu\u00edmica, desempe\u00f1a un papel importante en la s\u00edntesis org\u00e1nica y las reacciones de f\u00e1rmacos.<br \/>\nTratamiento del agua: Puede eliminar eficazmente iones de metales pesados como el plomo y el ars\u00e9nico en el agua y purificar la calidad del agua.<br \/>\nMateriales respetuosos con el medio ambiente: Se utiliza para eliminar sustancias nocivas en las aguas residuales y se utiliza ampliamente en el control de la contaminaci\u00f3n del agua.<br \/>\nRecubrimientos: Se utilizan como ingredientes de revestimientos respetuosos con el medio ambiente para reducir la contaminaci\u00f3n ambiental.<br \/>\nPreparados farmac\u00e9uticos: Utilizados como medicamentos estomacales y antibacterianos, tienen importantes aplicaciones en el campo m\u00e9dico.<\/p>\n<h2><span style=\"font-size: 14pt;\">Informes<\/span><\/h2>\n<p>Proporcionamos certificados de an\u00e1lisis (COA), hojas de datos de seguridad de materiales (MSDS) y otros informes relevantes para cada env\u00edo. Adem\u00e1s, tambi\u00e9n apoyamos las pruebas de terceros para mejorar la garant\u00eda de calidad.<\/p>\n","protected":false},"excerpt":{"rendered":"<p>Hidr\u00f3xido de bismuto en polvo Descripci\u00f3n general Hidr\u00f3xido de bismuto en polvo es un material de alto rendimiento dise\u00f1ado para aplicaciones qu\u00edmicas de gran pureza y se utiliza ampliamente en cat\u00e1lisis, protecci\u00f3n medioambiental, tratamiento de aguas y otros campos. Posee una excelente estabilidad y una eficiente capacidad de adsorci\u00f3n, y puede satisfacer diversos requisitos industriales. [&hellip;]<\/p>\n","protected":false},"featured_media":13903,"template":"","meta":{"_acf_changed":false},"product_brand":[132],"product_cat":[438],"product_tag":[],"class_list":{"0":"post-26248","1":"product","2":"type-product","3":"status-publish","4":"has-post-thumbnail","6":"product_brand-ulpmat","7":"product_cat-oxidos","9":"first","10":"instock","11":"shipping-taxable","12":"product-type-variable"},"acf":[],"_links":{"self":[{"href":"https:\/\/ulpmat.com\/es\/wp-json\/wp\/v2\/product\/26248","targetHints":{"allow":["GET"]}}],"collection":[{"href":"https:\/\/ulpmat.com\/es\/wp-json\/wp\/v2\/product"}],"about":[{"href":"https:\/\/ulpmat.com\/es\/wp-json\/wp\/v2\/types\/product"}],"wp:featuredmedia":[{"embeddable":true,"href":"https:\/\/ulpmat.com\/es\/wp-json\/wp\/v2\/media\/13903"}],"wp:attachment":[{"href":"https:\/\/ulpmat.com\/es\/wp-json\/wp\/v2\/media?parent=26248"}],"wp:term":[{"taxonomy":"product_brand","embeddable":true,"href":"https:\/\/ulpmat.com\/es\/wp-json\/wp\/v2\/product_brand?post=26248"},{"taxonomy":"product_cat","embeddable":true,"href":"https:\/\/ulpmat.com\/es\/wp-json\/wp\/v2\/product_cat?post=26248"},{"taxonomy":"product_tag","embeddable":true,"href":"https:\/\/ulpmat.com\/es\/wp-json\/wp\/v2\/product_tag?post=26248"}],"curies":[{"name":"wp","href":"https:\/\/api.w.org\/{rel}","templated":true}]}}