{"id":26225,"date":"2025-10-10T15:22:58","date_gmt":"2025-10-10T07:22:58","guid":{"rendered":"https:\/\/ulpmat.com\/product\/oxido-de-plomo\/"},"modified":"2025-10-10T15:22:58","modified_gmt":"2025-10-10T07:22:58","slug":"oxido-de-plomo","status":"publish","type":"product","link":"https:\/\/ulpmat.com\/es\/producto\/oxido-de-plomo\/","title":{"rendered":"\u00d3xido de plomo"},"content":{"rendered":"<h2><span style=\"font-size: 14pt;\">Polvo de \u00f3xido de plomo Overview<\/span><\/h2>\n<p><span style=\"color: #0000ff;\"><a style=\"color: #0000ff;\" href=\"https:\/\/ulpmat.com\/es\/buscar\/?type=name&#038;keyword=Lead+oxide\">\u00d3xido de<\/a><\/span><span style=\"color: #0000ff;\"><a style=\"color: #0000ff;\" href=\"https:\/\/ulpmat.com\/es\/buscar\/?type=name&#038;keyword=Lead+oxide\">xido de plomo<\/a> <\/span>en polvo es un material de \u00f3xido de plomo de alto rendimiento ampliamente utilizado en cer\u00e1mica, revestimientos, caucho, vidrio y otras industrias qu\u00edmicas. Sus estables propiedades f\u00edsicas y qu\u00edmicas lo convierten en una materia prima importante en muchos campos.<\/p>\n<p>Suministramos polvos de mon\u00f3xido de plomo con diferentes especificaciones y distribuciones de tama\u00f1o de part\u00edcula para garantizar el cumplimiento de diversos requisitos t\u00e9cnicos. Seg\u00fan sus necesidades espec\u00edficas, tambi\u00e9n podemos ofrecerle <span style=\"color: #0000ff;\"><a style=\"color: #0000ff;\" href=\"https:\/\/ulpmat.com\/es\/servicio\/personalizacion\/\">servicios personalizados<\/a> <\/span>para garantizar el mejor <span style=\"color: #0000ff;\"><a style=\"color: #0000ff;\" href=\"https:\/\/ulpmat.com\/es\/servicio\/asistencia-tecnica\/\">rendimiento.<\/a><\/span><\/p>\n<h2><span style=\"font-size: 14pt;\">Productos destacados<\/span><\/h2>\n<p>Pureza: 99,9<br \/>\nAlta estabilidad qu\u00edmica, adecuado para diversas aplicaciones industriales<br \/>\nEnvasado personalizable<br \/>\nTama\u00f1o y distribuci\u00f3n de part\u00edculas de polvo personalizables<br \/>\nApto para cer\u00e1mica, revestimientos, caucho, vidrio y otros campos<\/p>\n<h2><span style=\"font-size: 14pt;\">Aplicaciones del polvo de \u00f3xido de plomo<\/span><\/h2>\n<p>Cer\u00e1mica: se utiliza en esmaltes, revestimientos cer\u00e1micos, etc. en la producci\u00f3n de cer\u00e1mica para mejorar su dureza y resistencia al desgaste.<br \/>\nRecubrimientos: Como pigmentos y aditivos en revestimientos, proporciona un color y una adherencia excelentes.<br \/>\nCaucho: Se utiliza en la industria del caucho como vulcanizante y estabilizante para mejorar la durabilidad y resistencia del caucho.<br \/>\nVidrio: Utilizado en la producci\u00f3n de vidrios especiales, proporcionando excelentes propiedades \u00f3pticas y estabilidad t\u00e9rmica.<br \/>\nIndustria qu\u00edmica: Como intermediario qu\u00edmico, utilizado en otras reacciones qu\u00edmicas y s\u00edntesis.<\/p>\n<h2><span style=\"font-size: 14pt;\">Informes<\/span><\/h2>\n<p>Proporcionamos <span style=\"color: #0000ff;\"><a style=\"color: #0000ff;\" href=\"https:\/\/ulpmat.com\/es\/servicio\/analisis-quimico\/\">Certificado de an\u00e1lisis (COA),<\/a><\/span> Hoja de datos de seguridad del material (MSDS) y otros informes relevantes para cada lote de polvo de PbO. Adem\u00e1s, tambi\u00e9n apoyamos las pruebas de terceros para mejorar la garant\u00eda de calidad y asegurar la estabilidad y fiabilidad del producto.<\/p>\n","protected":false},"excerpt":{"rendered":"<p>Polvo de \u00f3xido de plomo Overview \u00d3xido dexido de plomo en polvo es un material de \u00f3xido de plomo de alto rendimiento ampliamente utilizado en cer\u00e1mica, revestimientos, caucho, vidrio y otras industrias qu\u00edmicas. Sus estables propiedades f\u00edsicas y qu\u00edmicas lo convierten en una materia prima importante en muchos campos. Suministramos polvos de mon\u00f3xido de plomo [&hellip;]<\/p>\n","protected":false},"featured_media":14204,"template":"","meta":{"_acf_changed":false},"product_brand":[132],"product_cat":[438],"product_tag":[],"class_list":{"0":"post-26225","1":"product","2":"type-product","3":"status-publish","4":"has-post-thumbnail","6":"product_brand-ulpmat","7":"product_cat-oxidos","9":"first","10":"instock","11":"shipping-taxable","12":"product-type-variable"},"acf":[],"_links":{"self":[{"href":"https:\/\/ulpmat.com\/es\/wp-json\/wp\/v2\/product\/26225","targetHints":{"allow":["GET"]}}],"collection":[{"href":"https:\/\/ulpmat.com\/es\/wp-json\/wp\/v2\/product"}],"about":[{"href":"https:\/\/ulpmat.com\/es\/wp-json\/wp\/v2\/types\/product"}],"wp:featuredmedia":[{"embeddable":true,"href":"https:\/\/ulpmat.com\/es\/wp-json\/wp\/v2\/media\/14204"}],"wp:attachment":[{"href":"https:\/\/ulpmat.com\/es\/wp-json\/wp\/v2\/media?parent=26225"}],"wp:term":[{"taxonomy":"product_brand","embeddable":true,"href":"https:\/\/ulpmat.com\/es\/wp-json\/wp\/v2\/product_brand?post=26225"},{"taxonomy":"product_cat","embeddable":true,"href":"https:\/\/ulpmat.com\/es\/wp-json\/wp\/v2\/product_cat?post=26225"},{"taxonomy":"product_tag","embeddable":true,"href":"https:\/\/ulpmat.com\/es\/wp-json\/wp\/v2\/product_tag?post=26225"}],"curies":[{"name":"wp","href":"https:\/\/api.w.org\/{rel}","templated":true}]}}