{"id":26188,"date":"2025-10-10T15:22:59","date_gmt":"2025-10-10T07:22:59","guid":{"rendered":"https:\/\/ulpmat.com\/product\/plomo-telluride\/"},"modified":"2025-10-10T15:22:59","modified_gmt":"2025-10-10T07:22:59","slug":"plomo-telluride","status":"publish","type":"product","link":"https:\/\/ulpmat.com\/es\/producto\/plomo-telluride\/","title":{"rendered":"Plomo Telluride"},"content":{"rendered":"<h2><span style=\"font-size: 14pt;\">Visi\u00f3n general del telururo de plomo en polvo<\/span><\/h2>\n<p><span style=\"color: #0000ff;\"><a style=\"color: #0000ff;\" href=\"https:\/\/ulpmat.com\/es\/buscar\/?type=name&#038;keyword=Lead+Telluride\">Polvo de telururo de plomo<\/a><\/span> es un material semiconductor de alto rendimiento ampliamente utilizado en la fabricaci\u00f3n de componentes termoel\u00e9ctricos y electr\u00f3nicos. Su gran pureza y sus excelentes propiedades termoel\u00e9ctricas hacen que destaque en la generaci\u00f3n de energ\u00eda termoel\u00e9ctrica, la refrigeraci\u00f3n y otros campos de alta tecnolog\u00eda.<\/p>\n<p>Suministramos polvo de telururo de plomo en varias especificaciones, todas ellas sometidas a estrictos controles de calidad para garantizar la estabilidad y fiabilidad de su rendimiento. De acuerdo con sus necesidades, tambi\u00e9n podemos personalizar el tama\u00f1o del polvo y la distribuci\u00f3n granulom\u00e9trica.<\/p>\n<h2><span style=\"font-size: 14pt;\">Productos destacados<\/span><\/h2>\n<p>Pureza: 99,999<br \/>\nExcelente rendimiento termoel\u00e9ctrico, adecuado para aplicaciones de generaci\u00f3n de energ\u00eda termoel\u00e9ctrica y refrigeraci\u00f3n<br \/>\n<span style=\"color: #0000ff;\"><a style=\"color: #0000ff;\" href=\"https:\/\/ulpmat.com\/es\/servicio\/personalizacion\/\">Personalizable<\/a><\/span> tama\u00f1o de las part\u00edculas de polvo y distribuci\u00f3n del tama\u00f1o<br \/>\nEmbalaje personalizable<br \/>\nAdecuado para materiales termoel\u00e9ctricos, componentes de semiconductores e industrias de alta tecnolog\u00eda<\/p>\n<h2><span style=\"font-size: 14pt;\">Aplicaciones del polvo de telururo de plomo<\/span><\/h2>\n<p>Generaci\u00f3n de energ\u00eda termoel\u00e9ctrica: utilizado en sistemas de generaci\u00f3n de energ\u00eda por diferencia de temperatura para proporcionar una tasa de conversi\u00f3n de energ\u00eda eficiente.<br \/>\nRefrigeraci\u00f3n termoel\u00e9ctrica: utilizado en equipos de refrigeraci\u00f3n, con alta eficiencia de conversi\u00f3n termoel\u00e9ctrica.<br \/>\n<span style=\"color: #0000ff;\"><a style=\"color: #0000ff;\" href=\"https:\/\/ulpmat.com\/es\/solicitud\/materiales-semiconductores\/\">Dispositivos semiconductores<\/a> <\/span>semiconductores: muy utilizados en la industria de los semiconductores, como detectores de infrarrojos, dispositivos optoelectr\u00f3nicos, etc.<br \/>\nComponentes electr\u00f3nicos: desempe\u00f1an un papel importante en los productos electr\u00f3nicos de alta precisi\u00f3n y alto rendimiento.<\/p>\n<h2><span style=\"font-size: 14pt;\">Informes<\/span><\/h2>\n<p>Proporcionamos<span style=\"color: #0000ff;\"><a style=\"color: #0000ff;\" href=\"https:\/\/ulpmat.com\/es\/servicio\/analisis-quimico\/\"> Certificado de an\u00e1lisis (COA)<\/a><\/span>hoja de datos de seguridad del material (MSDS) y otros informes relevantes para cada lote de polvo de PbTe. Adem\u00e1s, tambi\u00e9n apoyamos las pruebas de terceros para mejorar la garant\u00eda de calidad y asegurar la fiabilidad y consistencia del producto.<\/p>\n","protected":false},"excerpt":{"rendered":"<p>Visi\u00f3n general del telururo de plomo en polvo Polvo de telururo de plomo es un material semiconductor de alto rendimiento ampliamente utilizado en la fabricaci\u00f3n de componentes termoel\u00e9ctricos y electr\u00f3nicos. Su gran pureza y sus excelentes propiedades termoel\u00e9ctricas hacen que destaque en la generaci\u00f3n de energ\u00eda termoel\u00e9ctrica, la refrigeraci\u00f3n y otros campos de alta tecnolog\u00eda. [&hellip;]<\/p>\n","protected":false},"featured_media":14176,"template":"","meta":{"_acf_changed":false},"product_brand":[132],"product_cat":[678,1102],"product_tag":[],"class_list":{"0":"post-26188","1":"product","2":"type-product","3":"status-publish","4":"has-post-thumbnail","6":"product_brand-ulpmat","7":"product_cat-materiales-calcogenuros","8":"product_cat-materiales-calcogenuros-es","10":"first","11":"instock","12":"shipping-taxable","13":"product-type-variable"},"acf":[],"_links":{"self":[{"href":"https:\/\/ulpmat.com\/es\/wp-json\/wp\/v2\/product\/26188","targetHints":{"allow":["GET"]}}],"collection":[{"href":"https:\/\/ulpmat.com\/es\/wp-json\/wp\/v2\/product"}],"about":[{"href":"https:\/\/ulpmat.com\/es\/wp-json\/wp\/v2\/types\/product"}],"wp:featuredmedia":[{"embeddable":true,"href":"https:\/\/ulpmat.com\/es\/wp-json\/wp\/v2\/media\/14176"}],"wp:attachment":[{"href":"https:\/\/ulpmat.com\/es\/wp-json\/wp\/v2\/media?parent=26188"}],"wp:term":[{"taxonomy":"product_brand","embeddable":true,"href":"https:\/\/ulpmat.com\/es\/wp-json\/wp\/v2\/product_brand?post=26188"},{"taxonomy":"product_cat","embeddable":true,"href":"https:\/\/ulpmat.com\/es\/wp-json\/wp\/v2\/product_cat?post=26188"},{"taxonomy":"product_tag","embeddable":true,"href":"https:\/\/ulpmat.com\/es\/wp-json\/wp\/v2\/product_tag?post=26188"}],"curies":[{"name":"wp","href":"https:\/\/api.w.org\/{rel}","templated":true}]}}