{"id":25984,"date":"2025-10-16T13:56:02","date_gmt":"2025-10-16T05:56:02","guid":{"rendered":"https:\/\/ulpmat.com\/product\/tungsteno-metalico-9\/"},"modified":"2025-10-16T13:56:02","modified_gmt":"2025-10-16T05:56:02","slug":"tungsteno-metalico-9","status":"publish","type":"product","link":"https:\/\/ulpmat.com\/es\/producto\/tungsteno-metalico-9\/","title":{"rendered":"Tungsteno met\u00e1lico"},"content":{"rendered":"<h2><span style=\"font-size: 14pt;\">Polvo met\u00e1lico de wolframio Descripci\u00f3n general<\/span><\/h2>\n<p><span style=\"color: #0000ff;\"><a style=\"color: #0000ff;\" href=\"https:\/\/ulpmat.com\/es\/buscar\/?type=name&#038;keyword=Tungsten+metal\">El tungsteno met\u00e1lico<\/a> <\/span>es un importante material dise\u00f1ado para procesos de fabricaci\u00f3n de alta temperatura, alta resistencia y precisi\u00f3n. Se utiliza ampliamente en electr\u00f3nica, metalurgia, aeroespacial e impresi\u00f3n 3D. Tiene una gran pureza, un tama\u00f1o de part\u00edcula controlable y un punto de fusi\u00f3n extremadamente alto, lo que resulta adecuado para mantener un rendimiento excelente en condiciones de trabajo extremas.<\/p>\n<p>Ofrecemos polvo de metal de tungsteno con diferentes rangos de tama\u00f1o de part\u00edcula, y la distribuci\u00f3n del tama\u00f1o de part\u00edcula se puede personalizar seg\u00fan los requisitos del cliente. Tambi\u00e9n ofrecemos un completo servicio postventa y <span style=\"color: #0000ff;\"><a style=\"color: #0000ff;\" href=\"https:\/\/ulpmat.com\/es\/servicio\/asistencia-tecnica\/\">asistencia t\u00e9cnica<\/a><\/span> para garantizar que no tenga preocupaciones en cada etapa del proceso de uso.<\/p>\n<h2><span style=\"font-size: 14pt;\">Productos destacados<\/span><\/h2>\n<p>Pureza: del 99% al 99,999<br \/>\nTama\u00f1o de las part\u00edculas: Personalizable<br \/>\nAlta esfericidad, adecuado para la fabricaci\u00f3n aditiva<br \/>\nPunto de fusi\u00f3n extremadamente alto (alrededor de 3420\u00b0C), adecuado para procesos de alta temperatura<br \/>\n<span style=\"color: #0000ff;\"><a style=\"color: #0000ff;\" href=\"https:\/\/ulpmat.com\/es\/servicio\/personalizacion\/\">Personalizable<\/a><\/span> especificaciones de envasado y distribuci\u00f3n del tama\u00f1o de las part\u00edculas<\/p>\n<h2><span style=\"font-size: 14pt;\">Aplicaciones del polvo met\u00e1lico de tungsteno<\/span><\/h2>\n<p>Dispositivos electr\u00f3nicos: utilizados como electrodos, materiales de plomo o componentes de campo t\u00e9rmico, con excelente conductividad y resistencia al choque t\u00e9rmico.<br \/>\nPulvimetalurgia: ampliamente utilizado en la fabricaci\u00f3n de materiales de alta resistencia y dureza, como el carburo cementado y el acero de tungsteno.<br \/>\nAeroespacial: se utiliza para piezas estructurales de alta temperatura, toberas y componentes de blindaje t\u00e9rmico.<br \/>\nimpresi\u00f3n 3D (fabricaci\u00f3n aditiva): El polvo esf\u00e9rico es adecuado para la fusi\u00f3n por l\u00e1ser y la fusi\u00f3n por haz de electrones, y tiene un excelente rendimiento de moldeo.<br \/>\nProtecci\u00f3n contra la radiaci\u00f3n y contrapesos de alta densidad: La alta densidad del tungsteno lo hace adecuado para aplicaciones m\u00e9dicas, de energ\u00eda nuclear y contrapesos de precisi\u00f3n.<\/p>\n<h2><span style=\"font-size: 14pt;\">Informes<\/span><\/h2>\n<p>Proporcionamos un <span style=\"color: #0000ff;\"><a style=\"color: #0000ff;\" href=\"https:\/\/ulpmat.com\/es\/servicio\/analisis-quimico\/\">certificado de an\u00e1lisis (COA)<\/a><\/span>hoja de datos de seguridad del material (MSDS) y otros informes de pruebas relevantes para cada lote de productos. Tambi\u00e9n podemos proporcionar resultados de pruebas de terceros a petici\u00f3n del cliente para aumentar la garant\u00eda de confianza en la calidad del producto.<\/p>\n","protected":false},"excerpt":{"rendered":"<p>Polvo met\u00e1lico de wolframio Descripci\u00f3n general El tungsteno met\u00e1lico es un importante material dise\u00f1ado para procesos de fabricaci\u00f3n de alta temperatura, alta resistencia y precisi\u00f3n. Se utiliza ampliamente en electr\u00f3nica, metalurgia, aeroespacial e impresi\u00f3n 3D. Tiene una gran pureza, un tama\u00f1o de part\u00edcula controlable y un punto de fusi\u00f3n extremadamente alto, lo que resulta adecuado [&hellip;]<\/p>\n","protected":false},"featured_media":19156,"template":"","meta":{"_acf_changed":false},"product_brand":[132],"product_cat":[338],"product_tag":[],"class_list":{"0":"post-25984","1":"product","2":"type-product","3":"status-publish","4":"has-post-thumbnail","6":"product_brand-ulpmat","7":"product_cat-metales-puros-y-aleaciones","9":"first","10":"instock","11":"shipping-taxable","12":"product-type-variable"},"acf":[],"_links":{"self":[{"href":"https:\/\/ulpmat.com\/es\/wp-json\/wp\/v2\/product\/25984","targetHints":{"allow":["GET"]}}],"collection":[{"href":"https:\/\/ulpmat.com\/es\/wp-json\/wp\/v2\/product"}],"about":[{"href":"https:\/\/ulpmat.com\/es\/wp-json\/wp\/v2\/types\/product"}],"wp:featuredmedia":[{"embeddable":true,"href":"https:\/\/ulpmat.com\/es\/wp-json\/wp\/v2\/media\/19156"}],"wp:attachment":[{"href":"https:\/\/ulpmat.com\/es\/wp-json\/wp\/v2\/media?parent=25984"}],"wp:term":[{"taxonomy":"product_brand","embeddable":true,"href":"https:\/\/ulpmat.com\/es\/wp-json\/wp\/v2\/product_brand?post=25984"},{"taxonomy":"product_cat","embeddable":true,"href":"https:\/\/ulpmat.com\/es\/wp-json\/wp\/v2\/product_cat?post=25984"},{"taxonomy":"product_tag","embeddable":true,"href":"https:\/\/ulpmat.com\/es\/wp-json\/wp\/v2\/product_tag?post=25984"}],"curies":[{"name":"wp","href":"https:\/\/api.w.org\/{rel}","templated":true}]}}