{"id":25670,"date":"2025-10-16T13:56:06","date_gmt":"2025-10-16T05:56:06","guid":{"rendered":"https:\/\/ulpmat.com\/product\/boruro-de-tungsteno-2\/"},"modified":"2025-10-16T13:56:06","modified_gmt":"2025-10-16T05:56:06","slug":"boruro-de-tungsteno-2","status":"publish","type":"product","link":"https:\/\/ulpmat.com\/es\/producto\/boruro-de-tungsteno-2\/","title":{"rendered":"Boruro de tungsteno"},"content":{"rendered":"<h2><span style=\"font-size: 14pt;\">Boruro de wolframio en polvo Overview<\/span><\/h2>\n<p><span style=\"color: #0000ff;\"><a style=\"color: #0000ff;\" href=\"https:\/\/ulpmat.com\/es\/buscar\/?type=name&#038;keyword=Tungsten+Boride\">Boruro de tungsteno<\/a><\/span> es un producto de alta calidad dise\u00f1ado para la preparaci\u00f3n de diversos materiales de alto rendimiento. Tiene gran pureza, excelente densidad y estabilidad t\u00e9rmica, y puede cumplir los estrictos requisitos de los procesos de precisi\u00f3n para el rendimiento de los materiales.<\/p>\n<p>Suministramos boruro de tungsteno en polvo con part\u00edculas uniformes y tama\u00f1o de part\u00edcula controlable, y podemos personalizar las especificaciones del producto seg\u00fan sus necesidades espec\u00edficas. Tambi\u00e9n ofrecemos un completo servicio postventa. Si tiene alguna pregunta durante el uso, no dude en <span style=\"color: #0000ff;\"><a style=\"color: #0000ff;\" href=\"https:\/\/ulpmat.com\/es\/contacto\/\">ponerse en contacto con nosotros<\/a><\/span>.<\/p>\n<h2><span style=\"font-size: 14pt;\">Caracter\u00edsticas del producto<\/span><\/h2>\n<p>Pureza: 99,5<br \/>\nAlta densidad, part\u00edculas uniformes, para garantizar un rendimiento estable del material<br \/>\nTama\u00f1o de part\u00edcula controlable para satisfacer diferentes requisitos de proceso<br \/>\n<span style=\"color: #0000ff;\"><a style=\"color: #0000ff;\" href=\"https:\/\/ulpmat.com\/es\/servicio\/personalizacion\/\">Personalizable<\/a> <\/span>envasado<br \/>\nAdecuado para revestimientos duros, materiales compuestos, materiales estructurales de alta temperatura y otras aplicaciones<\/p>\n<h2><span style=\"font-size: 14pt;\">Aplicaciones del polvo de boruro de tungsteno<\/span><\/h2>\n<p>Recubrimientos duros: Mejoran la resistencia al desgaste y la vida \u00fatil de piezas mec\u00e1nicas como herramientas y moldes.<br \/>\nMateriales compuestos: Como material de refuerzo, mejora la resistencia mec\u00e1nica y la estabilidad t\u00e9rmica de los materiales compuestos.<br \/>\nMateriales estructurales de alta temperatura: Muy utilizados en los sectores aeroespacial y energ\u00e9tico, con una excelente resistencia a las altas temperaturas.<br \/>\nMateriales electr\u00f3nicos: Utilizados en la preparaci\u00f3n de materiales funcionales y materiales conductores para satisfacer las necesidades especiales de la industria electr\u00f3nica.<\/p>\n<h2><span style=\"font-size: 14pt;\">Informes<\/span><\/h2>\n<p>Proporcionamos certificados de an\u00e1lisis (COA) completos, hojas de datos de seguridad de materiales (MSDS) y otros informes de pruebas relevantes para cada lote de productos. Adem\u00e1s, apoyamos los servicios de pruebas de terceros para garantizar una calidad fiable y estable de los productos.<\/p>\n","protected":false},"excerpt":{"rendered":"<p>Boruro de wolframio en polvo Overview Boruro de tungsteno es un producto de alta calidad dise\u00f1ado para la preparaci\u00f3n de diversos materiales de alto rendimiento. Tiene gran pureza, excelente densidad y estabilidad t\u00e9rmica, y puede cumplir los estrictos requisitos de los procesos de precisi\u00f3n para el rendimiento de los materiales. Suministramos boruro de tungsteno en [&hellip;]<\/p>\n","protected":false},"featured_media":18770,"template":"","meta":{"_acf_changed":false},"product_brand":[132],"product_cat":[720],"product_tag":[],"class_list":{"0":"post-25670","1":"product","2":"type-product","3":"status-publish","4":"has-post-thumbnail","6":"product_brand-ulpmat","7":"product_cat-materiales-refractarios","9":"first","10":"instock","11":"shipping-taxable","12":"product-type-variable"},"acf":[],"_links":{"self":[{"href":"https:\/\/ulpmat.com\/es\/wp-json\/wp\/v2\/product\/25670","targetHints":{"allow":["GET"]}}],"collection":[{"href":"https:\/\/ulpmat.com\/es\/wp-json\/wp\/v2\/product"}],"about":[{"href":"https:\/\/ulpmat.com\/es\/wp-json\/wp\/v2\/types\/product"}],"wp:featuredmedia":[{"embeddable":true,"href":"https:\/\/ulpmat.com\/es\/wp-json\/wp\/v2\/media\/18770"}],"wp:attachment":[{"href":"https:\/\/ulpmat.com\/es\/wp-json\/wp\/v2\/media?parent=25670"}],"wp:term":[{"taxonomy":"product_brand","embeddable":true,"href":"https:\/\/ulpmat.com\/es\/wp-json\/wp\/v2\/product_brand?post=25670"},{"taxonomy":"product_cat","embeddable":true,"href":"https:\/\/ulpmat.com\/es\/wp-json\/wp\/v2\/product_cat?post=25670"},{"taxonomy":"product_tag","embeddable":true,"href":"https:\/\/ulpmat.com\/es\/wp-json\/wp\/v2\/product_tag?post=25670"}],"curies":[{"name":"wp","href":"https:\/\/api.w.org\/{rel}","templated":true}]}}