{"id":25658,"date":"2025-10-16T13:56:06","date_gmt":"2025-10-16T05:56:06","guid":{"rendered":"https:\/\/ulpmat.com\/product\/boruro-de-tungsteno-3\/"},"modified":"2025-10-16T13:56:06","modified_gmt":"2025-10-16T05:56:06","slug":"boruro-de-tungsteno-3","status":"publish","type":"product","link":"https:\/\/ulpmat.com\/es\/producto\/boruro-de-tungsteno-3\/","title":{"rendered":"Boruro de tungsteno"},"content":{"rendered":"<h2><span style=\"font-size: 14pt;\">Boruro de wolframio en polvo Overview<\/span><\/h2>\n<p><span style=\"color: #0000ff;\"><a style=\"color: #0000ff;\" href=\"https:\/\/ulpmat.com\/es\/buscar\/?type=name&#038;keyword=Tungsten+Boride\">Boruro de tungsteno<\/a> <\/span>es un material inorg\u00e1nico avanzado dise\u00f1ado para la fabricaci\u00f3n de materiales de alto rendimiento y el tratamiento de superficies. Posee una excelente estabilidad qu\u00edmica y dureza, lo que garantiza su estabilidad y durabilidad en diversos entornos adversos.<\/p>\n<p>Proporcionamos polvo de boruro de tungsteno de gran pureza con part\u00edculas uniformes, adecuado para una gran variedad de aplicaciones industriales, y podemos personalizar el tama\u00f1o de las part\u00edculas y las especificaciones de envasado seg\u00fan sus necesidades espec\u00edficas. Tambi\u00e9n ofrecemos un completo servicio posventa. Si tiene alguna pregunta sobre el uso, no dude en <span style=\"color: #0000ff;\"><a style=\"color: #0000ff;\" href=\"https:\/\/ulpmat.com\/es\/contacto\/\">ponerse en contacto con nosotros<\/a><\/span>.<\/p>\n<h2><span style=\"font-size: 14pt;\">Caracter\u00edsticas del producto<\/span><\/h2>\n<p>Pureza: 99<br \/>\nAlta dureza, excelente resistencia al desgaste y a la corrosi\u00f3n<br \/>\nBuena estabilidad t\u00e9rmica, adecuado para entornos de alta temperatura<br \/>\n<span style=\"color: #0000ff;\"><a style=\"color: #0000ff;\" href=\"https:\/\/ulpmat.com\/es\/servicio\/personalizacion\/\">Personalizable<\/a><\/span> tama\u00f1o de part\u00edcula y embalaje<br \/>\nAdecuado para la fabricaci\u00f3n de carburo cementado, materiales de revestimiento y piezas estructurales de alta temperatura<\/p>\n<h2><span style=\"font-size: 14pt;\">Aplicaci\u00f3n del polvo de boruro de tungsteno<\/span><\/h2>\n<p>Fabricaci\u00f3n de carburo cementado: se utiliza como material de fase de refuerzo para mejorar la resistencia al desgaste de herramientas y piezas.<br \/>\nMateriales de recubrimiento: Preparar recubrimientos de alta dureza y resistentes al desgaste mediante procesos como la pulverizaci\u00f3n t\u00e9rmica para aumentar la vida \u00fatil de la superficie.<br \/>\nPiezas estructurales de alta temperatura: Con su excelente estabilidad t\u00e9rmica y propiedades mec\u00e1nicas, es adecuado para los campos aeroespacial y energ\u00e9tico.<br \/>\nDispositivos electr\u00f3nicos: Se utiliza para fabricar materiales funcionales con excelente conductividad y estabilidad t\u00e9rmica.<\/p>\n<h2><span style=\"font-size: 14pt;\">Informes<\/span><\/h2>\n<p>Proporcionamos <span style=\"color: #0000ff;\"><a style=\"color: #0000ff;\" href=\"https:\/\/ulpmat.com\/es\/servicio\/analisis-quimico\/\">Certificado de an\u00e1lisis (COA)<\/a><\/span>hoja de datos de seguridad del material (MSDS) y otros informes relevantes para cada lote de productos. Adem\u00e1s, apoyamos las pruebas de terceros para garantizar la fiabilidad de la calidad y el rendimiento del producto.<\/p>\n","protected":false},"excerpt":{"rendered":"<p>Boruro de wolframio en polvo Overview Boruro de tungsteno es un material inorg\u00e1nico avanzado dise\u00f1ado para la fabricaci\u00f3n de materiales de alto rendimiento y el tratamiento de superficies. Posee una excelente estabilidad qu\u00edmica y dureza, lo que garantiza su estabilidad y durabilidad en diversos entornos adversos. Proporcionamos polvo de boruro de tungsteno de gran pureza [&hellip;]<\/p>\n","protected":false},"featured_media":18806,"template":"","meta":{"_acf_changed":false},"product_brand":[132],"product_cat":[720],"product_tag":[],"class_list":{"0":"post-25658","1":"product","2":"type-product","3":"status-publish","4":"has-post-thumbnail","6":"product_brand-ulpmat","7":"product_cat-materiales-refractarios","9":"first","10":"instock","11":"shipping-taxable","12":"product-type-variable"},"acf":[],"_links":{"self":[{"href":"https:\/\/ulpmat.com\/es\/wp-json\/wp\/v2\/product\/25658","targetHints":{"allow":["GET"]}}],"collection":[{"href":"https:\/\/ulpmat.com\/es\/wp-json\/wp\/v2\/product"}],"about":[{"href":"https:\/\/ulpmat.com\/es\/wp-json\/wp\/v2\/types\/product"}],"wp:featuredmedia":[{"embeddable":true,"href":"https:\/\/ulpmat.com\/es\/wp-json\/wp\/v2\/media\/18806"}],"wp:attachment":[{"href":"https:\/\/ulpmat.com\/es\/wp-json\/wp\/v2\/media?parent=25658"}],"wp:term":[{"taxonomy":"product_brand","embeddable":true,"href":"https:\/\/ulpmat.com\/es\/wp-json\/wp\/v2\/product_brand?post=25658"},{"taxonomy":"product_cat","embeddable":true,"href":"https:\/\/ulpmat.com\/es\/wp-json\/wp\/v2\/product_cat?post=25658"},{"taxonomy":"product_tag","embeddable":true,"href":"https:\/\/ulpmat.com\/es\/wp-json\/wp\/v2\/product_tag?post=25658"}],"curies":[{"name":"wp","href":"https:\/\/api.w.org\/{rel}","templated":true}]}}