{"id":25521,"date":"2025-10-16T13:56:09","date_gmt":"2025-10-16T05:56:09","guid":{"rendered":"https:\/\/ulpmat.com\/product\/tungsteno-niquel-aleacion-de-hierro-2\/"},"modified":"2025-10-16T13:56:09","modified_gmt":"2025-10-16T05:56:09","slug":"tungsteno-niquel-aleacion-de-hierro-2","status":"publish","type":"product","link":"https:\/\/ulpmat.com\/es\/producto\/tungsteno-niquel-aleacion-de-hierro-2\/","title":{"rendered":"Tungsteno N\u00edquel Aleaci\u00f3n de hierro"},"content":{"rendered":"<h2><span style=\"font-size: 14pt;\">Polvo de aleaci\u00f3n de tungsteno, n\u00edquel y hierro Overview<\/span><\/h2>\n<p><span style=\"color: #0000ff;\"><a style=\"color: #0000ff;\" href=\"https:\/\/ulpmat.com\/es\/buscar\/?type=name&#038;keyword=Tungsten+Nickel+Iron\">Polvo de aleaci\u00f3n de<\/a> <\/span>es un material met\u00e1lico vers\u00e1til de alta densidad, gran resistencia y excelente maquinabilidad. Se utiliza ampliamente en la fabricaci\u00f3n de componentes de alto rendimiento, la protecci\u00f3n contra las radiaciones y los campos militar y aeroespacial.<\/p>\n<p>Suministramos polvo de aleaci\u00f3n de tungsteno, n\u00edquel y hierro en una gran variedad de tama\u00f1os de part\u00edcula, adecuados para la fabricaci\u00f3n aditiva por l\u00e1ser (impresi\u00f3n 3D), la pulverizaci\u00f3n t\u00e9rmica, la pulvimetalurgia y otros procesos. El producto tiene buena fluidez y densidad aparente, lo que resulta conveniente para una conformaci\u00f3n y sinterizaci\u00f3n eficientes.<\/p>\n<h2><span style=\"font-size: 14pt;\">Caracter\u00edsticas del producto<\/span><\/h2>\n<p>Alta densidad: \u226517,0 g\/cm\u00b3<br \/>\nBuena esfericidad y fluidez<br \/>\nCompatible con diversas tecnolog\u00edas de sinterizaci\u00f3n y fabricaci\u00f3n aditiva<br \/>\n<span style=\"color: #0000ff;\"><a style=\"color: #0000ff;\" href=\"https:\/\/ulpmat.com\/es\/servicio\/personalizacion\/\">Personalizable<\/a> <\/span>envasado<br \/>\nEl tama\u00f1o de las part\u00edculas puede personalizarse bajo demanda<\/p>\n<h2><span style=\"font-size: 14pt;\">Aplicaciones del polvo de aleaci\u00f3n de tungsteno, n\u00edquel e hierro<\/span><\/h2>\n<p>Blindaje y protecci\u00f3n contra la radiaci\u00f3n: Debido a su alta densidad, es un material ideal para dispositivos de medicina nuclear, rayos X y protecci\u00f3n contra rayos gamma.<br \/>\nAeroespacial y militar: Se utiliza para componentes de alta resistencia a los impactos, como contrapesos, piezas de masa inercial y n\u00facleos perforantes de blindajes.<br \/>\nPulvimetalurgia y moldeo por inyecci\u00f3n (MIM): Fabricaci\u00f3n de piezas resistentes a la corrosi\u00f3n y de alto rendimiento mec\u00e1nico.<br \/>\nFabricaci\u00f3n aditiva (impresi\u00f3n 3D): Adecuada para procesos de impresi\u00f3n de metales como SLM, EBM y DED para fabricar piezas personalizadas con estructuras complejas.<\/p>\n<h2><span style=\"font-size: 14pt;\">Informes<\/span><\/h2>\n<p>Proporcionamos <span style=\"color: #0000ff;\"><a style=\"color: #0000ff;\" href=\"https:\/\/ulpmat.com\/es\/servicio\/analisis-quimico\/\">Certificado de an\u00e1lisis (COA)<\/a><\/span>hoja de datos de seguridad del material (MSDS) y otros informes de an\u00e1lisis para cada lote de polvo. Tambi\u00e9n podemos proporcionar servicios de pruebas de terceros a petici\u00f3n para garantizar la fiabilidad y consistencia de los materiales.<\/p>\n","protected":false},"excerpt":{"rendered":"<p>Polvo de aleaci\u00f3n de tungsteno, n\u00edquel y hierro Overview Polvo de aleaci\u00f3n de es un material met\u00e1lico vers\u00e1til de alta densidad, gran resistencia y excelente maquinabilidad. Se utiliza ampliamente en la fabricaci\u00f3n de componentes de alto rendimiento, la protecci\u00f3n contra las radiaciones y los campos militar y aeroespacial. Suministramos polvo de aleaci\u00f3n de tungsteno, n\u00edquel [&hellip;]<\/p>\n","protected":false},"featured_media":18554,"template":"","meta":{"_acf_changed":false},"product_brand":[132],"product_cat":[338],"product_tag":[],"class_list":{"0":"post-25521","1":"product","2":"type-product","3":"status-publish","4":"has-post-thumbnail","6":"product_brand-ulpmat","7":"product_cat-metales-puros-y-aleaciones","9":"first","10":"instock","11":"shipping-taxable","12":"product-type-variable"},"acf":[],"_links":{"self":[{"href":"https:\/\/ulpmat.com\/es\/wp-json\/wp\/v2\/product\/25521","targetHints":{"allow":["GET"]}}],"collection":[{"href":"https:\/\/ulpmat.com\/es\/wp-json\/wp\/v2\/product"}],"about":[{"href":"https:\/\/ulpmat.com\/es\/wp-json\/wp\/v2\/types\/product"}],"wp:featuredmedia":[{"embeddable":true,"href":"https:\/\/ulpmat.com\/es\/wp-json\/wp\/v2\/media\/18554"}],"wp:attachment":[{"href":"https:\/\/ulpmat.com\/es\/wp-json\/wp\/v2\/media?parent=25521"}],"wp:term":[{"taxonomy":"product_brand","embeddable":true,"href":"https:\/\/ulpmat.com\/es\/wp-json\/wp\/v2\/product_brand?post=25521"},{"taxonomy":"product_cat","embeddable":true,"href":"https:\/\/ulpmat.com\/es\/wp-json\/wp\/v2\/product_cat?post=25521"},{"taxonomy":"product_tag","embeddable":true,"href":"https:\/\/ulpmat.com\/es\/wp-json\/wp\/v2\/product_tag?post=25521"}],"curies":[{"name":"wp","href":"https:\/\/api.w.org\/{rel}","templated":true}]}}