{"id":25509,"date":"2025-10-16T13:56:10","date_gmt":"2025-10-16T05:56:10","guid":{"rendered":"https:\/\/ulpmat.com\/product\/tungsteno-niquel-aleacion-de-hierro\/"},"modified":"2025-10-16T13:56:10","modified_gmt":"2025-10-16T05:56:10","slug":"tungsteno-niquel-aleacion-de-hierro","status":"publish","type":"product","link":"https:\/\/ulpmat.com\/es\/producto\/tungsteno-niquel-aleacion-de-hierro\/","title":{"rendered":"Tungsteno N\u00edquel Aleaci\u00f3n de hierro"},"content":{"rendered":"<h2><span style=\"font-size: 14pt;\">Polvo de aleaci\u00f3n de tungsteno, n\u00edquel y hierro Overview<\/span><\/h2>\n<p><span style=\"color: #0000ff;\"><a style=\"color: #0000ff;\" href=\"https:\/\/ulpmat.com\/es\/buscar\/?type=name&#038;keyword=Tungsten+Nickel+Iron\">Los c\u00e1todos para sputtering de aleaci\u00f3n de tungsteno, n\u00edquel y hierro<\/a><\/span> son materiales de aleaci\u00f3n dise\u00f1ados para procesos de deposici\u00f3n de pel\u00edculas finas de alto rendimiento. Tienen una composici\u00f3n uniforme, una densidad y unas propiedades mec\u00e1nicas excelentes, lo que garantiza una formaci\u00f3n de pel\u00edcula uniforme, una fuerte adherencia y un contenido de impurezas extremadamente bajo.<\/p>\n<p>Ofrecemos una gran variedad de tama\u00f1os y formas de c\u00e1todos para sputtering de aleaci\u00f3n de tungsteno, n\u00edquel y hierro, incluyendo redondos y rectangulares, que pueden personalizarse seg\u00fan las necesidades espec\u00edficas del cliente. Al mismo tiempo, ofrecemos un servicio <span style=\"color: #0000ff;\"><a style=\"color: #0000ff;\" href=\"https:\/\/ulpmat.com\/es\/servicio\/servicio-posventa\/\">postventa<\/a><\/span> postventa, no dude en <span style=\"color: #0000ff;\"><a style=\"color: #0000ff;\" href=\"https:\/\/ulpmat.com\/es\/contacto\/\">contactarnos<\/a><\/span> para resolver cualquier problema de uso.<\/p>\n<h2><span style=\"font-size: 14pt;\">Caracter\u00edsticas del producto<\/span><\/h2>\n<p>Composici\u00f3n uniforme para garantizar un rendimiento estable<br \/>\nAlta densidad para garantizar la deposici\u00f3n uniforme de pel\u00edculas finas<br \/>\nTama\u00f1o y forma personalizables para satisfacer los distintos requisitos del proceso<br \/>\nSe puede proporcionar servicio de uni\u00f3n de objetivos<br \/>\nAplicable a la fabricaci\u00f3n de semiconductores, preparaci\u00f3n de material magn\u00e9tico y dispositivos electr\u00f3nicos y otros campos<\/p>\n<h2><span style=\"font-size: 14pt;\">Aplicaci\u00f3n del polvo de aleaci\u00f3n de tungsteno, n\u00edquel e hierro <\/span><\/h2>\n<p><span style=\"color: #0000ff;\"><a style=\"color: #0000ff;\" href=\"https:\/\/ulpmat.com\/es\/solicitud\/materiales-semiconductores\/\">Semiconductores<\/a><\/span> semiconductores: Utilizado para fabricar capas de interconexi\u00f3n de alto rendimiento y pel\u00edculas resistentes al desgaste<br \/>\nMateriales magn\u00e9ticos: Como materia prima clave para materiales magn\u00e9ticos de pel\u00edcula fina, adecuados para unidades de disco duro y sensores<br \/>\nDispositivos electr\u00f3nicos: Se utiliza para fabricar capas de electrodos y pel\u00edculas protectoras resistentes al desgaste y a la corrosi\u00f3n<br \/>\nRecubrimientos de alta temperatura: Adecuado para la preparaci\u00f3n de revestimientos funcionales en entornos de vac\u00edo a alta temperatura<\/p>\n<h2><span style=\"font-size: 14pt;\">Informe<\/span><\/h2>\n<p>Cada lote de productos va acompa\u00f1ado de un<span style=\"color: #0000ff;\"><a style=\"color: #0000ff;\" href=\"https:\/\/ulpmat.com\/es\/servicio\/analisis-quimico\/\"> certificado de an\u00e1lisis (COA)<\/a><\/span>una hoja de datos de seguridad de materiales (MSDS) e informes de inspecci\u00f3n de calidad relacionados. Tambi\u00e9n apoyamos las pruebas de terceros para garantizar que la calidad y el rendimiento de los productos cumplen los exigentes est\u00e1ndares de los clientes.<\/p>\n","protected":false},"excerpt":{"rendered":"<p>Polvo de aleaci\u00f3n de tungsteno, n\u00edquel y hierro Overview Los c\u00e1todos para sputtering de aleaci\u00f3n de tungsteno, n\u00edquel y hierro son materiales de aleaci\u00f3n dise\u00f1ados para procesos de deposici\u00f3n de pel\u00edculas finas de alto rendimiento. Tienen una composici\u00f3n uniforme, una densidad y unas propiedades mec\u00e1nicas excelentes, lo que garantiza una formaci\u00f3n de pel\u00edcula uniforme, una [&hellip;]<\/p>\n","protected":false},"featured_media":18536,"template":"","meta":{"_acf_changed":false},"product_brand":[132],"product_cat":[570],"product_tag":[],"class_list":{"0":"post-25509","1":"product","2":"type-product","3":"status-publish","4":"has-post-thumbnail","6":"product_brand-ulpmat","7":"product_cat-catodos-para-sputtering-de-aleaciones","9":"first","10":"instock","11":"shipping-taxable","12":"product-type-variable"},"acf":[],"_links":{"self":[{"href":"https:\/\/ulpmat.com\/es\/wp-json\/wp\/v2\/product\/25509","targetHints":{"allow":["GET"]}}],"collection":[{"href":"https:\/\/ulpmat.com\/es\/wp-json\/wp\/v2\/product"}],"about":[{"href":"https:\/\/ulpmat.com\/es\/wp-json\/wp\/v2\/types\/product"}],"wp:featuredmedia":[{"embeddable":true,"href":"https:\/\/ulpmat.com\/es\/wp-json\/wp\/v2\/media\/18536"}],"wp:attachment":[{"href":"https:\/\/ulpmat.com\/es\/wp-json\/wp\/v2\/media?parent=25509"}],"wp:term":[{"taxonomy":"product_brand","embeddable":true,"href":"https:\/\/ulpmat.com\/es\/wp-json\/wp\/v2\/product_brand?post=25509"},{"taxonomy":"product_cat","embeddable":true,"href":"https:\/\/ulpmat.com\/es\/wp-json\/wp\/v2\/product_cat?post=25509"},{"taxonomy":"product_tag","embeddable":true,"href":"https:\/\/ulpmat.com\/es\/wp-json\/wp\/v2\/product_tag?post=25509"}],"curies":[{"name":"wp","href":"https:\/\/api.w.org\/{rel}","templated":true}]}}